{"id":1601,"date":"2023-10-01T10:48:11","date_gmt":"2023-10-01T10:48:11","guid":{"rendered":"https:\/\/hnt.h216182.dpsmedia.vn\/?page_id=1601"},"modified":"2023-10-30T09:55:53","modified_gmt":"2023-10-30T09:55:53","slug":"dich-vu","status":"publish","type":"page","link":"https:\/\/hntshipping.com.vn\/en\/dich-vu\/","title":{"rendered":"Service"},"content":{"rendered":"<div data-elementor-type=\"wp-page\" data-elementor-id=\"1601\" class=\"elementor elementor-1601\" data-elementor-settings=\"{&quot;ha_cmc_init_switcher&quot;:&quot;no&quot;}\" data-elementor-post-type=\"page\">\n\t\t\t\t\t\t<section class=\"elementor-section elementor-top-section elementor-element elementor-element-3a40f02 elementor-section-stretched elementor-section-boxed elementor-section-height-default elementor-section-height-default\" data-id=\"3a40f02\" data-element_type=\"section\" data-settings=\"{&quot;stretch_section&quot;:&quot;section-stretched&quot;,&quot;background_background&quot;:&quot;classic&quot;,&quot;_ha_eqh_enable&quot;:false}\">\n\t\t\t\t\t\t<div class=\"elementor-container elementor-column-gap-default\">\n\t\t\t\t\t<div class=\"elementor-column elementor-col-100 elementor-top-column elementor-element elementor-element-4c6dfd5\" data-id=\"4c6dfd5\" data-element_type=\"column\">\n\t\t\t<div class=\"elementor-widget-wrap elementor-element-populated\">\n\t\t\t\t\t\t<div class=\"elementor-element elementor-element-64be502 elementor-widget elementor-widget-transx_heading\" data-id=\"64be502\" data-element_type=\"widget\" data-widget_type=\"transx_heading.default\">\n\t\t\t\t<div class=\"elementor-widget-container\">\n\t\t\t\t\t\n        <div class=\"transx_heading_widget\">\n                                <div class=\"transx_up_heading\">Services<\/div>\n                    \n                <h2 class=\"transx_heading\">\n                    THE SERVICES PROVIDED                <\/h2>\n                        <\/div>\n        \t\t\t\t<\/div>\n\t\t\t\t<\/div>\n\t\t\t\t\t<\/div>\n\t\t<\/div>\n\t\t\t\t\t<\/div>\n\t\t<\/section>\n\t\t<div class=\"elementor-element elementor-element-5c47efb e-flex e-con-boxed e-con e-parent\" data-id=\"5c47efb\" data-element_type=\"container\" data-settings=\"{&quot;_ha_eqh_enable&quot;:false}\">\n\t\t\t\t\t<div class=\"e-con-inner\">\n\t\t<div class=\"elementor-element elementor-element-9a1b9a4 e-flex e-con-boxed e-con e-child\" data-id=\"9a1b9a4\" data-element_type=\"container\" data-settings=\"{&quot;_ha_eqh_enable&quot;:false}\">\n\t\t\t\t\t<div class=\"e-con-inner\">\n\t\t\t\t<div class=\"elementor-element elementor-element-604410f elementor-widget elementor-widget-image\" data-id=\"604410f\" data-element_type=\"widget\" data-widget_type=\"image.default\">\n\t\t\t\t<div class=\"elementor-widget-container\">\n\t\t\t\t\t\t\t\t\t\t\t\t\t\t\t\t<a href=\"\/en\/giao-nhan-van-chuyen\/\">\n\t\t\t\t\t\t\t<img fetchpriority=\"high\" decoding=\"async\" width=\"2560\" height=\"1707\" src=\"https:\/\/hntshipping.com.vn\/wp-content\/uploads\/2023\/10\/young-courier-pointing-something-while-witting-with-his-coworker-back-delivery-van-scaled.jpg\" class=\"attachment-full size-full wp-image-2264\" alt=\"\" srcset=\"https:\/\/hntshipping.com.vn\/wp-content\/uploads\/2023\/10\/young-courier-pointing-something-while-witting-with-his-coworker-back-delivery-van-scaled.jpg 2560w, https:\/\/hntshipping.com.vn\/wp-content\/uploads\/2023\/10\/young-courier-pointing-something-while-witting-with-his-coworker-back-delivery-van-300x200.jpg 300w, https:\/\/hntshipping.com.vn\/wp-content\/uploads\/2023\/10\/young-courier-pointing-something-while-witting-with-his-coworker-back-delivery-van-1024x683.jpg 1024w, https:\/\/hntshipping.com.vn\/wp-content\/uploads\/2023\/10\/young-courier-pointing-something-while-witting-with-his-coworker-back-delivery-van-768x512.jpg 768w, https:\/\/hntshipping.com.vn\/wp-content\/uploads\/2023\/10\/young-courier-pointing-something-while-witting-with-his-coworker-back-delivery-van-1536x1024.jpg 1536w, https:\/\/hntshipping.com.vn\/wp-content\/uploads\/2023\/10\/young-courier-pointing-something-while-witting-with-his-coworker-back-delivery-van-2048x1365.jpg 2048w\" sizes=\"(max-width: 2560px) 100vw, 2560px\" \/>\t\t\t\t\t\t\t\t<\/a>\n\t\t\t\t\t\t\t\t\t\t\t\t\t\t\t<\/div>\n\t\t\t\t<\/div>\n\t\t\t\t<div class=\"elementor-element elementor-element-3f0f67a elementor-widget elementor-widget-heading\" data-id=\"3f0f67a\" data-element_type=\"widget\" data-widget_type=\"heading.default\">\n\t\t\t\t<div class=\"elementor-widget-container\">\n\t\t\t\t\t<h2 class=\"elementor-heading-title elementor-size-default\"><a href=\"\/en\/giao-nhan-van-chuyen\/\">Shipping service<\/a><\/h2>\t\t\t\t<\/div>\n\t\t\t\t<\/div>\n\t\t\t\t<div class=\"elementor-element elementor-element-4fd6912 elementor-widget elementor-widget-text-editor\" data-id=\"4fd6912\" data-element_type=\"widget\" data-widget_type=\"text-editor.default\">\n\t\t\t\t<div class=\"elementor-widget-container\">\n\t\t\t\t\t\t\t\t\t<p><span style=\"font-weight: 400;\">HNT with over 12 years of experience performing service shipping package for every fruit, seafood export, price, cost competitive for Asian routes (ports China, Singapore, Thailand, Malaysia...), and Middle East countries. Especially freight refrigerated shipping containers, which are many customers in and abroad appreciate.<\/span><\/p>\t\t\t\t\t\t\t\t<\/div>\n\t\t\t\t<\/div>\n\t\t\t\t\t<\/div>\n\t\t\t\t<\/div>\n\t\t<div class=\"elementor-element elementor-element-6f39957 e-flex e-con-boxed e-con e-child\" data-id=\"6f39957\" data-element_type=\"container\" data-settings=\"{&quot;_ha_eqh_enable&quot;:false}\">\n\t\t\t\t\t<div class=\"e-con-inner\">\n\t\t<div class=\"elementor-element elementor-element-b85c4f2 e-flex e-con-boxed e-con e-child\" data-id=\"b85c4f2\" data-element_type=\"container\" data-settings=\"{&quot;_ha_eqh_enable&quot;:false}\">\n\t\t\t\t\t<div class=\"e-con-inner\">\n\t\t\t\t<div class=\"elementor-element elementor-element-252f973 elementor-widget elementor-widget-image\" data-id=\"252f973\" data-element_type=\"widget\" data-widget_type=\"image.default\">\n\t\t\t\t<div class=\"elementor-widget-container\">\n\t\t\t\t\t\t\t\t\t\t\t\t\t\t\t\t<a href=\"\/en\/giao-nhan-van-chuyen\/duong-bien\/\">\n\t\t\t\t\t\t\t<img decoding=\"async\" width=\"800\" height=\"500\" src=\"https:\/\/hntshipping.com.vn\/wp-content\/uploads\/2023\/10\/quy-trinh-van-chuyen-hang-hoa-bang-duong-bien-2-2.webp\" class=\"attachment-full size-full wp-image-2177\" alt=\"\" srcset=\"https:\/\/hntshipping.com.vn\/wp-content\/uploads\/2023\/10\/quy-trinh-van-chuyen-hang-hoa-bang-duong-bien-2-2.webp 800w, https:\/\/hntshipping.com.vn\/wp-content\/uploads\/2023\/10\/quy-trinh-van-chuyen-hang-hoa-bang-duong-bien-2-2-300x188.webp 300w, https:\/\/hntshipping.com.vn\/wp-content\/uploads\/2023\/10\/quy-trinh-van-chuyen-hang-hoa-bang-duong-bien-2-2-768x480.webp 768w\" sizes=\"(max-width: 800px) 100vw, 800px\" \/>\t\t\t\t\t\t\t\t<\/a>\n\t\t\t\t\t\t\t\t\t\t\t\t\t\t\t<\/div>\n\t\t\t\t<\/div>\n\t\t\t\t<div class=\"elementor-element elementor-element-2318757 elementor-widget elementor-widget-heading\" data-id=\"2318757\" data-element_type=\"widget\" data-widget_type=\"heading.default\">\n\t\t\t\t<div class=\"elementor-widget-container\">\n\t\t\t\t\t<h2 class=\"elementor-heading-title elementor-size-default\"><a href=\"\/en\/giao-nhan-van-chuyen\/duong-bien\/\">Sea<\/a><\/h2>\t\t\t\t<\/div>\n\t\t\t\t<\/div>\n\t\t\t\t<div class=\"elementor-element elementor-element-cc0d839 elementor-widget elementor-widget-text-editor\" data-id=\"cc0d839\" data-element_type=\"widget\" data-widget_type=\"text-editor.default\">\n\t\t\t\t<div class=\"elementor-widget-container\">\n\t\t\t\t\t\t\t\t\t<p><span style=\"font-weight: 400;\">Booking is considered important procedure for industry import \/ export sea. To choose the carriers, reasonable reputation, competitive price, is not it simple for business owners. HNT service provider booking plans best ship today. We always grasp and updates right time and at the best price of the goods ship to our customers.<\/span><\/p>\t\t\t\t\t\t\t\t<\/div>\n\t\t\t\t<\/div>\n\t\t\t\t\t<\/div>\n\t\t\t\t<\/div>\n\t\t<div class=\"elementor-element elementor-element-26f9295 e-flex e-con-boxed e-con e-child\" data-id=\"26f9295\" data-element_type=\"container\" data-settings=\"{&quot;_ha_eqh_enable&quot;:false}\">\n\t\t\t\t\t<div class=\"e-con-inner\">\n\t\t\t\t<div class=\"elementor-element elementor-element-bf4f659 elementor-widget elementor-widget-image\" data-id=\"bf4f659\" data-element_type=\"widget\" data-widget_type=\"image.default\">\n\t\t\t\t<div class=\"elementor-widget-container\">\n\t\t\t\t\t\t\t\t\t\t\t\t\t\t\t\t<a href=\"\/en\/giao-nhan-van-chuyen\/duong-bo\/\">\n\t\t\t\t\t\t\t<img decoding=\"async\" src=\"https:\/\/hntshipping.com.vn\/wp-content\/uploads\/elementor\/thumbs\/wepik-export-20231029035456CqrQ-r27ofcl7fosu0ua69kf4sg8hlk1r2uehrebvzt6lr2.jpeg\" title=\"Wepik Export 20231029035456CqrQ\" alt=\"Wepik Export 20231029035456CqrQ\" loading=\"lazy\" \/>\t\t\t\t\t\t\t\t<\/a>\n\t\t\t\t\t\t\t\t\t\t\t\t\t\t\t<\/div>\n\t\t\t\t<\/div>\n\t\t\t\t<div class=\"elementor-element elementor-element-dd171c8 elementor-widget elementor-widget-heading\" data-id=\"dd171c8\" data-element_type=\"widget\" data-widget_type=\"heading.default\">\n\t\t\t\t<div class=\"elementor-widget-container\">\n\t\t\t\t\t<h2 class=\"elementor-heading-title elementor-size-default\"><a href=\"\/en\/giao-nhan-van-chuyen\/duong-bo\/\">Road<\/a><\/h2>\t\t\t\t<\/div>\n\t\t\t\t<\/div>\n\t\t\t\t<div class=\"elementor-element elementor-element-41223a4 elementor-widget elementor-widget-text-editor\" data-id=\"41223a4\" data-element_type=\"widget\" data-widget_type=\"text-editor.default\">\n\t\t\t\t<div class=\"elementor-widget-container\">\n\t\t\t\t\t\t\t\t\t<p><span style=\"font-weight: 400;\">HNT offer all-inclusive process import and export of goods by road through the gate for the business. With the Logistics solution at HNT will help the export \u2013 import of customers quickly and get the most optimal.<\/span><\/p>\t\t\t\t\t\t\t\t<\/div>\n\t\t\t\t<\/div>\n\t\t\t\t\t<\/div>\n\t\t\t\t<\/div>\n\t\t\t\t\t<\/div>\n\t\t\t\t<\/div>\n\t\t\t\t\t<\/div>\n\t\t\t\t<\/div>\n\t\t<div class=\"elementor-element elementor-element-d6ca4de e-flex e-con-boxed e-con e-parent\" data-id=\"d6ca4de\" data-element_type=\"container\" data-settings=\"{&quot;_ha_eqh_enable&quot;:false}\">\n\t\t\t\t\t<div class=\"e-con-inner\">\n\t\t<div class=\"elementor-element elementor-element-b7bc75e e-flex e-con-boxed e-con e-child\" data-id=\"b7bc75e\" data-element_type=\"container\" data-settings=\"{&quot;_ha_eqh_enable&quot;:false}\">\n\t\t\t\t\t<div class=\"e-con-inner\">\n\t\t\t\t<div class=\"elementor-element elementor-element-806455c elementor-widget elementor-widget-image\" data-id=\"806455c\" data-element_type=\"widget\" data-widget_type=\"image.default\">\n\t\t\t\t<div class=\"elementor-widget-container\">\n\t\t\t\t\t\t\t\t\t\t\t\t\t\t\t\t<a href=\"\/en\/thu-tuc-xuat-nhap-khau\/\">\n\t\t\t\t\t\t\t<img decoding=\"async\" width=\"800\" height=\"500\" src=\"https:\/\/hntshipping.com.vn\/wp-content\/uploads\/2023\/10\/phi-nhap-khau-uy-thac-600x381-1.jpg\" class=\"attachment-full size-full wp-image-1688\" alt=\"\" srcset=\"https:\/\/hntshipping.com.vn\/wp-content\/uploads\/2023\/10\/phi-nhap-khau-uy-thac-600x381-1.jpg 800w, https:\/\/hntshipping.com.vn\/wp-content\/uploads\/2023\/10\/phi-nhap-khau-uy-thac-600x381-1-300x188.jpg 300w, https:\/\/hntshipping.com.vn\/wp-content\/uploads\/2023\/10\/phi-nhap-khau-uy-thac-600x381-1-768x480.jpg 768w\" sizes=\"(max-width: 800px) 100vw, 800px\" \/>\t\t\t\t\t\t\t\t<\/a>\n\t\t\t\t\t\t\t\t\t\t\t\t\t\t\t<\/div>\n\t\t\t\t<\/div>\n\t\t\t\t<div class=\"elementor-element elementor-element-e2ff57a elementor-widget elementor-widget-heading\" data-id=\"e2ff57a\" data-element_type=\"widget\" data-widget_type=\"heading.default\">\n\t\t\t\t<div class=\"elementor-widget-container\">\n\t\t\t\t\t<h2 class=\"elementor-heading-title elementor-size-default\"><a href=\"\/en\/thu-tuc-xuat-nhap-khau\/\">Import and export procedures<\/a><\/h2>\t\t\t\t<\/div>\n\t\t\t\t<\/div>\n\t\t\t\t<div class=\"elementor-element elementor-element-b45d2fa elementor-widget elementor-widget-text-editor\" data-id=\"b45d2fa\" data-element_type=\"widget\" data-widget_type=\"text-editor.default\">\n\t\t\t\t<div class=\"elementor-widget-container\">\n\t\t\t\t\t\t\t\t\t<p><span style=\"font-weight: 400;\">Serve for the transport and trade of goods between countries, businesses have to go through the process of making the customs complex, difficult. This required the business to grasp and understand the rules of evidence from the export and import and the related paperwork. HNT specializes in consulting, trustee, import-export reputation and reliable. We support business complete the process procedure in a fast and most accurate.<\/span><\/p>\t\t\t\t\t\t\t\t<\/div>\n\t\t\t\t<\/div>\n\t\t\t\t\t<\/div>\n\t\t\t\t<\/div>\n\t\t<div class=\"elementor-element elementor-element-1388988 e-flex e-con-boxed e-con e-child\" data-id=\"1388988\" data-element_type=\"container\" data-settings=\"{&quot;_ha_eqh_enable&quot;:false}\">\n\t\t\t\t\t<div class=\"e-con-inner\">\n\t\t<div class=\"elementor-element elementor-element-d21d12e e-flex e-con-boxed e-con e-child\" data-id=\"d21d12e\" data-element_type=\"container\" data-settings=\"{&quot;_ha_eqh_enable&quot;:false}\">\n\t\t\t\t\t<div class=\"e-con-inner\">\n\t\t\t\t<div class=\"elementor-element elementor-element-bfc112f elementor-widget elementor-widget-image\" data-id=\"bfc112f\" data-element_type=\"widget\" data-widget_type=\"image.default\">\n\t\t\t\t<div class=\"elementor-widget-container\">\n\t\t\t\t\t\t\t\t\t\t\t\t\t\t\t\t<a href=\"\/en\/thu-tuc-xuat-nhap-khau\/khai-thue-hai-quan\/\">\n\t\t\t\t\t\t\t<img decoding=\"async\" src=\"https:\/\/hntshipping.com.vn\/wp-content\/uploads\/elementor\/thumbs\/bai_viet_41-1-scaled-r27ofcl6trewg4vg85brzyqb9t61dws848s7xl7h9a.jpg\" title=\"Bai Viet 41 (1)\" alt=\"Bai Viet 41 (1)\" loading=\"lazy\" \/>\t\t\t\t\t\t\t\t<\/a>\n\t\t\t\t\t\t\t\t\t\t\t\t\t\t\t<\/div>\n\t\t\t\t<\/div>\n\t\t\t\t<div class=\"elementor-element elementor-element-d3baaf7 elementor-widget elementor-widget-heading\" data-id=\"d3baaf7\" data-element_type=\"widget\" data-widget_type=\"heading.default\">\n\t\t\t\t<div class=\"elementor-widget-container\">\n\t\t\t\t\t<h2 class=\"elementor-heading-title elementor-size-default\"><a href=\"\/en\/thu-tuc-xuat-nhap-khau\/khai-thue-hai-quan\/\">Customs declaration services<\/a><\/h2>\t\t\t\t<\/div>\n\t\t\t\t<\/div>\n\t\t\t\t<div class=\"elementor-element elementor-element-9265ddf elementor-widget elementor-widget-text-editor\" data-id=\"9265ddf\" data-element_type=\"widget\" data-widget_type=\"text-editor.default\">\n\t\t\t\t<div class=\"elementor-widget-container\">\n\t\t\t\t\t\t\t\t\t<p><span style=\"font-weight: 400;\">Fast, accurate and efficiency are the criteria work of HNT. Service customs declaration at HNT is always the customers appreciate. Choose service customs declaration at HNT not only save time but also save human resources for your business.<\/span><\/p>\t\t\t\t\t\t\t\t<\/div>\n\t\t\t\t<\/div>\n\t\t\t\t\t<\/div>\n\t\t\t\t<\/div>\n\t\t<div class=\"elementor-element elementor-element-2c7374d e-flex e-con-boxed e-con e-child\" data-id=\"2c7374d\" data-element_type=\"container\" data-settings=\"{&quot;_ha_eqh_enable&quot;:false}\">\n\t\t\t\t\t<div class=\"e-con-inner\">\n\t\t\t\t<div class=\"elementor-element elementor-element-72b2619 elementor-widget elementor-widget-image\" data-id=\"72b2619\" data-element_type=\"widget\" data-widget_type=\"image.default\">\n\t\t\t\t<div class=\"elementor-widget-container\">\n\t\t\t\t\t\t\t\t\t\t\t\t\t\t\t\t<a href=\"\/en\/thu-tuc-xuat-nhap-khau\/uy-thac-xuat-nhap-khau\/\">\n\t\t\t\t\t\t\t<img loading=\"lazy\" decoding=\"async\" width=\"800\" height=\"500\" src=\"https:\/\/hntshipping.com.vn\/wp-content\/uploads\/2023\/10\/Thu-Tuc-Xuat-Nhap-Khau-.jpeg\" class=\"attachment-full size-full wp-image-1686\" alt=\"\" srcset=\"https:\/\/hntshipping.com.vn\/wp-content\/uploads\/2023\/10\/Thu-Tuc-Xuat-Nhap-Khau-.jpeg 800w, https:\/\/hntshipping.com.vn\/wp-content\/uploads\/2023\/10\/Thu-Tuc-Xuat-Nhap-Khau--300x188.jpeg 300w, https:\/\/hntshipping.com.vn\/wp-content\/uploads\/2023\/10\/Thu-Tuc-Xuat-Nhap-Khau--768x480.jpeg 768w\" sizes=\"(max-width: 800px) 100vw, 800px\" \/>\t\t\t\t\t\t\t\t<\/a>\n\t\t\t\t\t\t\t\t\t\t\t\t\t\t\t<\/div>\n\t\t\t\t<\/div>\n\t\t\t\t<div class=\"elementor-element elementor-element-0b3088a elementor-widget elementor-widget-heading\" data-id=\"0b3088a\" data-element_type=\"widget\" data-widget_type=\"heading.default\">\n\t\t\t\t<div class=\"elementor-widget-container\">\n\t\t\t\t\t<h2 class=\"elementor-heading-title elementor-size-default\"><a href=\"\/en\/thu-tuc-xuat-nhap-khau\/uy-thac-xuat-nhap-khau\/\">import-export authorization.<\/a><\/h2>\t\t\t\t<\/div>\n\t\t\t\t<\/div>\n\t\t\t\t<div class=\"elementor-element elementor-element-bfec5d8 elementor-widget elementor-widget-text-editor\" data-id=\"bfec5d8\" data-element_type=\"widget\" data-widget_type=\"text-editor.default\">\n\t\t\t\t<div class=\"elementor-widget-container\">\n\t\t\t\t\t\t\t\t\t<p><span style=\"font-weight: 400;\">HNT Logistics is units are licensed to provide services of import and export in Vietnam. With over 12 years of experience in the field, HNT will give the customer service experience in a professional way, reputation, quality and high efficiency. <\/span><\/p>\t\t\t\t\t\t\t\t<\/div>\n\t\t\t\t<\/div>\n\t\t\t\t\t<\/div>\n\t\t\t\t<\/div>\n\t\t\t\t\t<\/div>\n\t\t\t\t<\/div>\n\t\t\t\t\t<\/div>\n\t\t\t\t<\/div>\n\t\t<div class=\"elementor-element elementor-element-7e6698d e-flex e-con-boxed e-con e-parent\" data-id=\"7e6698d\" data-element_type=\"container\" data-settings=\"{&quot;_ha_eqh_enable&quot;:false}\">\n\t\t\t\t\t<div class=\"e-con-inner\">\n\t\t<div class=\"elementor-element elementor-element-6afaad0 e-flex e-con-boxed e-con e-child\" data-id=\"6afaad0\" data-element_type=\"container\" data-settings=\"{&quot;_ha_eqh_enable&quot;:false}\">\n\t\t\t\t\t<div class=\"e-con-inner\">\n\t\t\t\t<div class=\"elementor-element elementor-element-6bf2ae1 elementor-widget elementor-widget-image\" data-id=\"6bf2ae1\" data-element_type=\"widget\" data-widget_type=\"image.default\">\n\t\t\t\t<div class=\"elementor-widget-container\">\n\t\t\t\t\t\t\t\t\t\t\t\t\t\t\t\t<a href=\"\/en\/van-chuyen-hang\/\">\n\t\t\t\t\t\t\t<img loading=\"lazy\" decoding=\"async\" width=\"800\" height=\"500\" src=\"https:\/\/hntshipping.com.vn\/wp-content\/uploads\/2023\/10\/Van-Chuyen-Duong-Bo-.jpeg\" class=\"attachment-full size-full wp-image-1685\" alt=\"\" srcset=\"https:\/\/hntshipping.com.vn\/wp-content\/uploads\/2023\/10\/Van-Chuyen-Duong-Bo-.jpeg 800w, https:\/\/hntshipping.com.vn\/wp-content\/uploads\/2023\/10\/Van-Chuyen-Duong-Bo--300x188.jpeg 300w, https:\/\/hntshipping.com.vn\/wp-content\/uploads\/2023\/10\/Van-Chuyen-Duong-Bo--768x480.jpeg 768w\" sizes=\"(max-width: 800px) 100vw, 800px\" \/>\t\t\t\t\t\t\t\t<\/a>\n\t\t\t\t\t\t\t\t\t\t\t\t\t\t\t<\/div>\n\t\t\t\t<\/div>\n\t\t\t\t\t<\/div>\n\t\t\t\t<\/div>\n\t\t<div class=\"elementor-element elementor-element-410e28a e-flex e-con-boxed e-con e-child\" data-id=\"410e28a\" data-element_type=\"container\" data-settings=\"{&quot;_ha_eqh_enable&quot;:false}\">\n\t\t\t\t\t<div class=\"e-con-inner\">\n\t\t\t\t<div class=\"elementor-element elementor-element-8c71b14 elementor-widget elementor-widget-heading\" data-id=\"8c71b14\" data-element_type=\"widget\" data-widget_type=\"heading.default\">\n\t\t\t\t<div class=\"elementor-widget-container\">\n\t\t\t\t\t<h2 class=\"elementor-heading-title elementor-size-default\"><a href=\"\/en\/van-chuyen-hang\/\">Shipping<\/a><\/h2>\t\t\t\t<\/div>\n\t\t\t\t<\/div>\n\t\t\t\t<div class=\"elementor-element elementor-element-e3d6998 elementor-widget elementor-widget-text-editor\" data-id=\"e3d6998\" data-element_type=\"widget\" data-widget_type=\"text-editor.default\">\n\t\t\t\t<div class=\"elementor-widget-container\">\n\t\t\t\t\t\t\t\t\t<p><span style=\"font-weight: 400;\">HNT continually updated, constantly innovate and offer more services to meet the needs of today&#039;s customers. Providing services car reefer routes along North-South through the gate is get the interest of many customers. Shipping time, fast but also save significant costs.<\/span><\/p>\t\t\t\t\t\t\t\t<\/div>\n\t\t\t\t<\/div>\n\t\t\t\t\t<\/div>\n\t\t\t\t<\/div>\n\t\t\t\t\t<\/div>\n\t\t\t\t<\/div>\n\t\t\t\t<\/div>","protected":false},"excerpt":{"rendered":"<p>Giao nh\u1eadn v\u1eadn chuy\u1ec3n HNT v\u1edbi h\u01a1n 12 n\u0103m kinh nghi\u1ec7m th\u1ef1c hi\u1ec7n d\u1ecbch v\u1ee5 v\u1eadn chuy\u1ec3n tr\u1ecdn g\u00f3i \u0111\u1ed1i v\u1edbi h\u00e0ng tr\u00e1i c\u00e2y, th\u1ee7y h\u1ea3i s\u1ea3n xu\u1ea5t kh\u1ea9u, gi\u00e1 c\u1ea3 c\u01b0\u1edbc ph\u00ed c\u1ea1nh tranh \u0111\u1ed1i v\u1edbi c\u00e1c tuy\u1ebfn Ch\u00e2u \u00c1 (C\u00e1c c\u1ea3ng Trung Qu\u1ed1c, Singapore, Th\u00e1i Lan, Malaysia\u2026) v\u00e0 c\u00e1c n\u01b0\u1edbc Trung \u0110\u00f4ng. \u0110\u1eb7c [&hellip;]<\/p>","protected":false},"author":1,"featured_media":0,"parent":0,"menu_order":0,"comment_status":"closed","ping_status":"closed","template":"","meta":{"footnotes":""},"class_list":["post-1601","page","type-page","status-publish","hentry"],"rankmath_keywords":{"primary":"","secondary":[""]},"yoast_keywords":{"primary":"","secondary":[]},"yoast_focuskw":"","rankmath_focuskw":"","seo_keywords":{"primary":"","secondary":[""]},"_links":{"self":[{"href":"https:\/\/hntshipping.com.vn\/en\/wp-json\/wp\/v2\/pages\/1601","targetHints":{"allow":["GET"]}}],"collection":[{"href":"https:\/\/hntshipping.com.vn\/en\/wp-json\/wp\/v2\/pages"}],"about":[{"href":"https:\/\/hntshipping.com.vn\/en\/wp-json\/wp\/v2\/types\/page"}],"author":[{"embeddable":true,"href":"https:\/\/hntshipping.com.vn\/en\/wp-json\/wp\/v2\/users\/1"}],"replies":[{"embeddable":true,"href":"https:\/\/hntshipping.com.vn\/en\/wp-json\/wp\/v2\/comments?post=1601"}],"version-history":[{"count":71,"href":"https:\/\/hntshipping.com.vn\/en\/wp-json\/wp\/v2\/pages\/1601\/revisions"}],"predecessor-version":[{"id":2353,"href":"https:\/\/hntshipping.com.vn\/en\/wp-json\/wp\/v2\/pages\/1601\/revisions\/2353"}],"wp:attachment":[{"href":"https:\/\/hntshipping.com.vn\/en\/wp-json\/wp\/v2\/media?parent=1601"}],"curies":[{"name":"wp","href":"https:\/\/api.w.org\/{rel}","templated":true}]}}