{"id":2182,"date":"2023-10-19T16:29:32","date_gmt":"2023-10-19T16:29:32","guid":{"rendered":"https:\/\/hnt.h216182.dpsmedia.vn\/?page_id=2182"},"modified":"2023-11-14T18:37:50","modified_gmt":"2023-11-14T11:37:50","slug":"giao-nhan-van-chuyen","status":"publish","type":"page","link":"https:\/\/hntshipping.com.vn\/en\/giao-nhan-van-chuyen\/","title":{"rendered":"Shipping service"},"content":{"rendered":"<div data-elementor-type=\"wp-page\" data-elementor-id=\"2182\" class=\"elementor elementor-2182\" data-elementor-settings=\"{&quot;ha_cmc_init_switcher&quot;:&quot;no&quot;}\" data-elementor-post-type=\"page\">\n\t\t\t\t<div class=\"elementor-element elementor-element-7cf08a2 e-con-full e-flex e-con e-parent\" data-id=\"7cf08a2\" data-element_type=\"container\" data-settings=\"{&quot;_ha_eqh_enable&quot;:false}\">\n\t\t<div class=\"elementor-element elementor-element-b46acb3 e-flex e-con-boxed e-con e-child\" data-id=\"b46acb3\" data-element_type=\"container\" data-settings=\"{&quot;background_background&quot;:&quot;classic&quot;,&quot;_ha_eqh_enable&quot;:false}\">\n\t\t\t\t\t<div class=\"e-con-inner\">\n\t\t\t\t<div class=\"elementor-element elementor-element-6934fa1 elementor-widget elementor-widget-spacer\" data-id=\"6934fa1\" data-element_type=\"widget\" data-widget_type=\"spacer.default\">\n\t\t\t\t<div class=\"elementor-widget-container\">\n\t\t\t\t\t\t\t<div class=\"elementor-spacer\">\n\t\t\t<div class=\"elementor-spacer-inner\"><\/div>\n\t\t<\/div>\n\t\t\t\t\t\t<\/div>\n\t\t\t\t<\/div>\n\t\t\t\t<div class=\"elementor-element elementor-element-db10642 elementor-widget elementor-widget-spacer\" data-id=\"db10642\" data-element_type=\"widget\" data-widget_type=\"spacer.default\">\n\t\t\t\t<div class=\"elementor-widget-container\">\n\t\t\t\t\t\t\t<div class=\"elementor-spacer\">\n\t\t\t<div class=\"elementor-spacer-inner\"><\/div>\n\t\t<\/div>\n\t\t\t\t\t\t<\/div>\n\t\t\t\t<\/div>\n\t\t\t\t\t<\/div>\n\t\t\t\t<\/div>\n\t\t<div class=\"elementor-element elementor-element-5f6e01b e-flex e-con-boxed e-con e-child\" data-id=\"5f6e01b\" data-element_type=\"container\" data-settings=\"{&quot;_ha_eqh_enable&quot;:false}\">\n\t\t\t\t\t<div class=\"e-con-inner\">\n\t\t\t\t<div class=\"elementor-element elementor-element-6afb4fe elementor-widget elementor-widget-text-editor\" data-id=\"6afb4fe\" data-element_type=\"widget\" data-widget_type=\"text-editor.default\">\n\t\t\t\t<div class=\"elementor-widget-container\">\n\t\t\t\t\t\t\t\t\t<p>Today the demand shipping forwarder are necessities and are used by many people. So, how many shipping method today, which is the way? Should use the service freight of what unit? Invite you to read through the article below!<\/p><h2 class=\"wp-block-heading\">Everything about the method of delivery shipping<\/h2><h3 id=\"h-cac-ph\u01b0\u01a1ng-th\u1ee9c-v\u1eadn-chuy\u1ec3n-hang-hoa-ph\u1ed5-bi\u1ebfn-hi\u1ec7n-nay\" class=\"wp-block-heading\">The method of shipping goods popular today<\/h3><p>Currently, there are 5 methods of transport common to be applied is:<\/p><h4 class=\"wp-block-heading\">1. Road transport<\/h4><div id=\"attachment_2416\" style=\"width: 1210px\" class=\"wp-caption aligncenter\"><img fetchpriority=\"high\" decoding=\"async\" aria-describedby=\"caption-attachment-2416\" class=\"wp-image-2416 size-full\" src=\"https:\/\/hntshipping.com.vn\/wp-content\/uploads\/2023\/11\/a2.jpg\" alt=\"Road transport \u2013 modal freight the most popular today\" width=\"1200\" height=\"800\" srcset=\"https:\/\/hntshipping.com.vn\/wp-content\/uploads\/2023\/11\/a2.jpg 1200w, https:\/\/hntshipping.com.vn\/wp-content\/uploads\/2023\/11\/a2-300x200.jpg 300w, https:\/\/hntshipping.com.vn\/wp-content\/uploads\/2023\/11\/a2-1024x683.jpg 1024w, https:\/\/hntshipping.com.vn\/wp-content\/uploads\/2023\/11\/a2-768x512.jpg 768w\" sizes=\"(max-width: 1200px) 100vw, 1200px\" \/><p id=\"caption-attachment-2416\" class=\"wp-caption-text\">Road transport \u2013 modal freight the most popular today<\/p><\/div><p>This is the shipping method, using the moving vehicles such as cars, trucks, containers, trailers towing cars,... to haul cargo to the partner customer.<\/p><h5 class=\"wp-block-heading\">ADVANTAGES<\/h5><ul><li>Flexible, can transport cargo to any location, including the locations difficult and isolated.<\/li><li>Shipping time is short, in accordance with the type of cargo to be transported faster.<\/li><li>Can transport goods in large volumes.<\/li><li>The transport costs are relatively low.<\/li><\/ul><h5 class=\"wp-block-heading\">CONS<\/h5><ul><li>Consuming fuel and pollute the environment.<\/li><li>The ability to transport is limited by the conditions, terrain, weather.<\/li><li>Freight charges can be as high when shipping goods over long distances.<\/li><\/ul><p>Road transport is the mode of shipping most popular today, accounting for about 70% of the total volume of goods shipped in the world. This method is suitable with the kind of mass medium and small, need fast shipping, and flexibility.<\/p><h4 class=\"wp-block-heading\">2. Sea freight<\/h4><div id=\"attachment_2417\" style=\"width: 1210px\" class=\"wp-caption aligncenter\"><img decoding=\"async\" aria-describedby=\"caption-attachment-2417\" class=\"wp-image-2417 size-full\" src=\"https:\/\/hntshipping.com.vn\/wp-content\/uploads\/2023\/11\/a3.jpg\" alt=\"The sea is also a method of shipping freight are favoured\" width=\"1200\" height=\"800\" srcset=\"https:\/\/hntshipping.com.vn\/wp-content\/uploads\/2023\/11\/a3.jpg 1200w, https:\/\/hntshipping.com.vn\/wp-content\/uploads\/2023\/11\/a3-300x200.jpg 300w, https:\/\/hntshipping.com.vn\/wp-content\/uploads\/2023\/11\/a3-1024x683.jpg 1024w, https:\/\/hntshipping.com.vn\/wp-content\/uploads\/2023\/11\/a3-768x512.jpg 768w\" sizes=\"(max-width: 1200px) 100vw, 1200px\" \/><p id=\"caption-attachment-2417\" class=\"wp-caption-text\">The sea is also a method of shipping freight are favoured<\/p><\/div><p>This is the mode of shipping used boats to transport goods on sea.<\/p><h5 class=\"wp-block-heading\">ADVANTAGES<\/h5><ul><li>Ability to transport large volumes of goods can be up to millions of tons.<\/li><li>The transport costs are low, consistent with the type of restaurant has a large mass, transport distance is long.<\/li><li>Can transport cargo to any country in the world.<\/li><li>Shipping time long, in accordance with the types of goods do not need fast shipping.<\/li><\/ul><h5 class=\"wp-block-heading\">CONS<\/h5><ul><li>The shipping time is long, can be up to several weeks or months.<\/li><li>Depends on weather conditions, rough seas can affect safety.<\/li><li>The ability of communication is limited by the geographical conditions, for example, can not shipping via the inland waterways.<\/li><\/ul><p>Sea transportation is the mode of shipping most important in freight international, accounted for about 80% of the total volume of goods shipped in the world. This method is suitable with all kinds of large volume transport distance is long, don&#039;t need fast shipping.<\/p><h4 class=\"wp-block-heading\">3. Air freight<\/h4><div id=\"attachment_2418\" style=\"width: 1210px\" class=\"wp-caption aligncenter\"><img decoding=\"async\" aria-describedby=\"caption-attachment-2418\" class=\"wp-image-2418 size-full\" src=\"https:\/\/hntshipping.com.vn\/wp-content\/uploads\/2023\/11\/a4.jpg\" alt=\"Air freight is used by many people because it is quite safe and fast\" width=\"1200\" height=\"800\" srcset=\"https:\/\/hntshipping.com.vn\/wp-content\/uploads\/2023\/11\/a4.jpg 1200w, https:\/\/hntshipping.com.vn\/wp-content\/uploads\/2023\/11\/a4-300x200.jpg 300w, https:\/\/hntshipping.com.vn\/wp-content\/uploads\/2023\/11\/a4-1024x683.jpg 1024w, https:\/\/hntshipping.com.vn\/wp-content\/uploads\/2023\/11\/a4-768x512.jpg 768w\" sizes=\"(max-width: 1200px) 100vw, 1200px\" \/><p id=\"caption-attachment-2418\" class=\"wp-caption-text\">Air freight is used by many people because it is quite safe and fast<\/p><\/div><p>Air freight is the shipping method used the aircraft to haul goods on not. This method has the advantages and disadvantages:<\/p><h5 class=\"wp-block-heading\">ADVANTAGES<\/h5><ul><li>Duration fastest shipping, in accordance with the type of cargo to be transported faster.<\/li><li>Safe rate of accidents aviation very low.<\/li><li>Can transport to any location in the world.<\/li><\/ul><h5 class=\"wp-block-heading\">CONS<\/h5><ul><li>The transport costs are high, in accordance with the kind of high-value, need fast shipping.<\/li><li>The ability to transport is limited by the volume and size of the row.<\/li><li>Depends on the weather conditions, storms can affect safety.<\/li><\/ul><p>Air freight is the shipping method in accordance with the kind of high-value, need fast shipping. This method is usually used to transport goods, export goods, perishable goods emergency.<\/p><h4 class=\"wp-block-heading\">4. Rail transport<\/h4><div id=\"attachment_2419\" style=\"width: 1210px\" class=\"wp-caption aligncenter\"><img loading=\"lazy\" decoding=\"async\" aria-describedby=\"caption-attachment-2419\" class=\"wp-image-2419 size-full\" src=\"https:\/\/hntshipping.com.vn\/wp-content\/uploads\/2023\/11\/a5.png\" alt=\"Rail transport not so common as air, sea and road\" width=\"1200\" height=\"800\" srcset=\"https:\/\/hntshipping.com.vn\/wp-content\/uploads\/2023\/11\/a5.png 1200w, https:\/\/hntshipping.com.vn\/wp-content\/uploads\/2023\/11\/a5-300x200.png 300w, https:\/\/hntshipping.com.vn\/wp-content\/uploads\/2023\/11\/a5-1024x683.png 1024w, https:\/\/hntshipping.com.vn\/wp-content\/uploads\/2023\/11\/a5-768x512.png 768w\" sizes=\"(max-width: 1200px) 100vw, 1200px\" \/><p id=\"caption-attachment-2419\" class=\"wp-caption-text\">Rail transport not so common as air, sea and road<\/p><\/div><p>Rail transport is the mode of shipping used the tractor and wagon to haul goods on\u00a0<a href=\"https:\/\/vi.wikipedia.org\/wiki\/%C4%90%C6%B0%E1%BB%9Dng_ray\" target=\"_blank\" rel=\"noopener\">rails<\/a>. This method has the advantages and disadvantages:<\/p><h5 class=\"wp-block-heading\">ADVANTAGES<\/h5><ul><li>Ability to transport large volumes of goods can be up to thousands of tons.<\/li><li>The transport costs are low, consistent with the type of restaurant has a large mass, transport distance is long.<\/li><li>Can transport to any location in the railway going through.<\/li><li>Shipping time stable, less affected by weather conditions.<\/li><li>Safety, the accident rate rail low.<\/li><\/ul><h5 class=\"wp-block-heading\">CONS<\/h5><ul><li>The shipping time longer than road transport and air transport.<\/li><li>The ability to transport is limited by the volume and size of the row.<\/li><li>Depends on the railway system, the railroad can be damaged congestion.<\/li><\/ul><p>Rail transport is the shipping method in accordance with the type of restaurant has a large mass, transport distance is long, don&#039;t need fast shipping. This method is usually used to transport goods, export goods, raw materials, fuel, mineral,...<\/p><h4 class=\"wp-block-heading\">5. Pipeline transport<\/h4><div id=\"attachment_2420\" style=\"width: 1210px\" class=\"wp-caption aligncenter\"><img loading=\"lazy\" decoding=\"async\" aria-describedby=\"caption-attachment-2420\" class=\"wp-image-2420 size-full\" src=\"https:\/\/hntshipping.com.vn\/wp-content\/uploads\/2023\/11\/a6.png\" alt=\"Pipeline transport specialized used to transport gas, gas...\" width=\"1200\" height=\"800\" srcset=\"https:\/\/hntshipping.com.vn\/wp-content\/uploads\/2023\/11\/a6.png 1200w, https:\/\/hntshipping.com.vn\/wp-content\/uploads\/2023\/11\/a6-300x200.png 300w, https:\/\/hntshipping.com.vn\/wp-content\/uploads\/2023\/11\/a6-1024x683.png 1024w, https:\/\/hntshipping.com.vn\/wp-content\/uploads\/2023\/11\/a6-768x512.png 768w\" sizes=\"(max-width: 1200px) 100vw, 1200px\" \/><p id=\"caption-attachment-2420\" class=\"wp-caption-text\">Pipeline transport specialized used to transport gas, gas...<\/p><\/div><p>Pipeline transport is the transportation method using the pipes for transporting all kinds of liquid and gas. This method has the advantages and disadvantages:<\/p><h5 class=\"wp-block-heading\">ADVANTAGES<\/h5><ul><li>Ability to transport large volumes of goods can be up to millions of tons.<\/li><li>The transport costs are low, consistent with the type of restaurant has a large mass, transport distance is long.<\/li><li>The shipping time fast, stable.<\/li><li>Safety, the accident rate pipe low.<\/li><\/ul><h5 class=\"wp-block-heading\">CONS<\/h5><ul><li>Only suitable with all kinds of liquid and gas.<\/li><li>Difficulties in the construction and maintenance of piping systems.<\/li><li>Depends on the terrain, geology.<\/li><\/ul><p>In addition, there is some shipping method like other inland river transport, multimodal transport, combined transport,...<\/p><p>You should choose the shipping method which is suitable depends on the factors such as the type of goods, the volume of goods, range shipping, shipping time, shipping cost,...<\/p><h2 class=\"wp-block-heading\">Should use express delivery services, freight of what unit?<\/h2><p>HNT with over 12 years of experience performing service delivery shipping package for every fruit, seafood export, price, cost competitive for Asian routes (ports China, Singapore, Thailand, Malaysia...), and Middle East countries. Especially freight refrigerated shipping containers incredibly incentives, which are many customers in and abroad appreciate. From preparation papers for to sew delivery shipping is we closely monitor to process quickly, but still ensure the correct law and the quality of the goods is not affected.<\/p><div id=\"attachment_2421\" style=\"width: 1290px\" class=\"wp-caption aligncenter\"><img loading=\"lazy\" decoding=\"async\" aria-describedby=\"caption-attachment-2421\" class=\"wp-image-2421 size-full\" src=\"https:\/\/hntshipping.com.vn\/wp-content\/uploads\/2023\/11\/a7.jpg\" alt=\"Services, shipping cargo of any unit available today is the best?\" width=\"1280\" height=\"960\" srcset=\"https:\/\/hntshipping.com.vn\/wp-content\/uploads\/2023\/11\/a7.jpg 1280w, https:\/\/hntshipping.com.vn\/wp-content\/uploads\/2023\/11\/a7-300x225.jpg 300w, https:\/\/hntshipping.com.vn\/wp-content\/uploads\/2023\/11\/a7-1024x768.jpg 1024w, https:\/\/hntshipping.com.vn\/wp-content\/uploads\/2023\/11\/a7-768x576.jpg 768w\" sizes=\"(max-width: 1280px) 100vw, 1280px\" \/><p id=\"caption-attachment-2421\" class=\"wp-caption-text\">Services, shipping cargo of any unit available today is the best?<\/p><\/div><p>Contact\u00a0<a href=\"https:\/\/hntshipping.com.vn\/en\/\">HNT Logistics<\/a>\u00a0now at hotline number 0981.655.880 (Mrs. Thi) to learn more about our services!<\/p>\t\t\t\t\t\t\t\t<\/div>\n\t\t\t\t<\/div>\n\t\t\t\t\t<\/div>\n\t\t\t\t<\/div>\n\t\t\t\t<\/div>\n\t\t\t\t<\/div>","protected":false},"excerpt":{"rendered":"<p>Hi\u1ec7n nay nhu c\u1ea7u giao nh\u1eadn v\u1eadn chuy\u1ec3n \u0111ang l\u00e0 nhu c\u1ea7u c\u1ea7n thi\u1ebft v\u00e0 \u0111\u01b0\u1ee3c nhi\u1ec1u ng\u01b0\u1eddi s\u1eed d\u1ee5ng. V\u1eady c\u00f3 bao nhi\u00eau ph\u01b0\u01a1ng th\u1ee9c v\u1eadn chuy\u1ec3n hi\u1ec7n nay, \u0111\u00f3 l\u00e0 nh\u1eefng ph\u01b0\u01a1ng th\u1ee9c n\u00e0o? N\u00ean s\u1eed d\u1ee5ng d\u1ecbch v\u1ee5 v\u1eadn chuy\u1ec3n h\u00e0ng h\u00f3a c\u1ee7a \u0111\u01a1n v\u1ecb n\u00e0o? M\u1eddi c\u00e1c b\u1ea1n c\u00f9ng t\u00ecm hi\u1ec3u [&hellip;]<\/p>","protected":false},"author":1,"featured_media":0,"parent":0,"menu_order":0,"comment_status":"closed","ping_status":"closed","template":"","meta":{"footnotes":""},"class_list":["post-2182","page","type-page","status-publish","hentry"],"rankmath_keywords":{"primary":"","secondary":[""]},"yoast_keywords":{"primary":"","secondary":[]},"yoast_focuskw":"","rankmath_focuskw":"","seo_keywords":{"primary":"","secondary":[""]},"_links":{"self":[{"href":"https:\/\/hntshipping.com.vn\/en\/wp-json\/wp\/v2\/pages\/2182","targetHints":{"allow":["GET"]}}],"collection":[{"href":"https:\/\/hntshipping.com.vn\/en\/wp-json\/wp\/v2\/pages"}],"about":[{"href":"https:\/\/hntshipping.com.vn\/en\/wp-json\/wp\/v2\/types\/page"}],"author":[{"embeddable":true,"href":"https:\/\/hntshipping.com.vn\/en\/wp-json\/wp\/v2\/users\/1"}],"replies":[{"embeddable":true,"href":"https:\/\/hntshipping.com.vn\/en\/wp-json\/wp\/v2\/comments?post=2182"}],"version-history":[{"count":48,"href":"https:\/\/hntshipping.com.vn\/en\/wp-json\/wp\/v2\/pages\/2182\/revisions"}],"predecessor-version":[{"id":2534,"href":"https:\/\/hntshipping.com.vn\/en\/wp-json\/wp\/v2\/pages\/2182\/revisions\/2534"}],"wp:attachment":[{"href":"https:\/\/hntshipping.com.vn\/en\/wp-json\/wp\/v2\/media?parent=2182"}],"curies":[{"name":"wp","href":"https:\/\/api.w.org\/{rel}","templated":true}]}}