{"id":2184,"date":"2023-10-19T16:30:02","date_gmt":"2023-10-19T16:30:02","guid":{"rendered":"https:\/\/hnt.h216182.dpsmedia.vn\/?page_id=2184"},"modified":"2023-11-14T18:40:41","modified_gmt":"2023-11-14T11:40:41","slug":"thu-tuc-xuat-nhap-khau","status":"publish","type":"page","link":"https:\/\/hntshipping.com.vn\/en\/thu-tuc-xuat-nhap-khau\/","title":{"rendered":"Import and export procedures"},"content":{"rendered":"<div data-elementor-type=\"wp-page\" data-elementor-id=\"2184\" class=\"elementor elementor-2184\" data-elementor-settings=\"{&quot;ha_cmc_init_switcher&quot;:&quot;no&quot;}\" data-elementor-post-type=\"page\">\n\t\t\t\t<div class=\"elementor-element elementor-element-84a4ca6 e-flex e-con-boxed e-con e-parent\" data-id=\"84a4ca6\" data-element_type=\"container\" data-settings=\"{&quot;_ha_eqh_enable&quot;:false}\">\n\t\t\t\t\t<div class=\"e-con-inner\">\n\t\t<div class=\"elementor-element elementor-element-dda53b4 e-flex e-con-boxed e-con e-child\" data-id=\"dda53b4\" data-element_type=\"container\" data-settings=\"{&quot;background_background&quot;:&quot;classic&quot;,&quot;_ha_eqh_enable&quot;:false}\">\n\t\t\t\t\t<div class=\"e-con-inner\">\n\t\t\t\t<div class=\"elementor-element elementor-element-e2ff2b1 elementor-widget elementor-widget-spacer\" data-id=\"e2ff2b1\" data-element_type=\"widget\" data-widget_type=\"spacer.default\">\n\t\t\t\t<div class=\"elementor-widget-container\">\n\t\t\t\t\t\t\t<div class=\"elementor-spacer\">\n\t\t\t<div class=\"elementor-spacer-inner\"><\/div>\n\t\t<\/div>\n\t\t\t\t\t\t<\/div>\n\t\t\t\t<\/div>\n\t\t\t\t<div class=\"elementor-element elementor-element-e9d982c elementor-widget elementor-widget-spacer\" data-id=\"e9d982c\" data-element_type=\"widget\" data-widget_type=\"spacer.default\">\n\t\t\t\t<div class=\"elementor-widget-container\">\n\t\t\t\t\t\t\t<div class=\"elementor-spacer\">\n\t\t\t<div class=\"elementor-spacer-inner\"><\/div>\n\t\t<\/div>\n\t\t\t\t\t\t<\/div>\n\t\t\t\t<\/div>\n\t\t\t\t\t<\/div>\n\t\t\t\t<\/div>\n\t\t<div class=\"elementor-element elementor-element-55ad9a51 e-flex e-con-boxed e-con e-child\" data-id=\"55ad9a51\" data-element_type=\"container\" data-settings=\"{&quot;_ha_eqh_enable&quot;:false}\">\n\t\t\t\t\t<div class=\"e-con-inner\">\n\t\t\t\t<div class=\"elementor-element elementor-element-1d9201ad elementor-widget elementor-widget-text-editor\" data-id=\"1d9201ad\" data-element_type=\"widget\" data-widget_type=\"text-editor.default\">\n\t\t\t\t<div class=\"elementor-widget-container\">\n\t\t\t\t\t\t\t\t\t<p>Nowadays, the demand for imported goods as well as the export of domestic goods from Vietnam to foreign countries is relatively high. However, many businesses often encounter difficulties in completing customs procedures for importing and exporting goods. So, what are these customs procedures? How are they carried out? Let's find out together!<\/p><h2 id=\"h-cac-th\u1ee7-t\u1ee5c-h\u1ea3i-quan-xu\u1ea5t-nh\u1eadp-kh\u1ea9u-hang-hoa-la-gi\" class=\"wp-block-heading\">What are customs procedures for importing and exporting goods?<\/h2><p>\u00a0<\/p><div id=\"attachment_2478\" style=\"width: 1210px\" class=\"wp-caption aligncenter\"><img fetchpriority=\"high\" decoding=\"async\" aria-describedby=\"caption-attachment-2478\" class=\"wp-image-2478 size-full\" src=\"https:\/\/hntshipping.com.vn\/wp-content\/uploads\/2023\/11\/d2.jpg\" alt=\"Customs procedures for importing and exporting goods are quite complex.\" width=\"1200\" height=\"800\" srcset=\"https:\/\/hntshipping.com.vn\/wp-content\/uploads\/2023\/11\/d2.jpg 1200w, https:\/\/hntshipping.com.vn\/wp-content\/uploads\/2023\/11\/d2-300x200.jpg 300w, https:\/\/hntshipping.com.vn\/wp-content\/uploads\/2023\/11\/d2-1024x683.jpg 1024w, https:\/\/hntshipping.com.vn\/wp-content\/uploads\/2023\/11\/d2-768x512.jpg 768w\" sizes=\"(max-width: 1200px) 100vw, 1200px\" \/><p id=\"caption-attachment-2478\" class=\"wp-caption-text\">Customs procedures for importing and exporting goods are quite complex.<\/p><\/div><p>These are regulations, procedures, and necessary documents for importing or exporting goods from abroad into Vietnam and from Vietnam to foreign countries. Import and export procedures are specifically regulated under the Commercial Law, Customs Law, and related implementing documents.<\/p><h3 class=\"wp-block-heading\">Purposes of import and export regulations<\/h3><p>The import procedures aim to:<\/p><ul><li>Control, management of goods imported, exported goods, ensure the goods meet the rules of the law on quality, safety, hygiene, environmental protection.<\/li><li>Protect the rights of consumers, business production in the country and abroad.<\/li><li>Facilitate favorable conditions for international trade activities.<\/li><\/ul><h3 class=\"wp-block-heading\">Entities subject to import and export regulations<\/h3><p>Import and export procedures apply to all individuals and organizations that need to import goods from abroad into Vietnam or export goods from Vietnam to foreign countries.<\/p><h3 class=\"wp-block-heading\">Process and procedures for importing and exporting goods<\/h3><p>The import procedures include the following steps:<\/p><h4 class=\"wp-block-heading\">Step 1: Export preparation<\/h4><ul><li>Identify the goods for import and export.<\/li><li>Market research<\/li><li>Find suppliers<\/li><li>Negotiation and signing of the contract of sale<\/li><li>Establish an import and export plan<\/li><\/ul><h4 class=\"wp-block-heading\">Step 2: Determine goods classification<\/h4><p>Classification of goods according to The list of goods exported and imported, Vietnam<\/p><h4 class=\"wp-block-heading\">Step 3: Determine applicable taxes and fees such as:<\/h4><p>Import duties, export duties, value-added tax, special consumption tax, customs fees.<\/p><p>Declare customs declarations, pay taxes, and clear customs.<\/p><h4 class=\"wp-block-heading\">Step 4: Necessary documents<\/h4><p>To carry out import procedures, importers need to prepare the following documents:<\/p><ul><li>Import license (if available)<\/li><li>Certificate of origin of goods<\/li><li>Inspection certificate<\/li><li>Packing list<\/li><li>Commercial invoice<\/li><li>Bill of lading<\/li><li>Import duties and fees<\/li><\/ul><h3 class=\"wp-block-heading\">Note on importing goods<\/h3><h4 class=\"wp-block-heading\">Research carefully the legal regulations on exporting and importing goods.<\/h4><div id=\"attachment_2479\" style=\"width: 1210px\" class=\"wp-caption aligncenter\"><img decoding=\"async\" aria-describedby=\"caption-attachment-2479\" class=\"wp-image-2479 size-full\" src=\"https:\/\/hntshipping.com.vn\/wp-content\/uploads\/2023\/11\/d3.jpg\" alt=\"Thoroughly understand the legal regulations on exporting and importing goods to avoid penalties.\" width=\"1200\" height=\"800\" srcset=\"https:\/\/hntshipping.com.vn\/wp-content\/uploads\/2023\/11\/d3.jpg 1200w, https:\/\/hntshipping.com.vn\/wp-content\/uploads\/2023\/11\/d3-300x200.jpg 300w, https:\/\/hntshipping.com.vn\/wp-content\/uploads\/2023\/11\/d3-1024x683.jpg 1024w, https:\/\/hntshipping.com.vn\/wp-content\/uploads\/2023\/11\/d3-768x512.jpg 768w\" sizes=\"(max-width: 1200px) 100vw, 1200px\" \/><p id=\"caption-attachment-2479\" class=\"wp-caption-text\">Thoroughly understand the legal regulations on exporting and importing goods to avoid penalties.<\/p><\/div><p>Before exporting or importing goods, businesses need to learn the legal regulations on import and export commodity of Vietnam and the country import or export.\u00a0<\/p><p>This will help the business avoid the legal risks and ensure the goods to be imported and exported in a legal way.<\/p><h4 class=\"wp-block-heading\">Correctly identify goods and HS codes<\/h4><p>Items and HS code is the important information to calculate taxes, fees and other fees related to import and export goods.\u00a0<\/p><p>Businesses need to correctly identify the goods and HS codes to ensure accuracy in the customs declaration process.<\/p><h4 class=\"wp-block-heading\">Prepare complete and necessary documents<\/h4><p>To be able to export or import goods, businesses need to prepare adequate records and documents required under the provisions of the law.\u00a0<\/p><p>The records and documents will be used for customs clearance and made the procedure of export and import goods.<\/p><h4 class=\"wp-block-heading\">Choose reputable suppliers or partners<\/h4><p>For export operations, enterprises need to choose a reputable supplier to ensure the goods quality and delivery time.\u00a0<\/p><p>For import operations, businesses need to choose reputable partners to ensure the goods quality and reasonable price.<\/p><h4 class=\"wp-block-heading\">Choose suitable transport methods<\/h4><p>Modes of transport will affect the cost, duration and risk of operation export and import goods. Businesses need to choose the method of transportation in accordance with the requirements of the goods and conditions of business.<\/p><h4 class=\"wp-block-heading\">Participate in cargo insurance<\/h4><p>Participation in cargo insurance will help businesses minimize risk in case of damaged goods, loss or lost in the shipping process.<\/p><h4 class=\"wp-block-heading\">Inspect goods before exporting or importing<\/h4><p>Enterprises need to carefully check goods before export or import to make sure the goods meet the quality requirements, standards, and rule of law.<\/p><h4 class=\"wp-block-heading\">Monitor the status of goods during transportation<\/h4><div id=\"attachment_2480\" style=\"width: 1210px\" class=\"wp-caption aligncenter\"><img decoding=\"async\" aria-describedby=\"caption-attachment-2480\" class=\"wp-image-2480 size-full\" src=\"https:\/\/hntshipping.com.vn\/wp-content\/uploads\/2023\/11\/d4.jpg\" alt=\"It is necessary to closely monitor the condition of goods during transportation.\" width=\"1200\" height=\"800\" srcset=\"https:\/\/hntshipping.com.vn\/wp-content\/uploads\/2023\/11\/d4.jpg 1200w, https:\/\/hntshipping.com.vn\/wp-content\/uploads\/2023\/11\/d4-300x200.jpg 300w, https:\/\/hntshipping.com.vn\/wp-content\/uploads\/2023\/11\/d4-1024x683.jpg 1024w, https:\/\/hntshipping.com.vn\/wp-content\/uploads\/2023\/11\/d4-768x512.jpg 768w\" sizes=\"(max-width: 1200px) 100vw, 1200px\" \/><p id=\"caption-attachment-2480\" class=\"wp-caption-text\">It is necessary to closely monitor the condition of goods during transportation.<\/p><\/div><p>Businesses need to monitor the status of goods during transportation to promptly address any arising issues.<\/p><h4 class=\"wp-block-heading\">Pay export and import taxes and fees<\/h4><p>Business need pay the tax fee, import and export according to the rule of law.<\/p><h4 class=\"wp-block-heading\">Prepare export and import reports<\/h4><p>Businesses need reports export and import according to the rule of law.<\/p><p>In addition, businesses should pay attention to some issues after exporting or importing goods:<\/p><h4 class=\"wp-block-heading\">Calculate export and import costs<\/h4><p>Business need the calculated cost of export and import to ensure operation export and import with interest.<\/p><h4 class=\"wp-block-heading\">Ensure security and safety for goods<\/h4><p>Businesses need to ensure security and safety for the goods during transport and storage.<\/p><p>Implementation of the provisions on protection of the environment: Business needed to carry out the provisions on protection of environment in the process of export and import goods.<\/p><h2 class=\"wp-block-heading\">Which company should you choose to handle import and export procedures?<\/h2><p>\u00a0<\/p><div id=\"attachment_2481\" style=\"width: 970px\" class=\"wp-caption aligncenter\"><img loading=\"lazy\" decoding=\"async\" aria-describedby=\"caption-attachment-2481\" class=\"wp-image-2481 size-full\" src=\"https:\/\/hntshipping.com.vn\/wp-content\/uploads\/2023\/11\/d5.jpg\" alt=\"HNT \u2013 export company for cargo is more customer trust\" width=\"960\" height=\"960\" srcset=\"https:\/\/hntshipping.com.vn\/wp-content\/uploads\/2023\/11\/d5.jpg 960w, https:\/\/hntshipping.com.vn\/wp-content\/uploads\/2023\/11\/d5-300x300.jpg 300w, https:\/\/hntshipping.com.vn\/wp-content\/uploads\/2023\/11\/d5-150x150.jpg 150w, https:\/\/hntshipping.com.vn\/wp-content\/uploads\/2023\/11\/d5-768x768.jpg 768w\" sizes=\"(max-width: 960px) 100vw, 960px\" \/><p id=\"caption-attachment-2481\" class=\"wp-caption-text\">HNT \u2013 export company for cargo is more customer trust<\/p><\/div><div class=\"entry-content wp-block-post-content has-global-padding is-layout-constrained\"><p>Transporting and trading goods between countries requires navigating complex and challenging customs procedures. This necessitates that businesses understand and comply with regulations regarding export and import documents and related paperwork.<\/p><p>If you are considering finding a reputable company for importing and exporting goods, HNT is the most suitable destination for you.<\/p><p>Contact\u00a0<a href=\"https:\/\/hntshipping.com.vn\/en\/\">HNT Logistics<\/a>\u00a0now at hotline number 0981.655.880 (Mrs. Thi) to learn more about our services!<\/p><\/div><div class=\"wp-block-template-part\"><div class=\"wp-block-spacer\" aria-hidden=\"true\">\u00a0<\/div><div class=\"wp-block-group has-global-padding is-layout-constrained\">\u00a0<\/div><\/div>\t\t\t\t\t\t\t\t<\/div>\n\t\t\t\t<\/div>\n\t\t\t\t\t<\/div>\n\t\t\t\t<\/div>\n\t\t\t\t\t<\/div>\n\t\t\t\t<\/div>\n\t\t\t\t<\/div>","protected":false},"excerpt":{"rendered":"<p>Ng\u00e0y nay, nhu c\u1ea7u s\u1eed d\u1ee5ng h\u00e0ng h\u00f3a ngo\u1ea1i nh\u1eadp, c\u0169ng nh\u01b0 xu\u1ea5t kh\u1ea9u h\u00e0ng h\u00f3a trong n\u01b0\u1edbc \u0111i n\u01b0\u1edbc ngo\u00e0i c\u1ee7a Vi\u1ec7t Nam t\u01b0\u01a1ng \u0111\u1ed1i cao. Tuy nhi\u00ean, nhi\u1ec1u doanh nghi\u1ec7p th\u01b0\u1eddng g\u1eb7p kh\u00f3 kh\u0103n trong vi\u1ec7c ho\u00e0n th\u00e0nh c\u00e1c th\u1ee7 t\u1ee5c xu\u1ea5t nh\u1eadp kh\u1ea9u h\u00e0ng h\u00f3a. V\u1eady c\u00e1c th\u1ee7 t\u1ee5c h\u1ea3i quan xu\u1ea5t [&hellip;]<\/p>","protected":false},"author":1,"featured_media":0,"parent":0,"menu_order":0,"comment_status":"closed","ping_status":"closed","template":"","meta":{"footnotes":""},"class_list":["post-2184","page","type-page","status-publish","hentry"],"rankmath_keywords":{"primary":"","secondary":[""]},"yoast_keywords":{"primary":"","secondary":[]},"yoast_focuskw":"","rankmath_focuskw":"","seo_keywords":{"primary":"","secondary":[""]},"_links":{"self":[{"href":"https:\/\/hntshipping.com.vn\/en\/wp-json\/wp\/v2\/pages\/2184","targetHints":{"allow":["GET"]}}],"collection":[{"href":"https:\/\/hntshipping.com.vn\/en\/wp-json\/wp\/v2\/pages"}],"about":[{"href":"https:\/\/hntshipping.com.vn\/en\/wp-json\/wp\/v2\/types\/page"}],"author":[{"embeddable":true,"href":"https:\/\/hntshipping.com.vn\/en\/wp-json\/wp\/v2\/users\/1"}],"replies":[{"embeddable":true,"href":"https:\/\/hntshipping.com.vn\/en\/wp-json\/wp\/v2\/comments?post=2184"}],"version-history":[{"count":41,"href":"https:\/\/hntshipping.com.vn\/en\/wp-json\/wp\/v2\/pages\/2184\/revisions"}],"predecessor-version":[{"id":2543,"href":"https:\/\/hntshipping.com.vn\/en\/wp-json\/wp\/v2\/pages\/2184\/revisions\/2543"}],"wp:attachment":[{"href":"https:\/\/hntshipping.com.vn\/en\/wp-json\/wp\/v2\/media?parent=2184"}],"curies":[{"name":"wp","href":"https:\/\/api.w.org\/{rel}","templated":true}]}}