{"id":2188,"date":"2023-10-19T16:30:41","date_gmt":"2023-10-19T16:30:41","guid":{"rendered":"https:\/\/hnt.h216182.dpsmedia.vn\/?page_id=2188"},"modified":"2025-11-03T09:37:33","modified_gmt":"2025-11-03T02:37:33","slug":"duong-bien","status":"publish","type":"page","link":"https:\/\/hntshipping.com.vn\/en\/giao-nhan-van-chuyen\/duong-bien\/","title":{"rendered":"Sea"},"content":{"rendered":"<div data-elementor-type=\"wp-page\" data-elementor-id=\"2188\" class=\"elementor elementor-2188\" data-elementor-settings=\"{&quot;ha_cmc_init_switcher&quot;:&quot;no&quot;}\" data-elementor-post-type=\"page\">\n\t\t\t\t<div class=\"elementor-element elementor-element-59c81da e-flex e-con-boxed e-con e-parent\" data-id=\"59c81da\" data-element_type=\"container\" data-settings=\"{&quot;_ha_eqh_enable&quot;:false}\">\n\t\t\t\t\t<div class=\"e-con-inner\">\n\t\t<div class=\"elementor-element elementor-element-9a69466 e-flex e-con-boxed e-con e-child\" data-id=\"9a69466\" data-element_type=\"container\" data-settings=\"{&quot;background_background&quot;:&quot;classic&quot;,&quot;_ha_eqh_enable&quot;:false}\">\n\t\t\t\t\t<div class=\"e-con-inner\">\n\t\t\t\t<div class=\"elementor-element elementor-element-cf82d24 elementor-widget elementor-widget-spacer\" data-id=\"cf82d24\" data-element_type=\"widget\" data-widget_type=\"spacer.default\">\n\t\t\t\t<div class=\"elementor-widget-container\">\n\t\t\t\t\t\t\t<div class=\"elementor-spacer\">\n\t\t\t<div class=\"elementor-spacer-inner\"><\/div>\n\t\t<\/div>\n\t\t\t\t\t\t<\/div>\n\t\t\t\t<\/div>\n\t\t\t\t<div class=\"elementor-element elementor-element-b3d5bcb elementor-widget elementor-widget-spacer\" data-id=\"b3d5bcb\" data-element_type=\"widget\" data-widget_type=\"spacer.default\">\n\t\t\t\t<div class=\"elementor-widget-container\">\n\t\t\t\t\t\t\t<div class=\"elementor-spacer\">\n\t\t\t<div class=\"elementor-spacer-inner\"><\/div>\n\t\t<\/div>\n\t\t\t\t\t\t<\/div>\n\t\t\t\t<\/div>\n\t\t\t\t\t<\/div>\n\t\t\t\t<\/div>\n\t\t<div class=\"elementor-element elementor-element-e8ca192 e-flex e-con-boxed e-con e-child\" data-id=\"e8ca192\" data-element_type=\"container\" data-settings=\"{&quot;_ha_eqh_enable&quot;:false}\">\n\t\t\t\t\t<div class=\"e-con-inner\">\n\t\t\t\t<div class=\"elementor-element elementor-element-f1a57da elementor-widget elementor-widget-text-editor\" data-id=\"f1a57da\" data-element_type=\"widget\" data-widget_type=\"text-editor.default\">\n\t\t\t\t<div class=\"elementor-widget-container\">\n\t\t\t\t\t\t\t\t\t<p>Sea transportation of our country today are growing strong, plays an important role in the national economy. So, sea freight can be transported goods what? Should use a shipping service of any company? Invite you along to find out!<\/p><h2 id=\"h-v\u1eadn-t\u1ea3i-d\u01b0\u1eddng-bi\u1ec3n-c\u1ee7a-n\u01b0\u1edbc-ta-hi\u1ec7n-nay\" class=\"wp-block-heading\">Sea transportation of our country today<\/h2><div id=\"attachment_2445\" style=\"width: 1546px\" class=\"wp-caption aligncenter\"><img fetchpriority=\"high\" decoding=\"async\" aria-describedby=\"caption-attachment-2445\" class=\"wp-image-2445 size-full\" src=\"https:\/\/hntshipping.com.vn\/wp-content\/uploads\/2023\/11\/b2.jpg\" alt=\"Sea freight \u2013 one of the shipping method, goods are very popular\" width=\"1536\" height=\"864\" srcset=\"https:\/\/hntshipping.com.vn\/wp-content\/uploads\/2023\/11\/b2.jpg 1536w, https:\/\/hntshipping.com.vn\/wp-content\/uploads\/2023\/11\/b2-300x169.jpg 300w, https:\/\/hntshipping.com.vn\/wp-content\/uploads\/2023\/11\/b2-1024x576.jpg 1024w, https:\/\/hntshipping.com.vn\/wp-content\/uploads\/2023\/11\/b2-768x432.jpg 768w\" sizes=\"(max-width: 1536px) 100vw, 1536px\" \/><p id=\"caption-attachment-2445\" class=\"wp-caption-text\">Sea freight \u2013 one of the shipping method, goods are very popular<\/p><\/div><p>According to statistics of the General department of statistics, the year 2022, the volume of cargo transportation through sea ports of Viet Nam 733,18 million tons, an increase of 4% compared to the year 2021. Which, goods exports totaled 446,4 million tons, an increase of 8.2 percent; imports reached 286,78 million tons, up 0.2%.<\/p><h4>Advantages and disadvantages<\/h4><p>Sea transport of Vietnam, there are advantages and disadvantages in the following:<\/p><h5 class=\"wp-block-heading\">1. Favorable<\/h5><ul><li>Vietnam has a coastline of 3,260 km, more puddles, sheltered bays and many islands, islands along the coast, located on the road international maritime importance.<\/li><li>Vietnam has a strategic location on sea routes between the neighboring regions and global.<\/li><li>The port system of Vietnam is investment, development of the modern.<\/li><\/ul><h5 class=\"wp-block-heading\">2. Difficulty<\/h5><ul><li>Road infrastructure of Vietnam, there are still many limitations, not to meet the transportation needs increasing.<\/li><li>Fleet marine of Vietnam is still a small baby, not to meet transportation needs.<\/li><li>Quality transport services of Vietnam is still not high.<\/li><\/ul><h4 class=\"wp-block-heading\">The cargo shipping by sea<\/h4><p>In Vietnam, 5 types of goods are usually shipped by sea is:<\/p><h5 class=\"wp-block-heading\">1. Crude goods<\/h5><p>This is kind of goods have a large mass, occupies a large proportion in the total volume of goods transported by sea. Several types of goods common coarse include crude oil, natural gas, coal,...<\/p><h5 class=\"wp-block-heading\">2. Cargo container<\/h5><p>Here is types of goods are packed in containers, the size and weight standards. Cargo containers accounted for the increasingly large in the total volume of goods transported by sea.<\/p><h5 class=\"wp-block-heading\">3. Agricultural goods<\/h5><p>This is kind of goods have large volume, including agricultural products, marine products, forestry products,...<\/p><h5 class=\"wp-block-heading\">4. Industrial goods<\/h5><p>This is kind of goods have large volume, including raw materials, finished products, equipment, machinery,...<\/p><h5 class=\"wp-block-heading\">5. Consumer goods<\/h5><p>Here is types of goods are small volume, including food, drinks, clothes, shoes,...<\/p><h2 class=\"wp-block-heading\">Should use the service sea freight of any company?<\/h2><div id=\"attachment_2446\" style=\"width: 1290px\" class=\"wp-caption aligncenter\"><img decoding=\"async\" aria-describedby=\"caption-attachment-2446\" class=\"wp-image-2446 size-full\" src=\"https:\/\/hntshipping.com.vn\/wp-content\/uploads\/2023\/11\/b3.jpg\" alt=\"Need search unit provides shipping service sea reputable, affordable price to ensure safety for your goods\" width=\"1280\" height=\"960\" srcset=\"https:\/\/hntshipping.com.vn\/wp-content\/uploads\/2023\/11\/b3.jpg 1280w, https:\/\/hntshipping.com.vn\/wp-content\/uploads\/2023\/11\/b3-300x225.jpg 300w, https:\/\/hntshipping.com.vn\/wp-content\/uploads\/2023\/11\/b3-1024x768.jpg 1024w, https:\/\/hntshipping.com.vn\/wp-content\/uploads\/2023\/11\/b3-768x576.jpg 768w\" sizes=\"(max-width: 1280px) 100vw, 1280px\" \/><p id=\"caption-attachment-2446\" class=\"wp-caption-text\">Need search unit provides shipping service sea reputable, affordable price to ensure safety for your goods<\/p><\/div><div class=\"entry-content wp-block-post-content has-global-padding is-layout-constrained\"><p>Booking is considered important procedure for industry import \/ export sea. To choose the carriers, reasonable reputation, competitive price, is not it simple for business owners.<\/p><p>HNT service provider booking plans best ship today. We always grasp and updates the correct time and the best rate of carriers for our customers.<\/p><p>Contact\u00a0<a href=\"https:\/\/hntshipping.com.vn\/en\/\">HNT Logistics<\/a> qua s\u1ed1 hotline 0911.446.060 (Mrs.Thi) \u0111\u1ec3 bi\u1ebft th\u00eam v\u1ec1 d\u1ecbch v\u1ee5 c\u1ee7a ch\u00fang t\u00f4i nh\u00e9!<\/p><\/div><div class=\"wp-block-template-part\"><div class=\"wp-block-group has-global-padding is-layout-constrained\">\u00a0<\/div><\/div>\t\t\t\t\t\t\t\t<\/div>\n\t\t\t\t<\/div>\n\t\t\t\t\t<\/div>\n\t\t\t\t<\/div>\n\t\t\t\t\t<\/div>\n\t\t\t\t<\/div>\n\t\t\t\t<\/div>","protected":false},"excerpt":{"rendered":"<p>V\u1eadn t\u1ea3i \u0111\u01b0\u1eddng bi\u1ec3n c\u1ee7a n\u01b0\u1edbc ta hi\u1ec7n nay \u0111ang ph\u00e1t tri\u1ec3n m\u1ea1nh m\u1ebd, \u0111\u00f3ng vai tr\u00f2 quan tr\u1ecdng trong n\u1ec1n kinh t\u1ebf qu\u1ed1c d\u00e2n. V\u1eady v\u1eadn chuy\u1ec3n \u0111\u01b0\u1eddng bi\u1ec3n c\u00f3 th\u1ec3 v\u1eadn chuy\u1ec3n \u0111\u01b0\u1ee3c h\u00e0ng h\u00f3a g\u00ec? N\u00ean s\u1eed d\u1ee5ng d\u1ecbch v\u1ee5 v\u1eadn chuy\u1ec3n c\u1ee7a c\u00f4ng ty n\u00e0o? M\u1eddi b\u1ea1n c\u00f9ng t\u00ecm hi\u1ec3u nh\u00e9! [&hellip;]<\/p>","protected":false},"author":1,"featured_media":0,"parent":2182,"menu_order":0,"comment_status":"closed","ping_status":"closed","template":"","meta":{"footnotes":""},"class_list":["post-2188","page","type-page","status-publish","hentry"],"rankmath_keywords":{"primary":"","secondary":[""]},"yoast_keywords":{"primary":"","secondary":[]},"yoast_focuskw":"","rankmath_focuskw":"","seo_keywords":{"primary":"","secondary":[""]},"_links":{"self":[{"href":"https:\/\/hntshipping.com.vn\/en\/wp-json\/wp\/v2\/pages\/2188","targetHints":{"allow":["GET"]}}],"collection":[{"href":"https:\/\/hntshipping.com.vn\/en\/wp-json\/wp\/v2\/pages"}],"about":[{"href":"https:\/\/hntshipping.com.vn\/en\/wp-json\/wp\/v2\/types\/page"}],"author":[{"embeddable":true,"href":"https:\/\/hntshipping.com.vn\/en\/wp-json\/wp\/v2\/users\/1"}],"replies":[{"embeddable":true,"href":"https:\/\/hntshipping.com.vn\/en\/wp-json\/wp\/v2\/comments?post=2188"}],"version-history":[{"count":41,"href":"https:\/\/hntshipping.com.vn\/en\/wp-json\/wp\/v2\/pages\/2188\/revisions"}],"predecessor-version":[{"id":5884,"href":"https:\/\/hntshipping.com.vn\/en\/wp-json\/wp\/v2\/pages\/2188\/revisions\/5884"}],"up":[{"embeddable":true,"href":"https:\/\/hntshipping.com.vn\/en\/wp-json\/wp\/v2\/pages\/2182"}],"wp:attachment":[{"href":"https:\/\/hntshipping.com.vn\/en\/wp-json\/wp\/v2\/media?parent=2188"}],"curies":[{"name":"wp","href":"https:\/\/api.w.org\/{rel}","templated":true}]}}