{"id":2246,"date":"2023-10-29T03:26:20","date_gmt":"2023-10-29T03:26:20","guid":{"rendered":"https:\/\/hnt.h216182.dpsmedia.vn\/?page_id=2246"},"modified":"2023-11-15T18:51:25","modified_gmt":"2023-11-15T11:51:25","slug":"duong-bo","status":"publish","type":"page","link":"https:\/\/hntshipping.com.vn\/en\/giao-nhan-van-chuyen\/duong-bo\/","title":{"rendered":"Road"},"content":{"rendered":"<div data-elementor-type=\"wp-page\" data-elementor-id=\"2246\" class=\"elementor elementor-2246\" data-elementor-settings=\"{&quot;ha_cmc_init_switcher&quot;:&quot;no&quot;}\" data-elementor-post-type=\"page\">\n\t\t\t\t<div class=\"elementor-element elementor-element-f072523 e-flex e-con-boxed e-con e-parent\" data-id=\"f072523\" data-element_type=\"container\" data-settings=\"{&quot;_ha_eqh_enable&quot;:false}\">\n\t\t\t\t\t<div class=\"e-con-inner\">\n\t\t<div class=\"elementor-element elementor-element-5fc95e8 e-flex e-con-boxed e-con e-child\" data-id=\"5fc95e8\" data-element_type=\"container\" data-settings=\"{&quot;background_background&quot;:&quot;classic&quot;,&quot;_ha_eqh_enable&quot;:false}\">\n\t\t\t\t\t<div class=\"e-con-inner\">\n\t\t\t\t<div class=\"elementor-element elementor-element-731ead5 elementor-widget elementor-widget-spacer\" data-id=\"731ead5\" data-element_type=\"widget\" data-widget_type=\"spacer.default\">\n\t\t\t\t<div class=\"elementor-widget-container\">\n\t\t\t\t\t\t\t<div class=\"elementor-spacer\">\n\t\t\t<div class=\"elementor-spacer-inner\"><\/div>\n\t\t<\/div>\n\t\t\t\t\t\t<\/div>\n\t\t\t\t<\/div>\n\t\t\t\t<div class=\"elementor-element elementor-element-d1a24eb elementor-widget elementor-widget-spacer\" data-id=\"d1a24eb\" data-element_type=\"widget\" data-widget_type=\"spacer.default\">\n\t\t\t\t<div class=\"elementor-widget-container\">\n\t\t\t\t\t\t\t<div class=\"elementor-spacer\">\n\t\t\t<div class=\"elementor-spacer-inner\"><\/div>\n\t\t<\/div>\n\t\t\t\t\t\t<\/div>\n\t\t\t\t<\/div>\n\t\t\t\t\t<\/div>\n\t\t\t\t<\/div>\n\t\t<div class=\"elementor-element elementor-element-e972817 e-flex e-con-boxed e-con e-child\" data-id=\"e972817\" data-element_type=\"container\" data-settings=\"{&quot;_ha_eqh_enable&quot;:false}\">\n\t\t\t\t\t<div class=\"e-con-inner\">\n\t\t\t\t<div class=\"elementor-element elementor-element-48adbaa elementor-widget elementor-widget-text-editor\" data-id=\"48adbaa\" data-element_type=\"widget\" data-widget_type=\"text-editor.default\">\n\t\t\t\t<div class=\"elementor-widget-container\">\n\t\t\t\t\t\t\t\t\t<p>Freight transport by road means of transportation, the most popular today. But the benefits of transport services by road is what? Road transport can transport the type of goods which? Should use the trucking company is the best? Invite you along to find out!<\/p><h2 id=\"h-v\u1eadn-t\u1ea3i-d\u01b0\u1eddng-b\u1ed9-lo\u1ea1i-hinh-v\u1eadn-chuy\u1ec3n-ph\u1ed5-bi\u1ebfn-ngay-nay\" class=\"wp-block-heading\">Road transport \u2013 Type of transport popular today<\/h2><h3 class=\"wp-block-heading\">Benefits of transport services, road<\/h3><div id=\"attachment_2468\" style=\"width: 1210px\" class=\"wp-caption aligncenter\"><img fetchpriority=\"high\" decoding=\"async\" aria-describedby=\"caption-attachment-2468\" class=\"wp-image-2468 size-full\" src=\"https:\/\/hntshipping.com.vn\/wp-content\/uploads\/2023\/11\/c2.jpg\" alt=\"Road transport is the popular form, is widely believed to use\" width=\"1200\" height=\"800\" srcset=\"https:\/\/hntshipping.com.vn\/wp-content\/uploads\/2023\/11\/c2.jpg 1200w, https:\/\/hntshipping.com.vn\/wp-content\/uploads\/2023\/11\/c2-300x200.jpg 300w, https:\/\/hntshipping.com.vn\/wp-content\/uploads\/2023\/11\/c2-1024x683.jpg 1024w, https:\/\/hntshipping.com.vn\/wp-content\/uploads\/2023\/11\/c2-768x512.jpg 768w\" sizes=\"(max-width: 1200px) 100vw, 1200px\" \/><p id=\"caption-attachment-2468\" class=\"wp-caption-text\">Road transport is the popular form, is widely believed to use<\/p><\/div><ul><li class=\"wp-block-heading\"><h5>Flexible<\/h5><\/li><\/ul><p>Transport by this route can transport cargo to any location, including the locations difficult and isolated.<\/p><ul><li class=\"wp-block-heading\"><h5>Shipping time short<\/h5><\/li><\/ul><p>This is the type of transportation that can transport goods quickly, in accordance with the kind of goods need fast shipping.<\/p><ul><li class=\"wp-block-heading\"><h5>Ability to transport large cargo<\/h5><\/li><\/ul><p>Use the form on this transport can transport goods with large volume.<\/p><ul><li class=\"wp-block-heading\"><h5>The transport costs are relatively low<\/h5><\/li><\/ul><p>Road transport freight charges lower compared to the other modes of transport such as sea freight, air freight.<\/p><h3 class=\"wp-block-heading\">Transportation of goods by road can transport the type of goods which?<\/h3><div id=\"attachment_2469\" style=\"width: 1210px\" class=\"wp-caption aligncenter\"><img decoding=\"async\" aria-describedby=\"caption-attachment-2469\" class=\"wp-image-2469 size-full\" src=\"https:\/\/hntshipping.com.vn\/wp-content\/uploads\/2023\/11\/c3.jpg\" alt=\"When using this form of transport is by road can apply many kinds of different goods\" width=\"1200\" height=\"800\" srcset=\"https:\/\/hntshipping.com.vn\/wp-content\/uploads\/2023\/11\/c3.jpg 1200w, https:\/\/hntshipping.com.vn\/wp-content\/uploads\/2023\/11\/c3-300x200.jpg 300w, https:\/\/hntshipping.com.vn\/wp-content\/uploads\/2023\/11\/c3-1024x683.jpg 1024w, https:\/\/hntshipping.com.vn\/wp-content\/uploads\/2023\/11\/c3-768x512.jpg 768w\" sizes=\"(max-width: 1200px) 100vw, 1200px\" \/><p id=\"caption-attachment-2469\" class=\"wp-caption-text\">When using this form of transport is by road can apply many kinds of different goods<\/p><\/div><p>The shipping this can shipping most types of goods, including:<\/p><ul><li class=\"wp-block-heading\"><h5>General cargo<\/h5><\/li><\/ul><p>This is kind of goods do not have special requirement about shipping, such as consumer goods, industrial goods, and...<\/p><ul><li class=\"wp-block-heading\"><h5>Perishable goods<\/h5><\/li><\/ul><p>This is kind of goods need to be stored in conditions appropriate environment, such as goods, fresh goods, frozen...<\/p><ul><li class=\"wp-block-heading\"><h5>Bulky goods<\/h5><\/li><\/ul><p>Here is types of goods are large in size, difficult to transport, such as machinery, equipment,...<\/p><ul><li class=\"wp-block-heading\"><h5>Consumer goods<\/h5><\/li><\/ul><p>This is the kind of goods such as food, drinks, clothes, shoes,...<\/p><ul><li class=\"wp-block-heading\"><h5>Industrial goods<\/h5><\/li><\/ul><p>This is the kind of goods such as raw materials, finished products, equipment, machinery,...<\/p><p>A number of other goods:<\/p><ul><li>Agricultural commodities: Agricultural products, marine products, forestry products,...<\/li><li>Commodity building: building materials, construction equipment,...<\/li><li>Goods and services: goods transport cargo\u00a0<a href=\"https:\/\/vi.wikipedia.org\/wiki\/Du_l%E1%BB%8Bch\" target=\"_blank\" rel=\"noopener\">travel<\/a>,...<\/li><\/ul><p>Road transport means of transportation, flexible, can transport a variety of goods. However, note the choice of means of transport in accordance with the type of goods to ensure safety and save cost.<\/p><h2 class=\"wp-block-heading\">Should use the company offers services, road transport is the best?<\/h2><p>HNT offer all-inclusive process import and export of goods by road through the gate for the business. With the Logistics solution at HNT will help the export \u2013 import of customers quickly and get the most optimal.<\/p><div id=\"attachment_2470\" style=\"width: 970px\" class=\"wp-caption aligncenter\"><img decoding=\"async\" aria-describedby=\"caption-attachment-2470\" class=\"wp-image-2470 size-full\" src=\"https:\/\/hntshipping.com.vn\/wp-content\/uploads\/2023\/11\/c4.jpg\" alt=\"The company provides transport services road which today is the best and reputation is the question that many people are interested\" width=\"960\" height=\"1280\" srcset=\"https:\/\/hntshipping.com.vn\/wp-content\/uploads\/2023\/11\/c4.jpg 960w, https:\/\/hntshipping.com.vn\/wp-content\/uploads\/2023\/11\/c4-225x300.jpg 225w, https:\/\/hntshipping.com.vn\/wp-content\/uploads\/2023\/11\/c4-768x1024.jpg 768w\" sizes=\"(max-width: 960px) 100vw, 960px\" \/><p id=\"caption-attachment-2470\" class=\"wp-caption-text\">The company provides transport services road which today is the best and reputation is the question that many people are interested<\/p><\/div><div class=\"entry-content wp-block-post-content has-global-padding is-layout-constrained\"><p>Contact\u00a0<a href=\"https:\/\/hntshipping.com.vn\/en\/\">HNT Logistics<\/a>\u00a0now at hotline number 0981.655.880 (Mrs. Thi) to learn more about our services!<\/p><\/div><div class=\"wp-block-template-part\"><div class=\"wp-block-spacer\" aria-hidden=\"true\">\u00a0<\/div><div class=\"wp-block-group has-global-padding is-layout-constrained\">\u00a0<\/div><\/div>\t\t\t\t\t\t\t\t<\/div>\n\t\t\t\t<\/div>\n\t\t\t\t\t<\/div>\n\t\t\t\t<\/div>\n\t\t\t\t\t<\/div>\n\t\t\t\t<\/div>\n\t\t\t\t<\/div>","protected":false},"excerpt":{"rendered":"<p>V\u1eadn t\u1ea3i h\u00e0ng h\u00f3a b\u1eb1ng \u0111\u01b0\u1eddng b\u1ed9 l\u00e0 ph\u01b0\u01a1ng th\u1ee9c v\u1eadn t\u1ea3i ph\u1ed5 bi\u1ebfn nh\u1ea5t hi\u1ec7n nay. Nh\u01b0ng l\u1ee3i \u00edch c\u1ee7a d\u1ecbch v\u1ee5 v\u1eadn t\u1ea3i b\u1eb1ng \u0111\u01b0\u1eddng b\u1ed9 l\u00e0 g\u00ec? V\u1eadn t\u1ea3i \u0111\u01b0\u1eddng b\u1ed9 c\u00f3 th\u1ec3 v\u1eadn chuy\u1ec3n c\u00e1c lo\u1ea1i h\u00e0ng h\u00f3a n\u00e0o? N\u00ean s\u1eed d\u1ee5ng c\u00f4ng ty v\u1eadn t\u1ea3i \u0111\u01b0\u1eddng b\u1ed9 n\u00e0o l\u00e0 t\u1ed1t [&hellip;]<\/p>","protected":false},"author":1,"featured_media":0,"parent":2182,"menu_order":0,"comment_status":"closed","ping_status":"closed","template":"","meta":{"footnotes":""},"class_list":["post-2246","page","type-page","status-publish","hentry"],"rankmath_keywords":{"primary":"","secondary":[""]},"yoast_keywords":{"primary":"","secondary":[]},"yoast_focuskw":"","rankmath_focuskw":"","seo_keywords":{"primary":"","secondary":[""]},"_links":{"self":[{"href":"https:\/\/hntshipping.com.vn\/en\/wp-json\/wp\/v2\/pages\/2246","targetHints":{"allow":["GET"]}}],"collection":[{"href":"https:\/\/hntshipping.com.vn\/en\/wp-json\/wp\/v2\/pages"}],"about":[{"href":"https:\/\/hntshipping.com.vn\/en\/wp-json\/wp\/v2\/types\/page"}],"author":[{"embeddable":true,"href":"https:\/\/hntshipping.com.vn\/en\/wp-json\/wp\/v2\/users\/1"}],"replies":[{"embeddable":true,"href":"https:\/\/hntshipping.com.vn\/en\/wp-json\/wp\/v2\/comments?post=2246"}],"version-history":[{"count":18,"href":"https:\/\/hntshipping.com.vn\/en\/wp-json\/wp\/v2\/pages\/2246\/revisions"}],"predecessor-version":[{"id":2564,"href":"https:\/\/hntshipping.com.vn\/en\/wp-json\/wp\/v2\/pages\/2246\/revisions\/2564"}],"up":[{"embeddable":true,"href":"https:\/\/hntshipping.com.vn\/en\/wp-json\/wp\/v2\/pages\/2182"}],"wp:attachment":[{"href":"https:\/\/hntshipping.com.vn\/en\/wp-json\/wp\/v2\/media?parent=2246"}],"curies":[{"name":"wp","href":"https:\/\/api.w.org\/{rel}","templated":true}]}}