{"id":2250,"date":"2023-10-29T03:27:24","date_gmt":"2023-10-29T03:27:24","guid":{"rendered":"https:\/\/hnt.h216182.dpsmedia.vn\/?page_id=2250"},"modified":"2023-11-27T17:45:36","modified_gmt":"2023-11-27T10:45:36","slug":"uy-thac-xuat-nhap-khau","status":"publish","type":"page","link":"https:\/\/hntshipping.com.vn\/en\/thu-tuc-xuat-nhap-khau\/uy-thac-xuat-nhap-khau\/","title":{"rendered":"Entrusted export and import"},"content":{"rendered":"<div data-elementor-type=\"wp-page\" data-elementor-id=\"2250\" class=\"elementor elementor-2250\" data-elementor-settings=\"{&quot;ha_cmc_init_switcher&quot;:&quot;no&quot;}\" data-elementor-post-type=\"page\">\n\t\t\t\t<div class=\"elementor-element elementor-element-bc0d3fc e-flex e-con-boxed e-con e-parent\" data-id=\"bc0d3fc\" data-element_type=\"container\" data-settings=\"{&quot;_ha_eqh_enable&quot;:false}\">\n\t\t\t\t\t<div class=\"e-con-inner\">\n\t\t<div class=\"elementor-element elementor-element-4b18615 e-flex e-con-boxed e-con e-child\" data-id=\"4b18615\" data-element_type=\"container\" data-settings=\"{&quot;background_background&quot;:&quot;classic&quot;,&quot;_ha_eqh_enable&quot;:false}\">\n\t\t\t\t\t<div class=\"e-con-inner\">\n\t\t\t\t<div class=\"elementor-element elementor-element-3090847 elementor-widget elementor-widget-spacer\" data-id=\"3090847\" data-element_type=\"widget\" data-widget_type=\"spacer.default\">\n\t\t\t\t<div class=\"elementor-widget-container\">\n\t\t\t\t\t\t\t<div class=\"elementor-spacer\">\n\t\t\t<div class=\"elementor-spacer-inner\"><\/div>\n\t\t<\/div>\n\t\t\t\t\t\t<\/div>\n\t\t\t\t<\/div>\n\t\t\t\t<div class=\"elementor-element elementor-element-d52de6c elementor-widget elementor-widget-spacer\" data-id=\"d52de6c\" data-element_type=\"widget\" data-widget_type=\"spacer.default\">\n\t\t\t\t<div class=\"elementor-widget-container\">\n\t\t\t\t\t\t\t<div class=\"elementor-spacer\">\n\t\t\t<div class=\"elementor-spacer-inner\"><\/div>\n\t\t<\/div>\n\t\t\t\t\t\t<\/div>\n\t\t\t\t<\/div>\n\t\t\t\t\t<\/div>\n\t\t\t\t<\/div>\n\t\t<div class=\"elementor-element elementor-element-924b7f6 e-flex e-con-boxed e-con e-child\" data-id=\"924b7f6\" data-element_type=\"container\" data-settings=\"{&quot;_ha_eqh_enable&quot;:false}\">\n\t\t\t\t\t<div class=\"e-con-inner\">\n\t\t\t\t<div class=\"elementor-element elementor-element-b9bcc96 elementor-widget elementor-widget-text-editor\" data-id=\"b9bcc96\" data-element_type=\"widget\" data-widget_type=\"text-editor.default\">\n\t\t\t\t<div class=\"elementor-widget-container\">\n\t\t\t\t\t\t\t\t\t<p>Export trust is a popular service nowadays. So find company entrusted import is the best? Invite you along to find out!<\/p><h2 id=\"h-\u1ee7y-thac-xu\u1ea5t-nh\u1eadp-kh\u1ea9u-la-gi\" class=\"wp-block-heading\">Export trust is what?<\/h2><p>This is the form in which a business, organization, entity any (referred to as the trustee) hire a business unit export services (referred to as the trustee) on behalf of yourself performing activities, import and export goods.<\/p><h3 class=\"wp-block-heading\">The work of the entrustee import and export what is?<\/h3><p>In the active trustee, side trustee will deliver to the trustee the whole. Or part of the work related to import and export goods, including:<\/p><ul><li>Looking for partners, negotiating and signing contracts for the sale of goods.<\/li><li>Search modes of transportation, payment method accordingly.<\/li><li>Customs procedures, import and export.<\/li><li>Service provider cargo insurance.<\/li><li>Delivery to the entruster or the Tuesday.<\/li><\/ul><p>The entrustee shall perform the work at the request of the trustee and responsible for the risks in the implementation process.<\/p><p>Delegating is an effective solution for businesses, organizations do not have enough resources or experience to perform active transport of goods.<\/p><h3 class=\"wp-block-heading\">Advantages of trustee service<\/h3><div id=\"attachment_2495\" style=\"width: 1066px\" class=\"wp-caption aligncenter\"><img fetchpriority=\"high\" decoding=\"async\" aria-describedby=\"caption-attachment-2495\" class=\"wp-image-2495 size-full\" src=\"https:\/\/hntshipping.com.vn\/wp-content\/uploads\/2023\/11\/e2.png\" alt=\"Use a trustee service brings many benefits certain\" width=\"1056\" height=\"663\" srcset=\"https:\/\/hntshipping.com.vn\/wp-content\/uploads\/2023\/11\/e2.png 1056w, https:\/\/hntshipping.com.vn\/wp-content\/uploads\/2023\/11\/e2-300x188.png 300w, https:\/\/hntshipping.com.vn\/wp-content\/uploads\/2023\/11\/e2-1024x643.png 1024w, https:\/\/hntshipping.com.vn\/wp-content\/uploads\/2023\/11\/e2-768x482.png 768w\" sizes=\"(max-width: 1056px) 100vw, 1056px\" \/><p id=\"caption-attachment-2495\" class=\"wp-caption-text\">Use a trustee service brings many benefits certain<\/p><\/div><h4 class=\"wp-block-heading\">Minimize the cost and time<\/h4><p>Business and organizations do not need to invest in facilities, manpower, time for export-import operations.<\/p><h4 class=\"wp-block-heading\">Enhance operational efficiency<\/h4><p>Businesses and organizations can focus on the main business activities of his.<\/p><h4 class=\"wp-block-heading\">Minimize risk<\/h4><p>The entrustee shall be responsible for the risks in the implementation process.<\/p><h3 class=\"wp-block-heading\">The type of trustee export &amp; import<\/h3><h3 class=\"wp-block-heading\">Service package<\/h3><p>Here is the trustee delivered to the trustee made the whole operation, freight from looking for partners, negotiating, contracting, transportation, insurance, customs clearance, delivery destination.<\/p><h3 class=\"wp-block-heading\">Contract trust<\/h3><p>Contract trust is a written agreement between the entruster and the entrustee on the side trustee will perform one or a number of work related to active transport of goods according to the request of the trustees.<\/p><p>Contract import-export commission should have full the following contents:<\/p><ul><li>Name, address, tax code of the entruster and the entrustee.<\/li><li>Content trustees.<\/li><li>The term trustee.<\/li><li>Payment methods.<\/li><li>Responsibilities of the parties.<\/li><li>Other terms.<\/li><\/ul><p>Contract import-export commission must be concluded in writing and has the same legal force under the provisions of the law.<\/p><h2 class=\"wp-block-heading\">So find company entrusted import export is the best?<\/h2><div id=\"attachment_2496\" style=\"width: 1290px\" class=\"wp-caption aligncenter\"><img decoding=\"async\" aria-describedby=\"caption-attachment-2496\" class=\"wp-image-2496 size-full\" src=\"https:\/\/hntshipping.com.vn\/wp-content\/uploads\/2023\/11\/e3.jpg\" alt=\"HNT \u2013 unit entrusted import and export reputation, high quality\" width=\"1280\" height=\"960\" srcset=\"https:\/\/hntshipping.com.vn\/wp-content\/uploads\/2023\/11\/e3.jpg 1280w, https:\/\/hntshipping.com.vn\/wp-content\/uploads\/2023\/11\/e3-300x225.jpg 300w, https:\/\/hntshipping.com.vn\/wp-content\/uploads\/2023\/11\/e3-1024x768.jpg 1024w, https:\/\/hntshipping.com.vn\/wp-content\/uploads\/2023\/11\/e3-768x576.jpg 768w\" sizes=\"(max-width: 1280px) 100vw, 1280px\" \/><p id=\"caption-attachment-2496\" class=\"wp-caption-text\">HNT \u2013 unit entrusted import and export reputation, high quality<\/p><\/div><div class=\"entry-content wp-block-post-content has-global-padding is-layout-constrained\"><p>HNT Logistics is units are licensed to provide services of import and export in Vietnam. With over 12 years of experience in the field, HNT will give the customer service experience in a professional way, reputation, quality and high efficiency.<\/p><p>Contact\u00a0<a href=\"https:\/\/hntshipping.com.vn\/en\/\">HNT Logistics<\/a>\u00a0now at hotline number 0981.655.880 (Mrs. Thi) to learn more about our services!<\/p><\/div><div class=\"wp-block-template-part\"><div class=\"wp-block-spacer\" aria-hidden=\"true\">\u00a0<\/div><div class=\"wp-block-group has-global-padding is-layout-constrained\">\u00a0<\/div><\/div>\t\t\t\t\t\t\t\t<\/div>\n\t\t\t\t<\/div>\n\t\t\t\t\t<\/div>\n\t\t\t\t<\/div>\n\t\t\t\t\t<\/div>\n\t\t\t\t<\/div>\n\t\t\t\t<\/div>","protected":false},"excerpt":{"rendered":"<p>\u1ee6y th\u00e1c xu\u1ea5t nh\u1eadp kh\u1ea9u l\u00e0 m\u1ed9t d\u1ecbch v\u1ee5 ph\u1ed5 bi\u1ebfn hi\u1ec7n nay. V\u1eady n\u00ean t\u00ecm c\u00f4ng ty nh\u1eadn \u1ee7y th\u00e1c nh\u1eadp kh\u1ea9u n\u00e0o l\u00e0 t\u1ed1t nh\u1ea5t? M\u1eddi b\u1ea1n c\u00f9ng t\u00ecm hi\u1ec3u nh\u00e9! \u1ee6y th\u00e1c xu\u1ea5t nh\u1eadp kh\u1ea9u l\u00e0 g\u00ec? \u0110\u00e2y l\u00e0 h\u00ecnh th\u1ee9c m\u00e0 m\u1ed9t doanh nghi\u1ec7p, t\u1ed5 ch\u1ee9c, ph\u00e1p nh\u00e2n b\u1ea5t k\u1ef3 (g\u1ecdi [&hellip;]<\/p>","protected":false},"author":1,"featured_media":0,"parent":2184,"menu_order":0,"comment_status":"closed","ping_status":"closed","template":"","meta":{"footnotes":""},"class_list":["post-2250","page","type-page","status-publish","hentry"],"rankmath_keywords":{"primary":"","secondary":[""]},"yoast_keywords":{"primary":"","secondary":[]},"yoast_focuskw":"","rankmath_focuskw":"","seo_keywords":{"primary":"","secondary":[""]},"_links":{"self":[{"href":"https:\/\/hntshipping.com.vn\/en\/wp-json\/wp\/v2\/pages\/2250","targetHints":{"allow":["GET"]}}],"collection":[{"href":"https:\/\/hntshipping.com.vn\/en\/wp-json\/wp\/v2\/pages"}],"about":[{"href":"https:\/\/hntshipping.com.vn\/en\/wp-json\/wp\/v2\/types\/page"}],"author":[{"embeddable":true,"href":"https:\/\/hntshipping.com.vn\/en\/wp-json\/wp\/v2\/users\/1"}],"replies":[{"embeddable":true,"href":"https:\/\/hntshipping.com.vn\/en\/wp-json\/wp\/v2\/comments?post=2250"}],"version-history":[{"count":15,"href":"https:\/\/hntshipping.com.vn\/en\/wp-json\/wp\/v2\/pages\/2250\/revisions"}],"predecessor-version":[{"id":3169,"href":"https:\/\/hntshipping.com.vn\/en\/wp-json\/wp\/v2\/pages\/2250\/revisions\/3169"}],"up":[{"embeddable":true,"href":"https:\/\/hntshipping.com.vn\/en\/wp-json\/wp\/v2\/pages\/2184"}],"wp:attachment":[{"href":"https:\/\/hntshipping.com.vn\/en\/wp-json\/wp\/v2\/media?parent=2250"}],"curies":[{"name":"wp","href":"https:\/\/api.w.org\/{rel}","templated":true}]}}