{"id":2322,"date":"2023-10-30T09:01:40","date_gmt":"2023-10-30T09:01:40","guid":{"rendered":"https:\/\/hnt.h216182.dpsmedia.vn\/?page_id=2322"},"modified":"2023-10-30T09:05:13","modified_gmt":"2023-10-30T09:05:13","slug":"dich-vu-khac","status":"publish","type":"page","link":"https:\/\/hntshipping.com.vn\/en\/dich-vu-khac\/","title":{"rendered":"Other Services"},"content":{"rendered":"<div data-elementor-type=\"wp-page\" data-elementor-id=\"2322\" class=\"elementor elementor-2322\" data-elementor-settings=\"{&quot;ha_cmc_init_switcher&quot;:&quot;no&quot;}\" data-elementor-post-type=\"page\">\n\t\t\t\t\t\t<section class=\"elementor-section elementor-top-section elementor-element elementor-element-01bf8f7 elementor-section-stretched elementor-section-boxed elementor-section-height-default elementor-section-height-default\" data-id=\"01bf8f7\" data-element_type=\"section\" data-settings=\"{&quot;stretch_section&quot;:&quot;section-stretched&quot;,&quot;background_background&quot;:&quot;classic&quot;,&quot;_ha_eqh_enable&quot;:false}\">\n\t\t\t\t\t\t<div class=\"elementor-container elementor-column-gap-default\">\n\t\t\t\t\t<div class=\"elementor-column elementor-col-100 elementor-top-column elementor-element elementor-element-8b4079a\" data-id=\"8b4079a\" data-element_type=\"column\">\n\t\t\t<div class=\"elementor-widget-wrap elementor-element-populated\">\n\t\t\t\t\t\t<div class=\"elementor-element elementor-element-3b71026 elementor-widget elementor-widget-transx_heading\" data-id=\"3b71026\" data-element_type=\"widget\" data-widget_type=\"transx_heading.default\">\n\t\t\t\t<div class=\"elementor-widget-container\">\n\t\t\t\t\t\n        <div class=\"transx_heading_widget\">\n                                <div class=\"transx_up_heading\">Services<\/div>\n                    \n                <h2 class=\"transx_heading\">\n                    EXTRA SERVICES                <\/h2>\n                        <\/div>\n        \t\t\t\t<\/div>\n\t\t\t\t<\/div>\n\t\t\t\t\t<\/div>\n\t\t<\/div>\n\t\t\t\t\t<\/div>\n\t\t<\/section>\n\t\t<div class=\"elementor-element elementor-element-db70d3c e-flex e-con-boxed e-con e-parent\" data-id=\"db70d3c\" data-element_type=\"container\" data-settings=\"{&quot;_ha_eqh_enable&quot;:false}\">\n\t\t\t\t\t<div class=\"e-con-inner\">\n\t\t<div class=\"elementor-element elementor-element-5f6e01b e-flex e-con-boxed e-con e-child\" data-id=\"5f6e01b\" data-element_type=\"container\" data-settings=\"{&quot;_ha_eqh_enable&quot;:false}\">\n\t\t\t\t\t<div class=\"e-con-inner\">\n\t\t\t\t<div class=\"elementor-element elementor-element-6afb4fe elementor-widget elementor-widget-text-editor\" data-id=\"6afb4fe\" data-element_type=\"widget\" data-widget_type=\"text-editor.default\">\n\t\t\t\t<div class=\"elementor-widget-container\">\n\t\t\t\t\t\t\t\t\t<p><strong>FREIGHT FCL, LCL<\/strong><\/p><p><span style=\"font-weight: 400;\">HNT Logistics was and is a trusted partner of businesses in and outside the country. We have a lot of experience, as well as advantages in the field of sea freight, road with solutions FCL, LCL. Meet the needs, bringing more choice for business clients and individuals.<\/span><\/p><p><strong>WAREHOUSE FOR RENT<\/strong><\/p><p><span style=\"font-weight: 400;\">The DEPOT of HNT with prime location, fully equipped to preserve goods, agricultural products. Special guests can choose from diverse demand: rent parking by the month; For rent, plug in power by the hour in case of jammed ports; For rental yards to quarantine<\/span><\/p>\t\t\t\t\t\t\t\t<\/div>\n\t\t\t\t<\/div>\n\t\t\t\t\t<\/div>\n\t\t\t\t<\/div>\n\t\t\t\t\t<\/div>\n\t\t\t\t<\/div>\n\t\t\t\t<\/div>","protected":false},"excerpt":{"rendered":"<p>V\u1eacN CHUY\u1ec2N H\u00c0NG FCL, LCL HNT Logistics \u0111\u00e3 v\u00e0 \u0111ang l\u00e0 \u0111\u1ed1i t\u00e1c \u0111\u00e1ng tin c\u1eady c\u1ee7a doanh nghi\u1ec7p trong v\u00e0 ngo\u00e0i n\u01b0\u1edbc. Ch\u00fang t\u00f4i c\u00f3 nhi\u1ec1u kinh nghi\u1ec7m, c\u0169ng nh\u01b0 l\u1ee3i th\u1ebf trong l\u0129nh v\u1ef1c v\u1eadn chuy\u1ec3n \u0111\u01b0\u1eddng bi\u1ec3n, \u0111\u01b0\u1eddng b\u1ed9 v\u1edbi c\u00e1c gi\u1ea3i ph\u00e1p FCL, LCL. \u0110\u00e1p \u1ee9ng nhu c\u1ea7u, \u0111em \u0111\u1ebfn nhi\u1ec1u [&hellip;]<\/p>","protected":false},"author":1,"featured_media":0,"parent":0,"menu_order":0,"comment_status":"closed","ping_status":"closed","template":"","meta":{"footnotes":""},"class_list":["post-2322","page","type-page","status-publish","hentry"],"rankmath_keywords":{"primary":"","secondary":[""]},"yoast_keywords":{"primary":"","secondary":[]},"yoast_focuskw":"","rankmath_focuskw":"","seo_keywords":{"primary":"","secondary":[""]},"_links":{"self":[{"href":"https:\/\/hntshipping.com.vn\/en\/wp-json\/wp\/v2\/pages\/2322","targetHints":{"allow":["GET"]}}],"collection":[{"href":"https:\/\/hntshipping.com.vn\/en\/wp-json\/wp\/v2\/pages"}],"about":[{"href":"https:\/\/hntshipping.com.vn\/en\/wp-json\/wp\/v2\/types\/page"}],"author":[{"embeddable":true,"href":"https:\/\/hntshipping.com.vn\/en\/wp-json\/wp\/v2\/users\/1"}],"replies":[{"embeddable":true,"href":"https:\/\/hntshipping.com.vn\/en\/wp-json\/wp\/v2\/comments?post=2322"}],"version-history":[{"count":8,"href":"https:\/\/hntshipping.com.vn\/en\/wp-json\/wp\/v2\/pages\/2322\/revisions"}],"predecessor-version":[{"id":2344,"href":"https:\/\/hntshipping.com.vn\/en\/wp-json\/wp\/v2\/pages\/2322\/revisions\/2344"}],"wp:attachment":[{"href":"https:\/\/hntshipping.com.vn\/en\/wp-json\/wp\/v2\/media?parent=2322"}],"curies":[{"name":"wp","href":"https:\/\/api.w.org\/{rel}","templated":true}]}}