{"id":36,"date":"2021-06-16T15:53:35","date_gmt":"2021-06-16T15:53:35","guid":{"rendered":"https:\/\/demo.artureanec.com\/themes\/transx-new\/?page_id=36"},"modified":"2021-06-16T15:53:35","modified_gmt":"2021-06-16T15:53:35","slug":"blog","status":"publish","type":"page","link":"https:\/\/hntshipping.com.vn\/en\/blog\/","title":{"rendered":"Blog"},"content":{"rendered":"<div data-elementor-type=\"wp-page\" data-elementor-id=\"36\" class=\"elementor elementor-36\" data-elementor-settings=\"{&quot;ha_cmc_init_switcher&quot;:&quot;no&quot;}\" data-elementor-post-type=\"page\">\n\t\t\t\t\t\t<section class=\"elementor-section elementor-top-section elementor-element elementor-element-3561e36f elementor-section-boxed elementor-section-height-default elementor-section-height-default\" data-id=\"3561e36f\" data-element_type=\"section\" data-settings=\"{&quot;_ha_eqh_enable&quot;:false}\">\n\t\t\t\t\t\t<div class=\"elementor-container elementor-column-gap-default\">\n\t\t\t\t\t<div class=\"elementor-column elementor-col-100 elementor-top-column elementor-element elementor-element-54b91072\" data-id=\"54b91072\" data-element_type=\"column\">\n\t\t\t<div class=\"elementor-widget-wrap elementor-element-populated\">\n\t\t\t\t\t\t<div class=\"elementor-element elementor-element-43bce01d elementor-widget elementor-widget-transx_blog_listing\" data-id=\"43bce01d\" data-element_type=\"widget\" data-widget_type=\"transx_blog_listing.default\">\n\t\t\t\t<div class=\"elementor-widget-container\">\n\t\t\t\t\t\n        <div class=\"transx_blog_listing_widget\">\n            <div class=\"transx_blog_listing_wrapper transx_view_type_1\">\n                                        <div class=\"transx_blog_listing_item\">\n                                                            <div class=\"transx_blog_listing_image_container\">\n                                    \n                                    <img decoding=\"async\" class=\"transx_img--bg\" src=\"https:\/\/hntshipping.com.vn\/wp-content\/uploads\/2026\/03\/cong-ty-van-tai-bac-nam-anzen-danh-gia-5-tieu-chi-chon-1774220860959_dpsmedia-scaled-1200x598.png\" alt=\"Featured Image\" \/>\n                                    <div class=\"transx_post_cat_cont\">\n                                        <div class=\"transx_post_cat_wrapper\"><a href=\"https:\/\/hntshipping.com.vn\/en\/category\/logistics-van-tai-quoc-te\/\" class=\"link link_text\">Logistics &amp; V\u1eadn T\u1ea3i Qu\u1ed1c T\u1ebf<\/a><\/div>\n                                    <\/div>\n                                <\/div>\n                                \n                            <div class=\"transx_blog_listing_content_wrapper\">\n                                <div class=\"transx_blog_listing_meta\">\n                                    <span class=\"transx_blog_listing_date\">08\/04\/2026<\/span>\n                                    <span class=\"transx_separator\">\/<\/span>\n                                    <span class=\"transx_blog_listing_author\">by hnt-admin<\/span>\n                                <\/div>\n\n                                                                    <h3 class=\"transx_blog_listing_title\">\n                                        <a href=\"https:\/\/hntshipping.com.vn\/en\/cong-ty-van-tai-bac-nam-anzen\/\">Anzen North-South Transport Company: Review &amp; 5 Selection Criteria<\/a>\n                                    <\/h3>\n                                                                        <p class=\"transx_blog_listing_excerpt\">Detailed review of Anzen North-South Transport Company and partners. 5 criteria to help businesses optimize supply chain costs effectively. See now!<\/p>\n                                    \n                                <a class=\"transx_button transx_button--primary\" href=\"https:\/\/hntshipping.com.vn\/en\/cong-ty-van-tai-bac-nam-anzen\/\">Explore More<\/a>\n                            <\/div>\n                        <\/div>\n                                                <div class=\"transx_blog_listing_item\">\n                                                            <div class=\"transx_blog_listing_image_container\">\n                                    \n                                    <img decoding=\"async\" class=\"transx_img--bg\" src=\"https:\/\/hntshipping.com.vn\/wp-content\/uploads\/2026\/03\/4-cach-van-chuyen-xe-o-to-tu-bac-vao-nam-an-toan-nhat-1774217251825_dpsmedia-scaled-1200x598.png\" alt=\"Featured Image\" \/>\n                                    <div class=\"transx_post_cat_cont\">\n                                        <div class=\"transx_post_cat_wrapper\"><a href=\"https:\/\/hntshipping.com.vn\/en\/category\/logistics-van-tai-quoc-te\/\" class=\"link link_text\">Logistics &amp; V\u1eadn T\u1ea3i Qu\u1ed1c T\u1ebf<\/a><\/div>\n                                    <\/div>\n                                <\/div>\n                                \n                            <div class=\"transx_blog_listing_content_wrapper\">\n                                <div class=\"transx_blog_listing_meta\">\n                                    <span class=\"transx_blog_listing_date\">08\/04\/2026<\/span>\n                                    <span class=\"transx_separator\">\/<\/span>\n                                    <span class=\"transx_blog_listing_author\">by hnt-admin<\/span>\n                                <\/div>\n\n                                                                    <h3 class=\"transx_blog_listing_title\">\n                                        <a href=\"https:\/\/hntshipping.com.vn\/en\/van-chuyen-xe-o-to-tu-bac-vao-nam\/\">4 Safest Ways to Transport Cars from North to South<\/a>\n                                    <\/h3>\n                                                                        <p class=\"transx_blog_listing_excerpt\">H\u01b0\u1edbng d\u1eabn chi ti\u1ebft 4 c\u00e1ch v\u1eadn chuy\u1ec3n xe \u00f4 to t\u1eeb B\u1eafc v\u00e0o Nam an to\u00e0n v\u00e0 ti\u1ebft ki\u1ec7m. Kh\u00e1m ph\u00e1 b\u1ea3ng gi\u00e1, ti\u00eau ch\u00ed ch\u1ecdn \u0111\u1ed1i t\u00e1c v\u1eadn t\u1ea3i uy t\u00edn cho doanh nghi\u1ec7p.<\/p>\n                                    \n                                <a class=\"transx_button transx_button--primary\" href=\"https:\/\/hntshipping.com.vn\/en\/van-chuyen-xe-o-to-tu-bac-vao-nam\/\">Explore More<\/a>\n                            <\/div>\n                        <\/div>\n                                                <div class=\"transx_blog_listing_item\">\n                                                            <div class=\"transx_blog_listing_image_container\">\n                                    \n                                    <img decoding=\"async\" class=\"transx_img--bg\" src=\"https:\/\/hntshipping.com.vn\/wp-content\/uploads\/2026\/03\/bang-gia-dich-vu-van-tai-bac-nam-5-cach-toi-uu-chi-phi-1774213635159_dpsmedia-scaled-1200x598.png\" alt=\"Featured Image\" \/>\n                                    <div class=\"transx_post_cat_cont\">\n                                        <div class=\"transx_post_cat_wrapper\"><a href=\"https:\/\/hntshipping.com.vn\/en\/category\/logistics-van-tai-quoc-te\/\" class=\"link link_text\">Logistics &amp; V\u1eadn T\u1ea3i Qu\u1ed1c T\u1ebf<\/a><\/div>\n                                    <\/div>\n                                <\/div>\n                                \n                            <div class=\"transx_blog_listing_content_wrapper\">\n                                <div class=\"transx_blog_listing_meta\">\n                                    <span class=\"transx_blog_listing_date\">08\/04\/2026<\/span>\n                                    <span class=\"transx_separator\">\/<\/span>\n                                    <span class=\"transx_blog_listing_author\">by hnt-admin<\/span>\n                                <\/div>\n\n                                                                    <h3 class=\"transx_blog_listing_title\">\n                                        <a href=\"https:\/\/hntshipping.com.vn\/en\/bang-gia-dich-vu-van-tai-bac-nam\/\">North-South transport service price list: 5 ways to optimize costs<\/a>\n                                    <\/h3>\n                                                                        <p class=\"transx_blog_listing_excerpt\">north-south transport service price list: Update the latest 2026 freight rates and secrets to help businesses save 30% of their logistics budget. See now!<\/p>\n                                    \n                                <a class=\"transx_button transx_button--primary\" href=\"https:\/\/hntshipping.com.vn\/en\/bang-gia-dich-vu-van-tai-bac-nam\/\">Explore More<\/a>\n                            <\/div>\n                        <\/div>\n                                    <\/div>\n\n                            <div class=\"transx_pagination\">\n                    \n\t<nav class=\"navigation pagination\" aria-label=\"Posts pagination\">\n\t\t<h2 class=\"screen-reader-text\">Posts pagination<\/h2>\n\t\t<div class=\"nav-links\"><span aria-current=\"page\" class=\"page-numbers current\">1<\/span>\n<a class=\"page-numbers\" href=\"https:\/\/hntshipping.com.vn\/wp-json\/wp\/v2\/pages\/36\/page\/2\/\">2<\/a>\n<span class=\"page-numbers dots\">...<\/span>\n<a class=\"page-numbers\" href=\"https:\/\/hntshipping.com.vn\/wp-json\/wp\/v2\/pages\/36\/page\/93\/\">93<\/a>\n<a class=\"next page-numbers\" href=\"https:\/\/hntshipping.com.vn\/wp-json\/wp\/v2\/pages\/36\/page\/2\/\">Next<\/a><\/div>\n\t<\/nav>                <\/div>\n                        <\/div>\n        \t\t\t\t<\/div>\n\t\t\t\t<\/div>\n\t\t\t\t\t<\/div>\n\t\t<\/div>\n\t\t\t\t\t<\/div>\n\t\t<\/section>\n\t\t\t\t<\/div>","protected":false},"excerpt":{"rendered":"","protected":false},"author":1,"featured_media":22,"parent":0,"menu_order":0,"comment_status":"closed","ping_status":"closed","template":"","meta":{"footnotes":""},"class_list":["post-36","page","type-page","status-publish","has-post-thumbnail","hentry"],"rankmath_keywords":{"primary":"","secondary":[""]},"yoast_keywords":{"primary":"","secondary":[]},"yoast_focuskw":"","rankmath_focuskw":"","seo_keywords":{"primary":"","secondary":[""]},"_links":{"self":[{"href":"https:\/\/hntshipping.com.vn\/en\/wp-json\/wp\/v2\/pages\/36","targetHints":{"allow":["GET"]}}],"collection":[{"href":"https:\/\/hntshipping.com.vn\/en\/wp-json\/wp\/v2\/pages"}],"about":[{"href":"https:\/\/hntshipping.com.vn\/en\/wp-json\/wp\/v2\/types\/page"}],"author":[{"embeddable":true,"href":"https:\/\/hntshipping.com.vn\/en\/wp-json\/wp\/v2\/users\/1"}],"replies":[{"embeddable":true,"href":"https:\/\/hntshipping.com.vn\/en\/wp-json\/wp\/v2\/comments?post=36"}],"version-history":[{"count":0,"href":"https:\/\/hntshipping.com.vn\/en\/wp-json\/wp\/v2\/pages\/36\/revisions"}],"wp:featuredmedia":[{"embeddable":true,"href":"https:\/\/hntshipping.com.vn\/en\/wp-json\/wp\/v2\/media\/22"}],"wp:attachment":[{"href":"https:\/\/hntshipping.com.vn\/en\/wp-json\/wp\/v2\/media?parent=36"}],"curies":[{"name":"wp","href":"https:\/\/api.w.org\/{rel}","templated":true}]}}