{"id":4175,"date":"2024-10-17T16:27:09","date_gmt":"2024-10-17T09:27:09","guid":{"rendered":"https:\/\/www.hntshipping.com.vn\/?page_id=4175"},"modified":"2024-10-21T17:25:08","modified_gmt":"2024-10-21T10:25:08","slug":"van-chuyen-nong-san","status":"publish","type":"page","link":"https:\/\/hntshipping.com.vn\/en\/van-chuyen-hang\/van-chuyen-nong-san\/","title":{"rendered":"Agricultural product transportation"},"content":{"rendered":"<div data-elementor-type=\"wp-page\" data-elementor-id=\"4175\" class=\"elementor elementor-4175\" data-elementor-settings=\"{&quot;ha_cmc_init_switcher&quot;:&quot;no&quot;}\" data-elementor-post-type=\"page\">\n\t\t\t\t<div class=\"elementor-element elementor-element-1e81c04b e-flex e-con-boxed e-con e-parent\" data-id=\"1e81c04b\" data-element_type=\"container\" data-settings=\"{&quot;_ha_eqh_enable&quot;:false}\">\n\t\t\t\t\t<div class=\"e-con-inner\">\n\t\t\t\t<div class=\"elementor-element elementor-element-5ad37302 elementor-widget elementor-widget-text-editor\" data-id=\"5ad37302\" data-element_type=\"widget\" data-widget_type=\"text-editor.default\">\n\t\t\t\t<div class=\"elementor-widget-container\">\n\t\t\t\t\t\t\t\t\t<p>Nhu c\u1ea7u xu\u1ea5t kh\u1ea9u sang th\u1ecb tr\u01b0\u1eddng Trung Qu\u1ed1c ng\u00e0y c\u00e0ng t\u0103ng cao, nh\u01b0ng chi ph\u00ed v\u1eadn chuy\u1ec3n \u0111\u01b0\u1eddng bi\u1ec3n qu\u00e1 cao? V\u1eadn chuy\u1ec3n n\u00f4ng s\u1ea3n, tr\u00e1i c\u00e2y b\u1eb1ng \u0111\u01b0\u1eddng b\u1ed9 \u0111i qua c\u1eeda kh\u1ea9u c\u00f3 ph\u1ea3i l\u00e0 \u0111i\u1ec1u \u0111\u00e1ng c\u00e2n nh\u1eafc. C\u00f9ng HNT t\u00ecm hi\u1ec3u nh\u00e9!<\/p><h2>Introduction<\/h2><h3>D\u1ecbch v\u1ee5 v\u1eadn chuy\u1ec3n n\u00f4ng s\u1ea3n qua c\u1eeda kh\u1ea9u l\u00e0 g\u00ec?<\/h3><p>D\u1ecbch v\u1ee5 v\u1eadn chuy\u1ec3n n\u00f4ng s\u1ea3n qua c\u1eeda kh\u1ea9u l\u00e0 gi\u1ea3i ph\u00e1p quan tr\u1ecdng gi\u00fap c\u00e1c doanh nghi\u1ec7p xu\u1ea5t kh\u1ea9u n\u00f4ng s\u1ea3n t\u1eeb Vi\u1ec7t Nam \u0111\u1ebfn c\u00e1c th\u1ecb tr\u01b0\u1eddng qu\u1ed1c t\u1ebf, \u0111\u1eb7c bi\u1ec7t l\u00e0 Trung Qu\u1ed1c.<\/p><div id=\"attachment_4176\" style=\"width: 1290px\" class=\"wp-caption aligncenter\"><img fetchpriority=\"high\" decoding=\"async\" aria-describedby=\"caption-attachment-4176\" class=\"wp-image-4176 size-full\" src=\"https:\/\/hntshipping.com.vn\/wp-content\/uploads\/2024\/10\/z5932068552758_a95824c605cebb997f179cb5821817a7.jpg\" alt=\"\" width=\"1280\" height=\"960\" srcset=\"https:\/\/hntshipping.com.vn\/wp-content\/uploads\/2024\/10\/z5932068552758_a95824c605cebb997f179cb5821817a7.jpg 1280w, https:\/\/hntshipping.com.vn\/wp-content\/uploads\/2024\/10\/z5932068552758_a95824c605cebb997f179cb5821817a7-300x225.jpg 300w, https:\/\/hntshipping.com.vn\/wp-content\/uploads\/2024\/10\/z5932068552758_a95824c605cebb997f179cb5821817a7-1024x768.jpg 1024w, https:\/\/hntshipping.com.vn\/wp-content\/uploads\/2024\/10\/z5932068552758_a95824c605cebb997f179cb5821817a7-768x576.jpg 768w, https:\/\/hntshipping.com.vn\/wp-content\/uploads\/2024\/10\/z5932068552758_a95824c605cebb997f179cb5821817a7-16x12.jpg 16w\" sizes=\"(max-width: 1280px) 100vw, 1280px\" \/><p id=\"caption-attachment-4176\" class=\"wp-caption-text\">V\u1eadn chuy\u1ec3n n\u00f4ng s\u1ea3n qua c\u1eeda kh\u1ea9u H\u1eefu Ngh\u1ecb<\/p><\/div><p>V\u1edbi s\u1ef1 h\u1ed7 tr\u1ee3 chuy\u00ean nghi\u1ec7p trong vi\u1ec7c qu\u1ea3n l\u00fd th\u1ee7 t\u1ee5c h\u1ea3i quan, ki\u1ec3m so\u00e1t ch\u1eb7t ch\u1ebd \u0111i\u1ec1u ki\u1ec7n b\u1ea3o qu\u1ea3n h\u00e0ng h\u00f3a v\u00e0 x\u1eed l\u00fd qu\u00e1 tr\u00ecnh th\u00f4ng quan nhanh ch\u00f3ng, d\u1ecbch v\u1ee5 t\u1ea1i HNT \u0111\u1ea3m b\u1ea3o h\u00e0ng h\u00f3a c\u1ee7a doanh nghi\u1ec7p lu\u00f4n \u0111\u01b0\u1ee3c v\u1eadn chuy\u1ec3n an to\u00e0n v\u00e0 \u0111\u00fang th\u1eddi gian.<\/p><h3>\u0110i\u1ec3m kh\u00e1c bi\u1ec7t t\u1ea1i HNT<\/h3><p>Vi\u1ec7c HNT s\u1eed d\u1ee5ng container l\u1ea1nh v\u00e0 c\u00e1c ph\u01b0\u01a1ng ti\u1ec7n chuy\u00ean d\u1ee5ng gi\u00fap duy tr\u00ec ch\u1ea5t l\u01b0\u1ee3ng n\u00f4ng s\u1ea3n (\u0111\u1eb7c bi\u1ec7t l\u00e0 tr\u00e1i c\u00e2y) trong su\u1ed1t qu\u00e1 tr\u00ecnh v\u1eadn chuy\u1ec3n l\u00e0 \u0111i\u1ec3m kh\u00e1c bi\u1ec7t \u0111\u00e1ng ch\u00fa \u00fd. \u0110\u00e1p \u1ee9ng t\u1ed1t y\u00eau c\u1ea7u kh\u1eaft khe c\u1ee7a c\u00e1c th\u1ecb tr\u01b0\u1eddng xu\u1ea5t kh\u1ea9u t\u1ea1i Trung Qu\u1ed1c. HNT l\u00e0 l\u1ef1a ch\u1ecdn h\u00e0ng \u0111\u1ea7u cho c\u00e1c doanh nghi\u1ec7p xu\u1ea5t kh\u1ea9u qua c\u00e1c c\u1eeda kh\u1ea9u qu\u1ed1c t\u1ebf.<\/p><h3>L\u00fd do n\u00ean ch\u1ecdn d\u1ecbch v\u1ee5 v\u1eadn chuy\u1ec3n n\u00f4ng s\u1ea3n t\u1ea1i HNT<\/h3><p>C\u00f3 nhi\u1ec1u l\u00fd do khi\u1ebfn vi\u1ec7c l\u1ef1a ch\u1ecdn d\u1ecbch v\u1ee5 v\u1eadn chuy\u1ec3n n\u00f4ng s\u1ea3n qua c\u1eeda kh\u1ea9u t\u1ea1i HNT Logistics tr\u1edf th\u00e0nh gi\u1ea3i ph\u00e1p t\u1ed1i \u01b0u cho doanh nghi\u1ec7p.<\/p><h4>Experience<\/h4><p>V\u1edbi kinh nghi\u1ec7m l\u00e2u n\u0103m trong l\u0129nh v\u1ef1c logistics v\u00e0 v\u1eadn chuy\u1ec3n h\u00e0ng h\u00f3a qua bi\u00ean gi\u1edbi, hnt logistics \u0111\u1ea3m b\u1ea3o th\u1ee7 t\u1ee5c h\u1ea3i quan \u0111\u01b0\u1ee3c x\u1eed l\u00fd nhanh ch\u00f3ng, ch\u00ednh x\u00e1c, gi\u00fap gi\u1ea3m thi\u1ec3u th\u1eddi gian ch\u1edd \u0111\u1ee3i t\u1ea1i c\u00e1c c\u1eeda kh\u1ea9u.<\/p><h4>Staff<\/h4><p>\u0110\u1ed9i ng\u0169 chuy\u00ean gia c\u1ee7a ch\u00fang t\u00f4i lu\u00f4n \u0111\u1ea3m b\u1ea3o n\u00f4ng s\u1ea3n \u0111\u01b0\u1ee3c b\u1ea3o qu\u1ea3n \u0111\u00fang ti\u00eau chu\u1ea9n trong qu\u00e1 tr\u00ecnh v\u1eadn chuy\u1ec3n, \u0111\u1eb7c bi\u1ec7t l\u00e0 \u0111\u1ed1i v\u1edbi c\u00e1c lo\u1ea1i h\u00e0ng d\u1ec5 h\u1ecfng.<\/p><div id=\"attachment_4092\" style=\"width: 2058px\" class=\"wp-caption aligncenter\"><img decoding=\"async\" aria-describedby=\"caption-attachment-4092\" class=\"wp-image-4092 size-full\" src=\"https:\/\/hntshipping.com.vn\/wp-content\/uploads\/2024\/09\/457243699_1038739731594232_8243948646321441431_n.jpg\" alt=\"\" width=\"2048\" height=\"2048\" srcset=\"https:\/\/hntshipping.com.vn\/wp-content\/uploads\/2024\/09\/457243699_1038739731594232_8243948646321441431_n.jpg 2048w, https:\/\/hntshipping.com.vn\/wp-content\/uploads\/2024\/09\/457243699_1038739731594232_8243948646321441431_n-300x300.jpg 300w, https:\/\/hntshipping.com.vn\/wp-content\/uploads\/2024\/09\/457243699_1038739731594232_8243948646321441431_n-1024x1024.jpg 1024w, https:\/\/hntshipping.com.vn\/wp-content\/uploads\/2024\/09\/457243699_1038739731594232_8243948646321441431_n-150x150.jpg 150w, https:\/\/hntshipping.com.vn\/wp-content\/uploads\/2024\/09\/457243699_1038739731594232_8243948646321441431_n-768x768.jpg 768w, https:\/\/hntshipping.com.vn\/wp-content\/uploads\/2024\/09\/457243699_1038739731594232_8243948646321441431_n-1536x1536.jpg 1536w, https:\/\/hntshipping.com.vn\/wp-content\/uploads\/2024\/09\/457243699_1038739731594232_8243948646321441431_n-12x12.jpg 12w\" sizes=\"(max-width: 2048px) 100vw, 2048px\" \/><p id=\"caption-attachment-4092\" class=\"wp-caption-text\">V\u1eadn chuy\u1ec3n cont l\u1ea1nh xu\u1ea5t kh\u1ea9u<\/p><\/div><h4>Trang thi\u1ebft b\u1ecb hi\u1ec7n \u0111\u1ea1i<\/h4><p>HNT Logistics s\u1edf h\u1eefu h\u1ec7 th\u1ed1ng ph\u01b0\u01a1ng ti\u1ec7n hi\u1ec7n \u0111\u1ea1i, h\u1ed7 tr\u1ee3 theo d\u00f5i l\u1ed9 tr\u00ecnh v\u00e0 \u0111i\u1ec1u ki\u1ec7n b\u1ea3o qu\u1ea3n h\u00e0ng h\u00f3a theo th\u1eddi gian th\u1ef1c, \u0111\u1ea3m b\u1ea3o h\u00e0ng h\u00f3a \u0111\u1ebfn tay \u0111\u1ed1i t\u00e1c qu\u1ed1c t\u1ebf an to\u00e0n v\u00e0 \u0111\u00fang th\u1eddi gian cam k\u1ebft.<\/p><p>V\u1edbi d\u1ecbch v\u1ee5 chuy\u00ean nghi\u1ec7p, HNT Logistics l\u00e0 l\u1ef1a ch\u1ecdn \u0111\u00e1ng tin c\u1eady cho c\u00e1c doanh nghi\u1ec7p xu\u1ea5t kh\u1ea9u n\u00f4ng s\u1ea3n.<\/p><h2>Quy tr\u00ecnh v\u1eadn chuy\u1ec3n h\u00e0ng n\u00f4ng s\u1ea3n qua c\u1eeda kh\u1ea9u Trung Qu\u1ed1c t\u1ea1i HNT<\/h2><ul><li>\u0110\u00f3ng g\u00f3i h\u00e0ng t\u1ea1i kho<\/li><li>V\u1eadn chuy\u1ec3n tr\u00ean \u0111\u01b0\u1eddng<\/li><li>\u0110\u1ebfn b\u00e3i v\u1ec7 sinh<\/li><li>Ki\u1ec3m d\u1ecbch tr\u01b0\u1edbc khi qua b\u00e3i ki\u1ec3m d\u1ecbch t\u1ea1i Trung Qu\u1ed1c<\/li><li>Ra b\u00e3i tr\u1ea3 h\u00e0ng Trung Qu\u1ed1c<\/li><\/ul><div id=\"attachment_4197\" style=\"width: 966px\" class=\"wp-caption aligncenter\"><img decoding=\"async\" aria-describedby=\"caption-attachment-4197\" class=\"size-full wp-image-4197\" src=\"https:\/\/hntshipping.com.vn\/wp-content\/uploads\/2024\/10\/xe-nong-san.jpg\" alt=\"\" width=\"956\" height=\"1276\" srcset=\"https:\/\/hntshipping.com.vn\/wp-content\/uploads\/2024\/10\/xe-nong-san.jpg 956w, https:\/\/hntshipping.com.vn\/wp-content\/uploads\/2024\/10\/xe-nong-san-225x300.jpg 225w, https:\/\/hntshipping.com.vn\/wp-content\/uploads\/2024\/10\/xe-nong-san-767x1024.jpg 767w, https:\/\/hntshipping.com.vn\/wp-content\/uploads\/2024\/10\/xe-nong-san-768x1025.jpg 768w, https:\/\/hntshipping.com.vn\/wp-content\/uploads\/2024\/10\/xe-nong-san-9x12.jpg 9w\" sizes=\"(max-width: 956px) 100vw, 956px\" \/><p id=\"caption-attachment-4197\" class=\"wp-caption-text\">V\u1eadn chuy\u1ec3n h\u00e0ng N\u00f4ng S\u1ea3n<\/p><\/div><h2><strong>Nh\u1eefng c\u01b0\u0309a kh\u00e2\u0309u \u0111\u01b0\u01a1\u0300ng b\u00f4\u0323 xu\u1ea5t ha\u0300ng n\u00f4ng sa\u0309n xu\u00e2\u0301t sang Trung Qu\u00f4\u0301c<\/strong><\/h2><p>Vi\u1ec7c xu\u1ea5t kh\u1ea9u n\u00f4ng s\u1ea3n t\u1eeb Vi\u1ec7t Nam sang Trung Qu\u1ed1c \u0111\u01b0\u1ee3c th\u1ef1c hi\u1ec7n th\u00f4ng qua nhi\u1ec1u c\u1eeda kh\u1ea9u qu\u1ed1c t\u1ebf, c\u1eeda kh\u1ea9u ch\u00ednh v\u00e0 c\u00e1c \u0111i\u1ec3m th\u00f4ng quan, \u0111\u01b0\u1ee3c hai n\u01b0\u1edbc \u0111\u1ed3ng \u00fd m\u1edf \u0111\u1ec3 t\u1ea1o \u0111i\u1ec1u ki\u1ec7n cho vi\u1ec7c giao th\u01b0\u01a1ng h\u00e0ng h\u00f3a.<\/p><ul><li>T\u1ec9nh L\u00e0o Cai, v\u1edbi c\u00e1c c\u1eeda kh\u1ea9u L\u00e0o Cai v\u00e0 Kim Th\u00e0nh.<\/li><li>T\u1ec9nh L\u1ea1ng S\u01a1n, v\u1edbi c\u00e1c c\u1eeda kh\u1ea9u H\u1eefu Ngh\u1ecb, T\u00e2n Thanh<\/li><\/ul><h3>\u00a0<\/h3><h3>Th\u1eddi gian v\u1eadn chuy\u1ec3n t\u1eeb c\u00e1c t\u1ec9nh \u0111\u1ebfn c\u1eeda kh\u1ea9u<\/h3><table style=\"border-collapse: collapse; width: 100%; height: 144px;\"><tbody><tr style=\"height: 24px;\"><td style=\"width: 25%; height: 24px;\">\u00a0<\/td><td style=\"width: 25%; height: 24px; text-align: center;\"><strong>H\u1eefu Ngh\u1ecb<\/strong><\/td><td style=\"width: 25%; height: 24px; text-align: center;\"><strong> L\u00e0o Cai<\/strong><\/td><td style=\"width: 25%; height: 24px; text-align: center;\"><strong>M\u00f3ng C\u00e1i <\/strong><\/td><\/tr><tr style=\"height: 48px;\"><td style=\"width: 25%; height: 48px;\"><strong>\u0110\u1eafk L\u1eafk<\/strong><\/td><td style=\"width: 25%; height: 48px; text-align: center;\">50 ti\u1ebfng<\/td><td style=\"width: 25%; height: 48px; text-align: center;\">48 ti\u1ebfng<\/td><td style=\"width: 25%; height: 48px; text-align: center;\">50 ti\u1ebfng<\/td><\/tr><tr style=\"height: 48px;\"><td style=\"width: 25%; height: 48px;\"><strong>Ti\u1ec1n Giang<\/strong><\/td><td style=\"width: 25%; height: 48px; text-align: center;\">55 ti\u1ebfng<\/td><td style=\"width: 25%; height: 48px; text-align: center;\">53 ti\u1ebfng<\/td><td style=\"width: 25%; height: 48px; text-align: center;\">55 ti\u1ebfng<\/td><\/tr><tr style=\"height: 24px;\"><td style=\"width: 25%; height: 24px;\"><strong>\u0110\u1ed3ng Nai\/ L\u00e2m \u0110\u1ed3ng<\/strong><\/td><td style=\"width: 25%; height: 24px; text-align: center;\">52 ti\u1ebfng<\/td><td style=\"width: 25%; height: 24px; text-align: center;\">50 ti\u1ebfng<\/td><td style=\"width: 25%; height: 24px; text-align: center;\">52 ti\u1ebfng<\/td><\/tr><\/tbody><\/table><h2 id=\"ftoc-heading-3\" class=\"ftwp-heading\"><strong>Nh\u1eefng m\u1eb7t h\u00e0ng n\u00f4ng s\u1ea3n HNT nh\u1eadn v\u1eadn chuy\u1ec3n<\/strong><\/h2><p>Tr\u00e1i c\u00e2y theo m\u00f9a nh\u01b0 Thanh Long, S\u1ea7u Ri\u00eang, M\u0103ng C\u1ee5t, M\u00edt<\/p><p>N\u00f4ng s\u1ea3n nh\u01b0 C\u00e0 ph\u00ea, Ti\u00eau,&#8230;<\/p><div id=\"attachment_4198\" style=\"width: 966px\" class=\"wp-caption aligncenter\"><img loading=\"lazy\" decoding=\"async\" aria-describedby=\"caption-attachment-4198\" class=\"size-full wp-image-4198\" src=\"https:\/\/hntshipping.com.vn\/wp-content\/uploads\/2024\/10\/sau-rieng-xuat-khau.jpg\" alt=\"\" width=\"956\" height=\"1276\" srcset=\"https:\/\/hntshipping.com.vn\/wp-content\/uploads\/2024\/10\/sau-rieng-xuat-khau.jpg 956w, https:\/\/hntshipping.com.vn\/wp-content\/uploads\/2024\/10\/sau-rieng-xuat-khau-225x300.jpg 225w, https:\/\/hntshipping.com.vn\/wp-content\/uploads\/2024\/10\/sau-rieng-xuat-khau-767x1024.jpg 767w, https:\/\/hntshipping.com.vn\/wp-content\/uploads\/2024\/10\/sau-rieng-xuat-khau-768x1025.jpg 768w, https:\/\/hntshipping.com.vn\/wp-content\/uploads\/2024\/10\/sau-rieng-xuat-khau-9x12.jpg 9w\" sizes=\"(max-width: 956px) 100vw, 956px\" \/><p id=\"caption-attachment-4198\" class=\"wp-caption-text\">S\u1ea7u Ri\u00eang Xu\u1ea5t Kh\u1ea9u<\/p><\/div><p>HNT, \u0111\u1ed3ng h\u00e0nh c\u00f9ng nh\u1eefng chuy\u1ebfn h\u00e0ng c\u1ee7a b\u1ea1n. Li\u00ean h\u1ec7 HNT Logistics ngay \u0111\u1ec3 nh\u1eadn \u0111\u01b0\u1ee3c t\u01b0 v\u1ea5n s\u1edbm nh\u1ea5t!<\/p><p>Hotline: 0981.655.880 (Mrs. Thi)<\/p><p>Hotline: 0949.393.300 (Mrs. Dao)<\/p>\t\t\t\t\t\t\t\t<\/div>\n\t\t\t\t<\/div>\n\t\t\t\t\t<\/div>\n\t\t\t\t<\/div>\n\t\t\t\t<\/div>","protected":false},"excerpt":{"rendered":"<p>Nhu c\u1ea7u xu\u1ea5t kh\u1ea9u sang th\u1ecb tr\u01b0\u1eddng Trung Qu\u1ed1c ng\u00e0y c\u00e0ng t\u0103ng cao, nh\u01b0ng chi ph\u00ed v\u1eadn chuy\u1ec3n \u0111\u01b0\u1eddng bi\u1ec3n qu\u00e1 cao? V\u1eadn chuy\u1ec3n n\u00f4ng s\u1ea3n, tr\u00e1i c\u00e2y b\u1eb1ng \u0111\u01b0\u1eddng b\u1ed9 \u0111i qua c\u1eeda kh\u1ea9u c\u00f3 ph\u1ea3i l\u00e0 \u0111i\u1ec1u \u0111\u00e1ng c\u00e2n nh\u1eafc. C\u00f9ng HNT t\u00ecm hi\u1ec3u nh\u00e9! Gi\u1edbi thi\u1ec7u D\u1ecbch v\u1ee5 v\u1eadn chuy\u1ec3n n\u00f4ng s\u1ea3n [&hellip;]<\/p>","protected":false},"author":11,"featured_media":0,"parent":2186,"menu_order":0,"comment_status":"closed","ping_status":"closed","template":"","meta":{"footnotes":""},"class_list":["post-4175","page","type-page","status-publish","hentry"],"rankmath_keywords":{"primary":"v\u1eadn chuy\u1ec3n n\u00f4ng s\u1ea3n","secondary":[""]},"yoast_keywords":{"primary":"","secondary":[]},"yoast_focuskw":"","rankmath_focuskw":"v\u1eadn chuy\u1ec3n n\u00f4ng s\u1ea3n","seo_keywords":{"primary":"v\u1eadn chuy\u1ec3n n\u00f4ng s\u1ea3n","secondary":[""]},"_links":{"self":[{"href":"https:\/\/hntshipping.com.vn\/en\/wp-json\/wp\/v2\/pages\/4175","targetHints":{"allow":["GET"]}}],"collection":[{"href":"https:\/\/hntshipping.com.vn\/en\/wp-json\/wp\/v2\/pages"}],"about":[{"href":"https:\/\/hntshipping.com.vn\/en\/wp-json\/wp\/v2\/types\/page"}],"author":[{"embeddable":true,"href":"https:\/\/hntshipping.com.vn\/en\/wp-json\/wp\/v2\/users\/11"}],"replies":[{"embeddable":true,"href":"https:\/\/hntshipping.com.vn\/en\/wp-json\/wp\/v2\/comments?post=4175"}],"version-history":[{"count":10,"href":"https:\/\/hntshipping.com.vn\/en\/wp-json\/wp\/v2\/pages\/4175\/revisions"}],"predecessor-version":[{"id":4218,"href":"https:\/\/hntshipping.com.vn\/en\/wp-json\/wp\/v2\/pages\/4175\/revisions\/4218"}],"up":[{"embeddable":true,"href":"https:\/\/hntshipping.com.vn\/en\/wp-json\/wp\/v2\/pages\/2186"}],"wp:attachment":[{"href":"https:\/\/hntshipping.com.vn\/en\/wp-json\/wp\/v2\/media?parent=4175"}],"curies":[{"name":"wp","href":"https:\/\/api.w.org\/{rel}","templated":true}]}}