{"id":4182,"date":"2024-10-17T19:05:17","date_gmt":"2024-10-17T12:05:17","guid":{"rendered":"https:\/\/www.hntshipping.com.vn\/?page_id=4182"},"modified":"2024-10-22T11:52:40","modified_gmt":"2024-10-22T04:52:40","slug":"van-chuyen-hang-qua-canh","status":"publish","type":"page","link":"https:\/\/hntshipping.com.vn\/en\/van-chuyen-hang\/van-chuyen-hang-qua-canh\/","title":{"rendered":"Transit cargo transportation"},"content":{"rendered":"<div data-elementor-type=\"wp-page\" data-elementor-id=\"4182\" class=\"elementor elementor-4182\" data-elementor-settings=\"{&quot;ha_cmc_init_switcher&quot;:&quot;no&quot;}\" data-elementor-post-type=\"page\">\n\t\t\t\t<div class=\"elementor-element elementor-element-6056def3 e-flex e-con-boxed e-con e-parent\" data-id=\"6056def3\" data-element_type=\"container\" data-settings=\"{&quot;_ha_eqh_enable&quot;:false}\">\n\t\t\t\t\t<div class=\"e-con-inner\">\n\t\t\t\t<div class=\"elementor-element elementor-element-385d70d3 elementor-widget elementor-widget-text-editor\" data-id=\"385d70d3\" data-element_type=\"widget\" data-widget_type=\"text-editor.default\">\n\t\t\t\t<div class=\"elementor-widget-container\">\n\t\t\t\t\t\t\t\t\t<h2>Goods in transit what is?<\/h2><p>Theo B\u1ed9 lu\u1eadt Th\u01b0\u01a1ng M\u1ea1i \u0111\u00e2y l\u00e0 h\u00e0ng h\u00f3a \u0111\u01b0\u1ee3c ph\u00e9p v\u1eadn chuy\u1ec3n qua l\u00e3nh th\u1ed5 Vi\u1ec7t Nam t\u1eeb m\u1ed9t qu\u1ed1c gia \u0111\u1ebfn qu\u1ed1c gia kh\u00e1c trong kho\u1ea3ng th\u1eddi gian nh\u1ea5t \u0111\u1ecbnh. Qu\u00e1 tr\u00ecnh n\u00e0y bao g\u1ed3m c\u00e1c ho\u1ea1t \u0111\u1ed9ng nh\u01b0 trung chuy\u1ec3n, l\u01b0u kho, chia t\u00e1ch l\u00f4 h\u00e0ng v\u00e0 c\u00e1c h\u00ecnh th\u1ee9c x\u1eed l\u00fd kh\u00e1c khi h\u00e0ng h\u00f3a \u0111ang trong giai \u0111o\u1ea1n qu\u00e1 c\u1ea3nh. H\u00e0ng h\u00f3a qu\u00e1 c\u1ea3nh n\u00e0y c\u00f3 th\u1ec3 \u0111\u01b0\u1ee3c v\u1eadn chuy\u1ec3n tr\u1ef1c ti\u1ebfp qua l\u00e3nh th\u1ed5 Vi\u1ec7t Nam, ho\u1eb7c t\u1ea1m th\u1eddi l\u01b0u tr\u1eef t\u1ea1i c\u00e1c c\u1ea3ng bi\u1ec3n, kho b\u00e3i Vi\u1ec7t Nam tr\u01b0\u1edbc khi \u0111\u01b0\u1ee3c v\u1eadn chuy\u1ec3n \u0111\u1ebfn n\u01b0\u1edbc kh\u00e1c.<\/p><h2>M\u1eb7t h\u00e0ng qu\u00e1 c\u1ea3nh t\u1ea1i Vi\u1ec7t Nam<\/h2><p>Nhi\u1ec1u lo\u1ea1i h\u00e0ng h\u00f3a t\u1eeb c\u00e1c qu\u1ed1c gia kh\u00e1c nhau qu\u00e1 c\u1ea3nh qua Vi\u1ec7t Nam \u0111\u1ec3 \u0111\u1ebfn c\u00e1c th\u1ecb tr\u01b0\u1eddng l\u1edbn nh\u01b0 Trung Qu\u1ed1c, c\u00e1c n\u01b0\u1edbc ASEAN, ho\u1eb7c xa h\u01a1n. \u0110\u00e2y l\u00e0 nh\u1eefng m\u1eb7t h\u00e0ng th\u01b0\u1eddng qu\u00e1 c\u1ea3nh t\u1ea1i Vi\u1ec7t Nam:<\/p><h3><strong>N\u00f4ng s\u1ea3n v\u00e0 th\u1ef1c ph\u1ea9m<\/strong><\/h3><ul><li>Tr\u00e1i c\u00e2y v\u00e0 rau c\u1ee7 t\u01b0\u01a1i: C\u00e1c lo\u1ea1i tr\u00e1i c\u00e2y nhi\u1ec7t \u0111\u1edbi nh\u01b0 s\u1ea7u ri\u00eang, xo\u00e0i, thanh long t\u1eeb Th\u00e1i Lan, Campuchia th\u01b0\u1eddng qu\u00e1 c\u1ea3nh qua Vi\u1ec7t Nam \u0111\u1ec3 \u0111\u1ebfn Trung Qu\u1ed1c.<\/li><li>Th\u1ef1c ph\u1ea9m \u0111\u00f4ng l\u1ea1nh: Th\u1ecbt, th\u1ee7y s\u1ea3n t\u1eeb c\u00e1c n\u01b0\u1edbc nh\u01b0 Myanmar, L\u00e0o c\u0169ng th\u01b0\u1eddng qu\u00e1 c\u1ea3nh qua Vi\u1ec7t Nam \u0111\u1ec3 \u0111\u1ebfn th\u1ecb tr\u01b0\u1eddng qu\u1ed1c t\u1ebf<\/li><li><div><p><img fetchpriority=\"high\" decoding=\"async\" src=\"https:\/\/hntshipping.com.vn\/wp-content\/uploads\/2024\/08\/b16.png\" alt=\"\" width=\"1024\" height=\"768\" \/><\/p><ul style=\"width: 1024px;\">Qu\u00e1 c\u1ea3nh h\u00e0ng tr\u00e1i c\u00e2y<\/ul><\/div><\/li><\/ul><h3><strong>Th\u1ee7y s\u1ea3n<\/strong><\/h3><ul><li>C\u00e1, t\u00f4m, v\u00e0 c\u00e1c lo\u1ea1i h\u1ea3i s\u1ea3n \u0111\u00f4ng l\u1ea1nh t\u1eeb c\u00e1c n\u01b0\u1edbc \u0110\u00f4ng Nam \u00c1 nh\u01b0 Th\u00e1i Lan v\u00e0 Indonesia th\u01b0\u1eddng qu\u00e1 c\u1ea3nh qua Vi\u1ec7t Nam \u0111\u1ec3 xu\u1ea5t kh\u1ea9u sang Trung Qu\u1ed1c, Nh\u1eadt B\u1ea3n, v\u00e0 H\u00e0n Qu\u1ed1c.<\/li><\/ul><h3><strong>G\u1ed7 v\u00e0 s\u1ea3n ph\u1ea9m t\u1eeb g\u1ed7<\/strong><\/h3><ul><li>G\u1ed7 nguy\u00ean li\u1ec7u v\u00e0 c\u00e1c s\u1ea3n ph\u1ea9m t\u1eeb g\u1ed7 t\u1eeb L\u00e0o v\u00e0 Campuchia th\u01b0\u1eddng qua Vi\u1ec7t Nam \u0111\u1ec3 xu\u1ea5t kh\u1ea9u sang Trung Qu\u1ed1c ho\u1eb7c c\u00e1c n\u01b0\u1edbc kh\u00e1c trong khu v\u1ef1c.<\/li><\/ul><p>H\u00e0ng h\u00f3a \u0111\u01b0\u1ee3c qu\u00e1 c\u1ea3nh qua L\u00e0o v\u00e0 Vi\u1ec7t Nam s\u1ebd \u0111\u01b0\u1ee3c qu\u1ea3n l\u00fd nghi\u00eam ng\u1eb7t theo c\u00e1c quy \u0111\u1ecbnh h\u1ea3i quan c\u1ee7a hai n\u01b0\u1edbc, \u0111\u1ea3m b\u1ea3o an to\u00e0n trong qu\u00e1 tr\u00ecnh v\u1eadn chuy\u1ec3n.<\/p><h2><b>Qu\u00e1 tr\u00ecnh x\u1eed l\u00fd v\u1eadn chuy\u1ec3n h\u00e0ng qu\u00e1 c\u1ea3nh t\u1ea1i HNT Logistics<\/b><\/h2><h3>\u0110\u1ed1i v\u1edbi h\u00e0ng nh\u1eadn t\u1ea1i Thakhet L\u00e0o<\/h3><p>H\u00e0ng h\u00f3a nh\u1eadp c\u1ea3nh v\u00e0o L\u00e0o qua c\u1eeda kh\u1ea9u Thakhet v\u00e0 \u0111\u01b0\u1ee3c v\u1eadn chuy\u1ec3n \u0111\u1ebfn bi\u00ean gi\u1edbi Vi\u1ec7t Nam.<\/p><p>H\u00e0ng h\u00f3a qu\u00e1 c\u1ea3nh qua Vi\u1ec7t Nam: Sau khi nh\u1eadp c\u1ea3nh t\u1ea1i c\u1eeda kh\u1ea9u Chalo (n\u1eb1m \u1edf bi\u00ean gi\u1edbi gi\u1eefa L\u00e0o v\u00e0 Vi\u1ec7t Nam), h\u00e0ng h\u00f3a s\u1ebd \u0111\u01b0\u1ee3c v\u1eadn chuy\u1ec3n tr\u00ean c\u00e1c tuy\u1ebfn \u0111\u01b0\u1eddng b\u1ed9 \u0111\u1ebfn c\u00e1c c\u1eeda kh\u1ea9u kh\u00e1c gi\u1eefa Vi\u1ec7t Nam v\u00e0 Trung Qu\u1ed1c.<\/p><p>Xu\u1ea5t kh\u1ea9u t\u1eeb Vi\u1ec7t Nam sang Trung Qu\u1ed1c: H\u00e0ng h\u00f3a s\u1ebd ti\u1ebfp t\u1ee5c h\u00e0nh tr\u00ecnh v\u1eadn chuy\u1ec3n tr\u00ean \u0111\u01b0\u1eddng b\u1ed9, \u0111\u01b0\u1ee3c th\u00f4ng quan t\u1ea1i c\u00e1c c\u1eeda kh\u1ea9u bi\u00ean gi\u1edbi gi\u1eefa Vi\u1ec7t Nam v\u00e0 Trung Qu\u1ed1c \u0111\u1ec3 ch\u00ednh th\u1ee9c \u0111\u01b0\u1ee3c nh\u1eadp kh\u1ea9u v\u00e0o th\u1ecb tr\u01b0\u1eddng Trung Qu\u1ed1c.<\/p><h3>H\u1ed3 s\u01a1 th\u1ee7 t\u1ee5c qu\u00e1 c\u1ea3nh g\u1ed3m<\/h3><ul><li>T\u1edd khai v\u1eadn chuy\u1ec3n \u0111\u1ed9c l\u1eadp OLA<\/li><li>Gi\u1ea5y \u1ee7y quy\u1ec1n (LoA- Letter of Authorized)<\/li><li>B\u1ea3ng k\u00ea chi ti\u1ebft h\u00e0ng h\u00f3a qu\u00e1 c\u1ea3nh<\/li><li>B\u1ea3ng k\u00ea h\u00e0ng h\u00f3a nh\u1eadp kh\u1ea9u<\/li><li>Bi\u00ean b\u1ea3n Seal \u0111\u1ecbnh v\u1ecb<\/li><\/ul><div id=\"attachment_4191\" style=\"width: 692px\" class=\"wp-caption aligncenter\"><img decoding=\"async\" aria-describedby=\"caption-attachment-4191\" class=\"size-full wp-image-4191\" src=\"https:\/\/hntshipping.com.vn\/wp-content\/uploads\/2024\/10\/seal-dinh-vi.jpg\" alt=\"\" width=\"682\" height=\"735\" srcset=\"https:\/\/hntshipping.com.vn\/wp-content\/uploads\/2024\/10\/seal-dinh-vi.jpg 682w, https:\/\/hntshipping.com.vn\/wp-content\/uploads\/2024\/10\/seal-dinh-vi-278x300.jpg 278w, https:\/\/hntshipping.com.vn\/wp-content\/uploads\/2024\/10\/seal-dinh-vi-11x12.jpg 11w\" sizes=\"(max-width: 682px) 100vw, 682px\" \/><p id=\"caption-attachment-4191\" class=\"wp-caption-text\">Seal \u0111\u1ecbnh v\u1ecb trong v\u1eadn chuy\u1ec3n h\u00e0ng qu\u00e1 c\u1ea3nh<\/p><\/div><h2><strong>V\u1ec1 th\u1eddi gian qu\u00e1 c\u1ea3nh<\/strong><\/h2><p><span style=\"color: #000000;\">Th\u1eddi gian qu\u00e1 c\u1ea3nh qua l\u00e3nh th\u1ed5 Vi\u1ec7t Nam t\u1ed1i \u0111a l\u00e0 30 ng\u00e0y t\u00ednh t\u1eeb ng\u00e0y ho\u00e0n t\u1ea5t th\u1ee7 t\u1ee5c h\u1ea3i quan t\u1ea1i c\u1eeda kh\u1ea9u nh\u1eadp (ngo\u1ea1i tr\u1eeb c\u00e1c tr\u01b0\u1eddng h\u1ee3p \u0111\u01b0\u1ee3c gia h\u1ea1n).<\/span><\/p><p><span style=\"color: #000000;\">Th\u1eddi gian qu\u00e1 c\u1ea3nh c\u0169ng c\u00f3 th\u1ec3 k\u00e9o d\u00e0i trong c\u00e1c t\u00ecnh hu\u1ed1ng h\u00e0ng h\u00f3a \u0111\u01b0\u1ee3c l\u01b0u kho t\u1ea1i Vi\u1ec7t Nam, b\u1ecb h\u01b0 h\u1ecfng ho\u1eb7c t\u1ed5n th\u1ea5t, ho\u1eb7c khi ph\u01b0\u01a1ng ti\u1ec7n v\u1eadn t\u1ea3i g\u1eb7p s\u1ef1 c\u1ed1 trong qu\u00e1 tr\u00ecnh qu\u00e1 c\u1ea3nh<\/span><\/p><h3><b>HNT Logistics \u0111\u00f3ng vai tr\u00f2 quan tr\u1ecdng<\/b><\/h3><p>D\u1ecbch v\u1ee5 v\u1eadn chuy\u1ec3n h\u00e0ng qu\u00e1 c\u1ea3nh th\u01b0\u1eddng \u0111\u01b0\u1ee3c s\u1eed d\u1ee5ng cho h\u00e0ng h\u00f3a qu\u1ed1c t\u1ebf c\u1ea7n v\u1eadn chuy\u1ec3n qua nhi\u1ec1u qu\u1ed1c gia tr\u01b0\u1edbc khi \u0111\u1ebfn \u0111i\u1ec3m \u0111\u1ebfn cu\u1ed1i c\u00f9ng. \u0110\u01a1n v\u1ecb logistics nh\u01b0 HNT Logistics s\u1ebd h\u1ed7 tr\u1ee3 qu\u1ea3n l\u00fd th\u1ee7 t\u1ee5c h\u1ea3i quan, gi\u00e1m s\u00e1t v\u1eadn chuy\u1ec3n v\u00e0 \u0111\u1ea3m b\u1ea3o h\u00e0ng h\u00f3a \u0111\u1ebfn n\u01a1i an to\u00e0n v\u00e0 \u0111\u00fang th\u1eddi gian.<\/p><div id=\"attachment_4183\" style=\"width: 2310px\" class=\"wp-caption aligncenter\"><img decoding=\"async\" aria-describedby=\"caption-attachment-4183\" src=\"https:\/\/hntshipping.com.vn\/wp-content\/uploads\/2024\/10\/z5932071407615_5e6791842b8400459008b689ce67411c.jpg\" alt=\"\" width=\"2300\" height=\"788\" \/><p id=\"caption-attachment-4183\" class=\"wp-caption-text\">D\u1ecbch v\u1ee5 v\u1eadn chuy\u1ec3n h\u00e0ng qu\u00e1 c\u1ea3nh t\u1ea1i HNT<\/p><\/div><p>Li\u00ean h\u1ec7 ch\u00fang t\u00f4i ngay<\/p><p>Hotline: 0949.393.300 (Mrs. Dao)<\/p><p>Facebook: <a href=\"https:\/\/www.facebook.com\/hntshipping.com.vn\">HNT Logistics Trading<\/a><\/p>\t\t\t\t\t\t\t\t<\/div>\n\t\t\t\t<\/div>\n\t\t\t\t\t<\/div>\n\t\t\t\t<\/div>\n\t\t\t\t<\/div>","protected":false},"excerpt":{"rendered":"<p>H\u00e0ng qu\u00e1 c\u1ea3nh l\u00e0 g\u00ec? Theo B\u1ed9 lu\u1eadt Th\u01b0\u01a1ng M\u1ea1i \u0111\u00e2y l\u00e0 h\u00e0ng h\u00f3a \u0111\u01b0\u1ee3c ph\u00e9p v\u1eadn chuy\u1ec3n qua l\u00e3nh th\u1ed5 Vi\u1ec7t Nam t\u1eeb m\u1ed9t qu\u1ed1c gia \u0111\u1ebfn qu\u1ed1c gia kh\u00e1c trong kho\u1ea3ng th\u1eddi gian nh\u1ea5t \u0111\u1ecbnh. Qu\u00e1 tr\u00ecnh n\u00e0y bao g\u1ed3m c\u00e1c ho\u1ea1t \u0111\u1ed9ng nh\u01b0 trung chuy\u1ec3n, l\u01b0u kho, chia t\u00e1ch l\u00f4 h\u00e0ng v\u00e0 [&hellip;]<\/p>","protected":false},"author":11,"featured_media":0,"parent":2186,"menu_order":0,"comment_status":"closed","ping_status":"closed","template":"","meta":{"footnotes":""},"class_list":["post-4182","page","type-page","status-publish","hentry"],"rankmath_keywords":{"primary":"V\u1eadn chuy\u1ec3n h\u00e0ng qu\u00e1 c\u1ea3nh","secondary":[""]},"yoast_keywords":{"primary":"","secondary":[]},"yoast_focuskw":"","rankmath_focuskw":"V\u1eadn chuy\u1ec3n h\u00e0ng qu\u00e1 c\u1ea3nh","seo_keywords":{"primary":"V\u1eadn chuy\u1ec3n h\u00e0ng qu\u00e1 c\u1ea3nh","secondary":[""]},"_links":{"self":[{"href":"https:\/\/hntshipping.com.vn\/en\/wp-json\/wp\/v2\/pages\/4182","targetHints":{"allow":["GET"]}}],"collection":[{"href":"https:\/\/hntshipping.com.vn\/en\/wp-json\/wp\/v2\/pages"}],"about":[{"href":"https:\/\/hntshipping.com.vn\/en\/wp-json\/wp\/v2\/types\/page"}],"author":[{"embeddable":true,"href":"https:\/\/hntshipping.com.vn\/en\/wp-json\/wp\/v2\/users\/11"}],"replies":[{"embeddable":true,"href":"https:\/\/hntshipping.com.vn\/en\/wp-json\/wp\/v2\/comments?post=4182"}],"version-history":[{"count":11,"href":"https:\/\/hntshipping.com.vn\/en\/wp-json\/wp\/v2\/pages\/4182\/revisions"}],"predecessor-version":[{"id":4222,"href":"https:\/\/hntshipping.com.vn\/en\/wp-json\/wp\/v2\/pages\/4182\/revisions\/4222"}],"up":[{"embeddable":true,"href":"https:\/\/hntshipping.com.vn\/en\/wp-json\/wp\/v2\/pages\/2186"}],"wp:attachment":[{"href":"https:\/\/hntshipping.com.vn\/en\/wp-json\/wp\/v2\/media?parent=4182"}],"curies":[{"name":"wp","href":"https:\/\/api.w.org\/{rel}","templated":true}]}}