{"id":1601,"date":"2023-10-01T10:48:11","date_gmt":"2023-10-01T10:48:11","guid":{"rendered":"https:\/\/hnt.h216182.dpsmedia.vn\/?page_id=1601"},"modified":"2023-10-30T09:55:53","modified_gmt":"2023-10-30T09:55:53","slug":"dich-vu","status":"publish","type":"page","link":"https:\/\/hntshipping.com.vn\/zh\/dich-vu\/","title":{"rendered":"\u670d\u52a1"},"content":{"rendered":"<div data-elementor-type=\"wp-page\" data-elementor-id=\"1601\" class=\"elementor elementor-1601\" data-elementor-settings=\"{&quot;ha_cmc_init_switcher&quot;:&quot;no&quot;}\" data-elementor-post-type=\"page\">\n\t\t\t\t\t\t<section class=\"elementor-section elementor-top-section elementor-element elementor-element-3a40f02 elementor-section-stretched elementor-section-boxed elementor-section-height-default elementor-section-height-default\" data-id=\"3a40f02\" data-element_type=\"section\" data-settings=\"{&quot;stretch_section&quot;:&quot;section-stretched&quot;,&quot;background_background&quot;:&quot;classic&quot;,&quot;_ha_eqh_enable&quot;:false}\">\n\t\t\t\t\t\t<div class=\"elementor-container elementor-column-gap-default\">\n\t\t\t\t\t<div class=\"elementor-column elementor-col-100 elementor-top-column elementor-element elementor-element-4c6dfd5\" data-id=\"4c6dfd5\" data-element_type=\"column\">\n\t\t\t<div class=\"elementor-widget-wrap elementor-element-populated\">\n\t\t\t\t\t\t<div class=\"elementor-element elementor-element-64be502 elementor-widget elementor-widget-transx_heading\" data-id=\"64be502\" data-element_type=\"widget\" data-widget_type=\"transx_heading.default\">\n\t\t\t\t<div class=\"elementor-widget-container\">\n\t\t\t\t\t\n        <div class=\"transx_heading_widget\">\n                                <div class=\"transx_up_heading\">\u670d\u52a1<\/div>\n                    \n                <h2 class=\"transx_heading\">\n                    \u6240\u63d0\u4f9b\u7684\u670d\u52a1                <\/h2>\n                        <\/div>\n        \t\t\t\t<\/div>\n\t\t\t\t<\/div>\n\t\t\t\t\t<\/div>\n\t\t<\/div>\n\t\t\t\t\t<\/div>\n\t\t<\/section>\n\t\t<div class=\"elementor-element elementor-element-5c47efb e-flex e-con-boxed e-con e-parent\" data-id=\"5c47efb\" data-element_type=\"container\" data-settings=\"{&quot;_ha_eqh_enable&quot;:false}\">\n\t\t\t\t\t<div class=\"e-con-inner\">\n\t\t<div class=\"elementor-element elementor-element-9a1b9a4 e-flex e-con-boxed e-con e-child\" data-id=\"9a1b9a4\" data-element_type=\"container\" data-settings=\"{&quot;_ha_eqh_enable&quot;:false}\">\n\t\t\t\t\t<div class=\"e-con-inner\">\n\t\t\t\t<div class=\"elementor-element elementor-element-604410f elementor-widget elementor-widget-image\" data-id=\"604410f\" data-element_type=\"widget\" data-widget_type=\"image.default\">\n\t\t\t\t<div class=\"elementor-widget-container\">\n\t\t\t\t\t\t\t\t\t\t\t\t\t\t\t\t<a href=\"\/zh\/giao-nhan-van-chuyen\/\">\n\t\t\t\t\t\t\t<img fetchpriority=\"high\" decoding=\"async\" width=\"2560\" height=\"1707\" src=\"https:\/\/hntshipping.com.vn\/wp-content\/uploads\/2023\/10\/young-courier-pointing-something-while-witting-with-his-coworker-back-delivery-van-scaled.jpg\" class=\"attachment-full size-full wp-image-2264\" alt=\"\" srcset=\"https:\/\/hntshipping.com.vn\/wp-content\/uploads\/2023\/10\/young-courier-pointing-something-while-witting-with-his-coworker-back-delivery-van-scaled.jpg 2560w, https:\/\/hntshipping.com.vn\/wp-content\/uploads\/2023\/10\/young-courier-pointing-something-while-witting-with-his-coworker-back-delivery-van-300x200.jpg 300w, https:\/\/hntshipping.com.vn\/wp-content\/uploads\/2023\/10\/young-courier-pointing-something-while-witting-with-his-coworker-back-delivery-van-1024x683.jpg 1024w, https:\/\/hntshipping.com.vn\/wp-content\/uploads\/2023\/10\/young-courier-pointing-something-while-witting-with-his-coworker-back-delivery-van-768x512.jpg 768w, https:\/\/hntshipping.com.vn\/wp-content\/uploads\/2023\/10\/young-courier-pointing-something-while-witting-with-his-coworker-back-delivery-van-1536x1024.jpg 1536w, https:\/\/hntshipping.com.vn\/wp-content\/uploads\/2023\/10\/young-courier-pointing-something-while-witting-with-his-coworker-back-delivery-van-2048x1365.jpg 2048w\" sizes=\"(max-width: 2560px) 100vw, 2560px\" \/>\t\t\t\t\t\t\t\t<\/a>\n\t\t\t\t\t\t\t\t\t\t\t\t\t\t\t<\/div>\n\t\t\t\t<\/div>\n\t\t\t\t<div class=\"elementor-element elementor-element-3f0f67a elementor-widget elementor-widget-heading\" data-id=\"3f0f67a\" data-element_type=\"widget\" data-widget_type=\"heading.default\">\n\t\t\t\t<div class=\"elementor-widget-container\">\n\t\t\t\t\t<h2 class=\"elementor-heading-title elementor-size-default\"><a href=\"\/zh\/giao-nhan-van-chuyen\/\">\u8fd0\u8f93\u670d\u52a1<\/a><\/h2>\t\t\t\t<\/div>\n\t\t\t\t<\/div>\n\t\t\t\t<div class=\"elementor-element elementor-element-4fd6912 elementor-widget elementor-widget-text-editor\" data-id=\"4fd6912\" data-element_type=\"widget\" data-widget_type=\"text-editor.default\">\n\t\t\t\t<div class=\"elementor-widget-container\">\n\t\t\t\t\t\t\t\t\t<p><span style=\"font-weight: 400;\">\u9ad8\u7684\u80fd\u8d85\u8fc712\u5e74\u7684\u7ecf\u9a8c\uff0c\u6267\u884c\u670d\u52a1\uff0c\u8fd0\u8d39\u5305\u4e3a\u6bcf\u4e00\u4e2a\u6c34\u679c\u3001\u9c9c\u9c7c\u51fa\u53e3\u7684\u4ef7\u683c\u3001\u6210\u672c\u7ade\u4e89\u529b\u7684\u4e9a\u6d32\u822a\u7ebf(\u6e2f\u53e3\u56fd\u3001\u65b0\u52a0\u5761\u3001\u6cf0\u56fd\u3001\u9a6c\u6765\u897f\u4e9a)\u548c\u4e2d\u4e1c\u56fd\u5bb6\u3002 \u5c24\u5176\u662f\u8d27\u8fd0\u51b7\u85cf\u96c6\u88c5\u7bb1\uff0c\u8fd9\u662f\u5f88\u591a\u7684\u5ba2\u6237\u548c\u6d77\u5916\u7684\u8d5e\u8d4f\u3002<\/span><\/p>\t\t\t\t\t\t\t\t<\/div>\n\t\t\t\t<\/div>\n\t\t\t\t\t<\/div>\n\t\t\t\t<\/div>\n\t\t<div class=\"elementor-element elementor-element-6f39957 e-flex e-con-boxed e-con e-child\" data-id=\"6f39957\" data-element_type=\"container\" data-settings=\"{&quot;_ha_eqh_enable&quot;:false}\">\n\t\t\t\t\t<div class=\"e-con-inner\">\n\t\t<div class=\"elementor-element elementor-element-b85c4f2 e-flex e-con-boxed e-con e-child\" data-id=\"b85c4f2\" data-element_type=\"container\" data-settings=\"{&quot;_ha_eqh_enable&quot;:false}\">\n\t\t\t\t\t<div class=\"e-con-inner\">\n\t\t\t\t<div class=\"elementor-element elementor-element-252f973 elementor-widget elementor-widget-image\" data-id=\"252f973\" data-element_type=\"widget\" data-widget_type=\"image.default\">\n\t\t\t\t<div class=\"elementor-widget-container\">\n\t\t\t\t\t\t\t\t\t\t\t\t\t\t\t\t<a href=\"\/zh\/giao-nhan-van-chuyen\/duong-bien\/\">\n\t\t\t\t\t\t\t<img decoding=\"async\" width=\"800\" height=\"500\" src=\"https:\/\/hntshipping.com.vn\/wp-content\/uploads\/2023\/10\/quy-trinh-van-chuyen-hang-hoa-bang-duong-bien-2-2.webp\" class=\"attachment-full size-full wp-image-2177\" alt=\"\" srcset=\"https:\/\/hntshipping.com.vn\/wp-content\/uploads\/2023\/10\/quy-trinh-van-chuyen-hang-hoa-bang-duong-bien-2-2.webp 800w, https:\/\/hntshipping.com.vn\/wp-content\/uploads\/2023\/10\/quy-trinh-van-chuyen-hang-hoa-bang-duong-bien-2-2-300x188.webp 300w, https:\/\/hntshipping.com.vn\/wp-content\/uploads\/2023\/10\/quy-trinh-van-chuyen-hang-hoa-bang-duong-bien-2-2-768x480.webp 768w\" sizes=\"(max-width: 800px) 100vw, 800px\" \/>\t\t\t\t\t\t\t\t<\/a>\n\t\t\t\t\t\t\t\t\t\t\t\t\t\t\t<\/div>\n\t\t\t\t<\/div>\n\t\t\t\t<div class=\"elementor-element elementor-element-2318757 elementor-widget elementor-widget-heading\" data-id=\"2318757\" data-element_type=\"widget\" data-widget_type=\"heading.default\">\n\t\t\t\t<div class=\"elementor-widget-container\">\n\t\t\t\t\t<h2 class=\"elementor-heading-title elementor-size-default\"><a href=\"\/zh\/giao-nhan-van-chuyen\/duong-bien\/\">\u5927\u6d77<\/a><\/h2>\t\t\t\t<\/div>\n\t\t\t\t<\/div>\n\t\t\t\t<div class=\"elementor-element elementor-element-cc0d839 elementor-widget elementor-widget-text-editor\" data-id=\"cc0d839\" data-element_type=\"widget\" data-widget_type=\"text-editor.default\">\n\t\t\t\t<div class=\"elementor-widget-container\">\n\t\t\t\t\t\t\t\t\t<p><span style=\"font-weight: 400;\">\u9884\u8ba2\u88ab\u8ba4\u4e3a\u662f\u91cd\u8981\u7684\u7a0b\u5e8f\u7684\u884c\u4e1a\u8fdb\u53e3\/\u51fa\u53e3\u6d77\u3002 \u9009\u62e9\u7684\u8f7d\u4f53\u3001\u5408\u7406\u7684\u4fe1\u8a89\u3001\u6709\u7ade\u4e89\u529b\u7684\u4ef7\u683c\uff0c\u662f\u4e0d\u662f\u5f88\u7b80\u5355\u7684\u4f01\u4e1a\u4e3b\u3002 \u9ad8\u7684\u80fd\u670d\u52a1\u63d0\u4f9b\u5546\u7684\u9884\u8ba2\u8ba1\u5212\u7684\u6700\u597d\u7684\u8239\u4eca\u5929\u3002 \u6211\u4eec\u603b\u662f\u628a\u63e1\u548c\u66f4\u65b0\u9002\u5f53\u7684\u65f6\u95f4\u548c\u5728\u6700\u597d\u7684\u4ef7\u683c\u7684\u8d27\u7269\u7684\u8239\u7ed9\u6211\u4eec\u7684\u5ba2\u6237\u3002<\/span><\/p>\t\t\t\t\t\t\t\t<\/div>\n\t\t\t\t<\/div>\n\t\t\t\t\t<\/div>\n\t\t\t\t<\/div>\n\t\t<div class=\"elementor-element elementor-element-26f9295 e-flex e-con-boxed e-con e-child\" data-id=\"26f9295\" data-element_type=\"container\" data-settings=\"{&quot;_ha_eqh_enable&quot;:false}\">\n\t\t\t\t\t<div class=\"e-con-inner\">\n\t\t\t\t<div class=\"elementor-element elementor-element-bf4f659 elementor-widget elementor-widget-image\" data-id=\"bf4f659\" data-element_type=\"widget\" data-widget_type=\"image.default\">\n\t\t\t\t<div class=\"elementor-widget-container\">\n\t\t\t\t\t\t\t\t\t\t\t\t\t\t\t\t<a href=\"\/zh\/giao-nhan-van-chuyen\/duong-bo\/\">\n\t\t\t\t\t\t\t<img decoding=\"async\" src=\"https:\/\/hntshipping.com.vn\/wp-content\/uploads\/elementor\/thumbs\/wepik-export-20231029035456CqrQ-r27ofcl7fosu0ua69kf4sg8hlk1r2uehrebvzt6lr2.jpeg\" title=\"Wepik\u51fa\u53e320231029035456CqrQ\" alt=\"Wepik\u51fa\u53e320231029035456CqrQ\" loading=\"lazy\" \/>\t\t\t\t\t\t\t\t<\/a>\n\t\t\t\t\t\t\t\t\t\t\t\t\t\t\t<\/div>\n\t\t\t\t<\/div>\n\t\t\t\t<div class=\"elementor-element elementor-element-dd171c8 elementor-widget elementor-widget-heading\" data-id=\"dd171c8\" data-element_type=\"widget\" data-widget_type=\"heading.default\">\n\t\t\t\t<div class=\"elementor-widget-container\">\n\t\t\t\t\t<h2 class=\"elementor-heading-title elementor-size-default\"><a href=\"\/zh\/giao-nhan-van-chuyen\/duong-bo\/\">\u8def<\/a><\/h2>\t\t\t\t<\/div>\n\t\t\t\t<\/div>\n\t\t\t\t<div class=\"elementor-element elementor-element-41223a4 elementor-widget elementor-widget-text-editor\" data-id=\"41223a4\" data-element_type=\"widget\" data-widget_type=\"text-editor.default\">\n\t\t\t\t<div class=\"elementor-widget-container\">\n\t\t\t\t\t\t\t\t\t<p><span style=\"font-weight: 400;\">\u9ad8\u7684\u80fd\u63d0\u4f9b\u7684\u5305\u62ec\u6240\u6709\u7684\u8fdb\u7a0b\u8fdb\u53e3\u548c\u51fa\u53e3\u7684\u8d27\u7269\u901a\u8fc7\u516c\u8def\u7a7f\u8fc7\u95e8\u7684\u4e1a\u52a1\u3002 \u4e0e\u7269\u6d41\u65b9\u6848\u5728\u9ad8\u7684\u80fd\u5c06\u6709\u52a9\u4e8e\u8fdb\u51fa\u53e3\u7684\u5ba2\u6237\u5feb\u901f\u548c\u5f97\u5230\u6700\u4f18\u5316\u3002<\/span><\/p>\t\t\t\t\t\t\t\t<\/div>\n\t\t\t\t<\/div>\n\t\t\t\t\t<\/div>\n\t\t\t\t<\/div>\n\t\t\t\t\t<\/div>\n\t\t\t\t<\/div>\n\t\t\t\t\t<\/div>\n\t\t\t\t<\/div>\n\t\t<div class=\"elementor-element elementor-element-d6ca4de e-flex e-con-boxed e-con e-parent\" data-id=\"d6ca4de\" data-element_type=\"container\" data-settings=\"{&quot;_ha_eqh_enable&quot;:false}\">\n\t\t\t\t\t<div class=\"e-con-inner\">\n\t\t<div class=\"elementor-element elementor-element-b7bc75e e-flex e-con-boxed e-con e-child\" data-id=\"b7bc75e\" data-element_type=\"container\" data-settings=\"{&quot;_ha_eqh_enable&quot;:false}\">\n\t\t\t\t\t<div class=\"e-con-inner\">\n\t\t\t\t<div class=\"elementor-element elementor-element-806455c elementor-widget elementor-widget-image\" data-id=\"806455c\" data-element_type=\"widget\" data-widget_type=\"image.default\">\n\t\t\t\t<div class=\"elementor-widget-container\">\n\t\t\t\t\t\t\t\t\t\t\t\t\t\t\t\t<a href=\"\/zh\/thu-tuc-xuat-nhap-khau\/\">\n\t\t\t\t\t\t\t<img decoding=\"async\" width=\"800\" height=\"500\" src=\"https:\/\/hntshipping.com.vn\/wp-content\/uploads\/2023\/10\/phi-nhap-khau-uy-thac-600x381-1.jpg\" class=\"attachment-full size-full wp-image-1688\" alt=\"\" srcset=\"https:\/\/hntshipping.com.vn\/wp-content\/uploads\/2023\/10\/phi-nhap-khau-uy-thac-600x381-1.jpg 800w, https:\/\/hntshipping.com.vn\/wp-content\/uploads\/2023\/10\/phi-nhap-khau-uy-thac-600x381-1-300x188.jpg 300w, https:\/\/hntshipping.com.vn\/wp-content\/uploads\/2023\/10\/phi-nhap-khau-uy-thac-600x381-1-768x480.jpg 768w\" sizes=\"(max-width: 800px) 100vw, 800px\" \/>\t\t\t\t\t\t\t\t<\/a>\n\t\t\t\t\t\t\t\t\t\t\t\t\t\t\t<\/div>\n\t\t\t\t<\/div>\n\t\t\t\t<div class=\"elementor-element elementor-element-e2ff57a elementor-widget elementor-widget-heading\" data-id=\"e2ff57a\" data-element_type=\"widget\" data-widget_type=\"heading.default\">\n\t\t\t\t<div class=\"elementor-widget-container\">\n\t\t\t\t\t<h2 class=\"elementor-heading-title elementor-size-default\"><a href=\"\/zh\/thu-tuc-xuat-nhap-khau\/\">\u8fdb\u51fa\u53e3\u7a0b\u5e8f<\/a><\/h2>\t\t\t\t<\/div>\n\t\t\t\t<\/div>\n\t\t\t\t<div class=\"elementor-element elementor-element-b45d2fa elementor-widget elementor-widget-text-editor\" data-id=\"b45d2fa\" data-element_type=\"widget\" data-widget_type=\"text-editor.default\">\n\t\t\t\t<div class=\"elementor-widget-container\">\n\t\t\t\t\t\t\t\t\t<p><span style=\"font-weight: 400;\">\u4f5c\u4e3a\u8fd0\u8f93\u548c\u8d38\u6613\u4e4b\u95f4\u7684\u8d27\u7269\u7684\u56fd\u5bb6\uff0c\u4f01\u4e1a\u5fc5\u987b\u8981\u7ecf\u8fc7\u7684\u8fc7\u7a0b\u4e2d\u4f5c\u51fa\u7684\u5173\u7684\u590d\u6742\u3001\u56f0\u96be\u7684\u3002 \u8fd9\u9700\u8981\u8be5\u4f01\u4e1a\u638c\u63e1\u548c\u4e86\u89e3\u8bc1\u636e\u89c4\u5219\u4ece\u51fa\u53e3\u548c\u8fdb\u53e3\u548c\u76f8\u5173\u6587\u4e66\u5de5\u4f5c\u3002 \u9ad8\u7684\u80fd\u4e13\u4e1a\u54a8\u8be2\u4eba\u3001\u53d7\u6258\u4eba\u3001\u8fdb\u51fa\u53e3\u7684\u58f0\u8a89\u548c\u53ef\u9760\u3002 \u6211\u4eec\u652f\u6301\u4e1a\u52a1\u7684\u5b8c\u6210\u5904\u7406\u8fc7\u7a0b\u4e2d\u7684\u4e00\u4e2a\u5feb\u548c\u6700\u51c6\u786e\u7684\u3002<\/span><\/p>\t\t\t\t\t\t\t\t<\/div>\n\t\t\t\t<\/div>\n\t\t\t\t\t<\/div>\n\t\t\t\t<\/div>\n\t\t<div class=\"elementor-element elementor-element-1388988 e-flex e-con-boxed e-con e-child\" data-id=\"1388988\" data-element_type=\"container\" data-settings=\"{&quot;_ha_eqh_enable&quot;:false}\">\n\t\t\t\t\t<div class=\"e-con-inner\">\n\t\t<div class=\"elementor-element elementor-element-d21d12e e-flex e-con-boxed e-con e-child\" data-id=\"d21d12e\" data-element_type=\"container\" data-settings=\"{&quot;_ha_eqh_enable&quot;:false}\">\n\t\t\t\t\t<div class=\"e-con-inner\">\n\t\t\t\t<div class=\"elementor-element elementor-element-bfc112f elementor-widget elementor-widget-image\" data-id=\"bfc112f\" data-element_type=\"widget\" data-widget_type=\"image.default\">\n\t\t\t\t<div class=\"elementor-widget-container\">\n\t\t\t\t\t\t\t\t\t\t\t\t\t\t\t\t<a href=\"\/zh\/thu-tuc-xuat-nhap-khau\/khai-thue-hai-quan\/\">\n\t\t\t\t\t\t\t<img decoding=\"async\" src=\"https:\/\/hntshipping.com.vn\/wp-content\/uploads\/elementor\/thumbs\/bai_viet_41-1-scaled-r27ofcl6trewg4vg85brzyqb9t61dws848s7xl7h9a.jpg\" title=\"\u767d\u8d8a41(1)\" alt=\"\u767d\u8d8a41(1)\" loading=\"lazy\" \/>\t\t\t\t\t\t\t\t<\/a>\n\t\t\t\t\t\t\t\t\t\t\t\t\t\t\t<\/div>\n\t\t\t\t<\/div>\n\t\t\t\t<div class=\"elementor-element elementor-element-d3baaf7 elementor-widget elementor-widget-heading\" data-id=\"d3baaf7\" data-element_type=\"widget\" data-widget_type=\"heading.default\">\n\t\t\t\t<div class=\"elementor-widget-container\">\n\t\t\t\t\t<h2 class=\"elementor-heading-title elementor-size-default\"><a href=\"\/zh\/thu-tuc-xuat-nhap-khau\/khai-thue-hai-quan\/\">\u6d77\u5173\u7533\u62a5<\/a><\/h2>\t\t\t\t<\/div>\n\t\t\t\t<\/div>\n\t\t\t\t<div class=\"elementor-element elementor-element-9265ddf elementor-widget elementor-widget-text-editor\" data-id=\"9265ddf\" data-element_type=\"widget\" data-widget_type=\"text-editor.default\">\n\t\t\t\t<div class=\"elementor-widget-container\">\n\t\t\t\t\t\t\t\t\t<p><span style=\"font-weight: 400;\">\u5feb\u901f\u3001\u51c6\u786e\u548c\u6548\u7387\u7684\u6807\u51c6\u5de5\u4f5c\u9ad8\u7684\u80fd. \u670d\u52a1\u6d77\u5173\u5ba3\u8a00\u300b\u9ad8\u7684\u80fd\u603b\u662f\u5ba2\u6237\u8d5e\u8d4f\u3002 \u9009\u62e9\u670d\u52a1\u6d77\u5173\u5ba3\u8a00\u300b\u9ad8\u7684\u80fd\uff0c\u4e0d\u4ec5\u8282\u7701\u65f6\u95f4\uff0c\u4e5f\u8282\u7701\u4eba\u529b\u8d44\u6e90\u5bf9\u4e8e\u60a8\u7684\u4e8b\u52a1\u3002<\/span><\/p>\t\t\t\t\t\t\t\t<\/div>\n\t\t\t\t<\/div>\n\t\t\t\t\t<\/div>\n\t\t\t\t<\/div>\n\t\t<div class=\"elementor-element elementor-element-2c7374d e-flex e-con-boxed e-con e-child\" data-id=\"2c7374d\" data-element_type=\"container\" data-settings=\"{&quot;_ha_eqh_enable&quot;:false}\">\n\t\t\t\t\t<div class=\"e-con-inner\">\n\t\t\t\t<div class=\"elementor-element elementor-element-72b2619 elementor-widget elementor-widget-image\" data-id=\"72b2619\" data-element_type=\"widget\" data-widget_type=\"image.default\">\n\t\t\t\t<div class=\"elementor-widget-container\">\n\t\t\t\t\t\t\t\t\t\t\t\t\t\t\t\t<a href=\"\/zh\/thu-tuc-xuat-nhap-khau\/uy-thac-xuat-nhap-khau\/\">\n\t\t\t\t\t\t\t<img loading=\"lazy\" decoding=\"async\" width=\"800\" height=\"500\" src=\"https:\/\/hntshipping.com.vn\/wp-content\/uploads\/2023\/10\/Thu-Tuc-Xuat-Nhap-Khau-.jpeg\" class=\"attachment-full size-full wp-image-1686\" alt=\"\" srcset=\"https:\/\/hntshipping.com.vn\/wp-content\/uploads\/2023\/10\/Thu-Tuc-Xuat-Nhap-Khau-.jpeg 800w, https:\/\/hntshipping.com.vn\/wp-content\/uploads\/2023\/10\/Thu-Tuc-Xuat-Nhap-Khau--300x188.jpeg 300w, https:\/\/hntshipping.com.vn\/wp-content\/uploads\/2023\/10\/Thu-Tuc-Xuat-Nhap-Khau--768x480.jpeg 768w\" sizes=\"(max-width: 800px) 100vw, 800px\" \/>\t\t\t\t\t\t\t\t<\/a>\n\t\t\t\t\t\t\t\t\t\t\t\t\t\t\t<\/div>\n\t\t\t\t<\/div>\n\t\t\t\t<div class=\"elementor-element elementor-element-0b3088a elementor-widget elementor-widget-heading\" data-id=\"0b3088a\" data-element_type=\"widget\" data-widget_type=\"heading.default\">\n\t\t\t\t<div class=\"elementor-widget-container\">\n\t\t\t\t\t<h2 class=\"elementor-heading-title elementor-size-default\"><a href=\"\/zh\/thu-tuc-xuat-nhap-khau\/uy-thac-xuat-nhap-khau\/\">\u8d4b\u4e88\u51fa\u53e3\u548c\u8fdb\u53e3<\/a><\/h2>\t\t\t\t<\/div>\n\t\t\t\t<\/div>\n\t\t\t\t<div class=\"elementor-element elementor-element-bfec5d8 elementor-widget elementor-widget-text-editor\" data-id=\"bfec5d8\" data-element_type=\"widget\" data-widget_type=\"text-editor.default\">\n\t\t\t\t<div class=\"elementor-widget-container\">\n\t\t\t\t\t\t\t\t\t<p><span style=\"font-weight: 400;\">\u9ad8\u7684\u80fd\u540e\u52e4\u5355\u4f4d\u662f\u8bb8\u53ef\u7684\u63d0\u4f9b\u670d\u52a1\u7684\u8fdb\u51fa\u53e3\u8d8a\u5357\u3002 \u8d85\u8fc712\u5e74\u7684\u7ecf\u9a8c\uff0c\u5728\u8be5\u9886\u57df\uff0c\u9ad8\u7684\u80fd\u5c06\u7ed9\u5ba2\u6237\u7684\u670d\u52a1\u7ecf\u9a8c\u7684\u4e00\u4e2a\u4e13\u4e1a\u7684\u65b9\u5f0f\u3001\u4fe1\u8a89\u3001\u8d28\u91cf\u548c\u9ad8\u6548\u7387\u3002 <\/span><\/p>\t\t\t\t\t\t\t\t<\/div>\n\t\t\t\t<\/div>\n\t\t\t\t\t<\/div>\n\t\t\t\t<\/div>\n\t\t\t\t\t<\/div>\n\t\t\t\t<\/div>\n\t\t\t\t\t<\/div>\n\t\t\t\t<\/div>\n\t\t<div class=\"elementor-element elementor-element-7e6698d e-flex e-con-boxed e-con e-parent\" data-id=\"7e6698d\" data-element_type=\"container\" data-settings=\"{&quot;_ha_eqh_enable&quot;:false}\">\n\t\t\t\t\t<div class=\"e-con-inner\">\n\t\t<div class=\"elementor-element elementor-element-6afaad0 e-flex e-con-boxed e-con e-child\" data-id=\"6afaad0\" data-element_type=\"container\" data-settings=\"{&quot;_ha_eqh_enable&quot;:false}\">\n\t\t\t\t\t<div class=\"e-con-inner\">\n\t\t\t\t<div class=\"elementor-element elementor-element-6bf2ae1 elementor-widget elementor-widget-image\" data-id=\"6bf2ae1\" data-element_type=\"widget\" data-widget_type=\"image.default\">\n\t\t\t\t<div class=\"elementor-widget-container\">\n\t\t\t\t\t\t\t\t\t\t\t\t\t\t\t\t<a href=\"\/zh\/van-chuyen-hang\/\">\n\t\t\t\t\t\t\t<img loading=\"lazy\" decoding=\"async\" width=\"800\" height=\"500\" src=\"https:\/\/hntshipping.com.vn\/wp-content\/uploads\/2023\/10\/Van-Chuyen-Duong-Bo-.jpeg\" class=\"attachment-full size-full wp-image-1685\" alt=\"\" srcset=\"https:\/\/hntshipping.com.vn\/wp-content\/uploads\/2023\/10\/Van-Chuyen-Duong-Bo-.jpeg 800w, https:\/\/hntshipping.com.vn\/wp-content\/uploads\/2023\/10\/Van-Chuyen-Duong-Bo--300x188.jpeg 300w, https:\/\/hntshipping.com.vn\/wp-content\/uploads\/2023\/10\/Van-Chuyen-Duong-Bo--768x480.jpeg 768w\" sizes=\"(max-width: 800px) 100vw, 800px\" \/>\t\t\t\t\t\t\t\t<\/a>\n\t\t\t\t\t\t\t\t\t\t\t\t\t\t\t<\/div>\n\t\t\t\t<\/div>\n\t\t\t\t\t<\/div>\n\t\t\t\t<\/div>\n\t\t<div class=\"elementor-element elementor-element-410e28a e-flex e-con-boxed e-con e-child\" data-id=\"410e28a\" data-element_type=\"container\" data-settings=\"{&quot;_ha_eqh_enable&quot;:false}\">\n\t\t\t\t\t<div class=\"e-con-inner\">\n\t\t\t\t<div class=\"elementor-element elementor-element-8c71b14 elementor-widget elementor-widget-heading\" data-id=\"8c71b14\" data-element_type=\"widget\" data-widget_type=\"heading.default\">\n\t\t\t\t<div class=\"elementor-widget-container\">\n\t\t\t\t\t<h2 class=\"elementor-heading-title elementor-size-default\"><a href=\"\/zh\/van-chuyen-hang\/\">\u8fd0\u8d39<\/a><\/h2>\t\t\t\t<\/div>\n\t\t\t\t<\/div>\n\t\t\t\t<div class=\"elementor-element elementor-element-e3d6998 elementor-widget elementor-widget-text-editor\" data-id=\"e3d6998\" data-element_type=\"widget\" data-widget_type=\"text-editor.default\">\n\t\t\t\t<div class=\"elementor-widget-container\">\n\t\t\t\t\t\t\t\t\t<p><span style=\"font-weight: 400;\">\u9ad8\u7684\u80fd\u4e0d\u65ad\u66f4\u65b0\uff0c\u4e0d\u65ad\u521b\u65b0\u548c\u63d0\u4f9b\u66f4\u591a\u7684\u670d\u52a1\uff0c\u4ee5\u6ee1\u8db3\u4eca\u5929\u7684\u9700\u8981\u7684\u5ba2\u6237\u3002 \u63d0\u4f9b\u670d\u52a1\u7684\u51b7\u85cf\u8f66\u7684\u8def\u7ebf\u6cbf\u7740\u5357\u5317\u901a\u8fc7\u95e8\u662f\u83b7\u53d6\u5229\u76ca\u7684\u8bb8\u591a\u5ba2\u6237\u3002 \u8fd0\u8d39\u65f6\u95f4\uff0c\u5feb\u901f\u800c\u4e14\u8282\u7701\u5927\u91cf\u8d39\u7528\u3002<\/span><\/p>\t\t\t\t\t\t\t\t<\/div>\n\t\t\t\t<\/div>\n\t\t\t\t\t<\/div>\n\t\t\t\t<\/div>\n\t\t\t\t\t<\/div>\n\t\t\t\t<\/div>\n\t\t\t\t<\/div>","protected":false},"excerpt":{"rendered":"<p>Giao nh\u1eadn v\u1eadn chuy\u1ec3n HNT v\u1edbi h\u01a1n 12 n\u0103m kinh nghi\u1ec7m th\u1ef1c hi\u1ec7n d\u1ecbch v\u1ee5 v\u1eadn chuy\u1ec3n tr\u1ecdn g\u00f3i \u0111\u1ed1i v\u1edbi h\u00e0ng tr\u00e1i c\u00e2y, th\u1ee7y h\u1ea3i s\u1ea3n xu\u1ea5t kh\u1ea9u, gi\u00e1 c\u1ea3 c\u01b0\u1edbc ph\u00ed c\u1ea1nh tranh \u0111\u1ed1i v\u1edbi c\u00e1c tuy\u1ebfn Ch\u00e2u \u00c1 (C\u00e1c c\u1ea3ng Trung Qu\u1ed1c, Singapore, Th\u00e1i Lan, Malaysia\u2026) v\u00e0 c\u00e1c n\u01b0\u1edbc Trung \u0110\u00f4ng. \u0110\u1eb7c [&hellip;]<\/p>","protected":false},"author":1,"featured_media":0,"parent":0,"menu_order":0,"comment_status":"closed","ping_status":"closed","template":"","meta":{"footnotes":""},"class_list":["post-1601","page","type-page","status-publish","hentry"],"rankmath_keywords":{"primary":"","secondary":[""]},"yoast_keywords":{"primary":"","secondary":[]},"yoast_focuskw":"","rankmath_focuskw":"","seo_keywords":{"primary":"","secondary":[""]},"_links":{"self":[{"href":"https:\/\/hntshipping.com.vn\/zh\/wp-json\/wp\/v2\/pages\/1601","targetHints":{"allow":["GET"]}}],"collection":[{"href":"https:\/\/hntshipping.com.vn\/zh\/wp-json\/wp\/v2\/pages"}],"about":[{"href":"https:\/\/hntshipping.com.vn\/zh\/wp-json\/wp\/v2\/types\/page"}],"author":[{"embeddable":true,"href":"https:\/\/hntshipping.com.vn\/zh\/wp-json\/wp\/v2\/users\/1"}],"replies":[{"embeddable":true,"href":"https:\/\/hntshipping.com.vn\/zh\/wp-json\/wp\/v2\/comments?post=1601"}],"version-history":[{"count":71,"href":"https:\/\/hntshipping.com.vn\/zh\/wp-json\/wp\/v2\/pages\/1601\/revisions"}],"predecessor-version":[{"id":2353,"href":"https:\/\/hntshipping.com.vn\/zh\/wp-json\/wp\/v2\/pages\/1601\/revisions\/2353"}],"wp:attachment":[{"href":"https:\/\/hntshipping.com.vn\/zh\/wp-json\/wp\/v2\/media?parent=1601"}],"curies":[{"name":"wp","href":"https:\/\/api.w.org\/{rel}","templated":true}]}}