{"id":1603,"date":"2023-10-01T10:48:18","date_gmt":"2023-10-01T10:48:18","guid":{"rendered":"https:\/\/hnt.h216182.dpsmedia.vn\/?page_id=1603"},"modified":"2023-10-19T16:09:58","modified_gmt":"2023-10-19T16:09:58","slug":"gioi-thieu","status":"publish","type":"page","link":"https:\/\/hntshipping.com.vn\/zh\/gioi-thieu\/","title":{"rendered":"\u4ecb\u7ecd"},"content":{"rendered":"<div data-elementor-type=\"wp-page\" data-elementor-id=\"1603\" class=\"elementor elementor-1603\" data-elementor-settings=\"{&quot;ha_cmc_init_switcher&quot;:&quot;no&quot;}\" data-elementor-post-type=\"page\">\n\t\t\t\t\t\t<section class=\"elementor-section elementor-top-section elementor-element elementor-element-6f5ce46 elementor-reverse-tablet elementor-reverse-mobile elementor-section-stretched elementor-section-boxed elementor-section-height-default elementor-section-height-default\" data-id=\"6f5ce46\" data-element_type=\"section\" data-settings=\"{&quot;stretch_section&quot;:&quot;section-stretched&quot;,&quot;background_background&quot;:&quot;classic&quot;,&quot;_ha_eqh_enable&quot;:false}\">\n\t\t\t\t\t\t<div class=\"elementor-container elementor-column-gap-default\">\n\t\t\t\t\t<div class=\"elementor-column elementor-col-50 elementor-top-column elementor-element elementor-element-e579f5a\" data-id=\"e579f5a\" data-element_type=\"column\">\n\t\t\t<div class=\"elementor-widget-wrap elementor-element-populated\">\n\t\t\t\t\t\t<div class=\"elementor-element elementor-element-91d3c03 elementor-widget elementor-widget-transx_heading\" data-id=\"91d3c03\" data-element_type=\"widget\" data-widget_type=\"transx_heading.default\">\n\t\t\t\t<div class=\"elementor-widget-container\">\n\t\t\t\t\t\n        <div class=\"transx_heading_widget\">\n                                <div class=\"transx_up_heading\">\u6b22\u8fce\u5149\u4e34<\/div>\n                    \n                <h2 class=\"transx_heading\">\n                    \u6253\u5f00\u4fe1                <\/h2>\n                        <\/div>\n        \t\t\t\t<\/div>\n\t\t\t\t<\/div>\n\t\t\t\t<div class=\"elementor-element elementor-element-78e9841 elementor-widget elementor-widget-text-editor\" data-id=\"78e9841\" data-element_type=\"widget\" data-widget_type=\"text-editor.default\">\n\t\t\t\t<div class=\"elementor-widget-container\">\n\t\t\t\t\t\t\t\t\t<p>\u4eb2\u7231\u7684\u5ba2\u6237\uff0c<\/p><p>\u6b22\u8fce\u6765\u5230\u4ea4\u6613\u516c\u53f8\u7684\u8d27\u8fd0\u4ee3\u7406\u9ad8\u7684\u80fd\u670d\u52a1\u63d0\u4f9b\u5546\u63d0\u4f9b\u7684\u540e\u52e4\u8d1f\u76db\u540d\u8d8a\u5357\u3002<\/p><p>\u8d85\u8fc712\u5e74\u7684\u7ecf\u9a8c\uff0c\u5728\u7269\u6d41\u9886\u57df\uff0c\u6211\u4eec\u5f15\u4ee5\u81ea\u8c6a\u7684\u662f\u4e00\u4e2a\u5148\u9a71\u8005\u63d0\u4f9b\u7684\u540e\u52e4\u89e3\u51b3\u65b9\u6848\uff0c\u5168\u9762\u3001\u4e13\u4e1a\u548c\u9ad8\u6548\u7684\u3002 \u6211\u4eec\u81f4\u529b\u4e8e\u6211\u4eec\u7684\u5ba2\u6237\u63d0\u4f9b\u670d\u52a1\u3001\u8fdb\u51fa\u53e3\u3001\u56fd\u9645\u822a\u8fd0\u7684\u6d77\u8fd0\u3001\u7a7a\u8fd0\u3001\u9053\u8def\u3001\u6d77\u5173\u670d\u52a1\u3001\u4ed3\u50a8...\u6709\u6700\u597d\u7684\u8d28\u91cf\u548c\u5408\u7406\u7684\u6210\u672c\u3002<\/p><p>\u6709\u4e00\u7ec4\u5bcc\u6709\u7ecf\u9a8c\u7684\u5de5\u4f5c\u4eba\u5458\u548c\u70ed\u60c5\uff0c\u6211\u4eec\u603b\u662f\u503e\u542c\u548c\u4e86\u6ee1\u8db3\u5ba2\u6237\u7684\u9700\u6c42\u901f\u5ea6\u548c\u6548\u7387\u3002 \u56e0\u6b64\uff0c\u628a\u4f60\u7684\u4fe1\u4ef0\u6211\u4eec\u53ef\u9760\u7684\u4f19\u4f34\uff0c\u4f60\u5728\u6bcf\u6b21\u65c5\u884c\u7684\u8fd0\u8f93\u3002<\/p><p>\u6211\u4eec\u5e0c\u671b\uff0c\u4e0e\u5ba2\u6237\u5408\u4f5c\uff0c\u5171\u540c\u53d1\u5c55\u3002 \u8c22\u8c22\u4f60\u7684\u5174\u8da3\u548c\u9009\u62e9\u7684\u670d\u52a1\u8d38\u6613co., \u6709\u9650\u516c\u53f8\u3001\u8d27\u8fd0\u4ee3\u7406\u9ad8\u7684\u80fd.<\/p><p>\u8c22\u8c22\u4f60\uff01<\/p>\t\t\t\t\t\t\t\t<\/div>\n\t\t\t\t<\/div>\n\t\t\t\t<section class=\"elementor-section elementor-inner-section elementor-element elementor-element-e280f41 elementor-section-content-middle elementor-section-boxed elementor-section-height-default elementor-section-height-default\" data-id=\"e280f41\" data-element_type=\"section\" data-settings=\"{&quot;_ha_eqh_enable&quot;:false}\">\n\t\t\t\t\t\t<div class=\"elementor-container elementor-column-gap-no\">\n\t\t\t\t\t<div class=\"elementor-column elementor-col-33 elementor-inner-column elementor-element elementor-element-82e16c3\" data-id=\"82e16c3\" data-element_type=\"column\">\n\t\t\t<div class=\"elementor-widget-wrap elementor-element-populated\">\n\t\t\t\t\t\t<div class=\"elementor-element elementor-element-bda9ddb elementor-widget elementor-widget-image\" data-id=\"bda9ddb\" data-element_type=\"widget\" data-widget_type=\"image.default\">\n\t\t\t\t<div class=\"elementor-widget-container\">\n\t\t\t\t\t\t\t\t\t\t\t\t\t\t\t<img fetchpriority=\"high\" decoding=\"async\" width=\"614\" height=\"360\" src=\"https:\/\/hntshipping.com.vn\/wp-content\/uploads\/2023\/10\/signature-bg.png\" class=\"attachment-large size-large wp-image-2006\" alt=\"\" srcset=\"https:\/\/hntshipping.com.vn\/wp-content\/uploads\/2023\/10\/signature-bg.png 614w, https:\/\/hntshipping.com.vn\/wp-content\/uploads\/2023\/10\/signature-bg-300x176.png 300w\" sizes=\"(max-width: 614px) 100vw, 614px\" \/>\t\t\t\t\t\t\t\t\t\t\t\t\t\t\t<\/div>\n\t\t\t\t<\/div>\n\t\t\t\t\t<\/div>\n\t\t<\/div>\n\t\t\t\t<div class=\"elementor-column elementor-col-66 elementor-inner-column elementor-element elementor-element-8c2a716\" data-id=\"8c2a716\" data-element_type=\"column\">\n\t\t\t<div class=\"elementor-widget-wrap elementor-element-populated\">\n\t\t\t\t\t\t<div class=\"elementor-element elementor-element-bde75f1 elementor-widget elementor-widget-text-editor\" data-id=\"bde75f1\" data-element_type=\"widget\" data-widget_type=\"text-editor.default\">\n\t\t\t\t<div class=\"elementor-widget-container\">\n\t\t\t\t\t\t\t\t\t<p><strong>\u8463\u4e8b\u4f1a\u8d38\u6613co., \u6709\u9650\u516c\u53f8\u3001\u8d27\u8fd0\u4ee3\u7406\u9ad8\u7684\u80fd<\/strong><\/p>\t\t\t\t\t\t\t\t<\/div>\n\t\t\t\t<\/div>\n\t\t\t\t\t<\/div>\n\t\t<\/div>\n\t\t\t\t\t<\/div>\n\t\t<\/section>\n\t\t\t\t\t<\/div>\n\t\t<\/div>\n\t\t\t\t<div class=\"elementor-column elementor-col-50 elementor-top-column elementor-element elementor-element-467004e\" data-id=\"467004e\" data-element_type=\"column\">\n\t\t\t<div class=\"elementor-widget-wrap elementor-element-populated\">\n\t\t\t\t\t\t<div class=\"elementor-element elementor-element-abc634a elementor-widget elementor-widget-image\" data-id=\"abc634a\" data-element_type=\"widget\" data-widget_type=\"image.default\">\n\t\t\t\t<div class=\"elementor-widget-container\">\n\t\t\t\t\t\t\t\t\t\t\t\t\t\t\t<img decoding=\"async\" width=\"882\" height=\"1052\" src=\"https:\/\/hntshipping.com.vn\/wp-content\/uploads\/2023\/10\/ewwg.jpg\" class=\"attachment-full size-full wp-image-2162\" alt=\"\" srcset=\"https:\/\/hntshipping.com.vn\/wp-content\/uploads\/2023\/10\/ewwg.jpg 882w, https:\/\/hntshipping.com.vn\/wp-content\/uploads\/2023\/10\/ewwg-252x300.jpg 252w, https:\/\/hntshipping.com.vn\/wp-content\/uploads\/2023\/10\/ewwg-859x1024.jpg 859w, https:\/\/hntshipping.com.vn\/wp-content\/uploads\/2023\/10\/ewwg-768x916.jpg 768w\" sizes=\"(max-width: 882px) 100vw, 882px\" \/>\t\t\t\t\t\t\t\t\t\t\t\t\t\t\t<\/div>\n\t\t\t\t<\/div>\n\t\t\t\t\t<\/div>\n\t\t<\/div>\n\t\t\t\t\t<\/div>\n\t\t<\/section>\n\t\t\t\t<section class=\"elementor-section elementor-top-section elementor-element elementor-element-9666226 elementor-section-stretched elementor-section-boxed elementor-section-height-default elementor-section-height-default\" data-id=\"9666226\" data-element_type=\"section\" data-settings=\"{&quot;stretch_section&quot;:&quot;section-stretched&quot;,&quot;background_background&quot;:&quot;classic&quot;,&quot;_ha_eqh_enable&quot;:false}\">\n\t\t\t\t\t\t<div class=\"elementor-container elementor-column-gap-default\">\n\t\t\t\t\t<div class=\"elementor-column elementor-col-50 elementor-top-column elementor-element elementor-element-6187936\" data-id=\"6187936\" data-element_type=\"column\">\n\t\t\t<div class=\"elementor-widget-wrap elementor-element-populated\">\n\t\t\t\t\t\t<div class=\"elementor-element elementor-element-4f479b7 elementor-widget elementor-widget-transx_heading\" data-id=\"4f479b7\" data-element_type=\"widget\" data-widget_type=\"transx_heading.default\">\n\t\t\t\t<div class=\"elementor-widget-container\">\n\t\t\t\t\t\n        <div class=\"transx_heading_widget\">\n            \n                <h3 class=\"transx_heading\">\n                    \u6211\u4eec\u62e5\u6709\u7684\u7269\u6d41\u7cfb\u7edf <br \/> \u548c\u8fd0\u8f93 <span> \u5168\u7403 <\/span>                <\/h3>\n                        <\/div>\n        \t\t\t\t<\/div>\n\t\t\t\t<\/div>\n\t\t\t\t<div class=\"elementor-element elementor-element-e816ff8 elementor-widget__width-initial elementor-widget elementor-widget-text-editor\" data-id=\"e816ff8\" data-element_type=\"widget\" data-widget_type=\"text-editor.default\">\n\t\t\t\t<div class=\"elementor-widget-container\">\n\t\t\t\t\t\t\t\t\t<p>TRADING co., \u6709\u9650\u516c\u53f8\u3001\u8d27\u8fd0\u4ee3\u7406\u9ad8\u7684\u80fd\uff0c\u5efa\u7acb\u4e86\u57282011\u5e74\uff0c\u8be5\u516c\u53f8\u5df2\u7533\u660e\u5176\u5728\u5e02\u573a\u4e2d\u7684\u5730\u4f4d\u4f5c\u4e3a\u4e00\u4e2a\u9886\u5148\u7684\u822a\u8fd0\u548c\u7269\u6d41\u4e13\u4e1a\u3001\u83b7\u5f97\u987e\u5ba2\u7684\u4fe1\u4efb\uff0c\u5e76\u4e14\u88ab\u8bc4\u4e3a\u5feb\u901f\u589e\u957f\u7684\u548c\u76f8\u5f53\u6210\u529f\u7684\u3002<\/p><p>\u6709\u4e00\u4e2a\u56e2\u961f\u7684\u6280\u672f\u719f\u7ec3\u7684\u5458\u5de5\u662f\u57fa\u7840\u57f9\u8bad\u548c\u6709\u7cfb\u7edf\u7684\u3001\u9ad8\u5ea6\u7684\u8d23\u4efb\u611f\uff0c\u9ad8\u7684\u80fd\u540e\u52e4Trading Co.,Ltd. \u6ee1\u8db3\u6240\u6709\u7684\u8fd0\u8f93\u8981\u6c42\u7684\u5ba2\u6237<\/p>\t\t\t\t\t\t\t\t<\/div>\n\t\t\t\t<\/div>\n\t\t\t\t\t<\/div>\n\t\t<\/div>\n\t\t\t\t<div class=\"elementor-column elementor-col-50 elementor-top-column elementor-element elementor-element-d22fa94\" data-id=\"d22fa94\" data-element_type=\"column\">\n\t\t\t<div class=\"elementor-widget-wrap elementor-element-populated\">\n\t\t\t\t\t\t<div class=\"elementor-element elementor-element-6858b24 transx_counter_align_left elementor-hidden-tablet elementor-hidden-phone elementor-widget elementor-widget-counter\" data-id=\"6858b24\" data-element_type=\"widget\" data-widget_type=\"counter.default\">\n\t\t\t\t<div class=\"elementor-widget-container\">\n\t\t\t\t\t\t\t<div class=\"elementor-counter\">\n\t\t\t<div class=\"elementor-counter-title\">\u603b\u9762\u79ef\u7684\u50a8\u5b58\u5e93<\/div>\t\t\t<div class=\"elementor-counter-number-wrapper\">\n\t\t\t\t<span class=\"elementor-counter-number-prefix\"><\/span>\n\t\t\t\t<span class=\"elementor-counter-number\" data-duration=\"2000\" data-to-value=\"3000\" data-from-value=\"0\">0<\/span>\n\t\t\t\t<span class=\"elementor-counter-number-suffix\">m<sup>2<\/sup><\/span>\n\t\t\t<\/div>\n\t\t<\/div>\n\t\t\t\t\t\t<\/div>\n\t\t\t\t<\/div>\n\t\t\t\t<div class=\"elementor-element elementor-element-ca9cc8e transx_counter_align_left elementor-hidden-tablet elementor-hidden-phone elementor-widget elementor-widget-counter\" data-id=\"ca9cc8e\" data-element_type=\"widget\" data-widget_type=\"counter.default\">\n\t\t\t\t<div class=\"elementor-widget-container\">\n\t\t\t\t\t\t\t<div class=\"elementor-counter\">\n\t\t\t<div class=\"elementor-counter-title\">\u8ba2\u5355\/\u5929<\/div>\t\t\t<div class=\"elementor-counter-number-wrapper\">\n\t\t\t\t<span class=\"elementor-counter-number-prefix\"><\/span>\n\t\t\t\t<span class=\"elementor-counter-number\" data-duration=\"2000\" data-to-value=\"700\" data-from-value=\"0\">0<\/span>\n\t\t\t\t<span class=\"elementor-counter-number-suffix\">+<\/span>\n\t\t\t<\/div>\n\t\t<\/div>\n\t\t\t\t\t\t<\/div>\n\t\t\t\t<\/div>\n\t\t\t\t\t<\/div>\n\t\t<\/div>\n\t\t\t\t\t<\/div>\n\t\t<\/section>\n\t\t\t\t<section class=\"elementor-section elementor-top-section elementor-element elementor-element-3ec6f99 elementor-section-boxed elementor-section-height-default elementor-section-height-default\" data-id=\"3ec6f99\" data-element_type=\"section\" data-settings=\"{&quot;_ha_eqh_enable&quot;:false}\">\n\t\t\t\t\t\t<div class=\"elementor-container elementor-column-gap-extended\">\n\t\t\t\t\t<div class=\"elementor-column elementor-col-33 elementor-top-column elementor-element elementor-element-d106a41\" data-id=\"d106a41\" data-element_type=\"column\">\n\t\t\t<div class=\"elementor-widget-wrap elementor-element-populated\">\n\t\t\t\t\t\t<div class=\"elementor-element elementor-element-83e32cd transx_figure_corner_yes transx_counter_align_left ha-has-bg-overlay elementor-widget elementor-widget-counter\" data-id=\"83e32cd\" data-element_type=\"widget\" data-widget_type=\"counter.default\">\n\t\t\t\t<div class=\"elementor-widget-container\">\n\t\t\t\t\t\t\t<div class=\"elementor-counter\">\n\t\t\t<div class=\"elementor-counter-title\">\u5ba2\u4ebaHh\u00e0ng\u5174\u8da3<\/div>\t\t\t<div class=\"elementor-counter-number-wrapper\">\n\t\t\t\t<span class=\"elementor-counter-number-prefix\"><\/span>\n\t\t\t\t<span class=\"elementor-counter-number\" data-duration=\"2000\" data-to-value=\"350\" data-from-value=\"0\">0<\/span>\n\t\t\t\t<span class=\"elementor-counter-number-suffix\"> +<\/span>\n\t\t\t<\/div>\n\t\t<\/div>\n\t\t\t\t\t\t<\/div>\n\t\t\t\t<\/div>\n\t\t\t\t\t<\/div>\n\t\t<\/div>\n\t\t\t\t<div class=\"elementor-column elementor-col-33 elementor-top-column elementor-element elementor-element-92b9698\" data-id=\"92b9698\" data-element_type=\"column\">\n\t\t\t<div class=\"elementor-widget-wrap elementor-element-populated\">\n\t\t\t\t\t\t<div class=\"elementor-element elementor-element-02fe9a2 transx_figure_corner_yes transx_counter_align_left ha-has-bg-overlay elementor-widget elementor-widget-counter\" data-id=\"02fe9a2\" data-element_type=\"widget\" data-widget_type=\"counter.default\">\n\t\t\t\t<div class=\"elementor-widget-container\">\n\t\t\t\t\t\t\t<div class=\"elementor-counter\">\n\t\t\t<div class=\"elementor-counter-title\">Hr<\/div>\t\t\t<div class=\"elementor-counter-number-wrapper\">\n\t\t\t\t<span class=\"elementor-counter-number-prefix\"><\/span>\n\t\t\t\t<span class=\"elementor-counter-number\" data-duration=\"2000\" data-to-value=\"50\" data-from-value=\"0\">0<\/span>\n\t\t\t\t<span class=\"elementor-counter-number-suffix\">+<\/span>\n\t\t\t<\/div>\n\t\t<\/div>\n\t\t\t\t\t\t<\/div>\n\t\t\t\t<\/div>\n\t\t\t\t\t<\/div>\n\t\t<\/div>\n\t\t\t\t<div class=\"elementor-column elementor-col-33 elementor-top-column elementor-element elementor-element-9457960\" data-id=\"9457960\" data-element_type=\"column\">\n\t\t\t<div class=\"elementor-widget-wrap elementor-element-populated\">\n\t\t\t\t\t\t<div class=\"elementor-element elementor-element-bff5185 transx_figure_corner_yes transx_counter_align_left ha-has-bg-overlay elementor-widget elementor-widget-counter\" data-id=\"bff5185\" data-element_type=\"widget\" data-widget_type=\"counter.default\">\n\t\t\t\t<div class=\"elementor-widget-container\">\n\t\t\t\t\t\t\t<div class=\"elementor-counter\">\n\t\t\t<div class=\"elementor-counter-title\">\u591a\u5e74\u7684\u7ecf\u9a8c<\/div>\t\t\t<div class=\"elementor-counter-number-wrapper\">\n\t\t\t\t<span class=\"elementor-counter-number-prefix\"><\/span>\n\t\t\t\t<span class=\"elementor-counter-number\" data-duration=\"2000\" data-to-value=\"12\" data-from-value=\"0\">0<\/span>\n\t\t\t\t<span class=\"elementor-counter-number-suffix\">+<\/span>\n\t\t\t<\/div>\n\t\t<\/div>\n\t\t\t\t\t\t<\/div>\n\t\t\t\t<\/div>\n\t\t\t\t\t<\/div>\n\t\t<\/div>\n\t\t\t\t\t<\/div>\n\t\t<\/section>\n\t\t<div class=\"elementor-element elementor-element-8b2c1c7 e-flex e-con-boxed e-con e-parent\" data-id=\"8b2c1c7\" data-element_type=\"container\" data-settings=\"{&quot;_ha_eqh_enable&quot;:false}\">\n\t\t\t\t\t<div class=\"e-con-inner\">\n\t\t<div class=\"elementor-element elementor-element-6548a2f e-con-full e-flex e-con e-child\" data-id=\"6548a2f\" data-element_type=\"container\" data-settings=\"{&quot;_ha_eqh_enable&quot;:false}\">\n\t\t\t\t<div class=\"elementor-element elementor-element-bba8151 elementor-widget elementor-widget-image\" data-id=\"bba8151\" data-element_type=\"widget\" data-widget_type=\"image.default\">\n\t\t\t\t<div class=\"elementor-widget-container\">\n\t\t\t\t\t\t\t\t\t\t\t\t\t\t\t<img decoding=\"async\" width=\"1000\" height=\"667\" src=\"https:\/\/hntshipping.com.vn\/wp-content\/uploads\/2023\/10\/business-strategy-success-target-goals.jpg\" class=\"attachment-full size-full wp-image-1949\" alt=\"\" srcset=\"https:\/\/hntshipping.com.vn\/wp-content\/uploads\/2023\/10\/business-strategy-success-target-goals.jpg 1000w, https:\/\/hntshipping.com.vn\/wp-content\/uploads\/2023\/10\/business-strategy-success-target-goals-300x200.jpg 300w, https:\/\/hntshipping.com.vn\/wp-content\/uploads\/2023\/10\/business-strategy-success-target-goals-768x512.jpg 768w\" sizes=\"(max-width: 1000px) 100vw, 1000px\" \/>\t\t\t\t\t\t\t\t\t\t\t\t\t\t\t<\/div>\n\t\t\t\t<\/div>\n\t\t\t\t<\/div>\n\t\t<div class=\"elementor-element elementor-element-6336c78 e-con-full e-flex e-con e-child\" data-id=\"6336c78\" data-element_type=\"container\" data-settings=\"{&quot;_ha_eqh_enable&quot;:false}\">\n\t\t\t\t<div class=\"elementor-element elementor-element-636af73 elementor-widget elementor-widget-heading\" data-id=\"636af73\" data-element_type=\"widget\" data-widget_type=\"heading.default\">\n\t\t\t\t<div class=\"elementor-widget-container\">\n\t\t\t\t\t<h2 class=\"elementor-heading-title elementor-size-default\">\u613f\u666f<\/h2>\t\t\t\t<\/div>\n\t\t\t\t<\/div>\n\t\t\t\t<div class=\"elementor-element elementor-element-7319d06 elementor-widget elementor-widget-text-editor\" data-id=\"7319d06\" data-element_type=\"widget\" data-widget_type=\"text-editor.default\">\n\t\t\t\t<div class=\"elementor-widget-container\">\n\t\t\t\t\t\t\t\t\t\u76ee\u6807\uff0c\u6211\u4eec\u7684\u76ee\u6807\u662f\u6210\u4e3a\u4e3b\u5bfc\u7684\u5355\u5143\uff0c\u7269\u6d41\u884c\u4e1a\u7684\u56fd\u5bb6\u3002 \u5e0c\u671b\u662f\u6df1\u8fdc\u7684\uff0c\u5728\u6574\u4e2a\u4e9a\u6d32\u548c\u4e16\u754c\u3002\t\t\t\t\t\t\t\t<\/div>\n\t\t\t\t<\/div>\n\t\t\t\t<\/div>\n\t\t\t\t\t<\/div>\n\t\t\t\t<\/div>\n\t\t<div class=\"elementor-element elementor-element-8b96e43 e-flex e-con-boxed e-con e-parent\" data-id=\"8b96e43\" data-element_type=\"container\" data-settings=\"{&quot;_ha_eqh_enable&quot;:false}\">\n\t\t\t\t\t<div class=\"e-con-inner\">\n\t\t<div class=\"elementor-element elementor-element-ecf4639 e-con-full e-flex e-con e-child\" data-id=\"ecf4639\" data-element_type=\"container\" data-settings=\"{&quot;_ha_eqh_enable&quot;:false}\">\n\t\t\t\t<div class=\"elementor-element elementor-element-4ca61ed elementor-widget elementor-widget-heading\" data-id=\"4ca61ed\" data-element_type=\"widget\" data-widget_type=\"heading.default\">\n\t\t\t\t<div class=\"elementor-widget-container\">\n\t\t\t\t\t<h2 class=\"elementor-heading-title elementor-size-default\">\u7279\u6d3e\u56e2<\/h2>\t\t\t\t<\/div>\n\t\t\t\t<\/div>\n\t\t\t\t<div class=\"elementor-element elementor-element-7d6cb5b elementor-widget elementor-widget-text-editor\" data-id=\"7d6cb5b\" data-element_type=\"widget\" data-widget_type=\"text-editor.default\">\n\t\t\t\t<div class=\"elementor-widget-container\">\n\t\t\t\t\t\t\t\t\t<p><span style=\"font-weight: 400;\">\u6211\u4eec\u662f\u4f60\u4eec\u7684\u4fe1\u4efb\u2013\u6211\u4eec\u662f\u4f60\u7684\u4fe1\u4ef0<\/span><\/p><p><span style=\"font-weight: 400;\">\u4f9b\u5e94\u5546\u670d\u52a1\u3001\u732e\u8eab\u7cbe\u795e\u548c\u4e13\u4e1a\u5728\u5de5\u4e1a\u3001\u8fdb\u51fa\u53e3\u670d\u52a1\uff0c\u56fd\u9645\u822a\u8fd0\uff0c\u540c\u6837\u7684\u5c0a\u91cd\u7684\u4fe1\u4efb\uff0c\u6211\u4eec\u7684\u5ba2\u6237\u7ed9\u4e88\u4fe1\u4efb\uff0c\u9009\u62e9\u6211\u4eec\u3002<\/span><\/p>\t\t\t\t\t\t\t\t<\/div>\n\t\t\t\t<\/div>\n\t\t\t\t<\/div>\n\t\t<div class=\"elementor-element elementor-element-ec389b6 e-con-full e-flex e-con e-child\" data-id=\"ec389b6\" data-element_type=\"container\" data-settings=\"{&quot;_ha_eqh_enable&quot;:false}\">\n\t\t\t\t<div class=\"elementor-element elementor-element-c9dddd5 elementor-widget elementor-widget-image\" data-id=\"c9dddd5\" data-element_type=\"widget\" data-widget_type=\"image.default\">\n\t\t\t\t<div class=\"elementor-widget-container\">\n\t\t\t\t\t\t\t\t\t\t\t\t\t\t\t<img loading=\"lazy\" decoding=\"async\" width=\"1000\" height=\"563\" src=\"https:\/\/hntshipping.com.vn\/wp-content\/uploads\/2023\/10\/digital-increasing-bar-graph-with-businessman-hand-overlay.jpg\" class=\"attachment-full size-full wp-image-1948\" alt=\"\" srcset=\"https:\/\/hntshipping.com.vn\/wp-content\/uploads\/2023\/10\/digital-increasing-bar-graph-with-businessman-hand-overlay.jpg 1000w, https:\/\/hntshipping.com.vn\/wp-content\/uploads\/2023\/10\/digital-increasing-bar-graph-with-businessman-hand-overlay-300x169.jpg 300w, https:\/\/hntshipping.com.vn\/wp-content\/uploads\/2023\/10\/digital-increasing-bar-graph-with-businessman-hand-overlay-768x432.jpg 768w\" sizes=\"(max-width: 1000px) 100vw, 1000px\" \/>\t\t\t\t\t\t\t\t\t\t\t\t\t\t\t<\/div>\n\t\t\t\t<\/div>\n\t\t\t\t<\/div>\n\t\t\t\t\t<\/div>\n\t\t\t\t<\/div>\n\t\t<div class=\"elementor-element elementor-element-81e7fc1 e-flex e-con-boxed e-con e-parent\" data-id=\"81e7fc1\" data-element_type=\"container\" data-settings=\"{&quot;_ha_eqh_enable&quot;:false}\">\n\t\t\t\t\t<div class=\"e-con-inner\">\n\t\t<div class=\"elementor-element elementor-element-a85433b e-con-full e-flex e-con e-child\" data-id=\"a85433b\" data-element_type=\"container\" data-settings=\"{&quot;_ha_eqh_enable&quot;:false}\">\n\t\t\t\t<div class=\"elementor-element elementor-element-a17b731 elementor-widget elementor-widget-image\" data-id=\"a17b731\" data-element_type=\"widget\" data-widget_type=\"image.default\">\n\t\t\t\t<div class=\"elementor-widget-container\">\n\t\t\t\t\t\t\t\t\t\t\t\t\t\t\t<img loading=\"lazy\" decoding=\"async\" width=\"1000\" height=\"759\" src=\"https:\/\/hntshipping.com.vn\/wp-content\/uploads\/2023\/10\/standard-quality-control-concept-m.jpg\" class=\"attachment-full size-full wp-image-1950\" alt=\"\" srcset=\"https:\/\/hntshipping.com.vn\/wp-content\/uploads\/2023\/10\/standard-quality-control-concept-m.jpg 1000w, https:\/\/hntshipping.com.vn\/wp-content\/uploads\/2023\/10\/standard-quality-control-concept-m-300x228.jpg 300w, https:\/\/hntshipping.com.vn\/wp-content\/uploads\/2023\/10\/standard-quality-control-concept-m-768x583.jpg 768w\" sizes=\"(max-width: 1000px) 100vw, 1000px\" \/>\t\t\t\t\t\t\t\t\t\t\t\t\t\t\t<\/div>\n\t\t\t\t<\/div>\n\t\t\t\t<\/div>\n\t\t<div class=\"elementor-element elementor-element-cecd998 e-con-full e-flex e-con e-child\" data-id=\"cecd998\" data-element_type=\"container\" data-settings=\"{&quot;_ha_eqh_enable&quot;:false}\">\n\t\t\t\t<div class=\"elementor-element elementor-element-762f063 elementor-widget elementor-widget-heading\" data-id=\"762f063\" data-element_type=\"widget\" data-widget_type=\"heading.default\">\n\t\t\t\t<div class=\"elementor-widget-container\">\n\t\t\t\t\t<h2 class=\"elementor-heading-title elementor-size-default\">\u5ea7\u53f3\u94ed<\/h2>\t\t\t\t<\/div>\n\t\t\t\t<\/div>\n\t\t\t\t<div class=\"elementor-element elementor-element-5d8dd1c elementor-widget elementor-widget-text-editor\" data-id=\"5d8dd1c\" data-element_type=\"widget\" data-widget_type=\"text-editor.default\">\n\t\t\t\t<div class=\"elementor-widget-container\">\n\t\t\t\t\t\t\t\t\t<p><span style=\"font-weight: 400;\">\u4e3b\u8981\u6d3b\u52a8\u9886\u57df\uff1a\u8fd0\u8f93\u670d\u52a1\u3001\u6d77\u8fd0\u670d\u52a1\u3001\u8fd0\u8f93\u670d\u52a1\u3001\u516c\u8def\u8d27\u8fd0\u670d\u52a1\u3001\u94c1\u8def\u8fd0\u8f93\u670d\u52a1\uff0c\u8d27\u8fd0\u4ee3\u7406\u3001\u4ed3\u5e93\u670d\u52a1\u3001\u6d77\u5173\u8fdb\u53e3\u548c\u51fa\u53e3\u8d27\u7269\u3001\u7269\u6d41\u670d\u52a1\u3001\u8d27\u7269\u8d27\u8fd0\u8f93\u670d\u52a1\u5176\u4ed6<\/span><\/p>\t\t\t\t\t\t\t\t<\/div>\n\t\t\t\t<\/div>\n\t\t\t\t<\/div>\n\t\t\t\t\t<\/div>\n\t\t\t\t<\/div>\n\t\t\t\t<\/div>","protected":false},"excerpt":{"rendered":"<p>K\u00ednh g\u1eedi Qu\u00fd kh\u00e1ch h\u00e0ng, Ch\u00e0o m\u1eebng Qu\u00fd kh\u00e1ch \u0111\u1ebfn v\u1edbi C\u00f4ng ty TNHH Th\u01b0\u01a1ng M\u1ea1i Giao Nh\u1eadn V\u1eadn T\u1ea3i HNT &#8211; nh\u00e0 cung c\u1ea5p d\u1ecbch v\u1ee5 Logistics uy t\u00edn h\u00e0ng \u0111\u1ea7u Vi\u1ec7t Nam. V\u1edbi h\u01a1n 12 n\u0103m kinh nghi\u1ec7m trong l\u0129nh v\u1ef1c logistics, ch\u00fang t\u00f4i t\u1ef1 h\u00e0o l\u00e0 \u0111\u01a1n v\u1ecb ti\u00ean phong cung c\u1ea5p [&hellip;]<\/p>","protected":false},"author":1,"featured_media":0,"parent":0,"menu_order":0,"comment_status":"closed","ping_status":"closed","template":"","meta":{"footnotes":""},"class_list":["post-1603","page","type-page","status-publish","hentry"],"rankmath_keywords":{"primary":"","secondary":[""]},"yoast_keywords":{"primary":"","secondary":[]},"yoast_focuskw":"","rankmath_focuskw":"","seo_keywords":{"primary":"","secondary":[""]},"_links":{"self":[{"href":"https:\/\/hntshipping.com.vn\/zh\/wp-json\/wp\/v2\/pages\/1603","targetHints":{"allow":["GET"]}}],"collection":[{"href":"https:\/\/hntshipping.com.vn\/zh\/wp-json\/wp\/v2\/pages"}],"about":[{"href":"https:\/\/hntshipping.com.vn\/zh\/wp-json\/wp\/v2\/types\/page"}],"author":[{"embeddable":true,"href":"https:\/\/hntshipping.com.vn\/zh\/wp-json\/wp\/v2\/users\/1"}],"replies":[{"embeddable":true,"href":"https:\/\/hntshipping.com.vn\/zh\/wp-json\/wp\/v2\/comments?post=1603"}],"version-history":[{"count":49,"href":"https:\/\/hntshipping.com.vn\/zh\/wp-json\/wp\/v2\/pages\/1603\/revisions"}],"predecessor-version":[{"id":2166,"href":"https:\/\/hntshipping.com.vn\/zh\/wp-json\/wp\/v2\/pages\/1603\/revisions\/2166"}],"wp:attachment":[{"href":"https:\/\/hntshipping.com.vn\/zh\/wp-json\/wp\/v2\/media?parent=1603"}],"curies":[{"name":"wp","href":"https:\/\/api.w.org\/{rel}","templated":true}]}}