{"id":2182,"date":"2023-10-19T16:29:32","date_gmt":"2023-10-19T16:29:32","guid":{"rendered":"https:\/\/hnt.h216182.dpsmedia.vn\/?page_id=2182"},"modified":"2023-11-14T18:37:50","modified_gmt":"2023-11-14T11:37:50","slug":"giao-nhan-van-chuyen","status":"publish","type":"page","link":"https:\/\/hntshipping.com.vn\/zh\/giao-nhan-van-chuyen\/","title":{"rendered":"\u8fd0\u8f93\u670d\u52a1"},"content":{"rendered":"<div data-elementor-type=\"wp-page\" data-elementor-id=\"2182\" class=\"elementor elementor-2182\" data-elementor-settings=\"{&quot;ha_cmc_init_switcher&quot;:&quot;no&quot;}\" data-elementor-post-type=\"page\">\n\t\t\t\t<div class=\"elementor-element elementor-element-7cf08a2 e-con-full e-flex e-con e-parent\" data-id=\"7cf08a2\" data-element_type=\"container\" data-settings=\"{&quot;_ha_eqh_enable&quot;:false}\">\n\t\t<div class=\"elementor-element elementor-element-b46acb3 e-flex e-con-boxed e-con e-child\" data-id=\"b46acb3\" data-element_type=\"container\" data-settings=\"{&quot;background_background&quot;:&quot;classic&quot;,&quot;_ha_eqh_enable&quot;:false}\">\n\t\t\t\t\t<div class=\"e-con-inner\">\n\t\t\t\t<div class=\"elementor-element elementor-element-6934fa1 elementor-widget elementor-widget-spacer\" data-id=\"6934fa1\" data-element_type=\"widget\" data-widget_type=\"spacer.default\">\n\t\t\t\t<div class=\"elementor-widget-container\">\n\t\t\t\t\t\t\t<div class=\"elementor-spacer\">\n\t\t\t<div class=\"elementor-spacer-inner\"><\/div>\n\t\t<\/div>\n\t\t\t\t\t\t<\/div>\n\t\t\t\t<\/div>\n\t\t\t\t<div class=\"elementor-element elementor-element-db10642 elementor-widget elementor-widget-spacer\" data-id=\"db10642\" data-element_type=\"widget\" data-widget_type=\"spacer.default\">\n\t\t\t\t<div class=\"elementor-widget-container\">\n\t\t\t\t\t\t\t<div class=\"elementor-spacer\">\n\t\t\t<div class=\"elementor-spacer-inner\"><\/div>\n\t\t<\/div>\n\t\t\t\t\t\t<\/div>\n\t\t\t\t<\/div>\n\t\t\t\t\t<\/div>\n\t\t\t\t<\/div>\n\t\t<div class=\"elementor-element elementor-element-5f6e01b e-flex e-con-boxed e-con e-child\" data-id=\"5f6e01b\" data-element_type=\"container\" data-settings=\"{&quot;_ha_eqh_enable&quot;:false}\">\n\t\t\t\t\t<div class=\"e-con-inner\">\n\t\t\t\t<div class=\"elementor-element elementor-element-6afb4fe elementor-widget elementor-widget-text-editor\" data-id=\"6afb4fe\" data-element_type=\"widget\" data-widget_type=\"text-editor.default\">\n\t\t\t\t<div class=\"elementor-widget-container\">\n\t\t\t\t\t\t\t\t\t<p>\u4eca\u5929\u7684\u9700\u6c42\u7684\u8fd0\u8f93\u516c\u53f8\u90fd\u5fc5\u9700\u54c1\uff0c\u5e76\u4f7f\u7528\u7684\u8bb8\u591a\u4eba\u3002 \u56e0\u6b64\uff0c\u8bb8\u591a\u8fd0\u8f93\u65b9\u6cd5\uff0c\u4eca\u5929\uff0c\u5176\u65b9\u5f0f\u662f? \u5e94\u8be5\u4f7f\u7528\u7684\u8d27\u8fd0\u670d\u52a1\u7684\u4ec0\u4e48\u5355\u4f4d\uff1f \u8bf7\u4f60\u8bfb\u901a\u8fc7\u7684\u6761\u4e0b\u9762\uff01<\/p><h2 class=\"wp-block-heading\">\u4e00\u5207\u6709\u5173\u65b9\u6cd5\u7684\u4ea4\u4ed8\u8fd0\u8f93<\/h2><h3 id=\"h-cac-ph\u01b0\u01a1ng-th\u1ee9c-v\u1eadn-chuy\u1ec3n-hang-hoa-ph\u1ed5-bi\u1ebfn-hi\u1ec7n-nay\" class=\"wp-block-heading\">\u8be5\u65b9\u6cd5\u7684\u8d27\u7269\u6d41\u884c\u7684\u4eca\u5929<\/h3><p>\u76ee\u524d\uff0c\u67095\u4e2a\u65b9\u6cd5\u4f20\u8f93\u7684\u5171\u540c\u8981\u5e94\u7528\u662f\uff1a<\/p><h4 class=\"wp-block-heading\">1. \u9053\u8def\u8fd0\u8f93<\/h4><div id=\"attachment_2416\" style=\"width: 1210px\" class=\"wp-caption aligncenter\"><img fetchpriority=\"high\" decoding=\"async\" aria-describedby=\"caption-attachment-2416\" class=\"wp-image-2416 size-full\" src=\"https:\/\/hntshipping.com.vn\/wp-content\/uploads\/2023\/11\/a2.jpg\" alt=\"\u516c\u8def\u8fd0\u8f93\u6a21\u5f0f\u7684\u8d27\u8fd0\u6700\u6d41\u884c\u7684\u4eca\u5929\" width=\"1200\" height=\"800\" srcset=\"https:\/\/hntshipping.com.vn\/wp-content\/uploads\/2023\/11\/a2.jpg 1200w, https:\/\/hntshipping.com.vn\/wp-content\/uploads\/2023\/11\/a2-300x200.jpg 300w, https:\/\/hntshipping.com.vn\/wp-content\/uploads\/2023\/11\/a2-1024x683.jpg 1024w, https:\/\/hntshipping.com.vn\/wp-content\/uploads\/2023\/11\/a2-768x512.jpg 768w\" sizes=\"(max-width: 1200px) 100vw, 1200px\" \/><p id=\"caption-attachment-2416\" class=\"wp-caption-text\">\u516c\u8def\u8fd0\u8f93\u6a21\u5f0f\u7684\u8d27\u8fd0\u6700\u6d41\u884c\u7684\u4eca\u5929<\/p><\/div><p>\u8fd9\u662f\u8fd0\u8f93\u65b9\u6cd5\uff0c\u4f7f\u7528\u79fb\u52a8\u8f66\u8f86\uff0c\u5982\u6c7d\u8f66\u3001\u5361\u8f66\u3001\u96c6\u88c5\u7bb1\u3001\u62d6\u8f66\u62d6\u6c7d\u8f66\uff0c...\u6765\u8fd0\u8f93\u8d27\u7269\u7684\u5408\u4f5c\u4f19\u4f34\u7684\u5ba2\u6237\u3002<\/p><h5 class=\"wp-block-heading\">\u4f18\u70b9<\/h5><ul><li>\u7075\u6d3b\u7684\uff0c\u53ef\u4ee5\u8fd0\u8f93\u7684\u8d27\u7269\u7684\u4efb\u4f55\u5730\u70b9\uff0c\u5305\u62ec\u4f4d\u7f6e\u7684\u56f0\u96be\u548c\u5b64\u7acb\u3002<\/li><li>\u8fd0\u8f93\u65f6\u95f4\u77ed\uff0c\u6309\u7167\u7c7b\u578b\u7684\u8d27\u7269\u8fd0\u8f93\u901f\u5ea6\u66f4\u5feb\u3002<\/li><li>\u53ef\u4ee5\u8fd0\u8f93\u7684\u8d27\u7269\u5728\u5927\u91cf\u3002<\/li><li>\u8fd0\u8f93\u6210\u672c\u76f8\u5bf9\u8f83\u4f4e\u3002<\/li><\/ul><h5 class=\"wp-block-heading\">\u5f0a<\/h5><ul><li>\u6d88\u8017\u71c3\u6599\u548c\u73af\u5883\u7684\u6c61\u67d3\u3002<\/li><li>\u8fd0\u8f93\u7684\u80fd\u529b\u662f\u6709\u9650\u7684\u6761\u4ef6\u3001\u5730\u5f62\u3001\u5929\u6c14\u3002<\/li><li>\u8d27\u8fd0\u8d39\u7528\u53ef\u80fd\u9ad8\u7684\uff0c\u5f53\u8fd0\u9001\u8d27\u7269\u5728\u5f88\u957f\u7684\u8ddd\u79bb\u3002<\/li><\/ul><p>\u516c\u8def\u8fd0\u8f93\u6a21\u5f0f\u7684\u8d27\u8fd0\u6700\u6d41\u884c\u7684\u4eca\u5929\uff0c\u5360\u5927\u7ea670%\u7684\u603b\u91cf\u7684\u8d27\u7269\u53d1\u8fd0\u7684\u4e16\u754c\u3002 \u8fd9\u79cd\u65b9\u6cd5\u662f\u5408\u9002\u7684\u90a3\u79cd\u5927\u4f17\u5a92\u4ecb\u548c\u5c0f\u578b\u7684\uff0c\u9700\u8981\u5feb\u6377\u7684\u8fd0\u8f93\u548c\u7075\u6d3b\u6027\u3002<\/p><h4 class=\"wp-block-heading\">2. \u6d77\u8fd0<\/h4><div id=\"attachment_2417\" style=\"width: 1210px\" class=\"wp-caption aligncenter\"><img decoding=\"async\" aria-describedby=\"caption-attachment-2417\" class=\"wp-image-2417 size-full\" src=\"https:\/\/hntshipping.com.vn\/wp-content\/uploads\/2023\/11\/a3.jpg\" alt=\"\u6d77\u6d0b\u4e5f\u662f\u4e00\u4e2a\u65b9\u6cd5\u88c5\u8fd0\u7684\u8d27\u8fd0\u90fd\u8d5e\u6210\" width=\"1200\" height=\"800\" srcset=\"https:\/\/hntshipping.com.vn\/wp-content\/uploads\/2023\/11\/a3.jpg 1200w, https:\/\/hntshipping.com.vn\/wp-content\/uploads\/2023\/11\/a3-300x200.jpg 300w, https:\/\/hntshipping.com.vn\/wp-content\/uploads\/2023\/11\/a3-1024x683.jpg 1024w, https:\/\/hntshipping.com.vn\/wp-content\/uploads\/2023\/11\/a3-768x512.jpg 768w\" sizes=\"(max-width: 1200px) 100vw, 1200px\" \/><p id=\"caption-attachment-2417\" class=\"wp-caption-text\">\u6d77\u6d0b\u4e5f\u662f\u4e00\u4e2a\u65b9\u6cd5\u88c5\u8fd0\u7684\u8d27\u8fd0\u90fd\u8d5e\u6210<\/p><\/div><p>\u8fd9\u662f\u8be5\u6a21\u5f0f\u7684\u8fd0\u4f7f\u7528\u7684\u8239\u53ea\u6765\u8fd0\u8f93\u8d27\u7269\u4e0a\u6d77\u3002<\/p><h5 class=\"wp-block-heading\">\u4f18\u70b9<\/h5><ul><li>\u80fd\u591f\u8fd0\u8f93\u5927\u91cf\u8d27\u7269\u53ef\u4ee5\u8fbe\u5230\u6570\u767e\u4e07\u5428\u3002<\/li><li>\u8fd0\u8f93\u6210\u672c\u5f88\u4f4e\uff0c\u4e00\u81f4\u540c\u7c7b\u578b\u7684\u9910\u5385\u6709\u4e00\u5927\u6279\u91cf\u3001\u8fd0\u8f93\u8ddd\u79bb\u957f\u3002<\/li><li>\u53ef\u4ee5\u8fd0\u8f93\u7684\u8d27\u7269\u7684\u4efb\u4f55\u56fd\u5bb6\u5728\u4e16\u754c\u3002<\/li><li>\u8fd0\u8f93\u65f6\u95f4\u957f\uff0c\u5728\u6309\u7167\u7c7b\u578b\u7684\u8d27\u7269\u4e0d\u9700\u8981\u5feb\u901f\u7684\u8fd0\u8f93\u3002<\/li><\/ul><h5 class=\"wp-block-heading\">\u5f0a<\/h5><ul><li>\u8fd0\u8f93\u65f6\u95f4\u957f\uff0c\u53ef\u957f\u8fbe\u6570\u5468\u6216\u6570\u6708\u3002<\/li><li>\u53d6\u51b3\u4e8e\u5929\u6c14\u6761\u4ef6\u4e0b\uff0c\u6ce2\u6d9b\u6c79\u6d8c\u7684\u5927\u6d77\u53ef\u4ee5\u5f71\u54cd\u5b89\u5168\u3002<\/li><li>\u7684\u7684\u901a\u4fe1\u80fd\u529b\u662f\u9650\u4e8e\u5730\u7406\u6761\u4ef6\uff0c\u4f8b\u5982\uff0c\u53ef\u4ee5\u4e0d\u901a\u8fc7\u5185\u9646\u6c34\u9053\u3002<\/li><\/ul><p>\u6d77\u4e0a\u8fd0\u8f93\u65b9\u5f0f\u7684\u8fd0\u8f93\u4e2d\u6700\u91cd\u8981\u7684\u56fd\u9645\u8d27\u8fd0\uff0c\u7ea6\u536080\uff05\u7684\u603b\u91cf\u7684\u8d27\u7269\u53d1\u8fd0\u7684\u4e16\u754c\u3002 \u8fd9\u79cd\u65b9\u6cd5\u9002\u7528\u6240\u6709\u79cd\u7c7b\u7684\u5927\u91cf\u8fd0\u8f93\u8ddd\u79bb\u957f\uff0c\u4e0d\u9700\u8981\u5feb\u901f\u7684\u8fd0\u8f93\u3002<\/p><h4 class=\"wp-block-heading\">3. \u7a7a\u8fd0<\/h4><div id=\"attachment_2418\" style=\"width: 1210px\" class=\"wp-caption aligncenter\"><img decoding=\"async\" aria-describedby=\"caption-attachment-2418\" class=\"wp-image-2418 size-full\" src=\"https:\/\/hntshipping.com.vn\/wp-content\/uploads\/2023\/11\/a4.jpg\" alt=\"\u7a7a\u8fd0\u662f\u7531\u8bb8\u591a\u4eba\u56e0\u4e3a\u8fd9\u662f\u76f8\u5f53\u5b89\u5168\u548c\u5feb\u901f\u7684\" width=\"1200\" height=\"800\" srcset=\"https:\/\/hntshipping.com.vn\/wp-content\/uploads\/2023\/11\/a4.jpg 1200w, https:\/\/hntshipping.com.vn\/wp-content\/uploads\/2023\/11\/a4-300x200.jpg 300w, https:\/\/hntshipping.com.vn\/wp-content\/uploads\/2023\/11\/a4-1024x683.jpg 1024w, https:\/\/hntshipping.com.vn\/wp-content\/uploads\/2023\/11\/a4-768x512.jpg 768w\" sizes=\"(max-width: 1200px) 100vw, 1200px\" \/><p id=\"caption-attachment-2418\" class=\"wp-caption-text\">\u7a7a\u8fd0\u662f\u7531\u8bb8\u591a\u4eba\u56e0\u4e3a\u8fd9\u662f\u76f8\u5f53\u5b89\u5168\u548c\u5feb\u901f\u7684<\/p><\/div><p>\u7a7a\u4e2d\u8d27\u8fd0\u7684\u8fd0\u8f93\u65b9\u6cd5\u4f7f\u7528\u98de\u673a\u6765\u8fd0\u8f93\u7684\u8d27\u7269\u4e0a\u4e0d\u662f\u3002 \u8fd9\u79cd\u65b9\u6cd5\u5177\u6709\u4f18\u70b9\u548c\u7f3a\u70b9\uff1a<\/p><h5 class=\"wp-block-heading\">\u4f18\u70b9<\/h5><ul><li>\u6301\u7eed\u65f6\u95f4\u6700\u5feb\u7684\u822a\u8fd0\uff0c\u6309\u7167\u7c7b\u578b\u7684\u8d27\u7269\u8fd0\u8f93\u901f\u5ea6\u66f4\u5feb\u3002<\/li><li>\u5b89\u5168\u4e8b\u6545\u53d1\u751f\u7387\u7684\u822a\u7a7a\u975e\u5e38\u4f4e\u3002<\/li><li>\u53ef\u4ee5\u8fd0\u8f93\u7684\u4efb\u4f55\u4f4d\u7f6e\u7684\u4e16\u754c\u3002<\/li><\/ul><h5 class=\"wp-block-heading\">\u5f0a<\/h5><ul><li>\u8fd0\u8f93\u6210\u672c\u9ad8\uff0c\u6839\u636e\u79cd\u7c7b\u7684\u9ad8\u4ef7\u503c\uff0c\u9700\u8981\u5feb\u6377\u7684\u8fd0\u8f93\u3002<\/li><li>\u8fd0\u8f93\u7684\u80fd\u529b\u662f\u6709\u9650\u7684\u91cf\u548c\u5927\u5c0f\u884c\u3002<\/li><li>\u53d6\u51b3\u4e8e\u5929\u6c14\u6761\u4ef6\uff0c\u98ce\u66b4\u53ef\u80fd\u5f71\u54cd\u5b89\u5168\u3002<\/li><\/ul><p>\u7a7a\u8fd0\u662f\u8d27\u65b9\u6839\u636e\u79cd\u7c7b\u7684\u9ad8\u4ef7\u503c\uff0c\u9700\u8981\u5feb\u6377\u7684\u8fd0\u8f93\u3002 \u8fd9\u79cd\u65b9\u6cd5\u901a\u5e38\u7528\u4e8e\u8fd0\u8f93\u8d27\u7269\uff0c\u51fa\u53e3\u8d27\u7269\u3001\u6613\u8150\u8d27\u7269\u7684\u7d27\u6025\u60c5\u51b5\u3002<\/p><h4 class=\"wp-block-heading\">4. \u94c1\u8def\u8fd0\u8f93<\/h4><div id=\"attachment_2419\" style=\"width: 1210px\" class=\"wp-caption aligncenter\"><img loading=\"lazy\" decoding=\"async\" aria-describedby=\"caption-attachment-2419\" class=\"wp-image-2419 size-full\" src=\"https:\/\/hntshipping.com.vn\/wp-content\/uploads\/2023\/11\/a5.png\" alt=\"\u94c1\u8def\u8fd0\u8f93\u4e0d\u90a3\u4e48\u5e38\u89c1\uff0c\u56e0\u4e3a\u7a7a\u4e2d\u3001\u6d77\u4e0a\u548c\u8def\" width=\"1200\" height=\"800\" srcset=\"https:\/\/hntshipping.com.vn\/wp-content\/uploads\/2023\/11\/a5.png 1200w, https:\/\/hntshipping.com.vn\/wp-content\/uploads\/2023\/11\/a5-300x200.png 300w, https:\/\/hntshipping.com.vn\/wp-content\/uploads\/2023\/11\/a5-1024x683.png 1024w, https:\/\/hntshipping.com.vn\/wp-content\/uploads\/2023\/11\/a5-768x512.png 768w\" sizes=\"(max-width: 1200px) 100vw, 1200px\" \/><p id=\"caption-attachment-2419\" class=\"wp-caption-text\">\u94c1\u8def\u8fd0\u8f93\u4e0d\u90a3\u4e48\u5e38\u89c1\uff0c\u56e0\u4e3a\u7a7a\u4e2d\u3001\u6d77\u4e0a\u548c\u8def<\/p><\/div><p>\u94c1\u8def\u8fd0\u8f93\u6a21\u5f0f\u7684\u8d27\u8fd0\u4e2d\u4f7f\u7528\u7684\u7275\u5f15\u8f66\u548c\u8d27\u8f66\u8fd0\u8f93\u8d27\u7269\u00a0<a href=\"https:\/\/vi.wikipedia.org\/wiki\/%C4%90%C6%B0%E1%BB%9Dng_ray\" target=\"_blank\" rel=\"noopener\">\u8f68<\/a>. \u8fd9\u79cd\u65b9\u6cd5\u5177\u6709\u4f18\u70b9\u548c\u7f3a\u70b9\uff1a<\/p><h5 class=\"wp-block-heading\">\u4f18\u70b9<\/h5><ul><li>\u80fd\u591f\u8fd0\u8f93\u5927\u91cf\u8d27\u7269\u53ef\u4ee5\u8fbe\u5230\u6570\u5343\u5428\u3002<\/li><li>\u8fd0\u8f93\u6210\u672c\u5f88\u4f4e\uff0c\u4e00\u81f4\u540c\u7c7b\u578b\u7684\u9910\u5385\u6709\u4e00\u5927\u6279\u91cf\u3001\u8fd0\u8f93\u8ddd\u79bb\u957f\u3002<\/li><li>\u53ef\u4ee5\u4f20\u8f93\u5230\u4efb\u4f55\u5730\u65b9\u7684\u706b\u8f66\u4f1a\u901a\u8fc7\u3002<\/li><li>\u822a\u8fd0\u65f6\u95f4\u7684\u7a33\u5b9a\uff0c\u4e0d\u53d7\u5929\u6c14\u6761\u4ef6\u3002<\/li><li>\u5b89\u5168\u3001\u4e8b\u6545\u7387\u8f68\u4f4e\u3002<\/li><\/ul><h5 class=\"wp-block-heading\">\u5f0a<\/h5><ul><li>\u8fd0\u8f93\u65f6\u95f4\u8d85\u8fc7\u516c\u8def\u8fd0\u8f93\u548c\u7a7a\u4e2d\u8fd0\u8f93\u3002<\/li><li>\u8fd0\u8f93\u7684\u80fd\u529b\u662f\u6709\u9650\u7684\u91cf\u548c\u5927\u5c0f\u884c\u3002<\/li><li>\u53d6\u51b3\u4e8e\u94c1\u8def\u7cfb\u7edf\u4e2d\uff0c\u94c1\u8def\u53ef\u4ee5\u88ab\u635f\u574f\u7684\u585e\u3002<\/li><\/ul><p>\u94c1\u8def\u8fd0\u8f93\u7684\u8fd0\u8f93\u65b9\u6cd5\u4e2d\u7684\u6309\u7167\u7c7b\u578b\u7684\u9910\u5385\u6709\u4e00\u5927\u6279\u91cf\u3001\u8fd0\u8f93\u8ddd\u79bb\u957f\uff0c\u4e0d\u9700\u8981\u5feb\u901f\u7684\u8fd0\u8f93\u3002 \u8fd9\u79cd\u65b9\u6cd5\u901a\u5e38\u7528\u4e8e\u8fd0\u8f93\u8d27\u7269\uff0c\u51fa\u53e3\u8d27\u7269\u3001\u539f\u6599\u3001\u71c3\u6599\u3001\u77ff\u7269...<\/p><h4 class=\"wp-block-heading\">5. \u7ba1\u9053\u8fd0\u8f93<\/h4><div id=\"attachment_2420\" style=\"width: 1210px\" class=\"wp-caption aligncenter\"><img loading=\"lazy\" decoding=\"async\" aria-describedby=\"caption-attachment-2420\" class=\"wp-image-2420 size-full\" src=\"https:\/\/hntshipping.com.vn\/wp-content\/uploads\/2023\/11\/a6.png\" alt=\"\u7ba1\u9053\u8f93\u9001\u4e13\u95e8\u7528\u4e8e\u8fd0\u8f93\u6c14\u4f53\u3001\u6c14...\" width=\"1200\" height=\"800\" srcset=\"https:\/\/hntshipping.com.vn\/wp-content\/uploads\/2023\/11\/a6.png 1200w, https:\/\/hntshipping.com.vn\/wp-content\/uploads\/2023\/11\/a6-300x200.png 300w, https:\/\/hntshipping.com.vn\/wp-content\/uploads\/2023\/11\/a6-1024x683.png 1024w, https:\/\/hntshipping.com.vn\/wp-content\/uploads\/2023\/11\/a6-768x512.png 768w\" sizes=\"(max-width: 1200px) 100vw, 1200px\" \/><p id=\"caption-attachment-2420\" class=\"wp-caption-text\">\u7ba1\u9053\u8f93\u9001\u4e13\u95e8\u7528\u4e8e\u8fd0\u8f93\u6c14\u4f53\u3001\u6c14...<\/p><\/div><p>\u7ba1\u9053\u8fd0\u8f93\u7684\u8fd0\u8f93\u65b9\u6cd5\u4f7f\u7528\u7ba1\u9053\u8f93\u9001\u7684\u5404\u79cd\u6db2\u4f53\u548c\u6c14\u4f53\u3002 \u8fd9\u79cd\u65b9\u6cd5\u5177\u6709\u4f18\u70b9\u548c\u7f3a\u70b9\uff1a<\/p><h5 class=\"wp-block-heading\">\u4f18\u70b9<\/h5><ul><li>\u80fd\u591f\u8fd0\u8f93\u5927\u91cf\u8d27\u7269\u53ef\u4ee5\u8fbe\u5230\u6570\u767e\u4e07\u5428\u3002<\/li><li>\u8fd0\u8f93\u6210\u672c\u5f88\u4f4e\uff0c\u4e00\u81f4\u540c\u7c7b\u578b\u7684\u9910\u5385\u6709\u4e00\u5927\u6279\u91cf\u3001\u8fd0\u8f93\u8ddd\u79bb\u957f\u3002<\/li><li>\u8fd0\u8f93\u65f6\u95f4\u5feb\uff0c\u7a33\u5b9a\u3002<\/li><li>\u5b89\u5168\u3001\u4e8b\u6545\u7387\u7ba1\u4f4e\u3002<\/li><\/ul><h5 class=\"wp-block-heading\">\u5f0a<\/h5><ul><li>\u53ea\u9002\u5408\u4e0e\u6240\u6709\u79cd\u7c7b\u7684\u6db2\u4f53\u548c\u6c14\u4f53\u3002<\/li><li>\u56f0\u96be\u5728\u5efa\u8bbe\u548c\u7ef4\u62a4\u7684\u7ba1\u9053\u7cfb\u7edf\u3002<\/li><li>\u53d6\u51b3\u4e8e\u5730\u5f62\u3001\u5730\u8d28\u5b66\u3002<\/li><\/ul><p>\u6b64\u5916\uff0c\u6709\u4e00\u4e9b\u822a\u8fd0\u6cd5\u50cf\u5176\u4ed6\u5185\u6cb3\u8fd0\u8f93\u3001\u591a\u5f0f\u8054\u8fd0\uff0c\u7ed3\u5408\u8fd0\u8f93...<\/p><p>\u4f60\u5e94\u8be5\u9009\u62e9\u8fd0\u8f93\u65b9\u6cd5\uff0c\u8be5\u65b9\u6cd5\u9002\u5408\u53d6\u51b3\u4e8e\u8bf8\u5982\u79cd\u7c7b\u578b\u7684\u8d27\u7269\u7684\u8d27\u7269\u91cf\u3001\u8303\u56f4\u7684\u8fd0\u8d39\uff0c\u8fd0\u8f93\u65f6\u95f4\u3001\u8fd0\u8f93\u8d39\u7528\uff0c...<\/p><h2 class=\"wp-block-heading\">\u5e94\u8be5\u4f7f\u7528\u8fd0\u8f93\u670d\u52a1\uff0c\u8d27\u8fd0\u7684\u4ec0\u4e48\u5355\u4f4d\uff1f<\/h2><p>\u9ad8\u7684\u80fd\u8d85\u8fc712\u5e74\u7684\u7ecf\u9a8c\u8fdb\u884c\u7684\u670d\u52a1\u4ea4\u4ed8\u8fd0\u8d39\u5305\u4e3a\u6bcf\u4e00\u4e2a\u6c34\u679c\u3001\u9c9c\u9c7c\u51fa\u53e3\u7684\u4ef7\u683c\u3001\u6210\u672c\u7ade\u4e89\u529b\u7684\u4e9a\u6d32\u822a\u7ebf(\u6e2f\u53e3\u56fd\u3001\u65b0\u52a0\u5761\u3001\u6cf0\u56fd\u3001\u9a6c\u6765\u897f\u4e9a)\u548c\u4e2d\u4e1c\u56fd\u5bb6\u3002 \u5c24\u5176\u662f\u8d27\u8fd0\u51b7\u85cf\u96c6\u88c5\u7bb1\u4ee4\u4eba\u96be\u4ee5\u7f6e\u4fe1\u7684\u6fc0\u52b1\u63aa\u65bd\uff0c\u8fd9\u662f\u5f88\u591a\u7684\u5ba2\u6237\u548c\u6d77\u5916\u7684\u8d5e\u8d4f\u3002 \u4ece\u51c6\u5907\u6587\u4ef6\u7f1d\u4ea4\u4ed8\u8fd0\u8d39\u662f\u6211\u4eec\u5bc6\u5207\u76d1\u6d4b\u8fc7\u7a0b\u5f88\u5feb\uff0c\u4f46\u4ecd\u7136\u786e\u4fdd\u6b63\u786e\u7684\u6cd5\u5f8b\u548c\u8d27\u7269\u7684\u8d28\u91cf\u4e0d\u53d7\u5f71\u54cd\u3002<\/p><div id=\"attachment_2421\" style=\"width: 1290px\" class=\"wp-caption aligncenter\"><img loading=\"lazy\" decoding=\"async\" aria-describedby=\"caption-attachment-2421\" class=\"wp-image-2421 size-full\" src=\"https:\/\/hntshipping.com.vn\/wp-content\/uploads\/2023\/11\/a7.jpg\" alt=\"\u670d\u52a1\u3001\u8fd0\u8f93\u8d27\u7269\u7684\u4efb\u4f55\u90e8\u63d0\u4f9b\u4eca\u5929\u662f\u6700\u597d\u7684\u5417\uff1f\" width=\"1280\" height=\"960\" srcset=\"https:\/\/hntshipping.com.vn\/wp-content\/uploads\/2023\/11\/a7.jpg 1280w, https:\/\/hntshipping.com.vn\/wp-content\/uploads\/2023\/11\/a7-300x225.jpg 300w, https:\/\/hntshipping.com.vn\/wp-content\/uploads\/2023\/11\/a7-1024x768.jpg 1024w, https:\/\/hntshipping.com.vn\/wp-content\/uploads\/2023\/11\/a7-768x576.jpg 768w\" sizes=\"(max-width: 1280px) 100vw, 1280px\" \/><p id=\"caption-attachment-2421\" class=\"wp-caption-text\">\u670d\u52a1\u3001\u8fd0\u8f93\u8d27\u7269\u7684\u4efb\u4f55\u90e8\u63d0\u4f9b\u4eca\u5929\u662f\u6700\u597d\u7684\u5417\uff1f<\/p><\/div><p>\u63a5\u89e6\u00a0<a href=\"https:\/\/hntshipping.com.vn\/zh\/\">\u9ad8\u7684\u80fd<\/a>\u00a0\u901a\u8fc7\u70ed\u7ebf0981.655.880(\u592a\u592aThi)\u4ee5\u77e5\u9053\u66f4\u591a\u5173\u4e8e\u6211\u4eec\u7684\u670d\u52a1\u8fd9\u91cc\uff01<\/p>\t\t\t\t\t\t\t\t<\/div>\n\t\t\t\t<\/div>\n\t\t\t\t\t<\/div>\n\t\t\t\t<\/div>\n\t\t\t\t<\/div>\n\t\t\t\t<\/div>","protected":false},"excerpt":{"rendered":"<p>Hi\u1ec7n nay nhu c\u1ea7u giao nh\u1eadn v\u1eadn chuy\u1ec3n \u0111ang l\u00e0 nhu c\u1ea7u c\u1ea7n thi\u1ebft v\u00e0 \u0111\u01b0\u1ee3c nhi\u1ec1u ng\u01b0\u1eddi s\u1eed d\u1ee5ng. V\u1eady c\u00f3 bao nhi\u00eau ph\u01b0\u01a1ng th\u1ee9c v\u1eadn chuy\u1ec3n hi\u1ec7n nay, \u0111\u00f3 l\u00e0 nh\u1eefng ph\u01b0\u01a1ng th\u1ee9c n\u00e0o? N\u00ean s\u1eed d\u1ee5ng d\u1ecbch v\u1ee5 v\u1eadn chuy\u1ec3n h\u00e0ng h\u00f3a c\u1ee7a \u0111\u01a1n v\u1ecb n\u00e0o? M\u1eddi c\u00e1c b\u1ea1n c\u00f9ng t\u00ecm hi\u1ec3u [&hellip;]<\/p>","protected":false},"author":1,"featured_media":0,"parent":0,"menu_order":0,"comment_status":"closed","ping_status":"closed","template":"","meta":{"footnotes":""},"class_list":["post-2182","page","type-page","status-publish","hentry"],"rankmath_keywords":{"primary":"","secondary":[""]},"yoast_keywords":{"primary":"","secondary":[]},"yoast_focuskw":"","rankmath_focuskw":"","seo_keywords":{"primary":"","secondary":[""]},"_links":{"self":[{"href":"https:\/\/hntshipping.com.vn\/zh\/wp-json\/wp\/v2\/pages\/2182","targetHints":{"allow":["GET"]}}],"collection":[{"href":"https:\/\/hntshipping.com.vn\/zh\/wp-json\/wp\/v2\/pages"}],"about":[{"href":"https:\/\/hntshipping.com.vn\/zh\/wp-json\/wp\/v2\/types\/page"}],"author":[{"embeddable":true,"href":"https:\/\/hntshipping.com.vn\/zh\/wp-json\/wp\/v2\/users\/1"}],"replies":[{"embeddable":true,"href":"https:\/\/hntshipping.com.vn\/zh\/wp-json\/wp\/v2\/comments?post=2182"}],"version-history":[{"count":48,"href":"https:\/\/hntshipping.com.vn\/zh\/wp-json\/wp\/v2\/pages\/2182\/revisions"}],"predecessor-version":[{"id":2534,"href":"https:\/\/hntshipping.com.vn\/zh\/wp-json\/wp\/v2\/pages\/2182\/revisions\/2534"}],"wp:attachment":[{"href":"https:\/\/hntshipping.com.vn\/zh\/wp-json\/wp\/v2\/media?parent=2182"}],"curies":[{"name":"wp","href":"https:\/\/api.w.org\/{rel}","templated":true}]}}