{"id":2186,"date":"2023-10-19T16:30:24","date_gmt":"2023-10-19T16:30:24","guid":{"rendered":"https:\/\/hnt.h216182.dpsmedia.vn\/?page_id=2186"},"modified":"2023-11-14T18:35:52","modified_gmt":"2023-11-14T11:35:52","slug":"van-chuyen-hang","status":"publish","type":"page","link":"https:\/\/hntshipping.com.vn\/zh\/van-chuyen-hang\/","title":{"rendered":"\u8fd0\u8d39"},"content":{"rendered":"<div data-elementor-type=\"wp-page\" data-elementor-id=\"2186\" class=\"elementor elementor-2186\" data-elementor-settings=\"{&quot;ha_cmc_init_switcher&quot;:&quot;no&quot;}\" data-elementor-post-type=\"page\">\n\t\t\t\t<div class=\"elementor-element elementor-element-8605eef e-flex e-con-boxed e-con e-parent\" data-id=\"8605eef\" data-element_type=\"container\" data-settings=\"{&quot;_ha_eqh_enable&quot;:false}\">\n\t\t\t\t\t<div class=\"e-con-inner\">\n\t\t<div class=\"elementor-element elementor-element-cbff78a e-flex e-con-boxed e-con e-child\" data-id=\"cbff78a\" data-element_type=\"container\" data-settings=\"{&quot;background_background&quot;:&quot;classic&quot;,&quot;_ha_eqh_enable&quot;:false}\">\n\t\t\t\t\t<div class=\"e-con-inner\">\n\t\t\t\t<div class=\"elementor-element elementor-element-b9bf7a5 elementor-widget elementor-widget-spacer\" data-id=\"b9bf7a5\" data-element_type=\"widget\" data-widget_type=\"spacer.default\">\n\t\t\t\t<div class=\"elementor-widget-container\">\n\t\t\t\t\t\t\t<div class=\"elementor-spacer\">\n\t\t\t<div class=\"elementor-spacer-inner\"><\/div>\n\t\t<\/div>\n\t\t\t\t\t\t<\/div>\n\t\t\t\t<\/div>\n\t\t\t\t<div class=\"elementor-element elementor-element-771e6c0 elementor-widget elementor-widget-spacer\" data-id=\"771e6c0\" data-element_type=\"widget\" data-widget_type=\"spacer.default\">\n\t\t\t\t<div class=\"elementor-widget-container\">\n\t\t\t\t\t\t\t<div class=\"elementor-spacer\">\n\t\t\t<div class=\"elementor-spacer-inner\"><\/div>\n\t\t<\/div>\n\t\t\t\t\t\t<\/div>\n\t\t\t\t<\/div>\n\t\t\t\t\t<\/div>\n\t\t\t\t<\/div>\n\t\t<div class=\"elementor-element elementor-element-5063fa7 e-flex e-con-boxed e-con e-child\" data-id=\"5063fa7\" data-element_type=\"container\" data-settings=\"{&quot;_ha_eqh_enable&quot;:false}\">\n\t\t\t\t\t<div class=\"e-con-inner\">\n\t\t\t\t<div class=\"elementor-element elementor-element-0bd6028 elementor-widget elementor-widget-text-editor\" data-id=\"0bd6028\" data-element_type=\"widget\" data-widget_type=\"text-editor.default\">\n\t\t\t\t<div class=\"elementor-widget-container\">\n\t\t\t\t\t\t\t\t\t<p>\u670d\u52a1\u3001\u6d77\u8fd0\u8d27\u7269\u65b9\u9762\u5177\u6709\u91cd\u8981\u7684\u4f5c\u7528\u5728\u4fc3\u8fdb\u7ecf\u6d4e\u53d1\u5c55\u7684\u793e\u4f1a\uff0c\u521b\u9020\u6709\u5229\u7684\u6761\u4ef6\uff0c\u4e3a\u8d27\u7269\u6d41\u91cf\u3002 \u56e0\u6b64\uff0c\u8be5\u56e0\u7d20\u5f71\u54cd\u670d\u52a1\u7684\u8d27\u8fd0\u662f\u4ec0\u4e48\uff1f \u5e94\u8be5\u4f7f\u7528\u8fd0\u8f93\u5355\u4f4d\u662f\u6700\u597d\u7684\u5417\uff1f \u8bf7\u4f60\u627e\u51fa\u6765\uff01<\/p><h2 id=\"h-t\u1ea5t-t\u1ea7n-t\u1eadt-v\u1ec1-d\u1ecbch-v\u1ee5-v\u1eadn-chuy\u1ec3n-hang-hoa\" class=\"wp-block-heading\">\u4e00\u5207\u6709\u5173\u670d\u52a1\u7684\u8d27\u8fd0<\/h2><p>\u00a0<\/p><div id=\"attachment_2515\" style=\"width: 1210px\" class=\"wp-caption aligncenter\"><img fetchpriority=\"high\" decoding=\"async\" aria-describedby=\"caption-attachment-2515\" class=\"wp-image-2515 size-full\" src=\"https:\/\/hntshipping.com.vn\/wp-content\/uploads\/2023\/11\/g2.jpg\" alt=\"\u670d\u52a1\u3001\u6d77\u8fd0\u8d27\u7269\u65b9\u9762\u5177\u6709\u91cd\u8981\u7684\u4f5c\u7528\u7684\u7ecf\u6d4e\" width=\"1200\" height=\"800\" srcset=\"https:\/\/hntshipping.com.vn\/wp-content\/uploads\/2023\/11\/g2.jpg 1200w, https:\/\/hntshipping.com.vn\/wp-content\/uploads\/2023\/11\/g2-300x200.jpg 300w, https:\/\/hntshipping.com.vn\/wp-content\/uploads\/2023\/11\/g2-1024x683.jpg 1024w, https:\/\/hntshipping.com.vn\/wp-content\/uploads\/2023\/11\/g2-768x512.jpg 768w\" sizes=\"(max-width: 1200px) 100vw, 1200px\" \/><p id=\"caption-attachment-2515\" class=\"wp-caption-text\">\u670d\u52a1\u3001\u6d77\u8fd0\u8d27\u7269\u65b9\u9762\u5177\u6709\u91cd\u8981\u7684\u4f5c\u7528\u7684\u7ecf\u6d4e<\/p><\/div><h3 class=\"wp-block-heading\">\u7684\u4f5c\u7528\u8d27\u8fd0<\/h3><h4 class=\"wp-block-heading\">\u4fc3\u8fdb\u7ecf\u6d4e\u53d1\u5c55\u7684\u793e\u4f1a<\/h4><p>\u8fd9\u9879\u670d\u52a1\u662f\u4e00\u79cd\u91cd\u8981\u7684\u6865\u4e4b\u95f4\u7684\u533a\u57df\u548c\u56fd\u5bb6\uff0c\u5e2e\u52a9\u8d27\u7269\u6d41\u901a\u7684\u4e00\u4e2a\u6709\u5229\u7684\u65b9\u5f0f\u3002 \u8fd9\u6709\u52a9\u4e8e\u4fc3\u8fdb\u53d1\u5c55\u3001\u793e\u4f1a\u2013\u7ecf\u6d4e\u7684\u56fd\u5bb6\uff0c\u63d0\u9ad8\u751f\u6d3b\u6807\u51c6\u7684\u4eba\u3002<\/p><h4 class=\"wp-block-heading\">\u521b\u9020\u6709\u5229\u7684\u6761\u4ef6\uff0c\u8d27\u8fd0\u91cf<\/h4><p>\u8be5\u8fd0\u52a8\u7684\uff0c\u8fd9\u6709\u52a9\u4e8e\u964d\u4f4e\u6210\u672c\u548c\u65f6\u95f4\u7684\u822a\u8fd0\uff0c\u521b\u9020\u6709\u5229\u6761\u4ef6\u7684\u5faa\u73af\u7684\u7c7b\u578b\u7684\u9879\u76ee\u3002 \u8fd9\u6709\u52a9\u4e8e\u4f01\u4e1a\u8282\u7ea6\u6210\u672c\uff0c\u63d0\u9ad8\u4e1a\u52a1\u6548\u7387\u3002<\/p><h4 class=\"wp-block-heading\">\u6709\u52a9\u4e8e\u63d0\u9ad8\u7ade\u4e89\u529b\u7684\u4f01\u4e1a<\/h4><p>\u8fd0\u8d39\u548c\u9ad8\u8d28\u91cf\u6765\u5e2e\u52a9\u4f01\u4e1a\u63d0\u4f9b\u4ea7\u54c1\u7684\u5ba2\u6237\u5feb\u901f\u548c\u53ca\u65f6\u3002 \u8fd9\u6709\u52a9\u4e8e\u4f01\u4e1a\u63d0\u9ad8\u7ade\u4e89\u529b\u7684\u5e02\u573a\u3002<\/p><h4 class=\"wp-block-heading\">\u6709\u52a9\u4e8e\u5f00\u53d1\u8d38\u6613<\/h4><div id=\"attachment_2516\" style=\"width: 1210px\" class=\"wp-caption aligncenter\"><img decoding=\"async\" aria-describedby=\"caption-attachment-2516\" class=\"wp-image-2516 size-full\" src=\"https:\/\/hntshipping.com.vn\/wp-content\/uploads\/2023\/11\/g3.jpg\" alt=\"\u670d\u52a1\u3001\u6d77\u8fd0\u8d27\u7269\u7684\u4fc3\u8fdb\u5546\u4e1a\u53d1\u5c55\" width=\"1200\" height=\"800\" srcset=\"https:\/\/hntshipping.com.vn\/wp-content\/uploads\/2023\/11\/g3.jpg 1200w, https:\/\/hntshipping.com.vn\/wp-content\/uploads\/2023\/11\/g3-300x200.jpg 300w, https:\/\/hntshipping.com.vn\/wp-content\/uploads\/2023\/11\/g3-1024x683.jpg 1024w, https:\/\/hntshipping.com.vn\/wp-content\/uploads\/2023\/11\/g3-768x512.jpg 768w\" sizes=\"(max-width: 1200px) 100vw, 1200px\" \/><p id=\"caption-attachment-2516\" class=\"wp-caption-text\">\u670d\u52a1\u3001\u6d77\u8fd0\u8d27\u7269\u7684\u4fc3\u8fdb\u5546\u4e1a\u53d1\u5c55<\/p><\/div><p>\u8d27\u8fd0\u670d\u52a1\uff0c\u5e2e\u52a9\u4f01\u4e1a\u8fdb\u53e3\u548c\u51fa\u53e3\u6709\u5229\u7684\u65b9\u5f0f\uff0c\u6709\u52a9\u4e8e\u53d1\u5c55\u56fd\u5bb6\u4e4b\u95f4\u7684\u8d38\u6613\u6216\u9886\u571f\u3002<\/p><h4 class=\"wp-block-heading\">\u4fc3\u8fdb\u53d1\u5c55\u7684\u751f\u4ea7<\/h4><p>\u8d27\u8fd0\u670d\u52a1\uff0c\u5e2e\u52a9\u4f01\u4e1a\u8fd0\u539f\u6750\u6599\u548c\u4ea7\u54c1\u4e2d\u7684\u4e00\u4e2a\u5feb\u901f\u7684\u3001\u53ca\u65f6\u7684\uff0c\u6709\u52a9\u4e8e\u63d0\u9ad8\u751f\u4ea7\u6548\u7387\u3002<\/p><h3 class=\"wp-block-heading\">\u4e00\u4e9b\u56e0\u7d20\u5f71\u54cd\u7684\u8fd0\u8f93<\/h3><h4 class=\"wp-block-heading\">\u9879\u76ee\u8fd0<\/h4><p>\u9879\u76ee\u7684\u8fd0\u8f93\u662f\u6700\u91cd\u8981\u7684\u56e0\u7d20\u5f71\u54cd\u5230\u8fd0\u8f93\u670d\u52a1\u3002 \u6bcf\u4e2a\u9879\u76ee\u7c7b\u578b\u90fd\u6709\u5176\u81ea\u8eab\u7684\u7279\u70b9\uff0c\u9700\u8981\u7684\u65b9\u6cd5\u8fd0\u8f93\u548c\u50a8\u5b58\u7684\u4e0d\u540c\u3002<\/p><h5 class=\"wp-block-heading\">\u6b63\u89c4\u7684\u5546\u54c1<\/h5><div id=\"attachment_2517\" style=\"width: 1210px\" class=\"wp-caption aligncenter\"><img decoding=\"async\" aria-describedby=\"caption-attachment-2517\" class=\"wp-image-2517 size-full\" src=\"https:\/\/hntshipping.com.vn\/wp-content\/uploads\/2023\/11\/g4.jpg\" alt=\"\u5546\u54c1\u901a\u5e38\u6ca1\u6709\u7279\u6b8a\u8981\u6c42\u5c06\u4e3b\u8981\u8fd0\u8f93\u901a\u9053\u3001\u9053\u8def \" width=\"1200\" height=\"800\" srcset=\"https:\/\/hntshipping.com.vn\/wp-content\/uploads\/2023\/11\/g4.jpg 1200w, https:\/\/hntshipping.com.vn\/wp-content\/uploads\/2023\/11\/g4-300x200.jpg 300w, https:\/\/hntshipping.com.vn\/wp-content\/uploads\/2023\/11\/g4-1024x683.jpg 1024w, https:\/\/hntshipping.com.vn\/wp-content\/uploads\/2023\/11\/g4-768x512.jpg 768w\" sizes=\"(max-width: 1200px) 100vw, 1200px\" \/><p id=\"caption-attachment-2517\" class=\"wp-caption-text\">\u5546\u54c1\u901a\u5e38\u6ca1\u6709\u7279\u6b8a\u8981\u6c42\u5c06\u4e3b\u8981\u8fd0\u8f93\u901a\u9053\u3001\u9053\u8def<\/p><\/div><p>\u8fd9\u79cd\u7c7b\u578b\u7684\u88c5\u8fd0\u901a\u5e38\u662f\u9910\u5385\uff0c\u4e0d\u9700\u8981\u7279\u6b8a\u9700\u8981\u6709\u5173\u8fd0\u8f93\u7684\u65b9\u6cd5\uff0c\u5e76\u4e14\u4fdd\u7559\u3002 \u8ba2\u5355\uff0c\u901a\u5e38\u53ef\u4ee5\u53d1\u8d27\u901a\u8fc7\u591a\u79cd\u8fd0\u8f93\u65b9\u6cd5\u4e0d\u540c\uff0c\u4f8b\u5982\u9053\u8def\u3001\u6c34\u8def\u3001\u7a7a\u6c14...<\/p><h5 class=\"wp-block-heading\">\u6613\u8150\u8d27\u7269<\/h5><p>\u7c7b\u578b\u7684\u6613\u788e\u7269\u54c1\u5f88\u5bb9\u6613\u635f\u574f\u7684\u8fd0\u8f93\u8fc7\u7a0b\u3002 \u6613\u8150\u8d27\u7269\u7684\u9700\u8981\u8fd0\u9001\u7684\u88c5\u7f6e\u7684\u6e29\u548c\u3001\u614e\u91cd\u3002 \u8fd0\u9001\u65b9\u6839\u636e\u6613\u8150\u8d27\u7269\u7684\u516c\u8def\u3001\u94c1\u8def\u3001\u7a7a\u6c14\u3002<\/p><h4 class=\"wp-block-heading\">\u8fc7\u5883\u8ddd\u79bb<\/h4><p>\u8fc7\u5883\u7684\u8ddd\u79bb\u8d8a\u8fdc\uff0c\u8fd0\u8f93\u8d39\u7528\u66f4\u9ad8\u3002 \u8fd9\u662f\u7531\u4e8e\u8fd0\u8f93\u8d39\u7528\u3001\u5305\u62ec\u71c3\u6599\u8d39\u3001\u4eba\u5de5\u8d39\u3001\u4fdd\u9669\u8d39\u7528\uff0c...<\/p><h4 class=\"wp-block-heading\">\u8fd0\u8d39\u65f6\u95f4<\/h4><p>\u8fd0\u8f93\u65f6\u95f4\u77ed\u4e3a\u968f\u540e\u7684\u8fd0\u8f93\u6210\u672c\u662f\u8f83\u9ad8\u7684\u3002 \u8fd9\u662f\u7531\u4e8e\u65b9\u6cd5\u7684\u8fd0\u8d39\u901a\u5e38\u5177\u6709\u66f4\u9ad8\u7684\u6210\u672c\u7684\u8fd0\u8f93\u65b9\u5f0f\u7f13\u6162\u3002<\/p><h4 class=\"wp-block-heading\">\u8fd0\u8f93\u6210\u672c<\/h4><p>\u8fd0\u8f93\u6210\u672c\u662f\u6700\u91cd\u8981\u7684\u56e0\u7d20\u5f71\u54cd\u7684\u51b3\u5b9a\u9009\u62e9\u8fd0\u8f93\u670d\u52a1\u7684\u5ba2\u6237\u3002 \u8fd0\u8f93\u6210\u672c\u53d6\u51b3\u4e8e\u8bb8\u591a\u56e0\u7d20\uff0c\u4f8b\u5982\u79cd\u7c7b\u578b\u7684\u4ea4\u901a\u5de5\u5177\u3001\u8ddd\u79bb\u3001\u8fd0\u8f93\u65f6\u95f4\u3001\u8fd0\u8f93\u3001...<\/p><h4 class=\"wp-block-heading\">\u5c40\u52bf\u7684\u793e\u4f1a\u7ecf\u6d4e<\/h4><p>\u5c40\u52bf\u7684\u793e\u4f1a\u7ecf\u6d4e\u5f71\u54cd\u7684\u8981\u6c42\u7528\u4e8e\u8fd0\u8f93\u8d27\u7269\u3002 \u5f53\u7ecf\u6d4e\u589e\u957f\u7684\u9700\u6c42\u7684\u8fd0\u8f93\u5c06\u4f1a\u589e\u52a0\u3002<\/p><h4 class=\"wp-block-heading\">\u57fa\u7840\u8bbe\u65bd\u7684\u4ea4\u901a<\/h4><p>\u57fa\u7840\u8bbe\u65bd\u548c\u4ea4\u901a\u4fbf\u5229\u5c06\u6709\u52a9\u4e8e\u51cf\u5c11\u8fd0\u8f93\u6210\u672c\u548c\u8fd0\u8f93\u65f6\u95f4\u3002<\/p><h4 class=\"wp-block-heading\">\u56fd\u5bb6\u7684\u653f\u7b56<\/h4><p>\u56fd\u5bb6\u7684\u653f\u7b56\u4e0a\u7684\u8fd0\u8f93\uff0c\u4e5f\u53ef\u4ee5\u5f71\u54cd\u8fd0\u8f93\u670d\u52a1\u3002<\/p><h3 class=\"wp-block-heading\">\u8be5\u6807\u51c6\u7528\u4e8e\u8bc4\u4ef7\u8d27\u8fd0\u670d\u52a1<\/h3><h4 class=\"wp-block-heading\">\u5b89\u5168<\/h4><p>\u8fd9\u662f\u6700\u91cd\u8981\u7684\u6807\u51c6\u8fdb\u884c\u8bc4\u4f30\u65f6\uff0c\u8d27\u8fd0\u670d\u52a1\u3002 \u8d27\u7269\u662f\u5b89\u5168\u7684\u822a\u8fd0\u4e0d\u53d7\u5230\u635f\u574f\u3001\u4e22\u5931\u3001\u4e22\u5931\u5728\u8d27\u8fd0\u8fc7\u7a0b\u3002<\/p><h4 class=\"wp-block-heading\">\u51c6\u786e\u5ea6<\/h4><p>\u8fd9\u662f\u8bc4\u4f30\u6807\u51c6\u7684\u80fd\u529b\u6765\u8fd0\u9001\u8d27\u7269\u7684\u6b63\u786e\u7684\u5730\u5740\uff0c\u5728\u9002\u5f53\u7684\u65f6\u95f4\u3002<\/p><h4 class=\"wp-block-heading\">\u5b88\u65f6<\/h4><p>\u8fd9\u662f\u8bc4\u4f30\u6807\u51c6\u7684\u80fd\u529b\u6765\u8fd0\u8f93\u8d27\u7269\u7684\u65f6\u95f4\u8868\uff0c\u4ece\u6765\u4e0d\u8fdf\u5230\u3002<\/p><h4 class=\"wp-block-heading\">\u7167\u987e\u6027<\/h4><p>\u8fd9\u662f\u6807\u51c6\u7528\u4e8e\u8bc4\u4ef7\u670d\u52a1\u5de5\u4f5c\u4eba\u5458\u7684\u6001\u5ea6\u8fd0\u8d39\u3002 \u8fd0\u8d39\u7684\u5de5\u4f5c\u4eba\u5458\u7ec6\u5fc3\u7684\u5de5\u4f5c\u4eba\u5458\u4e13\u95e8\u7684\u5ba2\u6237\u7684\u79ef\u6781\u6027\u3002<\/p><h4 class=\"wp-block-heading\">\u50a8\u84c4\u8ba1\u7b97\u5668<\/h4><p>\u8fd9\u662f\u8bc4\u4f30\u6807\u51c6\u7684\u80fd\u529b\u6765\u8fd0\u8f93\u8d27\u7269\u5728\u5408\u7406\u7684\u6210\u672c\uff0c\u4fdd\u5b58\u3002<\/p><h4 class=\"wp-block-heading\">\u4f18\u8d28\u7684\u5ba2\u6237\u670d\u52a1<\/h4><div id=\"attachment_2518\" style=\"width: 1210px\" class=\"wp-caption aligncenter\"><img loading=\"lazy\" decoding=\"async\" aria-describedby=\"caption-attachment-2518\" class=\"wp-image-2518 size-full\" src=\"https:\/\/hntshipping.com.vn\/wp-content\/uploads\/2023\/11\/g5.jpg\" alt=\"\u9664\u4e86\u4ef7\u683c\uff0c\u8be5\u5ba2\u6237\u670d\u52a1\u8d28\u91cf\u662f\u6700\u9ad8\u7684\u5143\u7d20\u90fd\u662f\u611f\u5174\u8da3\" width=\"1200\" height=\"800\" srcset=\"https:\/\/hntshipping.com.vn\/wp-content\/uploads\/2023\/11\/g5.jpg 1200w, https:\/\/hntshipping.com.vn\/wp-content\/uploads\/2023\/11\/g5-300x200.jpg 300w, https:\/\/hntshipping.com.vn\/wp-content\/uploads\/2023\/11\/g5-1024x683.jpg 1024w, https:\/\/hntshipping.com.vn\/wp-content\/uploads\/2023\/11\/g5-768x512.jpg 768w\" sizes=\"(max-width: 1200px) 100vw, 1200px\" \/><p id=\"caption-attachment-2518\" class=\"wp-caption-text\">\u9664\u4e86\u4ef7\u683c\uff0c\u8be5\u5ba2\u6237\u670d\u52a1\u8d28\u91cf\u662f\u6700\u9ad8\u7684\u5143\u7d20\u90fd\u662f\u611f\u5174\u8da3<\/p><\/div><p>\u826f\u597d\u7684\u5ba2\u6237\u670d\u52a1\u7684\u5ba2\u6237\u670d\u52a1\u505a\u5230\u8fc5\u901f\u548c\u4e13\u4e1a\uff0c\u4ee5\u6ee1\u8db3\u5ba2\u6237\u7684\u9700\u6c42\u3002<\/p><h4 class=\"wp-block-heading\">\u5176\u4ed6\u670d\u52a1<\/h4><p>\u989d\u5916\u7684\u670d\u52a1\uff0c\u5982\u5305\u88c5\u3001\u4fdd\u9669\u7b49\u7b49, \u53ef\u4ee5\u5e2e\u52a9\u63d0\u9ad8\u670d\u52a1\u8d28\u91cf\u3001\u88c5\u8fd0\u7684\u8d27\u7269\u3002<\/p><h3 class=\"wp-block-heading\">\u4e00\u4e9b\u7ecf\u9a8c\uff0c\u9009\u62e9\u8fd0\u8f93\u90e8<\/h3><p>\u9009\u62e9\u8981\u5355\u5143\u8d27\u8fd0\u7684\u4fe1\u8a89\u3001\u5ba2\u6237\u9700\u8981\u6ce8\u610f\u7684\u4e00\u4e9b\u7ecf\u9a8c\u5982\u4e0b\uff1a<\/p><h4 class=\"wp-block-heading\">\u627e\u51fa\u6709\u5173\u4fe1\u606f\u8f93\u9001\u5355\u5143<\/h4><p>\u5ba2\u6237\u9700\u8981\u627e\u51fa\u4fe1\u606f\u7684\u5173\u4e8e\u8fd0\u8f93\u7684\u5355\u4f4d\uff0c\u5982\u89c4\u6a21\u3001\u7ecf\u9a8c\u3001\u58f0\u8a89...\u5ba2\u6237\u53ef\u4ee5\u627e\u51fa\u6709\u5173\u4fe1\u606f\u7684\u5355\u5143\u8fd0\u8d39\u4e0a\u7f51\u3001\u793e\u4f1a\u7f51\u7edc\u7f51\u9875\uff0c\u8bc4\u8bba\uff0c...<\/p><h4 class=\"wp-block-heading\">\u6bd4\u8f83\u4ef7\u683c\u548c\u8d28\u91cf\u670d\u52a1\u7684\u8fd0\u9001\u5355\u5143<\/h4><p>\u5ba2\u6237\u9700\u8981\u6bd4\u8f83\u7684\u4ef7\u683c\u548c\u8d28\u91cf\u670d\u52a1\u7684\u8fd0\u8f93\u7684\u5355\u5143\u9009\u62e9\u7684\u5355\u4f4d\u8fd0\u5f80\u6839\u636e\u4ed6\u7684\u9700\u8981\u3002<\/p><h4 class=\"wp-block-heading\">\u9009\u62e9\u5355\u4f4d\u6709\u4fe1\u8a89\u7684\u8fd0\u8f93<\/h4><p>\u5ba2\u6237\u9009\u62e9\u5e94\u8be5\u5355\u5143\u7684\u8fd0\u8d39\uff0c\u6709\u4e00\u4e2a\u8425\u4e1a\u6267\u7167\uff0c\u8fd8\u6709\u4e00\u4e2a\u8fd0\u8f93\u5408\u540c\u6e05\u695a\u3002<\/p><h4 class=\"wp-block-heading\">\u4ed4\u7ec6\u9605\u8bfb\u7684\u8fd0\u8f93\u5408\u540c<\/h4><p>\u987e\u5ba2\u5e94\u8be5\u4ed4\u7ec6\u9605\u8bfb\u7684\u8fd0\u8f93\u5408\u540c\u7684\u4e86\u89e3\u6743\u5229\u548c\u4e49\u52a1\u7684\u81ea\u5df1\u3002<\/p><p>\u8fd9\u91cc\u6709\u4e00\u4e9b\u95ee\u9898\uff0c\u5ba2\u6237\u7684\u9700\u8981\u9009\u62e9\u65f6\u8981\u8003\u8651\u822a\u8fd0\u670d\u52a1\u7684\u8d27\u7269\uff1a<\/p><ul><li>\u5355\u5143\u8fd0\u8f93\u7684\u7ecf\u9a8c\u548c\u58f0\u8a89\u4e00\u6837?<\/li><li>\u4ed6\u4eec\u63d0\u4f9b\u8fd0\u8f93\u670d\u52a1\u505a\u4ec0\u4e48\uff1f<\/li><li>\u8fd0\u8f93\u6210\u672c\u7684\u5355\u5143\uff0c\u822a\u8fd0\u6837\uff1f<\/li><li>\u822a\u8fd0\u516c\u53f8\u63d0\u4f9b\u670d\u52a1\u7684\u8d27\u7269\u4fdd\u9669\u6216\u8005\u6ca1\u6709\uff1f<\/li><\/ul><p>\u9009\u62e9\u662f\u670d\u52a1\u8d27\u8fd0\u7684\u4fe1\u8a89\u5c06\u5e2e\u52a9\u5ba2\u6237\u4ee5\u4fdd\u8bc1\u5b89\u5168\u548c\u8d28\u91cf\u7684\u8d27\u7269\u3002<\/p><h2 class=\"wp-block-heading\">\u5e94\u8be5\u4f7f\u7528\u5355\u5143\u7684\u8fd0\u8d39\u5982\u4f55\uff1f<\/h2><div id=\"attachment_2519\" style=\"width: 1217px\" class=\"wp-caption aligncenter\"><img loading=\"lazy\" decoding=\"async\" aria-describedby=\"caption-attachment-2519\" class=\"wp-image-2519 size-full\" src=\"https:\/\/hntshipping.com.vn\/wp-content\/uploads\/2023\/11\/g6.jpg\" alt=\"\u9ad8\u7684\u80fd\u5355\u4f4d\u7684\u4fe1\u8a89\u826f\u597d\u7684\u8fd0\u8f93\uff0c\u4f60\u53ef\u4ee5\u4fe1\u4efb\" width=\"1207\" height=\"1204\" srcset=\"https:\/\/hntshipping.com.vn\/wp-content\/uploads\/2023\/11\/g6.jpg 1207w, https:\/\/hntshipping.com.vn\/wp-content\/uploads\/2023\/11\/g6-300x300.jpg 300w, https:\/\/hntshipping.com.vn\/wp-content\/uploads\/2023\/11\/g6-1024x1021.jpg 1024w, https:\/\/hntshipping.com.vn\/wp-content\/uploads\/2023\/11\/g6-150x150.jpg 150w, https:\/\/hntshipping.com.vn\/wp-content\/uploads\/2023\/11\/g6-768x766.jpg 768w\" sizes=\"(max-width: 1207px) 100vw, 1207px\" \/><p id=\"caption-attachment-2519\" class=\"wp-caption-text\">\u9ad8\u7684\u80fd\u5355\u4f4d\u7684\u4fe1\u8a89\u826f\u597d\u7684\u8fd0\u8f93\uff0c\u4f60\u53ef\u4ee5\u4fe1\u4efb<\/p><\/div><p>\u4eca\u5929\uff0c\u8be5\u516c\u53f8\u63d0\u4f9b\u7684\u8fd0\u8f93\u670d\u52a1\uff0c\u8d27\u7269\u5f88\u591a\u3002 \u7136\u800c\uff0c\u641c\u7d22\u4e00\u4e2a\u5355\u5143\uff0c\u8fd9\u662f\u540d\u8a89\u7684\u4ef7\u683c\u90fd\u8d1f\u62c5\u5f97\u8d77\u7684\uff0c\u8fd9\u5c31\u662f\u4e3a\u4ec0\u4e48\u5546\u4e1a\u5934\u75db\u3002 \u56e0\u6b64\uff0c\u9ad8\u7684\u80fd\u5c31\u662f\u7b54\u6848\u4f60\u6240\u5bfb\u627e\u7684\u3002<\/p><p>\u9ad8\u7684\u80fd\u4e0d\u65ad\u66f4\u65b0\uff0c\u4e0d\u65ad\u521b\u65b0\u548c\u63d0\u4f9b\u66f4\u591a\u6837\u5316\u7684\u670d\u52a1\u5305\u6d77\u8fd0\u8d27\u7269\u6765\u6ee1\u8db3\u5ba2\u6237\u7684\u9700\u6c42\u3002 \u6211\u4eec\u59cb\u7ec8\u786e\u4fdd\u6709\u5173\u822a\u8fd0\u65f6\u95f4\uff0c\u5feb\u901f\u800c\u4e14\u8282\u7701\u5927\u91cf\u8d39\u7528\u3002<\/p><p>\u63a5\u89e6\u00a0<a href=\"https:\/\/hntshipping.com.vn\/zh\/\">\u9ad8\u7684\u80fd<\/a>\u00a0\u901a\u8fc7\u70ed\u7ebf0981.655.880(\u592a\u592a\u7684\u68c0\u67e5)\u8fdb\u884c\u534f\u5546\u7684\u8be6\u7ec6\u4fe1\u606f\uff01<\/p>\t\t\t\t\t\t\t\t<\/div>\n\t\t\t\t<\/div>\n\t\t\t\t\t<\/div>\n\t\t\t\t<\/div>\n\t\t\t\t\t<\/div>\n\t\t\t\t<\/div>\n\t\t\t\t<\/div>","protected":false},"excerpt":{"rendered":"<p>D\u1ecbch v\u1ee5 v\u1eadn chuy\u1ec3n h\u00e0ng h\u00f3a c\u00f3 vai tr\u00f2 quan tr\u1ecdng trong vi\u1ec7c th\u00fac \u0111\u1ea9y ph\u00e1t tri\u1ec3n kinh t\u1ebf \u2013 x\u00e3 h\u1ed9i, t\u1ea1o \u0111i\u1ec1u ki\u1ec7n thu\u1eadn l\u1ee3i cho l\u01b0u th\u00f4ng h\u00e0ng h\u00f3a. V\u1eady c\u00e1c y\u1ebfu t\u1ed1 \u1ea3nh h\u01b0\u1edfng \u0111\u1ebfn d\u1ecbch v\u1ee5 v\u1eadn chuy\u1ec3n h\u00e0ng h\u00f3a l\u00e0 g\u00ec? N\u00ean s\u1eed d\u1ee5ng \u0111\u01a1n v\u1ecb v\u1eadn chuy\u1ec3n n\u00e0o [&hellip;]<\/p>","protected":false},"author":1,"featured_media":0,"parent":0,"menu_order":0,"comment_status":"closed","ping_status":"closed","template":"","meta":{"footnotes":""},"class_list":["post-2186","page","type-page","status-publish","hentry"],"rankmath_keywords":{"primary":"","secondary":[""]},"yoast_keywords":{"primary":"","secondary":[]},"yoast_focuskw":"","rankmath_focuskw":"","seo_keywords":{"primary":"","secondary":[""]},"_links":{"self":[{"href":"https:\/\/hntshipping.com.vn\/zh\/wp-json\/wp\/v2\/pages\/2186","targetHints":{"allow":["GET"]}}],"collection":[{"href":"https:\/\/hntshipping.com.vn\/zh\/wp-json\/wp\/v2\/pages"}],"about":[{"href":"https:\/\/hntshipping.com.vn\/zh\/wp-json\/wp\/v2\/types\/page"}],"author":[{"embeddable":true,"href":"https:\/\/hntshipping.com.vn\/zh\/wp-json\/wp\/v2\/users\/1"}],"replies":[{"embeddable":true,"href":"https:\/\/hntshipping.com.vn\/zh\/wp-json\/wp\/v2\/comments?post=2186"}],"version-history":[{"count":23,"href":"https:\/\/hntshipping.com.vn\/zh\/wp-json\/wp\/v2\/pages\/2186\/revisions"}],"predecessor-version":[{"id":4133,"href":"https:\/\/hntshipping.com.vn\/zh\/wp-json\/wp\/v2\/pages\/2186\/revisions\/4133"}],"wp:attachment":[{"href":"https:\/\/hntshipping.com.vn\/zh\/wp-json\/wp\/v2\/media?parent=2186"}],"curies":[{"name":"wp","href":"https:\/\/api.w.org\/{rel}","templated":true}]}}