{"id":2188,"date":"2023-10-19T16:30:41","date_gmt":"2023-10-19T16:30:41","guid":{"rendered":"https:\/\/hnt.h216182.dpsmedia.vn\/?page_id=2188"},"modified":"2025-11-03T09:37:33","modified_gmt":"2025-11-03T02:37:33","slug":"duong-bien","status":"publish","type":"page","link":"https:\/\/hntshipping.com.vn\/zh\/giao-nhan-van-chuyen\/duong-bien\/","title":{"rendered":"\u5927\u6d77"},"content":{"rendered":"<div data-elementor-type=\"wp-page\" data-elementor-id=\"2188\" class=\"elementor elementor-2188\" data-elementor-settings=\"{&quot;ha_cmc_init_switcher&quot;:&quot;no&quot;}\" data-elementor-post-type=\"page\">\n\t\t\t\t<div class=\"elementor-element elementor-element-59c81da e-flex e-con-boxed e-con e-parent\" data-id=\"59c81da\" data-element_type=\"container\" data-settings=\"{&quot;_ha_eqh_enable&quot;:false}\">\n\t\t\t\t\t<div class=\"e-con-inner\">\n\t\t<div class=\"elementor-element elementor-element-9a69466 e-flex e-con-boxed e-con e-child\" data-id=\"9a69466\" data-element_type=\"container\" data-settings=\"{&quot;background_background&quot;:&quot;classic&quot;,&quot;_ha_eqh_enable&quot;:false}\">\n\t\t\t\t\t<div class=\"e-con-inner\">\n\t\t\t\t<div class=\"elementor-element elementor-element-cf82d24 elementor-widget elementor-widget-spacer\" data-id=\"cf82d24\" data-element_type=\"widget\" data-widget_type=\"spacer.default\">\n\t\t\t\t<div class=\"elementor-widget-container\">\n\t\t\t\t\t\t\t<div class=\"elementor-spacer\">\n\t\t\t<div class=\"elementor-spacer-inner\"><\/div>\n\t\t<\/div>\n\t\t\t\t\t\t<\/div>\n\t\t\t\t<\/div>\n\t\t\t\t<div class=\"elementor-element elementor-element-b3d5bcb elementor-widget elementor-widget-spacer\" data-id=\"b3d5bcb\" data-element_type=\"widget\" data-widget_type=\"spacer.default\">\n\t\t\t\t<div class=\"elementor-widget-container\">\n\t\t\t\t\t\t\t<div class=\"elementor-spacer\">\n\t\t\t<div class=\"elementor-spacer-inner\"><\/div>\n\t\t<\/div>\n\t\t\t\t\t\t<\/div>\n\t\t\t\t<\/div>\n\t\t\t\t\t<\/div>\n\t\t\t\t<\/div>\n\t\t<div class=\"elementor-element elementor-element-e8ca192 e-flex e-con-boxed e-con e-child\" data-id=\"e8ca192\" data-element_type=\"container\" data-settings=\"{&quot;_ha_eqh_enable&quot;:false}\">\n\t\t\t\t\t<div class=\"e-con-inner\">\n\t\t\t\t<div class=\"elementor-element elementor-element-f1a57da elementor-widget elementor-widget-text-editor\" data-id=\"f1a57da\" data-element_type=\"widget\" data-widget_type=\"text-editor.default\">\n\t\t\t\t<div class=\"elementor-widget-container\">\n\t\t\t\t\t\t\t\t\t<p>\u6d77\u4e0a\u8fd0\u8f93\u7684\u6211\u4eec\u7684\u56fd\u5bb6\u5982\u4eca\u8d8a\u6765\u8d8a\u5f3a\uff0c\u53d1\u6325\u7740\u91cd\u8981\u7684\u4f5c\u7528\uff0c\u5728\u56fd\u6c11\u7ecf\u6d4e\u3002 \u56e0\u6b64\uff0c\u6d77\u8fd0\u80fd\u591f\u8fd0\u8f93\u7684\u8d27\u7269\u662f\u4ec0\u4e48\uff1f \u5e94\u8be5\u4f7f\u7528\u8fd0\u8f93\u670d\u52a1\u7684\u4efb\u4f55\u516c\u53f8\uff1f \u8bf7\u4f60\u627e\u51fa\u6765\uff01<\/p><h2 id=\"h-v\u1eadn-t\u1ea3i-d\u01b0\u1eddng-bi\u1ec3n-c\u1ee7a-n\u01b0\u1edbc-ta-hi\u1ec7n-nay\" class=\"wp-block-heading\">\u6d77\u4e0a\u8fd0\u8f93\u7684\u6211\u56fd\u4eca\u5929<\/h2><div id=\"attachment_2445\" style=\"width: 1546px\" class=\"wp-caption aligncenter\"><img fetchpriority=\"high\" decoding=\"async\" aria-describedby=\"caption-attachment-2445\" class=\"wp-image-2445 size-full\" src=\"https:\/\/hntshipping.com.vn\/wp-content\/uploads\/2023\/11\/b2.jpg\" alt=\"\u6d77\u8fd0\u4e4b\u4e00\u7684\u8fd0\u8f93\u65b9\u6cd5\u4e2d\uff0c\u8d27\u7269\u662f\u975e\u5e38\u53d7\u6b22\u8fce\u7684\" width=\"1536\" height=\"864\" srcset=\"https:\/\/hntshipping.com.vn\/wp-content\/uploads\/2023\/11\/b2.jpg 1536w, https:\/\/hntshipping.com.vn\/wp-content\/uploads\/2023\/11\/b2-300x169.jpg 300w, https:\/\/hntshipping.com.vn\/wp-content\/uploads\/2023\/11\/b2-1024x576.jpg 1024w, https:\/\/hntshipping.com.vn\/wp-content\/uploads\/2023\/11\/b2-768x432.jpg 768w\" sizes=\"(max-width: 1536px) 100vw, 1536px\" \/><p id=\"caption-attachment-2445\" class=\"wp-caption-text\">\u6d77\u8fd0\u4e4b\u4e00\u7684\u8fd0\u8f93\u65b9\u6cd5\u4e2d\uff0c\u8d27\u7269\u662f\u975e\u5e38\u53d7\u6b22\u8fce\u7684<\/p><\/div><p>\u6839\u636e\u7edf\u8ba1\u603b\u5c40\u7684\u7edf\u8ba1\uff0c\u4eca\u5e742022\u5e74\uff0c\u8d27\u8fd0\u91cf\u901a\u8fc7\u6d77\u6e2f\u7684\u8d8a\u5357733,18\u4e07\u5428\uff0c\u589e\u52a0\u4e864\uff05\uff0c\u6bd4\u4e00\u5e742021\u5e74\u3002 \u5176\u4e2d\uff0c\u5546\u54c1\u51fa\u53e3\u603b\u989d\u4e3a446,4\u4e07\u5428\uff0c\u589e\u52a0\u4e868.2%\uff0c\u8fdb\u53e3\u91cf\u8fbe\u5230286,78\u4e07\u5428\uff0c\u8fbe0.2%.<\/p><h4>\u4f18\u70b9\u548c\u7f3a\u70b9<\/h4><p>\u6d77\u6d0b\u8fd0\u8f93\u8d8a\u5357\uff0c\u6709\u4f18\u70b9\u548c\u7f3a\u70b9\u5728\u5982\u4e0b\uff1a<\/p><h5 class=\"wp-block-heading\">1. \u6709\u5229\u7684<\/h5><ul><li>\u8d8a\u5357\u6d77\u5cb8\u7ebf\u957f3,260\u516c\u91cc\uff0c\u66f4\u591a\u7684\u6c34\u5751\uff0c\u5e87\u62a4\u7684\u6d77\u6e7e\u548c\u8bb8\u591a\u5c9b\u5c7f\uff0c\u5c9b\u5c7f\u7684\u6cbf\u6d77\uff0c\u4f4d\u4e8e\u9053\u8def\u4e0a\u7684\u56fd\u9645\u6d77\u6d0b\u7684\u91cd\u8981\u6027\u3002<\/li><li>\u8d8a\u5357\u62e5\u6709\u4e00\u4e2a\u6218\u7565\u6027\u7684\u4f4d\u7f6e\u4e0a\u6d77\u4e4b\u95f4\u7684\u822a\u7ebf\u90bb\u8fd1\u533a\u57df\u7684\u548c\u5168\u7403\u6027\u7684\u3002<\/li><li>\u6e2f\u53e3\u7cfb\u7edf\u7684\u8d8a\u5357\u6295\u8d44\uff0c\u53d1\u5c55\u73b0\u4ee3\u5316\u3002<\/li><\/ul><h5 class=\"wp-block-heading\">2. \u56f0\u96be<\/h5><ul><li>\u9053\u8def\u57fa\u7840\u8bbe\u65bd\u7684\u8d8a\u5357\uff0c\u4ecd\u6709\u8bb8\u591a\u5c40\u9650\uff0c\u4e0d\u80fd\u6ee1\u8db3\u8fd0\u8f93\u9700\u6c42\u589e\u52a0\u3002<\/li><li>\u8230\u961f\u6d77\u6d0b\u7684\u8d8a\u5357\u4ecd\u662f\u4e00\u4e2a\u5c0f\u5b9d\u8d1d\uff0c\u4e0d\u8981\u6ee1\u8db3\u8fd0\u8f93\u9700\u6c42\u3002<\/li><li>\u8d28\u91cf\u7684\u8fd0\u8f93\u670d\u52a1\u7684\u8d8a\u5357\u4ecd\u7136\u4e0d\u9ad8\u3002<\/li><\/ul><h4 class=\"wp-block-heading\">\u5c06\u8d27\u7269\u8fd0\u8fc7\u6d77<\/h4><p>\u5728\u8d8a\u5357\uff0c5\u79cd\u7c7b\u578b\u7684\u8d27\u7269\u7684\u901a\u5e38\u8fd0\uff0c\u901a\u8fc7\u6d77\u662f\uff1a<\/p><h5 class=\"wp-block-heading\">1. \u7c97\u5236\u54c1<\/h5><p>\u8fd9\u662f\u4e00\u79cd\u8d27\u7269\u6709\u4e00\u4e2a\u5927\u7684\u8d28\u91cf\uff0c\u5360\u636e\u5f88\u5927\u7684\u6bd4\u4f8b\u603b\u91cf\u7684\u8d27\u7269\u901a\u8fc7\u6d77\u8def\u8fd0\u8f93\u3002 \u51e0\u79cd\u7c7b\u578b\u7684\u5546\u54c1\u5e38\u7c97\u7565\u5305\u62ec\u539f\u6cb9\u3001\u5929\u7136\u6c14\u3001\u7164\u70ad...<\/p><h5 class=\"wp-block-heading\">2. \u8d27\u7269\u7684\u5bb9\u5668<\/h5><p>\u8fd9\u91cc\u662f\u7c7b\u578b\u7684\u8d27\u7269\u88c5\u5728\u5bb9\u5668\uff0c\u5c3a\u5bf8\u548c\u91cd\u91cf\u6807\u51c6\u3002 \u8d27\u7269\u96c6\u88c5\u7bb1\uff0c\u5360\u8d8a\u6765\u8d8a\u5927\u7684\u603b\u91cf\u8d27\u7269\u901a\u8fc7\u6d77\u8def\u8fd0\u8f93\u3002<\/p><h5 class=\"wp-block-heading\">3. \u519c\u4ea7\u54c1<\/h5><p>\u8fd9\u662f\u4e00\u79cd\u5546\u54c1\u6709\u5f88\u5927\u7684\u91cf\uff0c\u5305\u62ec\u519c\u4ea7\u54c1\u3001\u6d77\u4ea7\u54c1\u3001\u6797\u4e1a\u4ea7\u54c1...<\/p><h5 class=\"wp-block-heading\">4. \u5de5\u4e1a\u54c1<\/h5><p>\u8fd9\u662f\u4e00\u79cd\u5546\u54c1\u6709\u5f88\u5927\u7684\u91cf\uff0c\u5305\u62ec\u539f\u6750\u6599\u3001\u6210\u54c1\u3001\u8bbe\u5907\u3001\u673a\u5668...<\/p><h5 class=\"wp-block-heading\">5. \u6d88\u8d39\u54c1<\/h5><p>\u8fd9\u91cc\u662f\u7c7b\u578b\u7684\u5546\u54c1\u4f53\u79ef\u5c0f\uff0c\u5305\u62ec\u98df\u54c1\u3001\u996e\u6599\u3001\u8863\u670d\u3001\u978b...<\/p><h2 class=\"wp-block-heading\">\u5e94\u8be5\u4f7f\u7528\u8be5\u670d\u52a1\u7684\u6d77\u4e0a\u8d27\u8fd0\u7684\u4efb\u4f55\u516c\u53f8\uff1f<\/h2><div id=\"attachment_2446\" style=\"width: 1290px\" class=\"wp-caption aligncenter\"><img decoding=\"async\" aria-describedby=\"caption-attachment-2446\" class=\"wp-image-2446 size-full\" src=\"https:\/\/hntshipping.com.vn\/wp-content\/uploads\/2023\/11\/b3.jpg\" alt=\"\u9700\u8981\u641c\u5bfb\u5355\u4f4d\u63d0\u4f9b\u8fd0\u8f93\u670d\u52a1\u7684\u6d77\u4fe1\u8a89\u826f\u597d\u7684\u3001\u8d1f\u62c5\u5f97\u8d77\u7684\u4ef7\u683c\uff0c\u4ee5\u786e\u4fdd\u5b89\u5168\u4e3a\u4f60\u7684\u7269\u54c1\" width=\"1280\" height=\"960\" srcset=\"https:\/\/hntshipping.com.vn\/wp-content\/uploads\/2023\/11\/b3.jpg 1280w, https:\/\/hntshipping.com.vn\/wp-content\/uploads\/2023\/11\/b3-300x225.jpg 300w, https:\/\/hntshipping.com.vn\/wp-content\/uploads\/2023\/11\/b3-1024x768.jpg 1024w, https:\/\/hntshipping.com.vn\/wp-content\/uploads\/2023\/11\/b3-768x576.jpg 768w\" sizes=\"(max-width: 1280px) 100vw, 1280px\" \/><p id=\"caption-attachment-2446\" class=\"wp-caption-text\">\u9700\u8981\u641c\u5bfb\u5355\u4f4d\u63d0\u4f9b\u8fd0\u8f93\u670d\u52a1\u7684\u6d77\u4fe1\u8a89\u826f\u597d\u7684\u3001\u8d1f\u62c5\u5f97\u8d77\u7684\u4ef7\u683c\uff0c\u4ee5\u786e\u4fdd\u5b89\u5168\u4e3a\u4f60\u7684\u7269\u54c1<\/p><\/div><div class=\"entry-content wp-block-post-content has-global-padding is-layout-constrained\"><p>\u9884\u8ba2\u88ab\u8ba4\u4e3a\u662f\u91cd\u8981\u7684\u7a0b\u5e8f\u7684\u884c\u4e1a\u8fdb\u53e3\/\u51fa\u53e3\u6d77\u3002 \u9009\u62e9\u7684\u8f7d\u4f53\u3001\u5408\u7406\u7684\u4fe1\u8a89\u3001\u6709\u7ade\u4e89\u529b\u7684\u4ef7\u683c\uff0c\u662f\u4e0d\u662f\u5f88\u7b80\u5355\u7684\u4f01\u4e1a\u4e3b\u3002<\/p><p>\u9ad8\u7684\u80fd\u670d\u52a1\u63d0\u4f9b\u5546\u7684\u9884\u8ba2\u8ba1\u5212\u7684\u6700\u597d\u7684\u8239\u4eca\u5929\u3002 \u6211\u4eec\u603b\u662f\u628a\u63e1\u548c\u66f4\u65b0\u7ea0\u6b63\u7684\u65f6\u95f4\u548c\u6700\u4f73\u7387\u7684\u8f7d\u4f53\uff0c\u4e3a\u6211\u4eec\u7684\u5ba2\u6237\u3002<\/p><p>\u63a5\u89e6\u00a0<a href=\"https:\/\/hntshipping.com.vn\/zh\/\">\u9ad8\u7684\u80fd<\/a> qua s\u1ed1 hotline 0911.446.060 (Mrs.Thi) \u0111\u1ec3 bi\u1ebft th\u00eam v\u1ec1 d\u1ecbch v\u1ee5 c\u1ee7a ch\u00fang t\u00f4i nh\u00e9!<\/p><\/div><div class=\"wp-block-template-part\"><div class=\"wp-block-group has-global-padding is-layout-constrained\">\u00a0<\/div><\/div>\t\t\t\t\t\t\t\t<\/div>\n\t\t\t\t<\/div>\n\t\t\t\t\t<\/div>\n\t\t\t\t<\/div>\n\t\t\t\t\t<\/div>\n\t\t\t\t<\/div>\n\t\t\t\t<\/div>","protected":false},"excerpt":{"rendered":"<p>V\u1eadn t\u1ea3i \u0111\u01b0\u1eddng bi\u1ec3n c\u1ee7a n\u01b0\u1edbc ta hi\u1ec7n nay \u0111ang ph\u00e1t tri\u1ec3n m\u1ea1nh m\u1ebd, \u0111\u00f3ng vai tr\u00f2 quan tr\u1ecdng trong n\u1ec1n kinh t\u1ebf qu\u1ed1c d\u00e2n. V\u1eady v\u1eadn chuy\u1ec3n \u0111\u01b0\u1eddng bi\u1ec3n c\u00f3 th\u1ec3 v\u1eadn chuy\u1ec3n \u0111\u01b0\u1ee3c h\u00e0ng h\u00f3a g\u00ec? N\u00ean s\u1eed d\u1ee5ng d\u1ecbch v\u1ee5 v\u1eadn chuy\u1ec3n c\u1ee7a c\u00f4ng ty n\u00e0o? M\u1eddi b\u1ea1n c\u00f9ng t\u00ecm hi\u1ec3u nh\u00e9! [&hellip;]<\/p>","protected":false},"author":1,"featured_media":0,"parent":2182,"menu_order":0,"comment_status":"closed","ping_status":"closed","template":"","meta":{"footnotes":""},"class_list":["post-2188","page","type-page","status-publish","hentry"],"rankmath_keywords":{"primary":"","secondary":[""]},"yoast_keywords":{"primary":"","secondary":[]},"yoast_focuskw":"","rankmath_focuskw":"","seo_keywords":{"primary":"","secondary":[""]},"_links":{"self":[{"href":"https:\/\/hntshipping.com.vn\/zh\/wp-json\/wp\/v2\/pages\/2188","targetHints":{"allow":["GET"]}}],"collection":[{"href":"https:\/\/hntshipping.com.vn\/zh\/wp-json\/wp\/v2\/pages"}],"about":[{"href":"https:\/\/hntshipping.com.vn\/zh\/wp-json\/wp\/v2\/types\/page"}],"author":[{"embeddable":true,"href":"https:\/\/hntshipping.com.vn\/zh\/wp-json\/wp\/v2\/users\/1"}],"replies":[{"embeddable":true,"href":"https:\/\/hntshipping.com.vn\/zh\/wp-json\/wp\/v2\/comments?post=2188"}],"version-history":[{"count":41,"href":"https:\/\/hntshipping.com.vn\/zh\/wp-json\/wp\/v2\/pages\/2188\/revisions"}],"predecessor-version":[{"id":5884,"href":"https:\/\/hntshipping.com.vn\/zh\/wp-json\/wp\/v2\/pages\/2188\/revisions\/5884"}],"up":[{"embeddable":true,"href":"https:\/\/hntshipping.com.vn\/zh\/wp-json\/wp\/v2\/pages\/2182"}],"wp:attachment":[{"href":"https:\/\/hntshipping.com.vn\/zh\/wp-json\/wp\/v2\/media?parent=2188"}],"curies":[{"name":"wp","href":"https:\/\/api.w.org\/{rel}","templated":true}]}}