{"id":2246,"date":"2023-10-29T03:26:20","date_gmt":"2023-10-29T03:26:20","guid":{"rendered":"https:\/\/hnt.h216182.dpsmedia.vn\/?page_id=2246"},"modified":"2023-11-15T18:51:25","modified_gmt":"2023-11-15T11:51:25","slug":"duong-bo","status":"publish","type":"page","link":"https:\/\/hntshipping.com.vn\/zh\/giao-nhan-van-chuyen\/duong-bo\/","title":{"rendered":"\u8def"},"content":{"rendered":"<div data-elementor-type=\"wp-page\" data-elementor-id=\"2246\" class=\"elementor elementor-2246\" data-elementor-settings=\"{&quot;ha_cmc_init_switcher&quot;:&quot;no&quot;}\" data-elementor-post-type=\"page\">\n\t\t\t\t<div class=\"elementor-element elementor-element-f072523 e-flex e-con-boxed e-con e-parent\" data-id=\"f072523\" data-element_type=\"container\" data-settings=\"{&quot;_ha_eqh_enable&quot;:false}\">\n\t\t\t\t\t<div class=\"e-con-inner\">\n\t\t<div class=\"elementor-element elementor-element-5fc95e8 e-flex e-con-boxed e-con e-child\" data-id=\"5fc95e8\" data-element_type=\"container\" data-settings=\"{&quot;background_background&quot;:&quot;classic&quot;,&quot;_ha_eqh_enable&quot;:false}\">\n\t\t\t\t\t<div class=\"e-con-inner\">\n\t\t\t\t<div class=\"elementor-element elementor-element-731ead5 elementor-widget elementor-widget-spacer\" data-id=\"731ead5\" data-element_type=\"widget\" data-widget_type=\"spacer.default\">\n\t\t\t\t<div class=\"elementor-widget-container\">\n\t\t\t\t\t\t\t<div class=\"elementor-spacer\">\n\t\t\t<div class=\"elementor-spacer-inner\"><\/div>\n\t\t<\/div>\n\t\t\t\t\t\t<\/div>\n\t\t\t\t<\/div>\n\t\t\t\t<div class=\"elementor-element elementor-element-d1a24eb elementor-widget elementor-widget-spacer\" data-id=\"d1a24eb\" data-element_type=\"widget\" data-widget_type=\"spacer.default\">\n\t\t\t\t<div class=\"elementor-widget-container\">\n\t\t\t\t\t\t\t<div class=\"elementor-spacer\">\n\t\t\t<div class=\"elementor-spacer-inner\"><\/div>\n\t\t<\/div>\n\t\t\t\t\t\t<\/div>\n\t\t\t\t<\/div>\n\t\t\t\t\t<\/div>\n\t\t\t\t<\/div>\n\t\t<div class=\"elementor-element elementor-element-e972817 e-flex e-con-boxed e-con e-child\" data-id=\"e972817\" data-element_type=\"container\" data-settings=\"{&quot;_ha_eqh_enable&quot;:false}\">\n\t\t\t\t\t<div class=\"e-con-inner\">\n\t\t\t\t<div class=\"elementor-element elementor-element-48adbaa elementor-widget elementor-widget-text-editor\" data-id=\"48adbaa\" data-element_type=\"widget\" data-widget_type=\"text-editor.default\">\n\t\t\t\t<div class=\"elementor-widget-container\">\n\t\t\t\t\t\t\t\t\t<p>\u8d27\u7269\u901a\u8fc7\u516c\u8def\u8fd0\u8f93\u7684\u8fd0\u8f93\u624b\u6bb5\uff0c\u6700\u6d41\u884c\u7684\u4eca\u5929\u3002 \u4f46\u672c\u6548\u76ca\u7684\u8fd0\u8f93\u670d\u52a1\u7684\u9053\u8def\u662f\u4ec0\u4e48\uff1f \u516c\u8def\u8fd0\u8f93\u53ef\u4ee5\u8fd0\u8f93\u7684\u8d27\u7269\u7684\u79cd\u7c7b\uff1f \u5e94\u8be5\u4f7f\u7528\u8d27\u8f66\u8fd0\u8f93\u516c\u53f8\u662f\u6700\u597d\u7684\u5417\uff1f \u8bf7\u4f60\u627e\u51fa\u6765\uff01<\/p><h2 id=\"h-v\u1eadn-t\u1ea3i-d\u01b0\u1eddng-b\u1ed9-lo\u1ea1i-hinh-v\u1eadn-chuy\u1ec3n-ph\u1ed5-bi\u1ebfn-ngay-nay\" class=\"wp-block-heading\">\u516c\u8def\u8fd0\u8f93\u7c7b\u578b\u7684\u8fd0\u8f93\u6d41\u884c\u7684\u4eca\u5929<\/h2><h3 class=\"wp-block-heading\">\u6548\u76ca\u7684\u8fd0\u8f93\u670d\u52a1\u3001\u9053\u8def<\/h3><div id=\"attachment_2468\" style=\"width: 1210px\" class=\"wp-caption aligncenter\"><img fetchpriority=\"high\" decoding=\"async\" aria-describedby=\"caption-attachment-2468\" class=\"wp-image-2468 size-full\" src=\"https:\/\/hntshipping.com.vn\/wp-content\/uploads\/2023\/11\/c2.jpg\" alt=\"\u516c\u8def\u8fd0\u8f93\u662f\u53d7\u6b22\u8fce\u7684\u5f62\u5f0f\uff0c\u88ab\u5e7f\u6cdb\u8ba4\u4e3a\u4f7f\u7528\" width=\"1200\" height=\"800\" srcset=\"https:\/\/hntshipping.com.vn\/wp-content\/uploads\/2023\/11\/c2.jpg 1200w, https:\/\/hntshipping.com.vn\/wp-content\/uploads\/2023\/11\/c2-300x200.jpg 300w, https:\/\/hntshipping.com.vn\/wp-content\/uploads\/2023\/11\/c2-1024x683.jpg 1024w, https:\/\/hntshipping.com.vn\/wp-content\/uploads\/2023\/11\/c2-768x512.jpg 768w\" sizes=\"(max-width: 1200px) 100vw, 1200px\" \/><p id=\"caption-attachment-2468\" class=\"wp-caption-text\">\u516c\u8def\u8fd0\u8f93\u662f\u53d7\u6b22\u8fce\u7684\u5f62\u5f0f\uff0c\u88ab\u5e7f\u6cdb\u8ba4\u4e3a\u4f7f\u7528<\/p><\/div><ul><li class=\"wp-block-heading\"><h5>\u7075\u6d3b<\/h5><\/li><\/ul><p>\u8fd0\u8f93\u901a\u8fc7\u8fd9\u4e00\u9014\u5f84\u53ef\u4ee5\u8fd0\u8f93\u7684\u8d27\u7269\u7684\u4efb\u4f55\u5730\u70b9\uff0c\u5305\u62ec\u4f4d\u7f6e\u7684\u56f0\u96be\u548c\u5b64\u7acb\u3002<\/p><ul><li class=\"wp-block-heading\"><h5>\u8fd0\u8f93\u65f6\u95f4\u77ed<\/h5><\/li><\/ul><p>\u8fd9\u79cd\u7c7b\u578b\u7684\u4ea4\u901a\u5de5\u5177\uff0c\u53ef\u4ee5\u8fd0\u8f93\u7684\u8d27\u7269\u8fc5\u901f\u5730\uff0c\u6309\u7167\u8fd9\u79cd\u8d27\u7269\u9700\u8981\u5feb\u901f\u7684\u8fd0\u8f93\u3002<\/p><ul><li class=\"wp-block-heading\"><h5>\u80fd\u529b\uff0c\u4ee5\u5927\u578b\u8d27\u7269\u8fd0\u8f93<\/h5><\/li><\/ul><p>\u4f7f\u7528\u7684\u5f62\u5f0f\uff0c\u5728\u8fd9\u79cd\u8fd0\u8f93\u53ef\u4ee5\u8fd0\u8f93\u7684\u8d27\u7269\u4f53\u79ef\u5927\u3002<\/p><ul><li class=\"wp-block-heading\"><h5>\u8fd0\u8f93\u6210\u672c\u76f8\u5bf9\u8f83\u4f4e<\/h5><\/li><\/ul><p>\u516c\u8def\u8fd0\u8f93\u8d27\u7269\u7684\u8d39\u7528\u76f8\u6bd4\u8f83\u4f4e\u4e8e\u5176\u4ed6\u8fd0\u8f93\u65b9\u5f0f\uff0c\u5982\u6d77\u8fd0\u3001\u7a7a\u8fd0\u3002<\/p><h3 class=\"wp-block-heading\">\u8fd0\u8f93\u7684\u516c\u8def\u8d27\u7269\u53ef\u4ee5\u662f\u8fd0\u8f93\u8d27\u7269\u7684\u79cd\u7c7b\uff1f<\/h3><div id=\"attachment_2469\" style=\"width: 1210px\" class=\"wp-caption aligncenter\"><img decoding=\"async\" aria-describedby=\"caption-attachment-2469\" class=\"wp-image-2469 size-full\" src=\"https:\/\/hntshipping.com.vn\/wp-content\/uploads\/2023\/11\/c3.jpg\" alt=\"\u5f53\u4f7f\u7528\u8fd9\u79cd\u5f62\u5f0f\u7684\u8fd0\u8f93\u662f\u901a\u8fc7\u516c\u8def\u53ef\u4ee5\u5e94\u7528\u591a\u79cd\u4e0d\u540c\u7684\u8d27\u7269\" width=\"1200\" height=\"800\" srcset=\"https:\/\/hntshipping.com.vn\/wp-content\/uploads\/2023\/11\/c3.jpg 1200w, https:\/\/hntshipping.com.vn\/wp-content\/uploads\/2023\/11\/c3-300x200.jpg 300w, https:\/\/hntshipping.com.vn\/wp-content\/uploads\/2023\/11\/c3-1024x683.jpg 1024w, https:\/\/hntshipping.com.vn\/wp-content\/uploads\/2023\/11\/c3-768x512.jpg 768w\" sizes=\"(max-width: 1200px) 100vw, 1200px\" \/><p id=\"caption-attachment-2469\" class=\"wp-caption-text\">\u5f53\u4f7f\u7528\u8fd9\u79cd\u5f62\u5f0f\u7684\u8fd0\u8f93\u662f\u901a\u8fc7\u516c\u8def\u53ef\u4ee5\u5e94\u7528\u591a\u79cd\u4e0d\u540c\u7684\u8d27\u7269<\/p><\/div><p>\u88c5\u8fd0\u7684\u8fd9\u4e2a\u53ef\u4ee5\u8fd0\u8f93\u7684\u5927\u591a\u6570\u7c7b\u578b\u7684\u5546\u54c1\uff0c\u5176\u4e2d\u5305\u62ec\uff1a<\/p><ul><li class=\"wp-block-heading\"><h5>\u666e\u901a\u8d27\u7269<\/h5><\/li><\/ul><p>\u8fd9\u662f\u4e00\u79cd\u8d27\u7269\u4e0d\u5177\u5907\u7684\u7279\u6b8a\u9700\u6c42\u6709\u5173\u7684\u822a\u8fd0\uff0c\u4f8b\u5982\u6d88\u8d39\u54c1\u3001\u5de5\u4e1a\u54c1\uff0c\u800c\u4e14...<\/p><ul><li class=\"wp-block-heading\"><h5>\u6613\u8150\u8d27\u7269<\/h5><\/li><\/ul><p>\u8fd9\u662f\u4e00\u79cd\u8d27\u7269\u9700\u8981\u50a8\u5b58\u5728\u6761\u4ef6\u9002\u5f53\u7684\u73af\u5883\uff0c\u5982\u5546\u54c1\u3001\u65b0\u9c9c\u7684\u8d27\u7269\uff0c\u51bb\u7ed3...<\/p><ul><li class=\"wp-block-heading\"><h5>\u5e9e\u5927\u7684\u8d27\u7269<\/h5><\/li><\/ul><p>\u8fd9\u91cc\u662f\u7c7b\u578b\u7684\u8d27\u7269\u662f\u5927\u5927\u5c0f\uff0c\u96be\u4ee5\u8fd0\u8f93\uff0c\u4f8b\u5982\u673a\u68b0\u3001\u8bbe\u5907...<\/p><ul><li class=\"wp-block-heading\"><h5>\u6d88\u8d39\u54c1<\/h5><\/li><\/ul><p>\u8fd9\u662f\u4e00\u79cd\u5546\u54c1\uff0c\u5982\u98df\u54c1\u3001\u996e\u6599\u3001\u8863\u670d\u3001\u978b...<\/p><ul><li class=\"wp-block-heading\"><h5>\u5de5\u4e1a\u54c1<\/h5><\/li><\/ul><p>\u8fd9\u662f\u4e00\u79cd\u5546\u54c1\uff0c\u4f8b\u5982\u539f\u6750\u6599\u3001\u6210\u54c1\u3001\u8bbe\u5907\u3001\u673a\u5668...<\/p><p>\u5176\u4ed6\u4e00\u4e9b\u8d27\u7269\uff1a<\/p><ul><li>\u519c\u4e1a\u521d\u7ea7\u5546\u54c1\uff1a\u519c\u4ea7\u54c1\u3001\u6d77\u4ea7\u54c1\u3001\u6797\u4e1a\u4ea7\u54c1...<\/li><li>\u5546\u54c1\u7684\u5efa\u7b51\u7269\uff1a\u5efa\u7b51\u6750\u6599\u3001\u5efa\u7b51\u8bbe\u5907\u3001...<\/li><li>\u5546\u54c1\u548c\u670d\u52a1\uff1a\u8d27\u7269\u8fd0\u8f93\u8d27\u7269\u00a0<a href=\"https:\/\/vi.wikipedia.org\/wiki\/Du_l%E1%BB%8Bch\" target=\"_blank\" rel=\"noopener\">\u65c5\u884c<\/a>,...<\/li><\/ul><p>\u516c\u8def\u8fd0\u8f93\u88c5\u7f6e\u8fd0\u8f93\u3001\u7075\u6d3b\u3001\u53ef\u8fd0\u8f93\u5404\u79cd\u8d27\u7269\u3002 \u7136\u800c\uff0c\u8bf7\u6ce8\u610f\u9009\u62e9\u7684\u8fd0\u8f93\u624b\u6bb5\u7684\u6309\u7167\u7c7b\u578b\u7684\u8d27\u7269\uff0c\u4ee5\u786e\u4fdd\u5b89\u5168\u548c\u8282\u7701\u6210\u672c\u3002<\/p><h2 class=\"wp-block-heading\">\u5e94\u8be5\u4f7f\u7528\u8be5\u516c\u53f8\u63d0\u4f9b\u670d\u52a1\uff0c\u516c\u8def\u8fd0\u8f93\u662f\u6700\u597d\u7684\u5417\uff1f<\/h2><p>\u9ad8\u7684\u80fd\u63d0\u4f9b\u7684\u5305\u62ec\u6240\u6709\u7684\u8fdb\u7a0b\u8fdb\u53e3\u548c\u51fa\u53e3\u7684\u8d27\u7269\u901a\u8fc7\u516c\u8def\u7a7f\u8fc7\u95e8\u7684\u4e1a\u52a1\u3002 \u4e0e\u7269\u6d41\u65b9\u6848\u5728\u9ad8\u7684\u80fd\u5c06\u6709\u52a9\u4e8e\u8fdb\u51fa\u53e3\u7684\u5ba2\u6237\u5feb\u901f\u548c\u5f97\u5230\u6700\u4f18\u5316\u3002<\/p><div id=\"attachment_2470\" style=\"width: 970px\" class=\"wp-caption aligncenter\"><img decoding=\"async\" aria-describedby=\"caption-attachment-2470\" class=\"wp-image-2470 size-full\" src=\"https:\/\/hntshipping.com.vn\/wp-content\/uploads\/2023\/11\/c4.jpg\" alt=\"\u8be5\u516c\u53f8\u63d0\u4f9b\u8fd0\u8f93\u670d\u52a1\u7684\u9053\u8def\uff0c\u8fd9\u662f\u5f53\u4eca\u6700\u597d\u548c\u58f0\u8a89\u7684\u95ee\u9898\u662f\uff0c\u8bb8\u591a\u4eba\u90fd\u611f\u5174\u8da3\" width=\"960\" height=\"1280\" srcset=\"https:\/\/hntshipping.com.vn\/wp-content\/uploads\/2023\/11\/c4.jpg 960w, https:\/\/hntshipping.com.vn\/wp-content\/uploads\/2023\/11\/c4-225x300.jpg 225w, https:\/\/hntshipping.com.vn\/wp-content\/uploads\/2023\/11\/c4-768x1024.jpg 768w\" sizes=\"(max-width: 960px) 100vw, 960px\" \/><p id=\"caption-attachment-2470\" class=\"wp-caption-text\">\u8be5\u516c\u53f8\u63d0\u4f9b\u8fd0\u8f93\u670d\u52a1\u7684\u9053\u8def\uff0c\u8fd9\u662f\u5f53\u4eca\u6700\u597d\u548c\u58f0\u8a89\u7684\u95ee\u9898\u662f\uff0c\u8bb8\u591a\u4eba\u90fd\u611f\u5174\u8da3<\/p><\/div><div class=\"entry-content wp-block-post-content has-global-padding is-layout-constrained\"><p>\u63a5\u89e6\u00a0<a href=\"https:\/\/hntshipping.com.vn\/zh\/\">\u9ad8\u7684\u80fd<\/a>\u00a0\u901a\u8fc7\u70ed\u7ebf0981.655.880(\u592a\u592aThi)\u4ee5\u77e5\u9053\u66f4\u591a\u5173\u4e8e\u6211\u4eec\u7684\u670d\u52a1\u8fd9\u91cc\uff01<\/p><\/div><div class=\"wp-block-template-part\"><div class=\"wp-block-spacer\" aria-hidden=\"true\">\u00a0<\/div><div class=\"wp-block-group has-global-padding is-layout-constrained\">\u00a0<\/div><\/div>\t\t\t\t\t\t\t\t<\/div>\n\t\t\t\t<\/div>\n\t\t\t\t\t<\/div>\n\t\t\t\t<\/div>\n\t\t\t\t\t<\/div>\n\t\t\t\t<\/div>\n\t\t\t\t<\/div>","protected":false},"excerpt":{"rendered":"<p>V\u1eadn t\u1ea3i h\u00e0ng h\u00f3a b\u1eb1ng \u0111\u01b0\u1eddng b\u1ed9 l\u00e0 ph\u01b0\u01a1ng th\u1ee9c v\u1eadn t\u1ea3i ph\u1ed5 bi\u1ebfn nh\u1ea5t hi\u1ec7n nay. Nh\u01b0ng l\u1ee3i \u00edch c\u1ee7a d\u1ecbch v\u1ee5 v\u1eadn t\u1ea3i b\u1eb1ng \u0111\u01b0\u1eddng b\u1ed9 l\u00e0 g\u00ec? V\u1eadn t\u1ea3i \u0111\u01b0\u1eddng b\u1ed9 c\u00f3 th\u1ec3 v\u1eadn chuy\u1ec3n c\u00e1c lo\u1ea1i h\u00e0ng h\u00f3a n\u00e0o? N\u00ean s\u1eed d\u1ee5ng c\u00f4ng ty v\u1eadn t\u1ea3i \u0111\u01b0\u1eddng b\u1ed9 n\u00e0o l\u00e0 t\u1ed1t [&hellip;]<\/p>","protected":false},"author":1,"featured_media":0,"parent":2182,"menu_order":0,"comment_status":"closed","ping_status":"closed","template":"","meta":{"footnotes":""},"class_list":["post-2246","page","type-page","status-publish","hentry"],"rankmath_keywords":{"primary":"","secondary":[""]},"yoast_keywords":{"primary":"","secondary":[]},"yoast_focuskw":"","rankmath_focuskw":"","seo_keywords":{"primary":"","secondary":[""]},"_links":{"self":[{"href":"https:\/\/hntshipping.com.vn\/zh\/wp-json\/wp\/v2\/pages\/2246","targetHints":{"allow":["GET"]}}],"collection":[{"href":"https:\/\/hntshipping.com.vn\/zh\/wp-json\/wp\/v2\/pages"}],"about":[{"href":"https:\/\/hntshipping.com.vn\/zh\/wp-json\/wp\/v2\/types\/page"}],"author":[{"embeddable":true,"href":"https:\/\/hntshipping.com.vn\/zh\/wp-json\/wp\/v2\/users\/1"}],"replies":[{"embeddable":true,"href":"https:\/\/hntshipping.com.vn\/zh\/wp-json\/wp\/v2\/comments?post=2246"}],"version-history":[{"count":18,"href":"https:\/\/hntshipping.com.vn\/zh\/wp-json\/wp\/v2\/pages\/2246\/revisions"}],"predecessor-version":[{"id":2564,"href":"https:\/\/hntshipping.com.vn\/zh\/wp-json\/wp\/v2\/pages\/2246\/revisions\/2564"}],"up":[{"embeddable":true,"href":"https:\/\/hntshipping.com.vn\/zh\/wp-json\/wp\/v2\/pages\/2182"}],"wp:attachment":[{"href":"https:\/\/hntshipping.com.vn\/zh\/wp-json\/wp\/v2\/media?parent=2246"}],"curies":[{"name":"wp","href":"https:\/\/api.w.org\/{rel}","templated":true}]}}