{"id":2248,"date":"2023-10-29T03:26:55","date_gmt":"2023-10-29T03:26:55","guid":{"rendered":"https:\/\/hnt.h216182.dpsmedia.vn\/?page_id=2248"},"modified":"2023-11-15T18:50:52","modified_gmt":"2023-11-15T11:50:52","slug":"khai-thue-hai-quan","status":"publish","type":"page","link":"https:\/\/hntshipping.com.vn\/zh\/thu-tuc-xuat-nhap-khau\/khai-thue-hai-quan\/","title":{"rendered":"\u6d77\u5173\u7533\u62a5"},"content":{"rendered":"<div data-elementor-type=\"wp-page\" data-elementor-id=\"2248\" class=\"elementor elementor-2248\" data-elementor-settings=\"{&quot;ha_cmc_init_switcher&quot;:&quot;no&quot;}\" data-elementor-post-type=\"page\">\n\t\t\t\t<div class=\"elementor-element elementor-element-4c6930d e-flex e-con-boxed e-con e-parent\" data-id=\"4c6930d\" data-element_type=\"container\" data-settings=\"{&quot;_ha_eqh_enable&quot;:false}\">\n\t\t\t\t\t<div class=\"e-con-inner\">\n\t\t<div class=\"elementor-element elementor-element-ad10fc4 e-flex e-con-boxed e-con e-child\" data-id=\"ad10fc4\" data-element_type=\"container\" data-settings=\"{&quot;background_background&quot;:&quot;classic&quot;,&quot;_ha_eqh_enable&quot;:false}\">\n\t\t\t\t\t<div class=\"e-con-inner\">\n\t\t\t\t<div class=\"elementor-element elementor-element-28b33e7 elementor-widget elementor-widget-spacer\" data-id=\"28b33e7\" data-element_type=\"widget\" data-widget_type=\"spacer.default\">\n\t\t\t\t<div class=\"elementor-widget-container\">\n\t\t\t\t\t\t\t<div class=\"elementor-spacer\">\n\t\t\t<div class=\"elementor-spacer-inner\"><\/div>\n\t\t<\/div>\n\t\t\t\t\t\t<\/div>\n\t\t\t\t<\/div>\n\t\t\t\t<div class=\"elementor-element elementor-element-61e1722 elementor-widget elementor-widget-spacer\" data-id=\"61e1722\" data-element_type=\"widget\" data-widget_type=\"spacer.default\">\n\t\t\t\t<div class=\"elementor-widget-container\">\n\t\t\t\t\t\t\t<div class=\"elementor-spacer\">\n\t\t\t<div class=\"elementor-spacer-inner\"><\/div>\n\t\t<\/div>\n\t\t\t\t\t\t<\/div>\n\t\t\t\t<\/div>\n\t\t\t\t\t<\/div>\n\t\t\t\t<\/div>\n\t\t<div class=\"elementor-element elementor-element-6b06a6c e-flex e-con-boxed e-con e-child\" data-id=\"6b06a6c\" data-element_type=\"container\" data-settings=\"{&quot;_ha_eqh_enable&quot;:false}\">\n\t\t\t\t\t<div class=\"e-con-inner\">\n\t\t\t\t<div class=\"elementor-element elementor-element-c475eda elementor-widget elementor-widget-text-editor\" data-id=\"c475eda\" data-element_type=\"widget\" data-widget_type=\"text-editor.default\">\n\t\t\t\t<div class=\"elementor-widget-container\">\n\t\t\t\t\t\t\t\t\t<p>\u6d77\u5173\u58f0\u660e\u7684\u5f62\u5f0f\u662f\u975e\u5e38\u53d7\u6b22\u8fce\u4eca\u5929\u3002 \u8fd9\u79cd\u670d\u52a1\uff0c\u6e05\u5173\uff0c\u5ec9\u4ef7\u662f\u4ec0\u4e48? \u670d\u52a1\u4ef7\u683c\u7684\u6e05\u5173\u662f\u591a\u5c11\uff1f \u5904\u7406\u6d77\u5173\u7533\u62a5\u662f\u600e\u6837\u7684\uff1f \u8bf7\u4f60\u8bfb\u901a\u8fc7\u7684\u6761\u7ebf!<\/p><h2 id=\"h-d\u1ecbch-v\u1ee5-khai-thue-h\u1ea3i-quan-la-gi\" class=\"wp-block-heading\">\u670d\u52a1\u3001\u6d77\u5173\u58f0\u660e\uff0c\u662f\u4ec0\u4e48\uff1f<\/h2><p>\u00a0<\/p><div id=\"attachment_2499\" style=\"width: 1930px\" class=\"wp-caption aligncenter\"><img fetchpriority=\"high\" decoding=\"async\" aria-describedby=\"caption-attachment-2499\" class=\"wp-image-2499 size-full\" src=\"https:\/\/hntshipping.com.vn\/wp-content\/uploads\/2023\/11\/f2.jpg\" alt=\"\u5173\u652f\u6301\uff0c\u652f\u6301\u5bb6\u5ead\u7269\u54c1\u7684\u5904\u7406\u7a0b\u5e8f\u66f4\u65b9\u4fbf\" width=\"1920\" height=\"889\" srcset=\"https:\/\/hntshipping.com.vn\/wp-content\/uploads\/2023\/11\/f2.jpg 1920w, https:\/\/hntshipping.com.vn\/wp-content\/uploads\/2023\/11\/f2-300x139.jpg 300w, https:\/\/hntshipping.com.vn\/wp-content\/uploads\/2023\/11\/f2-1024x474.jpg 1024w, https:\/\/hntshipping.com.vn\/wp-content\/uploads\/2023\/11\/f2-768x356.jpg 768w, https:\/\/hntshipping.com.vn\/wp-content\/uploads\/2023\/11\/f2-1536x711.jpg 1536w\" sizes=\"(max-width: 1920px) 100vw, 1920px\" \/><p id=\"caption-attachment-2499\" class=\"wp-caption-text\">\u5173\u652f\u6301\uff0c\u652f\u6301\u5bb6\u5ead\u7269\u54c1\u7684\u5904\u7406\u7a0b\u5e8f\u66f4\u65b9\u4fbf<\/p><\/div><p>\u8fd9\u662f\u4e00\u4e2a\u670d\u52a1\u5728\u5176\u4e1a\u52a1\u3001\u7ec4\u7ec7\u3001\u4e2a\u4eba(\u6240\u8c13\u7684\u5bb6\u5ead)\u79df\u8d41\u4e00\u4e2a\u5546\u4e1a\u5355\u5143\u7684\u6d77\u5173\u670d\u52a1(\u79f0\u4e3a\u6d77\u5173\u4ee3\u7406)\u4ee3\u8868\u81ea\u5df1\u8fdb\u884c\u7684\u6d77\u5173\u7a0b\u5e8f\u5bf9\u4e8e\u8fdb\u53e3\u548c\u51fa\u53e3\u8d27\u7269\u3002<\/p><h3 id=\"h-quy-trinh-khai-thue-h\u1ea3i-quan\" class=\"wp-block-heading\">\u6d77\u5173\u6e05\u5173\u8fc7\u7a0b<\/h3><h4 id=\"h-cong-vi\u1ec7c-c\u1ee5-th\u1ec3\" class=\"wp-block-heading\">\u5177\u4f53\u7684\u5de5\u4f5c<\/h4><p>\u5728\u79df\u8d41\u7684\u6240\u6709\u4eba\u5c06\u8d27\u7269\u4ea4\u4ed8\u7ed9\u6d77\u5173\u4ee3\u7406\u6267\u884c\u5de5\u4f5c\u76f8\u5173\u7684\u6d77\u5173\u7a0b\u5e8f\uff0c\u5305\u62ec\uff1a<\/p><ul><li>\u6d4b\u8bd5\uff0c\u63d0\u9ad8\u6d77\u5173\u7684\u8bb0\u5f55\u3002<\/li><li>\u4ee3\u8868\u6240\u6709\u4eba\u7684\u8d27\u7269\uff0c\u6d77\u5173\u624b\u7eed\u7684\u6d77\u5173\u5f53\u5c40\u3002<\/li><li>\u652f\u4ed8\u7684\u7a0e\u6b3e\u548c\u5176\u4ed6\u8d39\u7528\u4e3a\u7684\u89c4\u5b9a\u3002<\/li><li>\u83b7\u5f97\u7684\u8d27\u7269\u7684\u6d77\u5173\u3002<\/li><li>\u6d77\u5173\u4ee3\u7406\u6267\u884c\u5de5\u4f5c\u6309\u8981\u6c42\u7684\u8d27\u7269\u7684\u6240\u6709\u8005\u548c\u8d1f\u8d23\u7684\u7f3a\u9677\uff0c\u5728\u6267\u884c\u8fc7\u7a0b\u3002<\/li><\/ul><p>\u8fd9\u662f\u4e00\u4e2a\u6709\u6548\u7684\u89e3\u51b3\u65b9\u6848\uff0c\u4e3a\u4f01\u4e1a\u3001\u7ec4\u7ec7\u548c\u4e2a\u4eba\u6ca1\u6709\u8db3\u591f\u7684\u8d44\u6e90\u6216\u7ecf\u9a8c\u8fdb\u884c\u6e05\u5173\u3002<\/p><h4 id=\"h-gia-d\u1ecbch-v\u1ee5-khai-thue-h\u1ea3i-quan-la-bao-nhieu\" class=\"wp-block-heading\">\u670d\u52a1\u4ef7\u683c\u7684\u6e05\u5173\u662f\u591a\u5c11\uff1f<\/h4><p>\u670d\u52a1\u7684\u4ef7\u683c\u53d6\u51b3\u4e8e\u4e00\u4e9b\u56e0\u7d20\uff0c\u5305\u62ec\uff1a<\/p><ul><li>\u7c7b\u5ba3\u8a00\uff1a\u300a\u5ba3\u8a00\u300b\u5305\u5c06\u5177\u6709\u66f4\u9ad8\u7684\u4ef7\u683c\u5ba3\u8a00\u300b\u7684\u6bcf\u4e00\u4e2a\u9636\u6bb5\u3002<\/li><li>\u7c7b\u578b\u7684\u8d27\u7269\u7684\u8d27\u7269\u7684\u8fdb\u51fa\u53e3\u5177\u6709\u7684\u6027\u8d28\uff0c\u4e0d\u540c\u7684\u7279\u70b9\u5c06\u6709\u514d\u8d39\u5ba3\u8a00\u300b\u4e0d\u540c\u7684\u3002<\/li><li>\u8d27\u8fd0\u91cf\uff1a\u6570\u91cf\u7684\u8d27\u7269\u66f4\u5927\u7684\u81ea\u7531\u5ba3\u8a00\u300b\u4f5c\u4e3a\u9ad8\u3002<\/li><\/ul><p>\u590d\u6742\u7684\u6d77\u5173\u6e05\u5173\uff1a\u6d77\u5173\u6e05\u5173\u7684\u8fdb\u51fa\u53e3\u8d27\u7269\u4e2d\u6709\u8bb8\u591a\u4e0d\u540c\u7c7b\u578b\uff0c\u6839\u636e\u4e0d\u540c\u7c7b\u578b\u7684\u5546\u54c1\uff0c\u8fd0\u8f93\u65b9\u5f0f\u3001\u8fd0\u8f93\u8def\u7ebf\uff0c\u90a3\u514d\u8d39\u5ba3\u8a00\u300b\u5c06\u662f\u4e0d\u540c\u7684\u3002<\/p><h4 id=\"h-\u01b0u-di\u1ec3m-c\u1ee7a-d\u1ecbch-v\u1ee5\" class=\"wp-block-heading\">\u4f18\u70b9\u7684\u670d\u52a1<\/h4><div id=\"attachment_2500\" style=\"width: 1360px\" class=\"wp-caption aligncenter\"><img decoding=\"async\" aria-describedby=\"caption-attachment-2500\" class=\"wp-image-2500 size-full\" src=\"https:\/\/hntshipping.com.vn\/wp-content\/uploads\/2023\/11\/f3.png\" alt=\"\u6d77\u5173\u7533\u62a5\u5e26\u6765\u591a\u79cd\u591a\u6837\u7684\u8bbe\u65bd\u5bf9\u4e8e\u5546\u4e1a\u548c\u5bb6\u5ead\" width=\"1350\" height=\"650\" srcset=\"https:\/\/hntshipping.com.vn\/wp-content\/uploads\/2023\/11\/f3.png 1350w, https:\/\/hntshipping.com.vn\/wp-content\/uploads\/2023\/11\/f3-300x144.png 300w, https:\/\/hntshipping.com.vn\/wp-content\/uploads\/2023\/11\/f3-1024x493.png 1024w, https:\/\/hntshipping.com.vn\/wp-content\/uploads\/2023\/11\/f3-768x370.png 768w\" sizes=\"(max-width: 1350px) 100vw, 1350px\" \/><p id=\"caption-attachment-2500\" class=\"wp-caption-text\">\u6d77\u5173\u7533\u62a5\u5e26\u6765\u591a\u79cd\u591a\u6837\u7684\u8bbe\u65bd\u5bf9\u4e8e\u5546\u4e1a\u548c\u5bb6\u5ead<\/p><\/div><ul><li id=\"h-ti\u1ebft-ki\u1ec7m-chi-phi-va-th\u1eddi-gian\" class=\"wp-block-heading\"><h6>\u8282\u7701\u6210\u672c\u548c\u65f6\u95f4<\/h6><\/li><\/ul><p>\u4f01\u4e1a\u3001\u7ec4\u7ec7\u3001\u4e2a\u4eba\u4e0d\u9700\u8981\u6295\u8d44\u8bbe\u65bd\u3001\u4eba\u529b\u3001\u65f6\u95f4\u7528\u4e8e\u6d77\u5173\u6e05\u5173\u3002<\/p><ul><li id=\"h-tang-c\u01b0\u1eddng-hi\u1ec7u-qu\u1ea3-ho\u1ea1t-d\u1ed9ng\" class=\"wp-block-heading\"><h6>\u63d0\u9ad8\u4e1a\u52a1\u6548\u7387<\/h6><\/li><\/ul><p>\u4f01\u4e1a\u3001\u7ec4\u7ec7\u548c\u4e2a\u4eba\u53ef\u4ee5\u91cd\u70b9\u5173\u6ce8\u7684\u4e3b\u8981\u4e1a\u52a1\u6d3b\u52a8\u3002<\/p><ul><li id=\"h-gi\u1ea3m-thi\u1ec3u-r\u1ee7i-ro\" class=\"wp-block-heading\"><h6>\u98ce\u9669\u6700\u5c0f\u5316<\/h6><\/li><\/ul><p>\u6d77\u5173\u4eba\u5458\u5c06\u8d1f\u8d23\u7684\u7f3a\u9677\uff0c\u5728\u6267\u884c\u8fc7\u7a0b\u3002<\/p><h3 id=\"h-cac-lo\u1ea1i-hinh-khai-thue\" class=\"wp-block-heading\">\u7c7b\u578b\u7684\u58f0\u660e<\/h3><h4 id=\"h-d\u1ecbch-v\u1ee5-tr\u1ecdn-goi\" class=\"wp-block-heading\">\u670d\u52a1\u5305\u88c5<\/h4><p>\u8fd9\u79cd\u5f62\u5f0f\u7684\u6d77\u5173\u4ee3\u7406\u4eba\u4f5c\u51fa\u7684\u6574\u4e2a\u6d77\u5173\u5bf9\u8fdb\u51fa\u53e3\u8d27\u7269\u68c0\u67e5\u8bb0\u5f55\uff0c\u6267\u884c\u6d77\u5173\u7ed3\u5173\u548c\u7f34\u7eb3\u7a0e\u6536\u6536\u5230\u8d27\u7269\u3002<\/p><h4 id=\"h-d\u1ecbch-v\u1ee5-h\u1ea3i-quan-t\u1eebng-cong-do\u1ea1n\" class=\"wp-block-heading\">\u6d77\u5173\u670d\u52a1\u7684\u6bcf\u4e00\u4e2a\u9636\u6bb5<\/h4><p>\u8fd9\u79cd\u5f62\u5f0f\u7684\u6d77\u5173\u4eba\u5458\u53ea\u6267\u884c\u4e00\u4e2a\u6216\u6570\u4e2a\u9636\u6bb5\u7684\u6e05\u5173\uff0c\u5982\u68c0\u67e5\u8bb0\u5f55\uff0c\u6267\u884c\u6d77\u5173\u7ed3\u5173\u5e76\u7f34\u7eb3\u7a0e\u6b3e\u3002<\/p><h2 id=\"h-nen-s\u1eed-d\u1ee5ng-d\u1ecbch-v\u1ee5-khai-thue-h\u1ea3i-quan-c\u1ee7a-cong-ty-nao\" class=\"wp-block-heading\">\u5e94\u8be5\u4f7f\u7528\u7684\u670d\u52a1\uff0c\u6d77\u5173\u7533\u62a5\uff0c\u4efb\u4f55\u516c\u53f8\uff1f<\/h2><p>\u00a0<\/p><div id=\"attachment_2501\" style=\"width: 1290px\" class=\"wp-caption aligncenter\"><img decoding=\"async\" aria-describedby=\"caption-attachment-2501\" class=\"wp-image-2501 size-full\" src=\"https:\/\/hntshipping.com.vn\/wp-content\/uploads\/2023\/11\/f4.jpg\" alt=\"\u670d\u52a1\u6d77\u5173\u7533\u62a5\u9ad8\u7684\u80fd\u88ab\u8bc4\u4f30\u4e3a\u53ef\u9760\u7684\u3001\u6709\u7ade\u4e89\u529b\u7684\u4ef7\u683c\" width=\"1280\" height=\"960\" srcset=\"https:\/\/hntshipping.com.vn\/wp-content\/uploads\/2023\/11\/f4.jpg 1280w, https:\/\/hntshipping.com.vn\/wp-content\/uploads\/2023\/11\/f4-300x225.jpg 300w, https:\/\/hntshipping.com.vn\/wp-content\/uploads\/2023\/11\/f4-1024x768.jpg 1024w, https:\/\/hntshipping.com.vn\/wp-content\/uploads\/2023\/11\/f4-768x576.jpg 768w\" sizes=\"(max-width: 1280px) 100vw, 1280px\" \/><p id=\"caption-attachment-2501\" class=\"wp-caption-text\">\u670d\u52a1\u6d77\u5173\u7533\u62a5\u9ad8\u7684\u80fd\u88ab\u8bc4\u4f30\u4e3a\u53ef\u9760\u7684\u3001\u6709\u7ade\u4e89\u529b\u7684\u4ef7\u683c<\/p><\/div><p>\u9ad8\u7684\u80fd\u4e4b\u4e00\u662f\u516c\u53f8\u63d0\u4f9b\u7684\u670d\u52a1\uff0c\u6d77\u5173\u7533\u62a5\u662f\u4ece\u5ba2\u6237\u8d5e\u8d4f\u3002 \u4e0e\u7684\u5ea7\u53f3\u94ed\u7684\u65b9\u5411\u5feb\u901f\u3001\u51c6\u786e\u548c\u6709\u6548\u7387\u670d\u52a1\u975e\u5e38\u7ecf\u6d4e\u5b9e\u60e0\u7684\u670d\u52a1\u9009\u9879\u6d77\u5173\u7533\u62a5\u5728\u9ad8\u7684\u80fd\uff0c\u4e0d\u4ec5\u8282\u7701\u65f6\u95f4\uff0c\u4e5f\u8282\u7701\u4eba\u529b\u8d44\u6e90\u5bf9\u4e8e\u60a8\u7684\u4e8b\u52a1\u3002<\/p><p>\u63a5\u89e6\u00a0<a href=\"https:\/\/hntshipping.com.vn\/zh\/\">\u9ad8\u7684\u80fd<\/a>\u00a0\u901a\u8fc7\u70ed\u7ebf0981.655.880(\u592a\u592aThi)\u4ee5\u77e5\u9053\u66f4\u591a\u5173\u4e8e\u6211\u4eec\u7684\u670d\u52a1\u8fd9\u91cc\uff01<\/p>\t\t\t\t\t\t\t\t<\/div>\n\t\t\t\t<\/div>\n\t\t\t\t\t<\/div>\n\t\t\t\t<\/div>\n\t\t\t\t\t<\/div>\n\t\t\t\t<\/div>\n\t\t\t\t<\/div>","protected":false},"excerpt":{"rendered":"<p>Khai thu\u00ea h\u1ea3i quan l\u00e0 h\u00ecnh th\u1ee9c r\u1ea5t ph\u1ed5 bi\u1ebfn ng\u00e0y nay. V\u1eady d\u1ecbch v\u1ee5 khai thu\u00ea h\u1ea3i quan gi\u00e1 r\u1ebb l\u00e0 g\u00ec? Gi\u00e1 d\u1ecbch v\u1ee5 khai thu\u00ea h\u1ea3i quan l\u00e0 bao nhi\u00eau? Quy tr\u00ecnh khai thu\u00ea h\u1ea3i quan l\u00e0 nh\u01b0 th\u1ebf n\u00e0o? M\u1eddi b\u1ea1n c\u00f9ng t\u00ecm hi\u1ec3u qua b\u00e0i vi\u1ebft nh\u00e9! D\u1ecbch v\u1ee5 khai [&hellip;]<\/p>","protected":false},"author":1,"featured_media":0,"parent":2184,"menu_order":0,"comment_status":"closed","ping_status":"closed","template":"","meta":{"footnotes":""},"class_list":["post-2248","page","type-page","status-publish","hentry"],"rankmath_keywords":{"primary":"","secondary":[""]},"yoast_keywords":{"primary":"","secondary":[]},"yoast_focuskw":"","rankmath_focuskw":"","seo_keywords":{"primary":"","secondary":[""]},"_links":{"self":[{"href":"https:\/\/hntshipping.com.vn\/zh\/wp-json\/wp\/v2\/pages\/2248","targetHints":{"allow":["GET"]}}],"collection":[{"href":"https:\/\/hntshipping.com.vn\/zh\/wp-json\/wp\/v2\/pages"}],"about":[{"href":"https:\/\/hntshipping.com.vn\/zh\/wp-json\/wp\/v2\/types\/page"}],"author":[{"embeddable":true,"href":"https:\/\/hntshipping.com.vn\/zh\/wp-json\/wp\/v2\/users\/1"}],"replies":[{"embeddable":true,"href":"https:\/\/hntshipping.com.vn\/zh\/wp-json\/wp\/v2\/comments?post=2248"}],"version-history":[{"count":21,"href":"https:\/\/hntshipping.com.vn\/zh\/wp-json\/wp\/v2\/pages\/2248\/revisions"}],"predecessor-version":[{"id":2563,"href":"https:\/\/hntshipping.com.vn\/zh\/wp-json\/wp\/v2\/pages\/2248\/revisions\/2563"}],"up":[{"embeddable":true,"href":"https:\/\/hntshipping.com.vn\/zh\/wp-json\/wp\/v2\/pages\/2184"}],"wp:attachment":[{"href":"https:\/\/hntshipping.com.vn\/zh\/wp-json\/wp\/v2\/media?parent=2248"}],"curies":[{"name":"wp","href":"https:\/\/api.w.org\/{rel}","templated":true}]}}