{"id":2250,"date":"2023-10-29T03:27:24","date_gmt":"2023-10-29T03:27:24","guid":{"rendered":"https:\/\/hnt.h216182.dpsmedia.vn\/?page_id=2250"},"modified":"2023-11-27T17:45:36","modified_gmt":"2023-11-27T10:45:36","slug":"uy-thac-xuat-nhap-khau","status":"publish","type":"page","link":"https:\/\/hntshipping.com.vn\/zh\/thu-tuc-xuat-nhap-khau\/uy-thac-xuat-nhap-khau\/","title":{"rendered":"\u8d4b\u4e88\u51fa\u53e3\u548c\u8fdb\u53e3"},"content":{"rendered":"<div data-elementor-type=\"wp-page\" data-elementor-id=\"2250\" class=\"elementor elementor-2250\" data-elementor-settings=\"{&quot;ha_cmc_init_switcher&quot;:&quot;no&quot;}\" data-elementor-post-type=\"page\">\n\t\t\t\t<div class=\"elementor-element elementor-element-bc0d3fc e-flex e-con-boxed e-con e-parent\" data-id=\"bc0d3fc\" data-element_type=\"container\" data-settings=\"{&quot;_ha_eqh_enable&quot;:false}\">\n\t\t\t\t\t<div class=\"e-con-inner\">\n\t\t<div class=\"elementor-element elementor-element-4b18615 e-flex e-con-boxed e-con e-child\" data-id=\"4b18615\" data-element_type=\"container\" data-settings=\"{&quot;background_background&quot;:&quot;classic&quot;,&quot;_ha_eqh_enable&quot;:false}\">\n\t\t\t\t\t<div class=\"e-con-inner\">\n\t\t\t\t<div class=\"elementor-element elementor-element-3090847 elementor-widget elementor-widget-spacer\" data-id=\"3090847\" data-element_type=\"widget\" data-widget_type=\"spacer.default\">\n\t\t\t\t<div class=\"elementor-widget-container\">\n\t\t\t\t\t\t\t<div class=\"elementor-spacer\">\n\t\t\t<div class=\"elementor-spacer-inner\"><\/div>\n\t\t<\/div>\n\t\t\t\t\t\t<\/div>\n\t\t\t\t<\/div>\n\t\t\t\t<div class=\"elementor-element elementor-element-d52de6c elementor-widget elementor-widget-spacer\" data-id=\"d52de6c\" data-element_type=\"widget\" data-widget_type=\"spacer.default\">\n\t\t\t\t<div class=\"elementor-widget-container\">\n\t\t\t\t\t\t\t<div class=\"elementor-spacer\">\n\t\t\t<div class=\"elementor-spacer-inner\"><\/div>\n\t\t<\/div>\n\t\t\t\t\t\t<\/div>\n\t\t\t\t<\/div>\n\t\t\t\t\t<\/div>\n\t\t\t\t<\/div>\n\t\t<div class=\"elementor-element elementor-element-924b7f6 e-flex e-con-boxed e-con e-child\" data-id=\"924b7f6\" data-element_type=\"container\" data-settings=\"{&quot;_ha_eqh_enable&quot;:false}\">\n\t\t\t\t\t<div class=\"e-con-inner\">\n\t\t\t\t<div class=\"elementor-element elementor-element-b9bcc96 elementor-widget elementor-widget-text-editor\" data-id=\"b9bcc96\" data-element_type=\"widget\" data-widget_type=\"text-editor.default\">\n\t\t\t\t<div class=\"elementor-widget-container\">\n\t\t\t\t\t\t\t\t\t<p>\u51fa\u53e3\u4fe1\u4efb\u662f\u4e00\u4e2a\u53d7\u6b22\u8fce\u7684\u670d\u52a1\u3002 \u56e0\u6b64\uff0c\u627e\u5230\u516c\u53f8\u59d4\u6258\u8fdb\u662f\u6700\u597d\u7684\u5417\uff1f \u8bf7\u4f60\u627e\u51fa\u6765\uff01<\/p><h2 id=\"h-\u1ee7y-thac-xu\u1ea5t-nh\u1eadp-kh\u1ea9u-la-gi\" class=\"wp-block-heading\">\u51fa\u53e3\u4fe1\u4efb\u662f\u4ec0\u4e48\uff1f<\/h2><p>\u8fd9\u662f\u5f62\u5f0f\uff0c\u5728\u5176\u4e1a\u52a1\u3001\u7ec4\u7ec7\u3001\u5b9e\u4f53\u7684\u4efb\u4f55(\u79f0\u4e3a\u53d7\u6258\u4eba)\u79df\u8d41\u4e00\u4e2a\u5546\u4e1a\u90e8\u51fa\u53e3\u670d\u52a1(\u79f0\u4e3a\u53d7\u6258\u4eba)\u4ee3\u8868\u81ea\u5df1\u8fdb\u884c\u7684\u6d3b\u52a8\u3001\u8fdb\u53e3\u548c\u51fa\u53e3\u8d27\u7269\u3002<\/p><h3 class=\"wp-block-heading\">\u5de5\u4f5centrustee\u8fdb\u53e3\u548c\u51fa\u53e3\u7684\u662f\u4ec0\u4e48?<\/h3><p>\u5728\u6d3b\u52a8\u7684\u53d7\u6258\u4eba\uff0c\u4fa7\u6258\u7ba1\u4eba\u5c06\u63d0\u4f9b\u7ed9\u53d7\u6258\u4eba\u7684\u6574\u4f53\u3002 \u6216\u8005\u90e8\u5206\u76f8\u5173\u5de5\u4f5c\u7684\u8fdb\u53e3\u548c\u51fa\u53e3\u8d27\u7269\uff0c\u5176\u4e2d\u5305\u62ec\uff1a<\/p><ul><li>\u5728\u5bfb\u627e\u5408\u4f5c\u4f19\u4f34\u3001\u8c08\u5224\u548c\u7b7e\u7f72\u5408\u540c\u7684\u9500\u552e\u8d27\u7269\u3002<\/li><li>\u641c\u7d22\u6a21\u5f0f\u7684\u4ea4\u901a\u8fd0\u8f93\u3001\u4ed8\u6b3e\u65b9\u6cd5\u3002<\/li><li>\u6d77\u5173\u7a0b\u5e8f\u3001\u8fdb\u53e3\u548c\u51fa\u53e3\u3002<\/li><li>\u670d\u52a1\u63d0\u4f9b\u8005\u8d27\u7269\u7684\u4fdd\u9669\u3002<\/li><li>\u9001\u5230entruster\u6216\u661f\u671f\u4e8c\u3002<\/li><\/ul><p>\u8be5entrustee\u5e94\u6267\u884c\u5de5\u4f5c\u7684\u8981\u6c42\uff0c\u53d7\u6258\u7ba1\u7406\u4eba\u548c\u8d1f\u8d23\u7684\u98ce\u9669\uff0c\u5728\u6267\u884c\u8fc7\u7a0b\u3002<\/p><p>\u59d4\u6258\u662f\u4e00\u4e2a\u6709\u6548\u7684\u89e3\u51b3\u65b9\u6848\uff0c\u4e3a\u4f01\u4e1a\u3001\u7ec4\u7ec7\u6ca1\u6709\u8db3\u591f\u7684\u8d44\u6e90\u6216\u7ecf\u9a8c\u7684\u6267\u884c\u6d3b\u52a8\u7684\u8d27\u7269\u8fd0\u8f93\u3002<\/p><h3 class=\"wp-block-heading\">\u4f18\u52bf\u7684\u6258\u7ba1\u670d\u52a1<\/h3><div id=\"attachment_2495\" style=\"width: 1066px\" class=\"wp-caption aligncenter\"><img fetchpriority=\"high\" decoding=\"async\" aria-describedby=\"caption-attachment-2495\" class=\"wp-image-2495 size-full\" src=\"https:\/\/hntshipping.com.vn\/wp-content\/uploads\/2023\/11\/e2.png\" alt=\"\u4f7f\u7528\u6258\u7ba1\u670d\u52a1\u5e26\u6765\u4e86\u8bb8\u591a\u597d\u5904\uff0c\u67d0\u4e9b\" width=\"1056\" height=\"663\" srcset=\"https:\/\/hntshipping.com.vn\/wp-content\/uploads\/2023\/11\/e2.png 1056w, https:\/\/hntshipping.com.vn\/wp-content\/uploads\/2023\/11\/e2-300x188.png 300w, https:\/\/hntshipping.com.vn\/wp-content\/uploads\/2023\/11\/e2-1024x643.png 1024w, https:\/\/hntshipping.com.vn\/wp-content\/uploads\/2023\/11\/e2-768x482.png 768w\" sizes=\"(max-width: 1056px) 100vw, 1056px\" \/><p id=\"caption-attachment-2495\" class=\"wp-caption-text\">\u4f7f\u7528\u6258\u7ba1\u670d\u52a1\u5e26\u6765\u4e86\u8bb8\u591a\u597d\u5904\uff0c\u67d0\u4e9b<\/p><\/div><h4 class=\"wp-block-heading\">\u6700\u5c0f\u7684\u6210\u672c\u548c\u65f6\u95f4<\/h4><p>\u4e1a\u52a1\u548c\u7ec4\u7ec7\u4e0d\u9700\u8981\u6295\u8d44\u8bbe\u65bd\u3001\u4eba\u529b\u3001\u65f6\u95f4\u7528\u4e8e\u51fa\u53e3\u4e1a\u52a1\u3002<\/p><h4 class=\"wp-block-heading\">\u63d0\u9ad8\u4e1a\u52a1\u6548\u7387<\/h4><p>\u4f01\u4e1a\u548c\u7ec4\u7ec7\u53ef\u4ee5\u4e13\u6ce8\u4e8e\u4e3b\u8981\u5546\u4e1a\u6d3b\u52a8\u3002<\/p><h4 class=\"wp-block-heading\">\u98ce\u9669\u6700\u5c0f\u5316<\/h4><p>\u8be5entrustee\u5e94\u8d1f\u8d23\u7684\u98ce\u9669\uff0c\u5728\u6267\u884c\u8fc7\u7a0b\u3002<\/p><h3 class=\"wp-block-heading\">\u8fd9\u79cd\u7c7b\u578b\u7684\u53d7\u6258\u4eba\u51fa\u53e3\u548c\u8fdb\u53e3<\/h3><h3 class=\"wp-block-heading\">\u670d\u52a1\u5305\u88c5<\/h3><p>\u8fd9\u91cc\u662f\u53d7\u6258\u4ea4\u4ed8\u7ed9\u53d7\u6258\u4eba\u4f5c\u51fa\u7684\u6574\u4f53\u64cd\u4f5c\u4e2d\uff0c\u8d27\u7269\u5bfb\u627e\u5408\u4f5c\u4f19\u4f34\u3001\u8c08\u5224\u3001\u8ba2\u7ea6\u3001\u8fd0\u8f93\u3001\u4fdd\u9669\u3001\u7ed3\u5173\u3001\u8fd0\u9001\u7684\u76ee\u7684\u5730\u3002<\/p><h3 class=\"wp-block-heading\">\u5408\u540c\u7684\u4fe1\u4efb<\/h3><p>\u5408\u540c\u7684\u4fe1\u4efb\u662f\u4e66\u9762\u534f\u8bae\u4e4b\u95f4\u7684entruster\u548centrustee\u4fa7\u53d7\u6258\u4eba\u5c06\u6267\u884c\u4e00\u4e2a\u6216\u4e00\u5b9a\u6570\u91cf\u7684\u5de5\u4f5c\u6709\u5173\u7684\u6d3b\u52a8\u8fd0\u8f93\u7684\u8d27\u7269\u6839\u636e\u8be5\u8bf7\u6c42\u7684\u53d7\u6258\u4eba\u3002<\/p><p>\u5408\u540c\u8fdb\u51fa\u53e3\u59d4\u5458\u4f1a\u5e94\u6709\u5145\u5206\u7684\u5982\u4e0b\u5185\u5bb9\uff1a<\/p><ul><li>\u59d3\u540d\u3001\u5730\u5740\u3001\u7a0e\u6cd5\u7684entruster\u548centrustee.<\/li><li>\u5185\u5bb9\u53d7\u6258\u4eba\u3002<\/li><li>\u672f\u8bed\u7684\u53d7\u6258\u4eba\u3002<\/li><li>\u4ed8\u6b3e\u65b9\u5f0f\u3002<\/li><li>\u8d23\u4efb\u7684\u7f14\u7ea6\u65b9\u3002<\/li><li>\u5176\u4ed6\u6761\u6b3e\u3002<\/li><\/ul><p>\u5408\u540c\u8fdb\u51fa\u53e3\u59d4\u5458\u4f1a\u5fc5\u987b\u4e66\u9762\u603b\u7ed3\uff0c\u5e76\u5177\u6709\u76f8\u540c\u7684\u6cd5\u5f8b\u6548\u529b\u6839\u636e\u6cd5\u5f8b\u89c4\u5b9a\u3002<\/p><h2 class=\"wp-block-heading\">\u56e0\u6b64\uff0c\u627e\u5230\u516c\u53f8\u59d4\u6258\u8fdb\u51fa\u53e3\u662f\u6700\u597d\u7684\u5417\uff1f<\/h2><div id=\"attachment_2496\" style=\"width: 1290px\" class=\"wp-caption aligncenter\"><img decoding=\"async\" aria-describedby=\"caption-attachment-2496\" class=\"wp-image-2496 size-full\" src=\"https:\/\/hntshipping.com.vn\/wp-content\/uploads\/2023\/11\/e3.jpg\" alt=\"\u9ad8\u7684\u80fd\u5355\u4f4d\u59d4\u6258\u8fdb\u53e3\u548c\u51fa\u53e3\u4fe1\u8a89\u3001\u9ad8\u8d28\u91cf\u7684\" width=\"1280\" height=\"960\" srcset=\"https:\/\/hntshipping.com.vn\/wp-content\/uploads\/2023\/11\/e3.jpg 1280w, https:\/\/hntshipping.com.vn\/wp-content\/uploads\/2023\/11\/e3-300x225.jpg 300w, https:\/\/hntshipping.com.vn\/wp-content\/uploads\/2023\/11\/e3-1024x768.jpg 1024w, https:\/\/hntshipping.com.vn\/wp-content\/uploads\/2023\/11\/e3-768x576.jpg 768w\" sizes=\"(max-width: 1280px) 100vw, 1280px\" \/><p id=\"caption-attachment-2496\" class=\"wp-caption-text\">\u9ad8\u7684\u80fd\u5355\u4f4d\u59d4\u6258\u8fdb\u53e3\u548c\u51fa\u53e3\u4fe1\u8a89\u3001\u9ad8\u8d28\u91cf\u7684<\/p><\/div><div class=\"entry-content wp-block-post-content has-global-padding is-layout-constrained\"><p>\u9ad8\u7684\u80fd\u540e\u52e4\u5355\u4f4d\u662f\u8bb8\u53ef\u7684\u63d0\u4f9b\u670d\u52a1\u7684\u8fdb\u51fa\u53e3\u8d8a\u5357\u3002 \u8d85\u8fc712\u5e74\u7684\u7ecf\u9a8c\uff0c\u5728\u8be5\u9886\u57df\uff0c\u9ad8\u7684\u80fd\u5c06\u7ed9\u5ba2\u6237\u7684\u670d\u52a1\u7ecf\u9a8c\u7684\u4e00\u4e2a\u4e13\u4e1a\u7684\u65b9\u5f0f\u3001\u4fe1\u8a89\u3001\u8d28\u91cf\u548c\u9ad8\u6548\u7387\u3002<\/p><p>\u63a5\u89e6\u00a0<a href=\"https:\/\/hntshipping.com.vn\/zh\/\">\u9ad8\u7684\u80fd<\/a>\u00a0\u901a\u8fc7\u70ed\u7ebf0981.655.880(\u592a\u592aThi)\u4ee5\u77e5\u9053\u66f4\u591a\u5173\u4e8e\u6211\u4eec\u7684\u670d\u52a1\u8fd9\u91cc\uff01<\/p><\/div><div class=\"wp-block-template-part\"><div class=\"wp-block-spacer\" aria-hidden=\"true\">\u00a0<\/div><div class=\"wp-block-group has-global-padding is-layout-constrained\">\u00a0<\/div><\/div>\t\t\t\t\t\t\t\t<\/div>\n\t\t\t\t<\/div>\n\t\t\t\t\t<\/div>\n\t\t\t\t<\/div>\n\t\t\t\t\t<\/div>\n\t\t\t\t<\/div>\n\t\t\t\t<\/div>","protected":false},"excerpt":{"rendered":"<p>\u1ee6y th\u00e1c xu\u1ea5t nh\u1eadp kh\u1ea9u l\u00e0 m\u1ed9t d\u1ecbch v\u1ee5 ph\u1ed5 bi\u1ebfn hi\u1ec7n nay. V\u1eady n\u00ean t\u00ecm c\u00f4ng ty nh\u1eadn \u1ee7y th\u00e1c nh\u1eadp kh\u1ea9u n\u00e0o l\u00e0 t\u1ed1t nh\u1ea5t? M\u1eddi b\u1ea1n c\u00f9ng t\u00ecm hi\u1ec3u nh\u00e9! \u1ee6y th\u00e1c xu\u1ea5t nh\u1eadp kh\u1ea9u l\u00e0 g\u00ec? \u0110\u00e2y l\u00e0 h\u00ecnh th\u1ee9c m\u00e0 m\u1ed9t doanh nghi\u1ec7p, t\u1ed5 ch\u1ee9c, ph\u00e1p nh\u00e2n b\u1ea5t k\u1ef3 (g\u1ecdi [&hellip;]<\/p>","protected":false},"author":1,"featured_media":0,"parent":2184,"menu_order":0,"comment_status":"closed","ping_status":"closed","template":"","meta":{"footnotes":""},"class_list":["post-2250","page","type-page","status-publish","hentry"],"rankmath_keywords":{"primary":"","secondary":[""]},"yoast_keywords":{"primary":"","secondary":[]},"yoast_focuskw":"","rankmath_focuskw":"","seo_keywords":{"primary":"","secondary":[""]},"_links":{"self":[{"href":"https:\/\/hntshipping.com.vn\/zh\/wp-json\/wp\/v2\/pages\/2250","targetHints":{"allow":["GET"]}}],"collection":[{"href":"https:\/\/hntshipping.com.vn\/zh\/wp-json\/wp\/v2\/pages"}],"about":[{"href":"https:\/\/hntshipping.com.vn\/zh\/wp-json\/wp\/v2\/types\/page"}],"author":[{"embeddable":true,"href":"https:\/\/hntshipping.com.vn\/zh\/wp-json\/wp\/v2\/users\/1"}],"replies":[{"embeddable":true,"href":"https:\/\/hntshipping.com.vn\/zh\/wp-json\/wp\/v2\/comments?post=2250"}],"version-history":[{"count":15,"href":"https:\/\/hntshipping.com.vn\/zh\/wp-json\/wp\/v2\/pages\/2250\/revisions"}],"predecessor-version":[{"id":3169,"href":"https:\/\/hntshipping.com.vn\/zh\/wp-json\/wp\/v2\/pages\/2250\/revisions\/3169"}],"up":[{"embeddable":true,"href":"https:\/\/hntshipping.com.vn\/zh\/wp-json\/wp\/v2\/pages\/2184"}],"wp:attachment":[{"href":"https:\/\/hntshipping.com.vn\/zh\/wp-json\/wp\/v2\/media?parent=2250"}],"curies":[{"name":"wp","href":"https:\/\/api.w.org\/{rel}","templated":true}]}}