{"id":4129,"date":"2024-10-16T09:17:52","date_gmt":"2024-10-16T02:17:52","guid":{"rendered":"https:\/\/www.hntshipping.com.vn\/?page_id=4129"},"modified":"2024-10-17T16:32:43","modified_gmt":"2024-10-17T09:32:43","slug":"van-chuyen-container-lanh","status":"publish","type":"page","link":"https:\/\/hntshipping.com.vn\/zh\/van-chuyen-hang\/van-chuyen-container-lanh\/","title":{"rendered":"\u51b7\u85cf\u8fd0\u8f93\u7684\u5bb9\u5668"},"content":{"rendered":"<div data-elementor-type=\"wp-page\" data-elementor-id=\"4129\" class=\"elementor elementor-4129\" data-elementor-settings=\"{&quot;ha_cmc_init_switcher&quot;:&quot;no&quot;}\" data-elementor-post-type=\"page\">\n\t\t\t\t<div class=\"elementor-element elementor-element-6adbeb50 e-flex e-con-boxed e-con e-parent\" data-id=\"6adbeb50\" data-element_type=\"container\" data-settings=\"{&quot;_ha_eqh_enable&quot;:false}\">\n\t\t\t\t\t<div class=\"e-con-inner\">\n\t\t\t\t<div class=\"elementor-element elementor-element-247cccfc elementor-widget elementor-widget-text-editor\" data-id=\"247cccfc\" data-element_type=\"widget\" data-widget_type=\"text-editor.default\">\n\t\t\t\t<div class=\"elementor-widget-container\">\n\t\t\t\t\t\t\t\t\t<p><span style=\"font-family: tahoma, arial, helvetica, sans-serif; font-size: 14pt;\"><em>V\u1eadn chuy\u1ec3n container l\u1ea1nh n\u1ed9i \u0111\u1ecba B\u1eafc Nam kh\u00f4ng ch\u1ec9 \u0111\u1ea3m b\u1ea3o ch\u1ea5t l\u01b0\u1ee3ng h\u00e0ng h\u00f3a m\u00e0 c\u00f2n \u0111\u00e1p \u1ee9ng nhu c\u1ea7u v\u1eadn chuy\u1ec3n linh ho\u1ea1t, gi\u00fap c\u00e1c doanh nghi\u1ec7p gi\u1ea3m thi\u1ec3u r\u1ee7i ro trong qu\u00e1 tr\u00ecnh v\u1eadn chuy\u1ec3n d\u00e0i ng\u00e0y.<\/em><\/span><\/p><h2><span style=\"font-family: tahoma, arial, helvetica, sans-serif; font-size: 14pt;\">V\u1eadn chuy\u1ec3n container l\u1ea1nh l\u00e0 g\u00ec?<\/span><\/h2><p><span style=\"font-family: tahoma, arial, helvetica, sans-serif; font-size: 14pt;\">Container l\u1ea1nh l\u00e0 lo\u1ea1i container chuy\u00ean d\u1ee5ng \u0111\u01b0\u1ee3c trang b\u1ecb h\u1ec7 th\u1ed1ng l\u00e0m l\u1ea1nh \u0111\u1ec3 b\u1ea3o qu\u1ea3n c\u00e1c lo\u1ea1i h\u00e0ng h\u00f3a nh\u1ea1y c\u1ea3m v\u1edbi nhi\u1ec7t \u0111\u1ed9 nh\u01b0 th\u1ef1c ph\u1ea9m t\u01b0\u01a1i s\u1ed1ng, d\u01b0\u1ee3c ph\u1ea9m, h\u00f3a ch\u1ea5t v\u00e0 c\u00e1c s\u1ea3n ph\u1ea9m c\u00f4ng nghi\u1ec7p \u0111\u1eb7c th\u00f9 kh\u00e1c. V\u1eadn chuy\u1ec3n container l\u1ea1nh \u0111\u00f3ng vai tr\u00f2 quan tr\u1ecdng trong chu\u1ed7i cung \u1ee9ng, \u0111\u1eb7c bi\u1ec7t l\u00e0 \u0111\u1ed1i v\u1edbi c\u00e1c ng\u00e0nh c\u00f4ng nghi\u1ec7p th\u1ef1c ph\u1ea9m.<\/span><\/p><div id=\"attachment_4130\" style=\"width: 2058px\" class=\"wp-caption aligncenter\"><img fetchpriority=\"high\" decoding=\"async\" aria-describedby=\"caption-attachment-4130\" class=\"wp-image-4130 size-full\" src=\"https:\/\/hntshipping.com.vn\/wp-content\/uploads\/2024\/10\/z5932072322378_a00f34415373cab7574113a71f6bc9fe.jpg\" alt=\"\" width=\"2048\" height=\"1536\" srcset=\"https:\/\/hntshipping.com.vn\/wp-content\/uploads\/2024\/10\/z5932072322378_a00f34415373cab7574113a71f6bc9fe.jpg 2048w, https:\/\/hntshipping.com.vn\/wp-content\/uploads\/2024\/10\/z5932072322378_a00f34415373cab7574113a71f6bc9fe-300x225.jpg 300w, https:\/\/hntshipping.com.vn\/wp-content\/uploads\/2024\/10\/z5932072322378_a00f34415373cab7574113a71f6bc9fe-1024x768.jpg 1024w, https:\/\/hntshipping.com.vn\/wp-content\/uploads\/2024\/10\/z5932072322378_a00f34415373cab7574113a71f6bc9fe-768x576.jpg 768w, https:\/\/hntshipping.com.vn\/wp-content\/uploads\/2024\/10\/z5932072322378_a00f34415373cab7574113a71f6bc9fe-1536x1152.jpg 1536w, https:\/\/hntshipping.com.vn\/wp-content\/uploads\/2024\/10\/z5932072322378_a00f34415373cab7574113a71f6bc9fe-16x12.jpg 16w\" sizes=\"(max-width: 2048px) 100vw, 2048px\" \/><p id=\"caption-attachment-4130\" class=\"wp-caption-text\">V\u1eadn chuy\u1ec3n cont l\u1ea1nh B\u1eafc Nam<\/p><\/div><h2><span style=\"font-family: tahoma, arial, helvetica, sans-serif; font-size: 14pt;\">L\u1ee3i \u00edch c\u1ee7a d\u1ecbch v\u1ee5 v\u1eadn chuy\u1ec3n container l\u1ea1nh B\u1eafc Nam<\/span><\/h2><h2><span style=\"font-family: tahoma, arial, helvetica, sans-serif; font-size: 14pt; letter-spacing: -0.03em; text-align: var(--text-align);\">B\u1ea3o qu\u1ea3n h\u00e0ng h\u00f3a an to\u00e0n tuy\u1ec7t \u0111\u1ed1i\u00a0\u00a0<\/span><\/h2><p><span style=\"font-family: tahoma, arial, helvetica, sans-serif; font-size: 14pt;\">V\u1edbi h\u1ec7 th\u1ed1ng l\u00e0m l\u1ea1nh hi\u1ec7n \u0111\u1ea1i, container l\u1ea1nh gi\u00fap duy tr\u00ec nhi\u1ec7t \u0111\u1ed9 \u1ed5n \u0111\u1ecbnh su\u1ed1t h\u00e0nh tr\u00ecnh v\u1eadn chuy\u1ec3n t\u1eeb B\u1eafc v\u00e0o Nam, \u0111\u1ea3m b\u1ea3o h\u00e0ng h\u00f3a kh\u00f4ng b\u1ecb h\u01b0 h\u1ecfng. \u0110i\u1ec1u n\u00e0y \u0111\u1eb7c bi\u1ec7t quan tr\u1ecdng \u0111\u1ed1i v\u1edbi c\u00e1c lo\u1ea1i h\u00e0ng h\u00f3a nh\u01b0 h\u1ea3i s\u1ea3n, rau qu\u1ea3, th\u1ecbt, s\u1eefa v\u00e0 c\u00e1c lo\u1ea1i d\u01b0\u1ee3c ph\u1ea9m nh\u1ea1y c\u1ea3m v\u1edbi nhi\u1ec7t \u0111\u1ed9.<\/span><\/p><p><span style=\"color: #bb1e10; font-family: tahoma, arial, helvetica, sans-serif; font-size: 14pt; font-weight: bold; letter-spacing: -0.03em; text-align: var(--text-align);\">\u8282\u7701\u65f6\u95f4\u548c\u6210\u672c<\/span><\/p><p><span style=\"font-family: tahoma, arial, helvetica, sans-serif; font-size: 14pt;\">V\u1eadn chuy\u1ec3n container l\u1ea1nh n\u1ed9i \u0111\u1ecba B\u1eafc Nam gi\u00fap c\u00e1c doanh nghi\u1ec7p t\u1ed1i \u01b0u h\u00f3a quy tr\u00ecnh v\u1eadn chuy\u1ec3n v\u00e0 gi\u1ea3m thi\u1ec3u chi ph\u00ed nh\u1edd kh\u1ea3 n\u0103ng v\u1eadn chuy\u1ec3n l\u01b0\u1ee3ng h\u00e0ng l\u1edbn trong m\u1ed9t l\u1ea7n \u0111i. \u0110\u1ed3ng th\u1eddi, d\u1ecbch v\u1ee5 n\u00e0y c\u0169ng gi\u00fap gi\u1ea3m th\u1eddi gian l\u01b0u kho v\u00e0 t\u0103ng t\u00ednh linh ho\u1ea1t cho c\u00e1c ho\u1ea1t \u0111\u1ed9ng kinh doanh.<\/span><\/p><p><span style=\"color: #bb1e10; font-family: tahoma, arial, helvetica, sans-serif; font-size: 14pt; font-weight: bold; letter-spacing: -0.03em; text-align: var(--text-align);\">\u0110\u1ed9 tin c\u1eady cao<\/span><\/p><p><span style=\"font-family: tahoma, arial, helvetica, sans-serif; font-size: 14pt;\">C\u00e1c \u0111\u01a1n v\u1ecb cung c\u1ea5p d\u1ecbch v\u1ee5 v\u1eadn chuy\u1ec3n container l\u1ea1nh th\u01b0\u1eddng s\u1eed d\u1ee5ng c\u00e1c lo\u1ea1i xe container v\u00e0 h\u1ec7 th\u1ed1ng l\u1ea1nh hi\u1ec7n \u0111\u1ea1i, \u0111\u1ea3m b\u1ea3o t\u00ednh li\u00ean t\u1ee5c c\u1ee7a chu\u1ed7i cung \u1ee9ng v\u00e0 \u0111\u1ed9 an to\u00e0n cao cho h\u00e0ng h\u00f3a. B\u00ean c\u1ea1nh \u0111\u00f3, h\u1ec7 th\u1ed1ng theo d\u00f5i nhi\u1ec7t \u0111\u1ed9 v\u00e0 \u0111\u1ecbnh v\u1ecb GPS gi\u00fap doanh nghi\u1ec7p c\u00f3 th\u1ec3 ki\u1ec3m so\u00e1t v\u00e0 gi\u00e1m s\u00e1t qu\u00e1 tr\u00ecnh v\u1eadn chuy\u1ec3n d\u1ec5 d\u00e0ng.<\/span><\/p><h3><span style=\"font-family: tahoma, arial, helvetica, sans-serif; font-size: 14pt;\">Quy tr\u00ecnh v\u1eadn chuy\u1ec3n container l\u1ea1nh B\u1eafc Nam<\/span><\/h3><h3><span style=\"font-family: tahoma, arial, helvetica, sans-serif; font-size: 14pt; letter-spacing: -0.03em; text-align: var(--text-align);\">T\u01b0 v\u1ea5n v\u00e0 nh\u1eadn th\u00f4ng tin h\u00e0ng h\u00f3a<\/span><\/h3><p><span style=\"font-family: tahoma, arial, helvetica, sans-serif; font-size: 14pt;\">Kh\u00e1ch h\u00e0ng s\u1ebd \u0111\u01b0\u1ee3c t\u01b0 v\u1ea5n chi ti\u1ebft v\u1ec1 d\u1ecbch v\u1ee5 v\u1eadn chuy\u1ec3n, bao g\u1ed3m nhi\u1ec7t \u0111\u1ed9 b\u1ea3o qu\u1ea3n ph\u00f9 h\u1ee3p cho t\u1eebng lo\u1ea1i h\u00e0ng h\u00f3a v\u00e0 th\u1eddi gian v\u1eadn chuy\u1ec3n. Sau \u0111\u00f3, \u0111\u01a1n v\u1ecb v\u1eadn chuy\u1ec3n s\u1ebd thu th\u1eadp th\u00f4ng tin chi ti\u1ebft v\u1ec1 h\u00e0ng h\u00f3a nh\u01b0 lo\u1ea1i s\u1ea3n ph\u1ea9m, s\u1ed1 l\u01b0\u1ee3ng, y\u00eau c\u1ea7u \u0111\u1eb7c bi\u1ec7t v\u1ec1 nhi\u1ec7t \u0111\u1ed9 v\u00e0 \u0111i\u1ec3m nh\u1eadn h\u00e0ng.<\/span><\/p><p><span style=\"color: #bb1e10; font-family: tahoma, arial, helvetica, sans-serif; font-size: 14pt; font-weight: bold; letter-spacing: -0.03em; text-align: var(--text-align);\">Chu\u1ea9n b\u1ecb container v\u00e0 ki\u1ec3m tra h\u1ec7 th\u1ed1ng l\u1ea1nh\u00a0<\/span><\/p><p><span style=\"font-family: tahoma, arial, helvetica, sans-serif; font-size: 14pt;\">Tr\u01b0\u1edbc khi b\u1eaft \u0111\u1ea7u v\u1eadn chuy\u1ec3n, container l\u1ea1nh s\u1ebd \u0111\u01b0\u1ee3c ki\u1ec3m tra k\u1ef9 l\u01b0\u1ee1ng \u0111\u1ec3 \u0111\u1ea3m b\u1ea3o h\u1ec7 th\u1ed1ng l\u00e0m l\u1ea1nh ho\u1ea1t \u0111\u1ed9ng \u1ed5n \u0111\u1ecbnh trong su\u1ed1t h\u00e0nh tr\u00ecnh. \u0110\u01a1n v\u1ecb v\u1eadn chuy\u1ec3n c\u0169ng s\u1ebd ti\u1ebfn h\u00e0nh v\u1ec7 sinh v\u00e0 b\u1ea3o d\u01b0\u1ee1ng container tr\u01b0\u1edbc khi \u0111\u01b0a v\u00e0o s\u1eed d\u1ee5ng.<\/span><\/p><div id=\"attachment_4049\" style=\"width: 1034px\" class=\"wp-caption aligncenter\"><img decoding=\"async\" aria-describedby=\"caption-attachment-4049\" class=\"wp-image-4049 size-full\" src=\"https:\/\/hntshipping.com.vn\/wp-content\/uploads\/2024\/08\/2024-08-31_0003a255.png\" alt=\"\" width=\"1024\" height=\"768\" srcset=\"https:\/\/hntshipping.com.vn\/wp-content\/uploads\/2024\/08\/2024-08-31_0003a255.png 1024w, https:\/\/hntshipping.com.vn\/wp-content\/uploads\/2024\/08\/2024-08-31_0003a255-300x225.png 300w, https:\/\/hntshipping.com.vn\/wp-content\/uploads\/2024\/08\/2024-08-31_0003a255-768x576.png 768w, https:\/\/hntshipping.com.vn\/wp-content\/uploads\/2024\/08\/2024-08-31_0003a255-16x12.png 16w\" sizes=\"(max-width: 1024px) 100vw, 1024px\" \/><p id=\"caption-attachment-4049\" class=\"wp-caption-text\">V\u1eadn chuy\u1ec3n h\u00e0ng tr\u00e1i c\u00e2y B\u1eafc Nam<\/p><\/div><div><p><span style=\"color: #bb1e10; font-family: tahoma, arial, helvetica, sans-serif; font-size: 14pt; font-weight: bold; letter-spacing: -0.03em; text-align: var(--text-align);\">\u8d27\u8fd0<\/span><\/p><p><span style=\"font-family: tahoma, arial, helvetica, sans-serif; font-size: 14pt;\">H\u00e0ng h\u00f3a \u0111\u01b0\u1ee3c \u0111\u00f3ng g\u00f3i c\u1ea9n th\u1eadn v\u00e0 s\u1eafp x\u1ebfp v\u00e0o container l\u1ea1nh, sau \u0111\u00f3 xe container s\u1ebd xu\u1ea5t ph\u00e1t t\u1eeb \u0111i\u1ec3m nh\u1eadn h\u00e0ng. Trong su\u1ed1t h\u00e0nh tr\u00ecnh, nhi\u1ec7t \u0111\u1ed9 b\u00ean trong container \u0111\u01b0\u1ee3c ki\u1ec3m so\u00e1t ch\u1eb7t ch\u1ebd v\u00e0 c\u00f3 th\u1ec3 \u0111i\u1ec1u ch\u1ec9nh n\u1ebfu c\u1ea7n thi\u1ebft, \u0111\u1ea3m b\u1ea3o h\u00e0ng h\u00f3a lu\u00f4n \u0111\u01b0\u1ee3c b\u1ea3o qu\u1ea3n \u1edf nhi\u1ec7t \u0111\u1ed9 th\u00edch h\u1ee3p.<\/span><\/p><p><span style=\"color: #bb1e10; font-family: tahoma, arial, helvetica, sans-serif; font-size: 14pt; font-weight: bold; letter-spacing: -0.03em; text-align: var(--text-align);\">Giao h\u00e0ng v\u00e0 ki\u1ec3m tra\u00a0\u00a0<\/span><\/p><p><span style=\"font-family: tahoma, arial, helvetica, sans-serif; font-size: 14pt;\">Khi h\u00e0ng h\u00f3a \u0111\u1ebfn \u0111i\u1ec3m \u0111\u00edch, \u0111\u1ed9i ng\u0169 nh\u00e2n vi\u00ean s\u1ebd ki\u1ec3m tra l\u1ea1i ch\u1ea5t l\u01b0\u1ee3ng h\u00e0ng h\u00f3a tr\u01b0\u1edbc khi giao cho kh\u00e1ch h\u00e0ng. H\u1ec7 th\u1ed1ng l\u1ea1nh c\u1ee7a container s\u1ebd ti\u1ebfp t\u1ee5c ho\u1ea1t \u0111\u1ed9ng cho \u0111\u1ebfn khi qu\u00e1 tr\u00ecnh b\u1ed1c d\u1ee1 h\u00e0ng ho\u00e0n t\u1ea5t, \u0111\u1ea3m b\u1ea3o kh\u00f4ng c\u00f3 s\u1ef1 c\u1ed1 nhi\u1ec7t \u0111\u1ed9 n\u00e0o x\u1ea3y ra trong th\u1eddi gian n\u00e0y.<\/span><\/p><div id=\"attachment_4092\" style=\"width: 2058px\" class=\"wp-caption aligncenter\"><img decoding=\"async\" aria-describedby=\"caption-attachment-4092\" class=\"wp-image-4092 size-full\" src=\"https:\/\/hntshipping.com.vn\/wp-content\/uploads\/2024\/09\/457243699_1038739731594232_8243948646321441431_n.jpg\" alt=\"\" width=\"2048\" height=\"2048\" srcset=\"https:\/\/hntshipping.com.vn\/wp-content\/uploads\/2024\/09\/457243699_1038739731594232_8243948646321441431_n.jpg 2048w, https:\/\/hntshipping.com.vn\/wp-content\/uploads\/2024\/09\/457243699_1038739731594232_8243948646321441431_n-300x300.jpg 300w, https:\/\/hntshipping.com.vn\/wp-content\/uploads\/2024\/09\/457243699_1038739731594232_8243948646321441431_n-1024x1024.jpg 1024w, https:\/\/hntshipping.com.vn\/wp-content\/uploads\/2024\/09\/457243699_1038739731594232_8243948646321441431_n-150x150.jpg 150w, https:\/\/hntshipping.com.vn\/wp-content\/uploads\/2024\/09\/457243699_1038739731594232_8243948646321441431_n-768x768.jpg 768w, https:\/\/hntshipping.com.vn\/wp-content\/uploads\/2024\/09\/457243699_1038739731594232_8243948646321441431_n-1536x1536.jpg 1536w, https:\/\/hntshipping.com.vn\/wp-content\/uploads\/2024\/09\/457243699_1038739731594232_8243948646321441431_n-12x12.jpg 12w\" sizes=\"(max-width: 2048px) 100vw, 2048px\" \/><p id=\"caption-attachment-4092\" class=\"wp-caption-text\">V\u1eadn chuy\u1ec3n cont l\u1ea1nh B\u1eafc Nam<\/p><\/div><p><span style=\"font-family: tahoma, arial, helvetica, sans-serif; font-size: 14pt;\">D\u1ecbch v\u1ee5 v\u1eadn chuy\u1ec3n container l\u1ea1nh n\u1ed9i \u0111\u1ecba B\u1eafc Nam t\u1ea1i HNT Logistics l\u00e0 l\u1ef1a ch\u1ecdn t\u1ed1i \u01b0u cho c\u00e1c doanh nghi\u1ec7p mu\u1ed1n \u0111\u1ea3m b\u1ea3o h\u00e0ng h\u00f3a c\u1ee7a m\u00ecnh \u0111\u01b0\u1ee3c v\u1eadn chuy\u1ec3n an to\u00e0n, nhanh ch\u00f3ng v\u00e0 lu\u00f4n trong \u0111i\u1ec1u ki\u1ec7n t\u1ed1t nh\u1ea5t. <\/span><\/p><p><span style=\"font-family: tahoma, arial, helvetica, sans-serif; font-size: 14pt;\">V\u1edbi \u0111\u1ed9i ng\u0169 chuy\u00ean nghi\u1ec7p, c\u00f4ng ngh\u1ec7 hi\u1ec7n \u0111\u1ea1i v\u00e0 quy tr\u00ecnh v\u1eadn h\u00e0nh linh ho\u1ea1t, <a href=\"https:\/\/hntshipping.com.vn\/zh\/\">\u9ad8\u7684\u80fd<\/a> kh\u00f4ng ch\u1ec9 mang l\u1ea1i s\u1ef1 y\u00ean t\u00e2m cho kh\u00e1ch h\u00e0ng m\u00e0 c\u00f2n g\u00f3p ph\u1ea7n v\u00e0o s\u1ef1 ph\u00e1t tri\u1ec3n b\u1ec1n v\u1eefng c\u1ee7a doanh nghi\u1ec7p b\u1ea1n.<\/span><\/p><p><span style=\"font-family: tahoma, arial, helvetica, sans-serif; font-size: 14pt;\">Li\u00ean h\u1ec7 ngay cho ch\u00fang t\u00f4i \u0111\u1ec3 \u0111\u01b0\u1ee3c t\u01b0 v\u1ea5n s\u1edbm nh\u1ea5t!<\/span><\/p><\/div>\t\t\t\t\t\t\t\t<\/div>\n\t\t\t\t<\/div>\n\t\t\t\t\t<\/div>\n\t\t\t\t<\/div>\n\t\t\t\t<\/div>","protected":false},"excerpt":{"rendered":"<p>V\u1eadn chuy\u1ec3n container l\u1ea1nh n\u1ed9i \u0111\u1ecba B\u1eafc Nam kh\u00f4ng ch\u1ec9 \u0111\u1ea3m b\u1ea3o ch\u1ea5t l\u01b0\u1ee3ng h\u00e0ng h\u00f3a m\u00e0 c\u00f2n \u0111\u00e1p \u1ee9ng nhu c\u1ea7u v\u1eadn chuy\u1ec3n linh ho\u1ea1t, gi\u00fap c\u00e1c doanh nghi\u1ec7p gi\u1ea3m thi\u1ec3u r\u1ee7i ro trong qu\u00e1 tr\u00ecnh v\u1eadn chuy\u1ec3n d\u00e0i ng\u00e0y. V\u1eadn chuy\u1ec3n container l\u1ea1nh l\u00e0 g\u00ec? Container l\u1ea1nh l\u00e0 lo\u1ea1i container chuy\u00ean d\u1ee5ng \u0111\u01b0\u1ee3c [&hellip;]<\/p>","protected":false},"author":11,"featured_media":0,"parent":2186,"menu_order":0,"comment_status":"closed","ping_status":"closed","template":"","meta":{"footnotes":""},"class_list":["post-4129","page","type-page","status-publish","hentry"],"rankmath_keywords":{"primary":"","secondary":[""]},"yoast_keywords":{"primary":"","secondary":[]},"yoast_focuskw":"","rankmath_focuskw":"","seo_keywords":{"primary":"","secondary":[""]},"_links":{"self":[{"href":"https:\/\/hntshipping.com.vn\/zh\/wp-json\/wp\/v2\/pages\/4129","targetHints":{"allow":["GET"]}}],"collection":[{"href":"https:\/\/hntshipping.com.vn\/zh\/wp-json\/wp\/v2\/pages"}],"about":[{"href":"https:\/\/hntshipping.com.vn\/zh\/wp-json\/wp\/v2\/types\/page"}],"author":[{"embeddable":true,"href":"https:\/\/hntshipping.com.vn\/zh\/wp-json\/wp\/v2\/users\/11"}],"replies":[{"embeddable":true,"href":"https:\/\/hntshipping.com.vn\/zh\/wp-json\/wp\/v2\/comments?post=4129"}],"version-history":[{"count":17,"href":"https:\/\/hntshipping.com.vn\/zh\/wp-json\/wp\/v2\/pages\/4129\/revisions"}],"predecessor-version":[{"id":4178,"href":"https:\/\/hntshipping.com.vn\/zh\/wp-json\/wp\/v2\/pages\/4129\/revisions\/4178"}],"up":[{"embeddable":true,"href":"https:\/\/hntshipping.com.vn\/zh\/wp-json\/wp\/v2\/pages\/2186"}],"wp:attachment":[{"href":"https:\/\/hntshipping.com.vn\/zh\/wp-json\/wp\/v2\/media?parent=4129"}],"curies":[{"name":"wp","href":"https:\/\/api.w.org\/{rel}","templated":true}]}}